{"id":5339,"date":"2022-09-05T08:53:45","date_gmt":"2022-09-05T07:53:45","guid":{"rendered":"https:\/\/www.piveteaubois.com\/?page_id=5339"},"modified":"2022-09-05T14:33:51","modified_gmt":"2022-09-05T13:33:51","slug":"clt-cross-laminated-timber-hexakit","status":"publish","type":"page","link":"https:\/\/www.piveteaubois.com\/en\/our-activities\/clt-cross-laminated-timber-hexakit","title":{"rendered":"HEXAKIT"},"content":{"rendered":"\n<h2><strong>A NEW CONCEPT OF STANDARD CLT 100% FRENCH FOR CONSTRUCTION AND RENOVATION<\/strong><\/h2>\n\n\n\n<p><\/p>\n\n\n\n<p>To meet your needs for reactivity, PIVETEAUBOIS has developed a range of standard HEXAKIT panels 1m20 wide, made of a mix of species of French origin: Pine and 1 visible side in Spruce.<br>Panel lengths are optimised for 2 or 3 support spans for floor, wall, roof and waterproofing applications. A new product that popularises CLT for low-carbon construction.<\/p>\n\n\n\n<h2><strong>HOW TO USE CLT HEXAKIT?<\/strong><\/h2>\n\n\n\n<p><\/p>\n\n\n\n<p>HEXAKIT panels are used for structural elements such as walls, partitions, bracing and floors for all types of construction projects: single-family homes, apartment buildings, offices and industrial buildings, etc.<\/p>\n\n\n\n<img loading=\"lazy\" width=\"530\" height=\"326\" src=\"https:\/\/www.piveteaubois.com\/wp-content\/uploads\/2022\/09\/solution-clt-standard-construction-piveteaubois-001.gif\" alt=\"\" class=\"wp-image-5343\">\n\n\n\n<p><\/p>\n\n\n\n<h2><strong>TECHNICAL CHARACTERISTICS<\/strong><\/h2>\n\n\n\n<p><\/p>\n\n\n\n<p>HEXAKIT panels consist of 3 or 5 glued plies of finger-jointed lamellas. The successive layers of wood are crossed in relation to each other. The finish is planed. The panels have 26 x 51 mm rebates on the longitudinal edges to accommodate the 25 x 100 mm pine seam strips to allow two panels to be joined together. Fastened with 5 x 60 mm screws every 300 mm.<\/p>\n\n\n\n<img loading=\"lazy\" width=\"530\" height=\"258\" src=\"https:\/\/www.piveteaubois.com\/wp-content\/uploads\/2022\/09\/hexakit-standard-of-the-construction-piveteaubois-002.jpg\" alt=\"\" class=\"wp-image-5341\" srcset=\"https:\/\/www.piveteaubois.com\/wp-content\/uploads\/2022\/09\/hexakit-standard-of-the-construction-piveteaubois-002.jpg 530w, https:\/\/www.piveteaubois.com\/wp-content\/uploads\/2022\/09\/hexakit-standard-of-the-construction-piveteaubois-002-300x146.jpg 300w\" sizes=\"(max-width: 530px) 100vw, 530px\" \/>\n<img src=\"https:\/\/www.piveteaubois.com\/wp-content\/uploads\/2022\/09\/hexakit-standard-of-the-construction-piveteaubois-003-1.jpg\" alt=\"\" class=\"wp-image-5342\">\n<figcaption>Structural classification of the lamella : C 24 for the longitudinal plies and C 18 minimum.\n for the transverse ply.<br>\n Glue : Polyurethane (colourless and formaldehyde-free). <\/figcaption>\n\n\n\n<p><\/p>\n\n\n\n<h2><strong>WHY USE THE HEXAKIT CLT?<\/strong><\/h2>\n\n\n\n<p><\/p>\n\n\n\n<pre class=\"wp-block-code\"><code><p>By using standard HEXAKIT CLT panels, you benefit from multiple advantages :  :<\/p><p style=\"padding-left:35px\"><span style=\"color:#008e5c;font-weight: bold;\">\u2713<\/span> Load-optimised standard formats for homes and offices\n<span style=\"color:#008e5c;font-weight: bold;\">\u2713<\/span> Installation time per m\u00b2 divided by 3\n<span style=\"color:#008e5c;font-weight: bold;\">\u2713<\/span> Material protected during the construction phase with its PARKA protection (water repellent). At the end of the job, cleaning the surfaces is much quicker than sanding unprotected wood.<span style=\"color:#008e5c;font-weight: bold;\">\n\u2713<\/span> Reduced floor thickness.<span style=\"color:#008e5c;font-weight: bold;\">\n\u2713<\/span> Visible Spruce underside to keep a timber ceiling\n<span style=\"color:#008e5c;font-weight: bold;\">\u2713<\/span> Local and low-carbon solution accessible for all types of construction sites\n<span style=\"color:#008e5c;font-weight: bold;\">\u2713 <\/span> Combined deliveries with other PIVETEAUBOIS products possible (framework, glulam, finger jointed timber, cladding, decking, etc.).\n<\/p><\/code><\/pre>\n\n\n\n<h2><strong>LOCAL SOLUTION 100% FRENCH&nbsp;!<\/strong><\/h2>\n\n\n\n<p><\/p>\n\n\n\n<div class=\"wp-block-columns are-vertically-aligned-center\">\n<div class=\"wp-block-column is-vertically-aligned-center\" style=\"flex-basis:33.33%\">\n<img src=\"https:\/\/www.piveteaubois.com\/wp-content\/uploads\/2022\/06\/bois-de-france-001.gif\" alt=\"Bois de France\" class=\"wp-image-5087\" width=\"103\">\n<\/div>\n\n\n\n<div class=\"wp-block-column is-vertically-aligned-center\" style=\"flex-basis:75%\">\n<p>A 100% French solution with wood sourced from sustainably managed local forests and manufactured in our Vend\u00e9e factory to optimise the carbon impact of your projects.<\/p>\n<\/div>\n<\/div>\n\n\n\n<h2>SIZING SOFTWARE<\/h2>\n\n\n\n<p><\/p>\n\n\n\n<div class=\"wp-block-columns are-vertically-aligned-center\">\n<div class=\"wp-block-column is-vertically-aligned-center\" style=\"flex-basis:70%\">\n<p>We recommend the use of the CLT Designer software, a free downloadable online design tool that includes all the characteristics of our&nbsp; HEXAPLI CLT. Also available or configurable in other software such as MD Bat, Acord-Bat, Dlubal, etc.<\/p>\n<\/div>\n\n\n\n<div class=\"wp-block-column is-vertically-aligned-center\" style=\"flex-basis:33.33%\">\n<img loading=\"lazy\" src=\"https:\/\/www.piveteaubois.com\/wp-content\/uploads\/2022\/06\/CLTdesigner_Logo-300x56.png\" alt=\"CLT designer\" class=\"wp-image-5090\" width=\"147\" height=\"auto\" srcset=\"https:\/\/www.piveteaubois.com\/wp-content\/uploads\/2022\/06\/CLTdesigner_Logo-300x56.png 300w, https:\/\/www.piveteaubois.com\/wp-content\/uploads\/2022\/06\/CLTdesigner_Logo-1024x190.png 1024w, https:\/\/www.piveteaubois.com\/wp-content\/uploads\/2022\/06\/CLTdesigner_Logo-768x142.png 768w, https:\/\/www.piveteaubois.com\/wp-content\/uploads\/2022\/06\/CLTdesigner_Logo-1536x284.png 1536w, https:\/\/www.piveteaubois.com\/wp-content\/uploads\/2022\/06\/CLTdesigner_Logo-2048x379.png 2048w\" sizes=\"(max-width: 300px) 100vw, 300px\" \/>\n<\/div>\n<\/div>\n\n\n\n<p><\/p>\n\n\n\n<h2><strong><strong>LOGISTICS SOLUTIONS ADAPTED TO YOUR CONSTRUCTION SITE PROJECTS<\/strong><\/strong><\/h2>\n\n\n\n<p><\/p>\n\n\n\n<pre class=\"wp-block-code\"><code><p>PIVETEAUBOIS offers  you complete solutions:<\/p>\n<p style=\"margin-top:-15px;padding-left:35px\"><span style=\"color:#008e5c;font-weight: bold;\">\u2713<\/span> Palletisation of the panels with a 5-sided reusable tarpaulin. The bottom panel is turned over to preserve the visible side.\n<span style=\"color:#008e5c;font-weight: bold;\">\u2713<\/span> Delivery by full pallet that can be mixed with other PIVETEAUBOIS products.\n<span style=\"color:#008e5c;font-weight: bold;\">\u2713<\/span> The lifting of panels with a complete and inseparable system (screw + ring) allows you to work on all types of sites, even the most difficult to access.<\/p><\/code><\/pre>\n\n\n\n<div class=\"wp-block-image\"><figure class=\"aligncenter size-full\"><img src=\"https:\/\/www.piveteaubois.com\/wp-content\/uploads\/2022\/06\/chantier-hexakit-clt-construction-piveteaubois-007.jpg\" alt=\"Sous-face en \u00c9pic\u00e9a en qualit\u00e9 visible \u2013 Cr\u00e9dit photo : Sylvain Malmouche\" class=\"wp-image-6647\"><\/figure><figcaption style=\"text-align:right;padding-right:5px\">Spruce underside in visible quality &#8211; Architect: Vincent Hemery &#8211; IE <br>Cr\u00e9dit photo : Sylvain Malmouche<\/figcaption><\/div>\n\n\n\n<div class=\"single_concepteur_block\">\n<div class=\"single_concepteur_title_brun\">\n<h2>LEARN MORE<\/h2>\n<\/div>\n<div class=\"single_concepteur_description\" style=\"padding-top:0;\">\n<div class=\"single_professionnal_contact_informations\">\n                            <div class=\"single_professionnal_contact_phone\">\n                              <a href=\"tel:0251661629\" style=\"text-decoration:none\" onclick=\"_gaq.push(['_trackEvent', 'Appel', 'clic-numero-telephone-Commercial-Hexakit','clic-telephone-content page hexakit',]);\">+33 (0)2 51 66 16 29<\/a>                           <\/div>\n                                                    <\/div>\n<\/div>\n<\/div>\n","protected":false},"excerpt":{"rendered":"<p>Discover our new standard CLT HEXAKIT to meet your needs in timber construction and renovation.<\/p>\n","protected":false},"author":2,"featured_media":5390,"parent":81,"menu_order":0,"comment_status":"closed","ping_status":"closed","template":"","meta":[],"acf":[],"yoast_head":"<!-- This site is optimized with the Yoast SEO plugin v18.4.1 - https:\/\/yoast.com\/wordpress\/plugins\/seo\/ -->\n<title>HEXAKIT: The standard CLT in timber construction<\/title>\n<meta name=\"description\" content=\"Discover our new standard CLT HEXAKIT to meet your needs in timber construction and renovation.\" \/>\n<meta name=\"robots\" content=\"index, follow, max-snippet:-1, max-image-preview:large, max-video-preview:-1\" \/>\n<link rel=\"canonical\" href=\"https:\/\/www.piveteaubois.com\/en\/our-activities\/clt-cross-laminated-timber-hexakit\" \/>\n<meta property=\"og:locale\" content=\"en_US\" \/>\n<meta property=\"og:type\" content=\"article\" \/>\n<meta property=\"og:title\" content=\"HEXAKIT: The standard CLT in timber construction\" \/>\n<meta property=\"og:description\" content=\"Discover our new standard CLT HEXAKIT to meet your needs in timber construction and renovation.\" \/>\n<meta property=\"og:url\" content=\"https:\/\/www.piveteaubois.com\/en\/our-activities\/clt-cross-laminated-timber-hexakit\" \/>\n<meta property=\"og:site_name\" content=\"Piveteau Bois\" \/>\n<meta property=\"article:modified_time\" content=\"2022-09-05T13:33:51+00:00\" \/>\n<meta property=\"og:image\" content=\"https:\/\/www.piveteaubois.com\/wp-content\/uploads\/2022\/09\/hexakit-standard-of-the-construction-piveteaubois-005.jpg\" \/>\n\t<meta property=\"og:image:width\" content=\"1200\" \/>\n\t<meta property=\"og:image:height\" content=\"500\" \/>\n\t<meta property=\"og:image:type\" content=\"image\/jpeg\" \/>\n<meta name=\"twitter:card\" content=\"summary\" \/>\n<meta name=\"twitter:label1\" content=\"Est. reading time\" \/>\n\t<meta name=\"twitter:data1\" content=\"4 minutes\" \/>\n<script type=\"application\/ld+json\" class=\"yoast-schema-graph\">{\"@context\":\"https:\/\/schema.org\",\"@graph\":[{\"@type\":\"WebSite\",\"@id\":\"https:\/\/www.piveteaubois.com\/fr\/#website\",\"url\":\"https:\/\/www.piveteaubois.com\/fr\/\",\"name\":\"Piveteau Bois\",\"description\":\"Piveteaubois sp\u00e9cialiste du bois depuis plus de 70 ans\",\"potentialAction\":[{\"@type\":\"SearchAction\",\"target\":{\"@type\":\"EntryPoint\",\"urlTemplate\":\"https:\/\/www.piveteaubois.com\/fr\/?s={search_term_string}\"},\"query-input\":\"required name=search_term_string\"}],\"inLanguage\":\"en-US\"},{\"@type\":\"ImageObject\",\"@id\":\"https:\/\/www.piveteaubois.com\/en\/our-activities\/clt-cross-laminated-timber-hexakit#primaryimage\",\"inLanguage\":\"en-US\",\"url\":\"https:\/\/www.piveteaubois.com\/wp-content\/uploads\/2022\/09\/hexakit-standard-of-the-construction-piveteaubois-005.jpg\",\"contentUrl\":\"https:\/\/www.piveteaubois.com\/wp-content\/uploads\/2022\/09\/hexakit-standard-of-the-construction-piveteaubois-005.jpg\",\"width\":1200,\"height\":500},{\"@type\":\"WebPage\",\"@id\":\"https:\/\/www.piveteaubois.com\/en\/our-activities\/clt-cross-laminated-timber-hexakit#webpage\",\"url\":\"https:\/\/www.piveteaubois.com\/en\/our-activities\/clt-cross-laminated-timber-hexakit\",\"name\":\"HEXAKIT: The standard CLT in timber construction\",\"isPartOf\":{\"@id\":\"https:\/\/www.piveteaubois.com\/fr\/#website\"},\"primaryImageOfPage\":{\"@id\":\"https:\/\/www.piveteaubois.com\/en\/our-activities\/clt-cross-laminated-timber-hexakit#primaryimage\"},\"datePublished\":\"2022-09-05T07:53:45+00:00\",\"dateModified\":\"2022-09-05T13:33:51+00:00\",\"description\":\"Discover our new standard CLT HEXAKIT to meet your needs in timber construction and renovation.\",\"breadcrumb\":{\"@id\":\"https:\/\/www.piveteaubois.com\/en\/our-activities\/clt-cross-laminated-timber-hexakit#breadcrumb\"},\"inLanguage\":\"en-US\",\"potentialAction\":[{\"@type\":\"ReadAction\",\"target\":[\"https:\/\/www.piveteaubois.com\/en\/our-activities\/clt-cross-laminated-timber-hexakit\"]}]},{\"@type\":\"BreadcrumbList\",\"@id\":\"https:\/\/www.piveteaubois.com\/en\/our-activities\/clt-cross-laminated-timber-hexakit#breadcrumb\",\"itemListElement\":[{\"@type\":\"ListItem\",\"position\":1,\"name\":\"Accueil\",\"item\":\"https:\/\/www.piveteaubois.com\/en\"},{\"@type\":\"ListItem\",\"position\":2,\"name\":\"Activities\",\"item\":\"https:\/\/www.piveteaubois.com\/en\/our-activities\"},{\"@type\":\"ListItem\",\"position\":3,\"name\":\"HEXAKIT\"}]}]}<\/script>\n<!-- \/ Yoast SEO plugin. -->","yoast_head_json":{"title":"HEXAKIT: The standard CLT in timber construction","description":"Discover our new standard CLT HEXAKIT to meet your needs in timber construction and renovation.","robots":{"index":"index","follow":"follow","max-snippet":"max-snippet:-1","max-image-preview":"max-image-preview:large","max-video-preview":"max-video-preview:-1"},"canonical":"https:\/\/www.piveteaubois.com\/en\/our-activities\/clt-cross-laminated-timber-hexakit","og_locale":"en_US","og_type":"article","og_title":"HEXAKIT: The standard CLT in timber construction","og_description":"Discover our new standard CLT HEXAKIT to meet your needs in timber construction and renovation.","og_url":"https:\/\/www.piveteaubois.com\/en\/our-activities\/clt-cross-laminated-timber-hexakit","og_site_name":"Piveteau Bois","article_modified_time":"2022-09-05T13:33:51+00:00","og_image":[{"width":1200,"height":500,"url":"https:\/\/www.piveteaubois.com\/wp-content\/uploads\/2022\/09\/hexakit-standard-of-the-construction-piveteaubois-005.jpg","type":"image\/jpeg"}],"twitter_card":"summary","twitter_misc":{"Est. reading time":"4 minutes"},"schema":{"@context":"https:\/\/schema.org","@graph":[{"@type":"WebSite","@id":"https:\/\/www.piveteaubois.com\/fr\/#website","url":"https:\/\/www.piveteaubois.com\/fr\/","name":"Piveteau Bois","description":"Piveteaubois sp\u00e9cialiste du bois depuis plus de 70 ans","potentialAction":[{"@type":"SearchAction","target":{"@type":"EntryPoint","urlTemplate":"https:\/\/www.piveteaubois.com\/fr\/?s={search_term_string}"},"query-input":"required name=search_term_string"}],"inLanguage":"en-US"},{"@type":"ImageObject","@id":"https:\/\/www.piveteaubois.com\/en\/our-activities\/clt-cross-laminated-timber-hexakit#primaryimage","inLanguage":"en-US","url":"https:\/\/www.piveteaubois.com\/wp-content\/uploads\/2022\/09\/hexakit-standard-of-the-construction-piveteaubois-005.jpg","contentUrl":"https:\/\/www.piveteaubois.com\/wp-content\/uploads\/2022\/09\/hexakit-standard-of-the-construction-piveteaubois-005.jpg","width":1200,"height":500},{"@type":"WebPage","@id":"https:\/\/www.piveteaubois.com\/en\/our-activities\/clt-cross-laminated-timber-hexakit#webpage","url":"https:\/\/www.piveteaubois.com\/en\/our-activities\/clt-cross-laminated-timber-hexakit","name":"HEXAKIT: The standard CLT in timber construction","isPartOf":{"@id":"https:\/\/www.piveteaubois.com\/fr\/#website"},"primaryImageOfPage":{"@id":"https:\/\/www.piveteaubois.com\/en\/our-activities\/clt-cross-laminated-timber-hexakit#primaryimage"},"datePublished":"2022-09-05T07:53:45+00:00","dateModified":"2022-09-05T13:33:51+00:00","description":"Discover our new standard CLT HEXAKIT to meet your needs in timber construction and renovation.","breadcrumb":{"@id":"https:\/\/www.piveteaubois.com\/en\/our-activities\/clt-cross-laminated-timber-hexakit#breadcrumb"},"inLanguage":"en-US","potentialAction":[{"@type":"ReadAction","target":["https:\/\/www.piveteaubois.com\/en\/our-activities\/clt-cross-laminated-timber-hexakit"]}]},{"@type":"BreadcrumbList","@id":"https:\/\/www.piveteaubois.com\/en\/our-activities\/clt-cross-laminated-timber-hexakit#breadcrumb","itemListElement":[{"@type":"ListItem","position":1,"name":"Accueil","item":"https:\/\/www.piveteaubois.com\/en"},{"@type":"ListItem","position":2,"name":"Activities","item":"https:\/\/www.piveteaubois.com\/en\/our-activities"},{"@type":"ListItem","position":3,"name":"HEXAKIT"}]}]}},"_links":{"self":[{"href":"https:\/\/www.piveteaubois.com\/en\/wp-json\/wp\/v2\/pages\/5339"}],"collection":[{"href":"https:\/\/www.piveteaubois.com\/en\/wp-json\/wp\/v2\/pages"}],"about":[{"href":"https:\/\/www.piveteaubois.com\/en\/wp-json\/wp\/v2\/types\/page"}],"author":[{"embeddable":true,"href":"https:\/\/www.piveteaubois.com\/en\/wp-json\/wp\/v2\/users\/2"}],"replies":[{"embeddable":true,"href":"https:\/\/www.piveteaubois.com\/en\/wp-json\/wp\/v2\/comments?post=5339"}],"version-history":[{"count":54,"href":"https:\/\/www.piveteaubois.com\/en\/wp-json\/wp\/v2\/pages\/5339\/revisions"}],"predecessor-version":[{"id":5413,"href":"https:\/\/www.piveteaubois.com\/en\/wp-json\/wp\/v2\/pages\/5339\/revisions\/5413"}],"up":[{"embeddable":true,"href":"https:\/\/www.piveteaubois.com\/en\/wp-json\/wp\/v2\/pages\/81"}],"wp:featuredmedia":[{"embeddable":true,"href":"https:\/\/www.piveteaubois.com\/en\/wp-json\/wp\/v2\/media\/5390"}],"wp:attachment":[{"href":"https:\/\/www.piveteaubois.com\/en\/wp-json\/wp\/v2\/media?parent=5339"}],"curies":[{"name":"wp","href":"https:\/\/api.w.org\/{rel}","templated":true}]}}