{"id":1044,"date":"2015-07-02T21:50:33","date_gmt":"2015-07-02T20:50:33","guid":{"rendered":"http:\/\/www.piveteaubois.com\/?page_id=1044"},"modified":"2021-09-25T14:19:09","modified_gmt":"2021-09-25T13:19:09","slug":"inscription-newsletter-piveteaubois","status":"publish","type":"page","link":"https:\/\/www.piveteaubois.com\/fr\/inscription-newsletter-piveteaubois","title":{"rendered":"Inscription Newsletter Piveteaubois"},"content":{"rendered":"<p>Pour vous inscrire \u00e0 notre Newsletter, merci de renseigner<br \/>\ntous les champs ci-dessous et cliquez sur \u00ab\u00a0Valider\u00a0\u00bb.<\/p>\n<div role=\"form\" class=\"wpcf7\" id=\"wpcf7-f1024-o1\" lang=\"fr-FR\" dir=\"ltr\">\n<div class=\"screen-reader-response\"><p role=\"status\" aria-live=\"polite\" aria-atomic=\"true\"><\/p> <ul><\/ul><\/div>\n<form action=\"\/fr\/wp-json\/wp\/v2\/pages\/1044#wpcf7-f1024-o1\" method=\"post\" class=\"wpcf7-form init\" novalidate=\"novalidate\" data-status=\"init\">\n<div style=\"display: none;\">\n<input type=\"hidden\" name=\"_wpcf7\" value=\"1024\" \/>\n<input type=\"hidden\" name=\"_wpcf7_version\" value=\"5.5.6.1\" \/>\n<input type=\"hidden\" name=\"_wpcf7_locale\" value=\"fr_FR\" \/>\n<input type=\"hidden\" name=\"_wpcf7_unit_tag\" value=\"wpcf7-f1024-o1\" \/>\n<input type=\"hidden\" name=\"_wpcf7_container_post\" value=\"0\" \/>\n<input type=\"hidden\" name=\"_wpcf7_posted_data_hash\" value=\"\" \/>\n<\/div>\n<input type=\"email\" name=\"e-mail\" class=\"hp\" \/><div class=\"inline-form newsletter-form\">\n<div class=\"form-item fix-width\"><label>Nom : <\/label><span class=\"wpcf7-form-control-wrap lastname\"><input type=\"text\" name=\"lastname\" value=\"\" size=\"40\" class=\"wpcf7-form-control wpcf7-text wpcf7-validates-as-required\" aria-required=\"true\" aria-invalid=\"false\" \/><\/span><\/div>\n<div class=\"form-item fix-width\"><label>Pr\u00e9nom : <\/label><span class=\"wpcf7-form-control-wrap firstname\"><input type=\"text\" name=\"firstname\" value=\"\" size=\"40\" class=\"wpcf7-form-control wpcf7-text wpcf7-validates-as-required\" aria-required=\"true\" aria-invalid=\"false\" \/><\/span><\/div>\n<div class=\"form-item fix-width\"><label>Email : <\/label><span class=\"wpcf7-form-control-wrap email\"><input type=\"email\" name=\"email\" value=\"\" size=\"40\" class=\"wpcf7-form-control wpcf7-text wpcf7-email wpcf7-validates-as-required wpcf7-validates-as-email\" aria-required=\"true\" aria-invalid=\"false\" \/><\/span><\/div>\n<div class=\"form-item\"><label>Vous \u00eates : <\/label><span class=\"wpcf7-form-control-wrap user-type\"><span class=\"wpcf7-form-control wpcf7-radio\"><span class=\"wpcf7-list-item first\"><label><input type=\"radio\" name=\"user-type\" value=\"Professionnel\" \/><span class=\"wpcf7-list-item-label\">Professionnel<\/span><\/label><\/span><span class=\"wpcf7-list-item last\"><label><input type=\"radio\" name=\"user-type\" value=\"Particulier\" \/><span class=\"wpcf7-list-item-label\">Particulier<\/span><\/label><\/span><\/span><\/span><\/div>\n<div class=\"form-item\" id=\"newsletter-form-company\"><label>Nom de l'entreprise : <\/label><span class=\"wpcf7-form-control-wrap company\"><input type=\"text\" name=\"company\" value=\"\" size=\"40\" class=\"wpcf7-form-control wpcf7-text\" aria-invalid=\"false\" \/><\/span><\/div>\n<div class=\"form-item actions\"><input type=\"submit\" value=\"Valider\" class=\"wpcf7-form-control has-spinner wpcf7-submit\" \/><\/div>\n<div class=\"wpcf7-response-output\" aria-hidden=\"true\"><\/div>\n<\/div>\n<\/form><\/div>\n<h6>Conform\u00e9ment \u00e0 la loi \u00ab\u00a0Informatique et Libert\u00e9s\u00a0\u00bb du 06 Janvier 1978, vous disposez d&rsquo;un droit d&rsquo;acc\u00e8s, de rectification et de suppression aux donn\u00e9es vous concernant, en nous contactant par email ou par courrier : Piveteaubois, <span style=\"color: #019e6b;\">La Vall\u00e9e, 85140 Sainte-Florence<\/span><\/h6>\n","protected":false},"excerpt":{"rendered":"<p>Pour vous inscrire \u00e0 notre Newsletter, merci de renseigner tous les champs ci-dessous et cliquez sur \u00ab\u00a0Valider\u00a0\u00bb. Conform\u00e9ment \u00e0 la loi \u00ab\u00a0Informatique et Libert\u00e9s\u00a0\u00bb du 06 Janvier 1978, vous disposez d&rsquo;un droit d&rsquo;acc\u00e8s, de rectification et de suppression aux donn\u00e9es vous concernant, en nous contactant par email ou par courrier : Piveteaubois, La Vall\u00e9e, 85140 [&hellip;]<\/p>\n","protected":false},"author":2,"featured_media":0,"parent":0,"menu_order":0,"comment_status":"closed","ping_status":"open","template":"","meta":[],"acf":[],"yoast_head":"<!-- This site is optimized with the Yoast SEO plugin v18.4.1 - https:\/\/yoast.com\/wordpress\/plugins\/seo\/ -->\n<title>Inscription Newsletter Piveteaubois - PiveteauBois<\/title>\n<meta name=\"robots\" content=\"index, follow, max-snippet:-1, max-image-preview:large, max-video-preview:-1\" \/>\n<link rel=\"canonical\" href=\"https:\/\/www.piveteaubois.com\/fr\/inscription-newsletter-piveteaubois\" \/>\n<meta property=\"og:locale\" content=\"fr_FR\" \/>\n<meta property=\"og:type\" content=\"article\" \/>\n<meta property=\"og:title\" content=\"Inscription Newsletter Piveteaubois - PiveteauBois\" \/>\n<meta property=\"og:description\" content=\"Pour vous inscrire \u00e0 notre Newsletter, merci de renseigner tous les champs ci-dessous et cliquez sur \u00ab\u00a0Valider\u00a0\u00bb. Conform\u00e9ment \u00e0 la loi \u00ab\u00a0Informatique et Libert\u00e9s\u00a0\u00bb du 06 Janvier 1978, vous disposez d&rsquo;un droit d&rsquo;acc\u00e8s, de rectification et de suppression aux donn\u00e9es vous concernant, en nous contactant par email ou par courrier : Piveteaubois, La Vall\u00e9e, 85140 [&hellip;]\" \/>\n<meta property=\"og:url\" content=\"https:\/\/www.piveteaubois.com\/fr\/inscription-newsletter-piveteaubois\" \/>\n<meta property=\"og:site_name\" content=\"PiveteauBois\" \/>\n<meta property=\"article:modified_time\" content=\"2021-09-25T13:19:09+00:00\" \/>\n<meta name=\"twitter:card\" content=\"summary\" \/>\n<script type=\"application\/ld+json\" class=\"yoast-schema-graph\">{\"@context\":\"https:\/\/schema.org\",\"@graph\":[{\"@type\":\"WebSite\",\"@id\":\"https:\/\/www.piveteaubois.com\/fr\/#website\",\"url\":\"https:\/\/www.piveteaubois.com\/fr\/\",\"name\":\"PiveteauBois\",\"description\":\"Piveteaubois sp\u00e9cialiste du bois depuis plus de 75 ans\",\"potentialAction\":[{\"@type\":\"SearchAction\",\"target\":{\"@type\":\"EntryPoint\",\"urlTemplate\":\"https:\/\/www.piveteaubois.com\/fr\/?s={search_term_string}\"},\"query-input\":\"required name=search_term_string\"}],\"inLanguage\":\"fr-FR\"},{\"@type\":\"WebPage\",\"@id\":\"https:\/\/www.piveteaubois.com\/fr\/inscription-newsletter-piveteaubois#webpage\",\"url\":\"https:\/\/www.piveteaubois.com\/fr\/inscription-newsletter-piveteaubois\",\"name\":\"Inscription Newsletter Piveteaubois - PiveteauBois\",\"isPartOf\":{\"@id\":\"https:\/\/www.piveteaubois.com\/fr\/#website\"},\"datePublished\":\"2015-07-02T20:50:33+00:00\",\"dateModified\":\"2021-09-25T13:19:09+00:00\",\"breadcrumb\":{\"@id\":\"https:\/\/www.piveteaubois.com\/fr\/inscription-newsletter-piveteaubois#breadcrumb\"},\"inLanguage\":\"fr-FR\",\"potentialAction\":[{\"@type\":\"ReadAction\",\"target\":[\"https:\/\/www.piveteaubois.com\/fr\/inscription-newsletter-piveteaubois\"]}]},{\"@type\":\"BreadcrumbList\",\"@id\":\"https:\/\/www.piveteaubois.com\/fr\/inscription-newsletter-piveteaubois#breadcrumb\",\"itemListElement\":[{\"@type\":\"ListItem\",\"position\":1,\"name\":\"Accueil\",\"item\":\"https:\/\/www.piveteaubois.com\/fr\"},{\"@type\":\"ListItem\",\"position\":2,\"name\":\"Inscription Newsletter Piveteaubois\"}]}]}<\/script>\n<!-- \/ Yoast SEO plugin. -->","yoast_head_json":{"title":"Inscription Newsletter Piveteaubois - PiveteauBois","robots":{"index":"index","follow":"follow","max-snippet":"max-snippet:-1","max-image-preview":"max-image-preview:large","max-video-preview":"max-video-preview:-1"},"canonical":"https:\/\/www.piveteaubois.com\/fr\/inscription-newsletter-piveteaubois","og_locale":"fr_FR","og_type":"article","og_title":"Inscription Newsletter Piveteaubois - PiveteauBois","og_description":"Pour vous inscrire \u00e0 notre Newsletter, merci de renseigner tous les champs ci-dessous et cliquez sur \u00ab\u00a0Valider\u00a0\u00bb. Conform\u00e9ment \u00e0 la loi \u00ab\u00a0Informatique et Libert\u00e9s\u00a0\u00bb du 06 Janvier 1978, vous disposez d&rsquo;un droit d&rsquo;acc\u00e8s, de rectification et de suppression aux donn\u00e9es vous concernant, en nous contactant par email ou par courrier : Piveteaubois, La Vall\u00e9e, 85140 [&hellip;]","og_url":"https:\/\/www.piveteaubois.com\/fr\/inscription-newsletter-piveteaubois","og_site_name":"PiveteauBois","article_modified_time":"2021-09-25T13:19:09+00:00","twitter_card":"summary","schema":{"@context":"https:\/\/schema.org","@graph":[{"@type":"WebSite","@id":"https:\/\/www.piveteaubois.com\/fr\/#website","url":"https:\/\/www.piveteaubois.com\/fr\/","name":"PiveteauBois","description":"Piveteaubois sp\u00e9cialiste du bois depuis plus de 75 ans","potentialAction":[{"@type":"SearchAction","target":{"@type":"EntryPoint","urlTemplate":"https:\/\/www.piveteaubois.com\/fr\/?s={search_term_string}"},"query-input":"required name=search_term_string"}],"inLanguage":"fr-FR"},{"@type":"WebPage","@id":"https:\/\/www.piveteaubois.com\/fr\/inscription-newsletter-piveteaubois#webpage","url":"https:\/\/www.piveteaubois.com\/fr\/inscription-newsletter-piveteaubois","name":"Inscription Newsletter Piveteaubois - PiveteauBois","isPartOf":{"@id":"https:\/\/www.piveteaubois.com\/fr\/#website"},"datePublished":"2015-07-02T20:50:33+00:00","dateModified":"2021-09-25T13:19:09+00:00","breadcrumb":{"@id":"https:\/\/www.piveteaubois.com\/fr\/inscription-newsletter-piveteaubois#breadcrumb"},"inLanguage":"fr-FR","potentialAction":[{"@type":"ReadAction","target":["https:\/\/www.piveteaubois.com\/fr\/inscription-newsletter-piveteaubois"]}]},{"@type":"BreadcrumbList","@id":"https:\/\/www.piveteaubois.com\/fr\/inscription-newsletter-piveteaubois#breadcrumb","itemListElement":[{"@type":"ListItem","position":1,"name":"Accueil","item":"https:\/\/www.piveteaubois.com\/fr"},{"@type":"ListItem","position":2,"name":"Inscription Newsletter Piveteaubois"}]}]}},"_links":{"self":[{"href":"https:\/\/www.piveteaubois.com\/fr\/wp-json\/wp\/v2\/pages\/1044"}],"collection":[{"href":"https:\/\/www.piveteaubois.com\/fr\/wp-json\/wp\/v2\/pages"}],"about":[{"href":"https:\/\/www.piveteaubois.com\/fr\/wp-json\/wp\/v2\/types\/page"}],"author":[{"embeddable":true,"href":"https:\/\/www.piveteaubois.com\/fr\/wp-json\/wp\/v2\/users\/2"}],"replies":[{"embeddable":true,"href":"https:\/\/www.piveteaubois.com\/fr\/wp-json\/wp\/v2\/comments?post=1044"}],"version-history":[{"count":2,"href":"https:\/\/www.piveteaubois.com\/fr\/wp-json\/wp\/v2\/pages\/1044\/revisions"}],"predecessor-version":[{"id":1046,"href":"https:\/\/www.piveteaubois.com\/fr\/wp-json\/wp\/v2\/pages\/1044\/revisions\/1046"}],"wp:attachment":[{"href":"https:\/\/www.piveteaubois.com\/fr\/wp-json\/wp\/v2\/media?parent=1044"}],"curies":[{"name":"wp","href":"https:\/\/api.w.org\/{rel}","templated":true}]}}