{"id":217,"date":"2015-04-13T15:28:34","date_gmt":"2015-04-13T14:28:34","guid":{"rendered":"http:\/\/preprod.piveteaubois.com\/\/?page_id=217"},"modified":"2026-04-03T15:06:25","modified_gmt":"2026-04-03T14:06:25","slug":"energie","status":"publish","type":"page","link":"https:\/\/www.piveteaubois.com\/fr\/nos-produits\/energie","title":{"rendered":"\u00c9nergie"},"content":{"rendered":"\n<p><\/p>\n\n\n\n<p>PIVETEAUBOIS est le <strong>premier fabricant bois fran\u00e7ais de granul\u00e9s de bois<\/strong>, avec plus de 350 000 To commercialis\u00e9es en 2025.<br>L\u2019entreprise familiale vend\u00e9enne sp\u00e9cialis\u00e9e dans le sciage et les innovations bois s\u2019ancre dans une d\u00e9marche de valorisation compl\u00e8te de la mati\u00e8re. Ainsi, les produits connexes issus de la transformation du bois, produisent \u00e0 la fois chaleur, \u00e9lectricit\u00e9 et granul\u00e9s de bois.<br>Ses trois sites de production (Vend\u00e9e, Corr\u00e8ze et Pologne) ont \u00e9t\u00e9 con\u00e7us pour optimiser cette logique d\u2019\u00e9conomie circulaire en transformant chaque ressource consomm\u00e9e en mat\u00e9riaux et solutions \u00e9nerg\u00e9tiques utiles.<\/p>\n\n\n\n<p><\/p>\n\n\n\n<h2>Une expertise au c\u0153ur de la granulation<\/h2>\n\n\n\n<p><\/p>\n\n\n\n<p>Cette ambition industrielle s\u2019accompagne d\u2019une volont\u00e9 forte\u00a0: proposer des granul\u00e9s de bois piveteau \u00e0 la fois performants, constants et \u00e9cologiques. Le d\u00e9veloppement de ces pellets premium repose sur des choix rigoureux en mati\u00e8re de ressource, de proc\u00e9d\u00e9s de fabrication et de contr\u00f4le qualit\u00e9.<\/p>\n\n\n\n<div class=\"wp-block-image\"><figure class=\"aligncenter size-large\"><img loading=\"lazy\" width=\"536\" height=\"210\" src=\"https:\/\/www.piveteaubois.com\/wp-content\/uploads\/2025\/09\/banniere-granule-bois-premium-piveteaubois-poele.jpg\" alt=\"Utilisation des granul\u00e9s de bois Piveteaubois dans un po\u00eale \u00e0 pellets\" class=\"wp-image-7379\" srcset=\"https:\/\/www.piveteaubois.com\/wp-content\/uploads\/2025\/09\/banniere-granule-bois-premium-piveteaubois-poele.jpg 536w, https:\/\/www.piveteaubois.com\/wp-content\/uploads\/2025\/09\/banniere-granule-bois-premium-piveteaubois-poele-300x118.jpg 300w\" sizes=\"(max-width: 536px) 100vw, 536px\" \/><\/figure><\/div>\n\n\n\n<p><\/p>\n\n\n\n<div class=\"wrap-btn\">\n  <a href=\"https:\/\/www.piveteaubois.com\/fr\/granules-bois-pellets-hp\" class=\"btn-biseaute\" aria-label=\"Trouvez un distributeur pr\u00e8s de chez vous\">DECOUVREZ PELLETS HP+ : GRANUL\u00c9S DE BOIS PREMIUM<\/a>\n<\/div>\n\n<style>\n  .wrap-btn{\n    text-align:center;            \/* centre le bouton sur la page *\/\n  }\n\n  .btn-biseaute{\n    --bevel: 10px;                \/* profondeur du biseau *\/\n    --bg: #f26529;                \/* couleur du bouton *\/\n    --bg-hover: #2D1A14;  \/* couleur au survol *\/\n\n    display: inline-block;\n    padding: 8px 18px;\n    font-size: 12px;\n    line-height: 1.2;\n    font-weight: normal !important;   \/* texte non gras *\/\n    text-transform: uppercase;\n    letter-spacing: .5px;\n    color: #ffffff !important;        \/* texte blanc *\/\n    text-decoration: none !important; \/* supprime le soulign\u00e9 *\/\n    background: var(--bg);\n    clip-path: polygon(\n      var(--bevel) 0%,\n      100% 0%,\n      calc(100% - var(--bevel)) 100%,\n      0% 100%\n    );\n    -webkit-clip-path: polygon(\n      var(--bevel) 0%,\n      100% 0%,\n      calc(100% - var(--bevel)) 100%,\n      0% 100%\n    );\n    transition: background-color .2s ease, transform .06s ease;\n  }\n\n  .btn-biseaute:hover{ background: var(--bg-hover); }\n  .btn-biseaute:active{ transform: translateY(1px); }\n\n  .btn-biseaute:focus{\n    outline: 2px solid #ffffff;\n    outline-offset: 2px;\n  }\n<\/style>\n\n\n\n<p><\/p>\n\n\n\n<p><\/p>\n\n\n\n<h3>L\u2019utilisation des r\u00e9sineux pour des pellets PIVETEAU BOIS constants et premiums<\/h3>\n\n\n\n<p><\/p>\n\n\n\n<p>PIVETEAUBOIS\u00a0propose un <strong>combustible propre et performant pour le chauffage aux granul\u00e9s<\/strong>.\u00a0Cette performance s\u2019explique par l\u2019usage des bois r\u00e9sineux utilis\u00e9s dans le cycle de production pour les sciages (Pin Sylvestre, Pin Maritime, Douglas, Epic\u00e9a) dont les avantages sont nombreux. En effet, les r\u00e9sineux employ\u00e9s pour fabriquer les pellets entra\u00eenent <strong>moins d\u2019encrassement des appareils de chauffage<\/strong>, gr\u00e2ce \u00e0 une <strong>absence d\u2019additifs<\/strong> li\u00e9 \u00e0 la lignine (liant naturel) contenue dans cette cat\u00e9gorie d\u2019essences de bois, tout en n\u00e9cessitant <strong>moins de mati\u00e8re pour une chaleur \u00e9quivalente<\/strong> (environ 5 \u00e0 10 % de r\u00e9duction).<\/p>\n\n\n\n<p><\/p>\n\n\n\n<h3>Des granul\u00e9s de bois r\u00e9pondant \u00e0 de hautes exigences<\/h3>\n\n\n\n<p><\/p>\n\n\n\n<div class=\"wp-block-image\"><figure class=\"aligncenter size-large\"><img loading=\"lazy\" width=\"536\" height=\"210\" src=\"https:\/\/www.piveteaubois.com\/wp-content\/uploads\/2025\/09\/certifications-din-plus-pellets-piveteaubois-2.jpg\" alt=\"\" class=\"wp-image-7380\" srcset=\"https:\/\/www.piveteaubois.com\/wp-content\/uploads\/2025\/09\/certifications-din-plus-pellets-piveteaubois-2.jpg 536w, https:\/\/www.piveteaubois.com\/wp-content\/uploads\/2025\/09\/certifications-din-plus-pellets-piveteaubois-2-300x118.jpg 300w\" sizes=\"(max-width: 536px) 100vw, 536px\" \/><\/figure><\/div>\n\n\n\n<p>Au-del\u00e0 du choix des essences, PIVETEAUBOIS\u00a0a \u00e9t\u00e9 l\u2019un des\u00a0<strong>premiers scieurs fran\u00e7ais et fabricant de pellets \u00e0 disposer de la certification DIN PLUS<\/strong>\u00a0(N\u00b0 Label 7A109) pour ses pellets PIVETEAU.<\/p>\n\n\n\n<p>Fort de plus de <strong>15 ans d\u2019exp\u00e9rience<\/strong> et d\u2019un savoir-faire unique, PIVETEAUBOIS assure une qualit\u00e9 sup\u00e9rieure et constante de son combustible. Conforme \u00e0 la <strong>norme DIN+<\/strong>, ainsi qu\u2019\u00e0 la <strong>norme EN+<\/strong> et aux <strong>labels tels que Bois de France et PEFC<\/strong> pour ses approvisionnements, les granul\u00e9s de bois PIVETEAU BOIS garantissent une performance thermique optimale pour votre po\u00eale \u00e0 pellets ou de votre chaudi\u00e8re \u00e0 pellets.<\/p>\n\n\n\n<p>Gr\u00e2ce au s\u00e9chage \u00e0 basse temp\u00e9rature et \u00e0 la ma\u00eetrise totale de la mati\u00e8re bois,&nbsp;<strong>les pellets PIVETEAU BOIS <\/strong>sont constitu\u00e9s exclusivement de <strong>particules de bois s\u00e9ch\u00e9es, puis compress\u00e9es sans colle, ni additif<\/strong>, renfor\u00e7ant encore leur qualit\u00e9 et stabilit\u00e9.<\/p>\n\n\n\n<p><\/p>\n\n\n\n<h3><strong>Une technologie I-Combust, gage de qualit\u00e9<\/strong><\/h3>\n\n\n\n<p><\/p>\n\n\n\n<div class=\"wp-block-columns\">\n<div class=\"wp-block-column\" style=\"flex-basis:33.33%\">\n<div class=\"wp-block-image\"><figure class=\"alignright size-large\"><img loading=\"lazy\" width=\"125\" height=\"75\" src=\"https:\/\/www.piveteaubois.com\/wp-content\/uploads\/2025\/09\/pellets-hp-plus-technoologie-icombust-piveteaubois-008.png\" alt=\"logo I-COMBUST technologie fabricant granul\u00e9s de bois Piveteaubois\" class=\"wp-image-7382\"\/><\/figure><\/div>\n<\/div>\n\n\n\n<div class=\"wp-block-column\" style=\"flex-basis:66.66%\">\n<p>Depuis 2019,\u00a0<strong>PIVETEAUBOIS\u00a0<\/strong>a d\u00e9velopp\u00e9 la technologie I-Combust. Ce proc\u00e9d\u00e9 repose sur un s\u00e9chage \u00e0 basse temp\u00e9rature (90\u00b0) ainsi qu\u2019un double tamisage, offrant une parfaite combustion des granul\u00e9s de bois \u00e0 destination de chaudi\u00e8re \u00e0 pellet, insert ou po\u00eale \u00e0 pellets.<\/p>\n<\/div>\n<\/div>\n\n\n\n<div class=\"wrap-btn\">\n  <a href=\"https:\/\/www.piveteaubois.com\/fr\/piveteaubois\/pellets\" class=\"btn-biseaute\" aria-label=\"Trouvez un distributeur pr\u00e8s de chez vous\">DECOUVREZ LA TECHNOLOGIE I-COMBUST<\/a>\n<\/div>\n\n<style>\n  .wrap-btn{\n    text-align:center;            \/* centre le bouton sur la page *\/\n  }\n\n  .btn-biseaute{\n    --bevel: 10px;                \/* profondeur du biseau *\/\n    --bg: #f26529;                \/* couleur du bouton *\/\n    --bg-hover: #2D1A14;  \/* couleur au survol *\/\n\n    display: inline-block;\n    padding: 8px 18px;\n    font-size: 12px;\n    line-height: 1.2;\n    font-weight: normal !important;   \/* texte non gras *\/\n    text-transform: uppercase;\n    letter-spacing: .5px;\n    color: #ffffff !important;        \/* texte blanc *\/\n    text-decoration: none !important; \/* supprime le soulign\u00e9 *\/\n    background: var(--bg);\n    clip-path: polygon(\n      var(--bevel) 0%,\n      100% 0%,\n      calc(100% - var(--bevel)) 100%,\n      0% 100%\n    );\n    -webkit-clip-path: polygon(\n      var(--bevel) 0%,\n      100% 0%,\n      calc(100% - var(--bevel)) 100%,\n      0% 100%\n    );\n    transition: background-color .2s ease, transform .06s ease;\n  }\n\n  .btn-biseaute:hover{ background: var(--bg-hover); }\n  .btn-biseaute:active{ transform: translateY(1px); }\n\n  .btn-biseaute:focus{\n    outline: 2px solid #ffffff;\n    outline-offset: 2px;\n  }\n<\/style>\n\n\n\n<p><\/p>\n\n\n\n<p><\/p>\n\n\n\n<h2><strong><strong>Une gamme Energie vari\u00e9e<\/strong><\/strong><\/h2>\n\n\n\n<p><\/p>\n\n\n\n<p>Dans le d\u00e9veloppement de son expertise, PIVETEAUBOIS a \u00e9largi son offre afin de r\u00e9pondre \u00e0 l\u2019ensemble des besoins li\u00e9s <strong>au chauffage et \u00e0 l\u2019allumage<\/strong>. La gamme de combustible bois : granul\u00e9s de bois certifi\u00e9s din, bois de chauffage, bois d\u2019allumage, b\u00fbches densifi\u00e9es et allume-feux, permettent \u00e0 nos partenaires distributeurs de proposer une <strong>offre compl\u00e8te en \u00e9nergies renouvelables<\/strong>.<\/p>\n\n\n\n<p><\/p>\n\n\n\n<h3>Le bois de chauffage entre puissance, confort et tradition<\/h3>\n\n\n\n<p><\/p>\n\n\n\n<p>Notre <strong>bois de chauffage<\/strong> allie performance et respect de votre foyer. Certifi\u00e9 Bois de France et issu de for\u00eats fran\u00e7aises g\u00e9r\u00e9es durablement, il est compos\u00e9 de diff\u00e9rentes essences reconnues pour leur qualit\u00e9 de combustion et leur excellent pouvoir calorifique.<br>Avec un <strong>taux d\u2019humidit\u00e9 inf\u00e9rieur \u00e0 20%<\/strong>, il assure un rendement optimal pour les po\u00eales, chemin\u00e9es ou inserts.<br>Nous proposons diff\u00e9rents formats pour s\u2019adapter \u00e0 vos besoins, notamment des <strong>b\u00fbches de 30\u202fcm<\/strong> conditionn\u00e9es en 25\u202fdm\u00b3 sous filet pour plus de commodit\u00e9 ou sous sac kraft pour un stockage propre et esth\u00e9tique.<br>En compl\u00e9ment, nous proposons des <strong>fagotins de bois de 30 cm<\/strong> en 25\u202fdm\u00b3 aussi, utilisables pour l\u2019allumage de vos feux. Ils sont pratiques et efficaces, et ils permettent de d\u00e9marrer rapidement vos flamb\u00e9es hivernales en toute s\u00e9r\u00e9nit\u00e9.<\/p>\n\n\n\n<p><\/p>\n\n\n\n<h3>Le bois d\u2019allumage pour un allumage rapide et sans effort<\/h3>\n\n\n\n<p><\/p>\n\n\n\n<p>Le <strong>bois d\u2019allumage<\/strong> est la solution parfaite pour <strong>d\u00e9marrer vos feux rapidement et efficacement<\/strong>. Compos\u00e9 de bois fendus en sections r\u00e9guli\u00e8re de r\u00e9sineux ultra secs (taux d\u2019humidit\u00e9 inf\u00e9rieur \u00e0 15%), il favorise un allumage pr\u00eat \u00e0 l\u2019emploi, sans odeur ni r\u00e9sidu suppl\u00e9mentaire.<br>Propos\u00e9 en format 40 L, il est disponible en filet ou en sac kraft. <strong>Polyvalent, il convient aussi bien pour l\u2019allumage des po\u00eales, chemin\u00e9es et inserts que pour les barbecues ou braseros.<\/strong> Fiable et simple d\u2019utilisation, il permet d\u2019obtenir une flamme stable d\u00e8s les premi\u00e8res minutes pour faciliter votre allumage.<\/p>\n\n\n\n<p><\/p>\n\n\n\n<h3>Les b\u00fbches densifi\u00e9es : la performance concentr\u00e9e<\/h3>\n\n\n\n<p><\/p>\n\n\n\n<p>Nos <strong>b\u00fbches densifi\u00e9es<\/strong> offrent une solution de chauffage performante et r\u00e9guli\u00e8re, id\u00e9ale <strong>pour compl\u00e9ter ou remplacer le bois de chauffage traditionnel<\/strong>. Fabriqu\u00e9es \u00e0 partir de bois compress\u00e9 sans additifs ni liants, elles garantissent une combustion propre, homog\u00e8ne et \u00e0 fort pouvoir calorifique.<br>Leur <strong>faible taux de cendres vise \u00e0 prolonger la dur\u00e9e de vie de vos appareils de chauffage<\/strong>.<br>Leur format compact d\u2019environ 9 cm de diam\u00e8tre pour 28 cm de longueur est parfaitement adapt\u00e9 aux po\u00eales, chemin\u00e9es et inserts. Elles permettent ainsi aux utilisateurs de profiter en journ\u00e9e d\u2019une mont\u00e9e rapide en temp\u00e9rature et d\u2019un feu r\u00e9gulier, avec une autonomie pouvant atteindre plus de deux heures.<\/p>\n\n\n\n<p><\/p>\n\n\n\n<h3>Les allume-feux pour un d\u00e9marrage ma\u00eetris\u00e9<\/h3>\n\n\n\n<p><\/p>\n\n\n\n<p>Pour compl\u00e9ter et terminer la gamme des produits combustibles, nous proposons des allume-feux qui permettent d\u2019obtenir rapidement une flamme r\u00e9guli\u00e8re et durable pour d\u00e9marrer sans effort vos appareils de chauffage ou barbecues et braseros.<\/p>\n\n\n\n<p>Notre offre se d\u00e9cline en deux solutions adapt\u00e9es \u00e0 ces usages.<\/p>\n\n\n\n<p><br>Les <strong>allume-feux en laine de bois, 100 % d\u2019origine naturelle<\/strong>, sont fabriqu\u00e9s \u00e0 partir de laine de bois sans additifs chimiques, liants artificiels ni d\u00e9riv\u00e9s p\u00e9troliers. Par cons\u00e9quent, ils assurent une combustion saine, sans r\u00e9sidu, tout en produisant une flamme vive en quelques minutes. Les allume-feux laine de bois sont conditionn\u00e9s en bo\u00eete de 80 unit\u00e9s.<br>Nous proposons \u00e9galement les <strong>Flam\u2019Cup, des allume-feux fabriqu\u00e9s en France \u00e0 base de copeaux de bois et de cire v\u00e9g\u00e9tale<\/strong>. Leur forme pratique ainsi que leur contenu offrent jusqu\u2019\u00e0 50 % d\u2019efficacit\u00e9 suppl\u00e9mentaire qui \u00e9quivaut \u00e0 une dur\u00e9e de combustion comprise entre 10 \u00e0 12 minutes. Leur flamme homog\u00e8ne garantit un allumage rapide et propre, sans d\u00e9gagement d\u2019odeur ni r\u00e9sidu. Les allume-feux Flam\u2019Cup sont conditionn\u00e9s en sachet de 30 unit\u00e9s ou en carton de 100 unit\u00e9s.<\/p>\n\n\n\n<p><\/p>\n\n\n\n<h2><strong>O\u00f9 trouver nos produits&nbsp;?<\/strong><\/h2>\n\n\n\n<p><\/p>\n\n\n\n<p>Afin de rendre ses solutions accessibles au plus grand nombre, PIVETEAUBOIS assure une large disponibilit\u00e9 de ses produits chez ses revendeurs partenaires.<\/p>\n\n\n\n<p>Les\u00a0<strong>pellets PIVETEAUBOIS premium sont disponibles toute l\u2019ann\u00e9e, sur le territoire fran\u00e7ais,<\/strong>\u00a0en sacs recyclables de 10 et 15kg vendus \u00e0 l&rsquo;unit\u00e9 ou en palette de pellets, en Big Bag (1,1 tonne) ou en vrac puls\u00e9.<\/p>\n\n\n\n<p>Par ailleurs, certains des distributeurs proposent \u00e9galement les produits d\u00e9riv\u00e9s de la gamme Energie.<\/p>\n\n\n\n<div class=\"wp-block-columns\">\n<div class=\"wp-block-column\">\n<div class=\"wp-block-image\"><figure class=\"alignright size-large\"><img loading=\"lazy\" width=\"154\" height=\"154\" src=\"https:\/\/www.piveteaubois.com\/wp-content\/uploads\/2025\/10\/carte-distributeur-banniere-gauche.png\" alt=\"\" class=\"wp-image-7486\" srcset=\"https:\/\/www.piveteaubois.com\/wp-content\/uploads\/2025\/10\/carte-distributeur-banniere-gauche.png 154w, https:\/\/www.piveteaubois.com\/wp-content\/uploads\/2025\/10\/carte-distributeur-banniere-gauche-150x150.png 150w\" sizes=\"(max-width: 154px) 100vw, 154px\" \/><\/figure><\/div>\n<\/div>\n\n\n\n<div class=\"wp-block-column is-vertically-aligned-center\">\n<div class=\"wrap-btn\">\n  <a href=\"https:\/\/www.piveteaubois.com\/fr\/distribution\" class=\"btn-biseaute\" aria-label=\"Trouvez un distributeur pr\u00e8s de chez vous\">TROUVEZ UN DISTRIBUTEUR DE PELLETS PIVETEAU BOIS PR\u00c8S DE CHEZ VOUS<\/a>\n<\/div>\n\n<style>\n  .wrap-btn{\n    text-align:center;            \/* centre le bouton sur la page *\/\n  }\n\n  .btn-biseaute{\n    --bevel: 10px;                \/* profondeur du biseau *\/\n    --bg: #f26529;                \/* couleur du bouton *\/\n    --bg-hover: #2D1A14;  \/* couleur au survol *\/\n\n    display: inline-block;\n    padding: 8px 18px;\n    font-size: 12px;\n    line-height: 1.2;\n    font-weight: normal !important;   \/* texte non gras *\/\n    text-transform: uppercase;\n    letter-spacing: .5px;\n    color: #ffffff !important;        \/* texte blanc *\/\n    text-decoration: none !important; \/* supprime le soulign\u00e9 *\/\n    background: var(--bg);\n    clip-path: polygon(\n      var(--bevel) 0%,\n      100% 0%,\n      calc(100% - var(--bevel)) 100%,\n      0% 100%\n    );\n    -webkit-clip-path: polygon(\n      var(--bevel) 0%,\n      100% 0%,\n      calc(100% - var(--bevel)) 100%,\n      0% 100%\n    );\n    transition: background-color .2s ease, transform .06s ease;\n  }\n\n  .btn-biseaute:hover{ background: var(--bg-hover); }\n  .btn-biseaute:active{ transform: translateY(1px); }\n\n  .btn-biseaute:focus{\n    outline: 2px solid #ffffff;\n    outline-offset: 2px;\n  }\n<\/style>\n<\/div>\n<\/div>\n\n\n\n<p><\/p>\n\n\n\n<h2>Vous souhaitez distribuer nos produits ?<\/h2>\n\n\n\n<p><\/p>\n\n\n\n<p>Vous \u00eates un distribution de solution de chauffage et vous \u00eates int\u00e9ress\u00e9 \u00e0 distribuer nos produits, discutons de votre projet ensemble ! Contactez-nous en compl\u00e9tant le formulaire ci-dessous et vous serez recontact\u00e9 par notre \u00e9quipe commerciale :<\/p>\n\n\n\n<iframe loading=\"lazy\" src=\"https:\/\/web.piveteaubois.com\/piveteauboiscom-ak3uq\/pages\/2bs3a4okeesiqanomgmga.html\" allowtransparency=\"true\" width=\"100%\" height=\"1550px\" type=\"text\/html\" frameborder=\"0\" style=\"border:0\"><\/iframe>\n\n\n\n<p><\/p>\n","protected":false},"excerpt":{"rendered":"<p>PIVETEAUBOIS est le premier fabricant bois fran\u00e7ais de granul\u00e9s de bois, avec plus de 350 000 To commercialis\u00e9es en 2025.L\u2019entreprise familiale vend\u00e9enne sp\u00e9cialis\u00e9e dans le sciage et les innovations bois s\u2019ancre dans une d\u00e9marche de valorisation compl\u00e8te de la mati\u00e8re. Ainsi, les produits connexes issus de la transformation du bois, produisent \u00e0 la fois chaleur, [&hellip;]<\/p>\n","protected":false},"author":2,"featured_media":777,"parent":315,"menu_order":3,"comment_status":"closed","ping_status":"closed","template":"","meta":[],"acf":[],"yoast_head":"<!-- This site is optimized with the Yoast SEO plugin v18.4.1 - https:\/\/yoast.com\/wordpress\/plugins\/seo\/ -->\n<title>\u00c9nergie propre : Granul\u00e9s de bois Pellets I Piveteaubois<\/title>\n<meta name=\"description\" content=\"Gr\u00e2ce aux 2 sites de production (Vend\u00e9e et Corr\u00e8ze), PIVETEAUBOIS est le 1er fabricant fran\u00e7ais de granul\u00e9s de bois avec plus de 200 000 tonnes de pellets.\" \/>\n<meta name=\"robots\" content=\"index, follow, max-snippet:-1, max-image-preview:large, max-video-preview:-1\" \/>\n<link rel=\"canonical\" href=\"https:\/\/www.piveteaubois.com\/fr\/nos-produits\/energie\" \/>\n<meta property=\"og:locale\" content=\"fr_FR\" \/>\n<meta property=\"og:type\" content=\"article\" \/>\n<meta property=\"og:title\" content=\"\u00c9nergie propre : Granul\u00e9s de bois Pellets I Piveteaubois\" \/>\n<meta property=\"og:description\" content=\"Gr\u00e2ce aux 2 sites de production (Vend\u00e9e et Corr\u00e8ze), PIVETEAUBOIS est le 1er fabricant fran\u00e7ais de granul\u00e9s de bois avec plus de 200 000 tonnes de pellets.\" \/>\n<meta property=\"og:url\" content=\"https:\/\/www.piveteaubois.com\/fr\/nos-produits\/energie\" \/>\n<meta property=\"og:site_name\" content=\"PiveteauBois\" \/>\n<meta property=\"article:modified_time\" content=\"2026-04-03T14:06:25+00:00\" \/>\n<meta property=\"og:image\" content=\"https:\/\/www.piveteaubois.com\/wp-content\/uploads\/2015\/04\/Pellets-PIVETEAUBOIS.jpg\" \/>\n\t<meta property=\"og:image:width\" content=\"1715\" \/>\n\t<meta property=\"og:image:height\" content=\"1209\" \/>\n\t<meta property=\"og:image:type\" content=\"image\/jpeg\" \/>\n<meta name=\"twitter:card\" content=\"summary\" \/>\n<meta name=\"twitter:label1\" content=\"Dur\u00e9e de lecture estim\u00e9e\" \/>\n\t<meta name=\"twitter:data1\" content=\"9 minutes\" \/>\n<script type=\"application\/ld+json\" class=\"yoast-schema-graph\">{\"@context\":\"https:\/\/schema.org\",\"@graph\":[{\"@type\":\"WebSite\",\"@id\":\"https:\/\/www.piveteaubois.com\/fr\/#website\",\"url\":\"https:\/\/www.piveteaubois.com\/fr\/\",\"name\":\"PiveteauBois\",\"description\":\"Piveteaubois sp\u00e9cialiste du bois depuis plus de 75 ans\",\"potentialAction\":[{\"@type\":\"SearchAction\",\"target\":{\"@type\":\"EntryPoint\",\"urlTemplate\":\"https:\/\/www.piveteaubois.com\/fr\/?s={search_term_string}\"},\"query-input\":\"required name=search_term_string\"}],\"inLanguage\":\"fr-FR\"},{\"@type\":\"ImageObject\",\"@id\":\"https:\/\/www.piveteaubois.com\/fr\/nos-produits\/energie#primaryimage\",\"inLanguage\":\"fr-FR\",\"url\":\"https:\/\/www.piveteaubois.com\/wp-content\/uploads\/2015\/04\/Pellets-PIVETEAUBOIS.jpg\",\"contentUrl\":\"https:\/\/www.piveteaubois.com\/wp-content\/uploads\/2015\/04\/Pellets-PIVETEAUBOIS.jpg\",\"width\":1715,\"height\":1209},{\"@type\":\"WebPage\",\"@id\":\"https:\/\/www.piveteaubois.com\/fr\/nos-produits\/energie#webpage\",\"url\":\"https:\/\/www.piveteaubois.com\/fr\/nos-produits\/energie\",\"name\":\"\u00c9nergie propre : Granul\u00e9s de bois Pellets I Piveteaubois\",\"isPartOf\":{\"@id\":\"https:\/\/www.piveteaubois.com\/fr\/#website\"},\"primaryImageOfPage\":{\"@id\":\"https:\/\/www.piveteaubois.com\/fr\/nos-produits\/energie#primaryimage\"},\"datePublished\":\"2015-04-13T14:28:34+00:00\",\"dateModified\":\"2026-04-03T14:06:25+00:00\",\"description\":\"Gr\u00e2ce aux 2 sites de production (Vend\u00e9e et Corr\u00e8ze), PIVETEAUBOIS est le 1er fabricant fran\u00e7ais de granul\u00e9s de bois avec plus de 200 000 tonnes de pellets.\",\"breadcrumb\":{\"@id\":\"https:\/\/www.piveteaubois.com\/fr\/nos-produits\/energie#breadcrumb\"},\"inLanguage\":\"fr-FR\",\"potentialAction\":[{\"@type\":\"ReadAction\",\"target\":[\"https:\/\/www.piveteaubois.com\/fr\/nos-produits\/energie\"]}]},{\"@type\":\"BreadcrumbList\",\"@id\":\"https:\/\/www.piveteaubois.com\/fr\/nos-produits\/energie#breadcrumb\",\"itemListElement\":[{\"@type\":\"ListItem\",\"position\":1,\"name\":\"Accueil\",\"item\":\"https:\/\/www.piveteaubois.com\/fr\"},{\"@type\":\"ListItem\",\"position\":2,\"name\":\"Nos produits\",\"item\":\"https:\/\/www.piveteaubois.com\/fr\/nos-produits\"},{\"@type\":\"ListItem\",\"position\":3,\"name\":\"\u00c9nergie\"}]}]}<\/script>\n<!-- \/ Yoast SEO plugin. -->","yoast_head_json":{"title":"\u00c9nergie propre : Granul\u00e9s de bois Pellets I Piveteaubois","description":"Gr\u00e2ce aux 2 sites de production (Vend\u00e9e et Corr\u00e8ze), PIVETEAUBOIS est le 1er fabricant fran\u00e7ais de granul\u00e9s de bois avec plus de 200 000 tonnes de pellets.","robots":{"index":"index","follow":"follow","max-snippet":"max-snippet:-1","max-image-preview":"max-image-preview:large","max-video-preview":"max-video-preview:-1"},"canonical":"https:\/\/www.piveteaubois.com\/fr\/nos-produits\/energie","og_locale":"fr_FR","og_type":"article","og_title":"\u00c9nergie propre : Granul\u00e9s de bois Pellets I Piveteaubois","og_description":"Gr\u00e2ce aux 2 sites de production (Vend\u00e9e et Corr\u00e8ze), PIVETEAUBOIS est le 1er fabricant fran\u00e7ais de granul\u00e9s de bois avec plus de 200 000 tonnes de pellets.","og_url":"https:\/\/www.piveteaubois.com\/fr\/nos-produits\/energie","og_site_name":"PiveteauBois","article_modified_time":"2026-04-03T14:06:25+00:00","og_image":[{"width":1715,"height":1209,"url":"https:\/\/www.piveteaubois.com\/wp-content\/uploads\/2015\/04\/Pellets-PIVETEAUBOIS.jpg","type":"image\/jpeg"}],"twitter_card":"summary","twitter_misc":{"Dur\u00e9e de lecture estim\u00e9e":"9 minutes"},"schema":{"@context":"https:\/\/schema.org","@graph":[{"@type":"WebSite","@id":"https:\/\/www.piveteaubois.com\/fr\/#website","url":"https:\/\/www.piveteaubois.com\/fr\/","name":"PiveteauBois","description":"Piveteaubois sp\u00e9cialiste du bois depuis plus de 75 ans","potentialAction":[{"@type":"SearchAction","target":{"@type":"EntryPoint","urlTemplate":"https:\/\/www.piveteaubois.com\/fr\/?s={search_term_string}"},"query-input":"required name=search_term_string"}],"inLanguage":"fr-FR"},{"@type":"ImageObject","@id":"https:\/\/www.piveteaubois.com\/fr\/nos-produits\/energie#primaryimage","inLanguage":"fr-FR","url":"https:\/\/www.piveteaubois.com\/wp-content\/uploads\/2015\/04\/Pellets-PIVETEAUBOIS.jpg","contentUrl":"https:\/\/www.piveteaubois.com\/wp-content\/uploads\/2015\/04\/Pellets-PIVETEAUBOIS.jpg","width":1715,"height":1209},{"@type":"WebPage","@id":"https:\/\/www.piveteaubois.com\/fr\/nos-produits\/energie#webpage","url":"https:\/\/www.piveteaubois.com\/fr\/nos-produits\/energie","name":"\u00c9nergie propre : Granul\u00e9s de bois Pellets I Piveteaubois","isPartOf":{"@id":"https:\/\/www.piveteaubois.com\/fr\/#website"},"primaryImageOfPage":{"@id":"https:\/\/www.piveteaubois.com\/fr\/nos-produits\/energie#primaryimage"},"datePublished":"2015-04-13T14:28:34+00:00","dateModified":"2026-04-03T14:06:25+00:00","description":"Gr\u00e2ce aux 2 sites de production (Vend\u00e9e et Corr\u00e8ze), PIVETEAUBOIS est le 1er fabricant fran\u00e7ais de granul\u00e9s de bois avec plus de 200 000 tonnes de pellets.","breadcrumb":{"@id":"https:\/\/www.piveteaubois.com\/fr\/nos-produits\/energie#breadcrumb"},"inLanguage":"fr-FR","potentialAction":[{"@type":"ReadAction","target":["https:\/\/www.piveteaubois.com\/fr\/nos-produits\/energie"]}]},{"@type":"BreadcrumbList","@id":"https:\/\/www.piveteaubois.com\/fr\/nos-produits\/energie#breadcrumb","itemListElement":[{"@type":"ListItem","position":1,"name":"Accueil","item":"https:\/\/www.piveteaubois.com\/fr"},{"@type":"ListItem","position":2,"name":"Nos produits","item":"https:\/\/www.piveteaubois.com\/fr\/nos-produits"},{"@type":"ListItem","position":3,"name":"\u00c9nergie"}]}]}},"_links":{"self":[{"href":"https:\/\/www.piveteaubois.com\/fr\/wp-json\/wp\/v2\/pages\/217"}],"collection":[{"href":"https:\/\/www.piveteaubois.com\/fr\/wp-json\/wp\/v2\/pages"}],"about":[{"href":"https:\/\/www.piveteaubois.com\/fr\/wp-json\/wp\/v2\/types\/page"}],"author":[{"embeddable":true,"href":"https:\/\/www.piveteaubois.com\/fr\/wp-json\/wp\/v2\/users\/2"}],"replies":[{"embeddable":true,"href":"https:\/\/www.piveteaubois.com\/fr\/wp-json\/wp\/v2\/comments?post=217"}],"version-history":[{"count":64,"href":"https:\/\/www.piveteaubois.com\/fr\/wp-json\/wp\/v2\/pages\/217\/revisions"}],"predecessor-version":[{"id":7938,"href":"https:\/\/www.piveteaubois.com\/fr\/wp-json\/wp\/v2\/pages\/217\/revisions\/7938"}],"up":[{"embeddable":true,"href":"https:\/\/www.piveteaubois.com\/fr\/wp-json\/wp\/v2\/pages\/315"}],"wp:featuredmedia":[{"embeddable":true,"href":"https:\/\/www.piveteaubois.com\/fr\/wp-json\/wp\/v2\/media\/777"}],"wp:attachment":[{"href":"https:\/\/www.piveteaubois.com\/fr\/wp-json\/wp\/v2\/media?parent=217"}],"curies":[{"name":"wp","href":"https:\/\/api.w.org\/{rel}","templated":true}]}}