{"id":2195,"date":"2017-04-25T08:54:52","date_gmt":"2017-04-25T07:54:52","guid":{"rendered":"http:\/\/www.piveteaubois.com\/?page_id=2195"},"modified":"2018-06-21T15:32:29","modified_gmt":"2018-06-21T14:32:29","slug":"panneaux-clotures","status":"publish","type":"page","link":"https:\/\/www.piveteaubois.com\/fr\/nos-produits\/nos-innovations-2016\/panneaux-clotures","title":{"rendered":"Panneaux &#8211; cl\u00f4tures"},"content":{"rendered":"<div id='gallery-1' class='gallery galleryid-2195 gallery-columns-3 gallery-size-thumbnail'><dl class='gallery-item'>\n\t\t\t<dt class='gallery-icon landscape'>\n\t\t\t\t<a href='https:\/\/www.piveteaubois.com\/fr\/nos-produits\/nos-innovations-2016\/panneaux-clotures\/attachment\/panneaux-empilables-olympe-pin-durapin-piveteaubois'><img width=\"150\" height=\"150\" src=\"https:\/\/www.piveteaubois.com\/wp-content\/uploads\/2017\/04\/panneaux-empilables-olympe-pin-durapin-piveteaubois-150x150.jpg\" class=\"attachment-thumbnail size-thumbnail\" alt=\"Panneaux empilables Olympe - Durapin - PIVETEAUBOIS\" loading=\"lazy\" aria-describedby=\"gallery-1-2757\" \/><\/a>\n\t\t\t<\/dt>\n\t\t\t\t<dd class='wp-caption-text gallery-caption' id='gallery-1-2757'>\n\t\t\t\tPanneaux empilables Olympe &#8211; Durapin &#8211; PIVETEAUBOIS\n\t\t\t\t<\/dd><\/dl><dl class='gallery-item'>\n\t\t\t<dt class='gallery-icon landscape'>\n\t\t\t\t<a href='https:\/\/www.piveteaubois.com\/fr\/nos-produits\/nos-innovations-2016\/panneaux-clotures\/attachment\/cloture-oxford-pin-durapin-piveteaubois'><img width=\"150\" height=\"150\" src=\"https:\/\/www.piveteaubois.com\/wp-content\/uploads\/2017\/04\/cloture-oxford-pin-durapin-piveteaubois-150x150.jpg\" class=\"attachment-thumbnail size-thumbnail\" alt=\"Cl\u00f4ture Oxford - Durapin - PIVETEAUBOIS\" loading=\"lazy\" aria-describedby=\"gallery-1-2759\" \/><\/a>\n\t\t\t<\/dt>\n\t\t\t\t<dd class='wp-caption-text gallery-caption' id='gallery-1-2759'>\n\t\t\t\tCl\u00f4ture Oxford &#8211; Durapin &#8211; PIVETEAUBOIS\n\t\t\t\t<\/dd><\/dl><dl class='gallery-item'>\n\t\t\t<dt class='gallery-icon landscape'>\n\t\t\t\t<a href='https:\/\/www.piveteaubois.com\/fr\/nos-produits\/nos-innovations-2016\/panneaux-clotures\/attachment\/cloture-montana-pin-durapin-piveteaubois'><img width=\"150\" height=\"150\" src=\"https:\/\/www.piveteaubois.com\/wp-content\/uploads\/2017\/04\/cloture-montana-pin-durapin-piveteaubois-150x150.jpg\" class=\"attachment-thumbnail size-thumbnail\" alt=\"Cl\u00f4ture Montana - Durapin - PIVETEAUBOIS\" loading=\"lazy\" aria-describedby=\"gallery-1-2758\" \/><\/a>\n\t\t\t<\/dt>\n\t\t\t\t<dd class='wp-caption-text gallery-caption' id='gallery-1-2758'>\n\t\t\t\tCl\u00f4ture Montana &#8211; Durapin &#8211; PIVETEAUBOIS\n\t\t\t\t<\/dd><\/dl><br style=\"clear: both\" \/>\n\t\t<\/div>\n\n<hr \/>\n<p>D\u00e9couvrez les nouveaux panneaux et cl\u00f4tures cr\u00e9\u00e9s par <strong>PIVETEAUBOIS<\/strong>.<br \/>\nPour se cloisonner avec modernit\u00e9 ou pour d\u00e9limiter de grands espaces, nous vous proposons une solution bois adapt\u00e9e \u00e0 chacun de vos projets. En Pin classe 4 gr\u00e2ce \u00e0 la technologie Durapin ou en Douglas naturellement durable \u00e0 vous de choisir votre solution bois.<\/p>\n<hr \/>\n<p>&nbsp;<\/p>\n<h1 style=\"text-align: justify;\">Panneaux olympe<\/h1>\n<p>&nbsp;<\/p>\n<p style=\"text-align: justify;\">Un nouveau concept de panneaux personnalisables pour se cloisonner avec modernit\u00e9 !<\/p>\n<p style=\"text-align: justify;\">Le concept OLYMPE offre une dimension in\u00e9dite \u00e0 la conception des panneaux de s\u00e9paration. Modernes et robustes, les modules de panneaux \u00e0 empiler entre les poteaux proposent des versions avec une occultation totale ou partielle, selon vos envies. Les combinaisons sont multiples et la pose est facile !<\/p>\n<p style=\"text-align: justify;\">De quoi \u00eatre rassur\u00e9, nul besoin de cours de bricolage pour installer les panneaux Olympe !<\/p>\n<p style=\"text-align: justify;\">Les panneaux Olympe en Pin classe 4 (garantie 20\u00a0ans hors sol) b\u00e9n\u00e9ficient de la technologie exclusive <a href=\"http:\/\/www.piveteaubois.com\/fr\/nos-technologies\/durapin\" target=\"_blank\" rel=\"noopener noreferrer\">Durapin<\/a>.<\/p>\n<h3 style=\"text-align: justify;\">CARACT\u00c9RISTIQUES TECHNIQUES<\/h3>\n<ul>\n<li style=\"text-align: justify;\">Essence : Pin<\/li>\n<li style=\"text-align: justify;\">Classe d&#8217;emploi : classe 4<\/li>\n<li style=\"text-align: justify;\">Technologie Durapin (garantie 20\u00a0ans hors sol)<\/li>\n<li style=\"text-align: justify;\">Coloris : marron par impr\u00e9gnation<\/li>\n<li style=\"text-align: justify;\">Trois modules de panneaux :\n<ul>\n<li style=\"text-align: justify;\">Olympe classic : aspect claire-voie occultation totale<\/li>\n<li style=\"text-align: justify;\">Olympe ajour\u00e9 : occultation partielle<\/li>\n<li style=\"text-align: justify;\">Olympe persienne : occultation partielle<\/li>\n<\/ul>\n<\/li>\n<li style=\"text-align: justify;\">Lame d\u00e9cor en alu gris anthracite pour ajouter de la d\u00e9co dans votre panneau<\/li>\n<li style=\"text-align: justify;\">Lame de finition couvertine<\/li>\n<\/ul>\n<p><img loading=\"lazy\" class=\"aligncenter wp-image-2202 size-medium\" src=\"http:\/\/www.piveteaubois.com\/wp-content\/uploads\/2017\/04\/Cloture_Olympe_schema-300x155.jpg\" alt=\"Dessin technique des cl\u00f4tures Olympe - Durapin - Piveteaubois\" width=\"300\" height=\"155\" srcset=\"https:\/\/www.piveteaubois.com\/wp-content\/uploads\/2017\/04\/Cloture_Olympe_schema-300x155.jpg 300w, https:\/\/www.piveteaubois.com\/wp-content\/uploads\/2017\/04\/Cloture_Olympe_schema.jpg 516w\" sizes=\"(max-width: 300px) 100vw, 300px\" \/><\/p>\n<h3 style=\"text-align: justify;\">LES + PRODUIT<\/h3>\n<ul>\n<li style=\"text-align: justify;\">3\u00a0aspects de panneaux au choix \u00e0 empiler selon ses envies<\/li>\n<li style=\"text-align: justify;\">Facile \u00e0 installer<\/li>\n<li style=\"text-align: justify;\">Originalit\u00e9 assur\u00e9e<\/li>\n<\/ul>\n<h3 style=\"text-align: justify;\">MONTAGE<\/h3>\n<p style=\"text-align: justify;\">Les modules de panneaux Olympe s&#8217;empilent entre les poteaux. La pose peut se r\u00e9aliser au sol ou sur un muret.<\/p>\n<p><img loading=\"lazy\" class=\"alignnone wp-image-149\" src=\"http:\/\/www.piveteaubois.com\/wp-content\/uploads\/2015\/04\/durapin.png\" alt=\"Technologie DURAPIN\" width=\"88\" height=\"43\" \/><\/p>\n<hr \/>\n<p>&nbsp;<\/p>\n<h1 style=\"text-align: left;\">Cl\u00f4tures Montana et oxford<\/h1>\n<p>&nbsp;<\/p>\n<p style=\"text-align: justify;\">D\u00e9couvrez deux nouvelles cl\u00f4tures en bois qui revisitent le design traditionnel des cl\u00f4tures pour d\u00e9limiter harmonieusement les grands espaces !<\/p>\n<p style=\"text-align: justify;\">Les nouvelles cl\u00f4tures Oxford et Montana revisitent les cl\u00f4tures traditionnelles avec leurs designs \u00e9pur\u00e9s et tendances. Elles sont propos\u00e9es en Pin trait\u00e9 autoclave ou en Douglas hors-aubier.<\/p>\n<p style=\"text-align: justify;\">La cl\u00f4ture Montana offre une lame rectangulaire pour un aspect doux et moderne et des poteaux qui s&rsquo;harmonisent ensemble, gr\u00e2ce \u00e0 leur t\u00eate arrondie, facilitant l&rsquo;\u00e9coulement de l&rsquo;eau.<\/p>\n<p style=\"text-align: justify;\">La cl\u00f4ture Oxford se compose d&rsquo;une lame carr\u00e9e et des poteaux en ad\u00e9quation gr\u00e2ce aux deux pentes pour favoriser l&rsquo;\u00e9coulement de l&rsquo;eau.<\/p>\n<h3 style=\"text-align: justify;\">CARACT\u00c9RISTIQUES TECHNIQUES<\/h3>\n<ul>\n<li style=\"text-align: justify;\">Essence : Pin (impr\u00e9gnation autoclave) ou Douglas (hors- Aubier)<\/li>\n<li style=\"text-align: justify;\">Classe d&#8217;emploi : classe 4 (Pin) ou naturel (Douglas)<\/li>\n<\/ul>\n<ul>\n<li style=\"text-align: justify;\">Cl\u00f4ture Oxford\n<ul>\n<li style=\"text-align: justify;\">Poteaux lamell\u00e9s-coll\u00e9s de section 90 x 120 mm<\/li>\n<li style=\"text-align: justify;\">Lisse de section 68 x 68 mm<\/li>\n<li style=\"text-align: justify;\">Entraxe 2,00 mm<\/li>\n<\/ul>\n<\/li>\n<\/ul>\n<ul>\n<li style=\"text-align: justify;\">Cl\u00f4ture Montana :\n<ul>\n<li style=\"text-align: justify;\">Poteaux lamell\u00e9s-coll\u00e9s de section 90 x 90 mm<\/li>\n<li style=\"text-align: justify;\">Lisse de section 36 x 120 mm<\/li>\n<li style=\"text-align: justify;\">Entraxe 2,00<\/li>\n<\/ul>\n<\/li>\n<\/ul>\n<p>&nbsp;<\/p>\n<h3 style=\"text-align: justify;\">LES + PRODUITS<\/h3>\n<ul>\n<li style=\"text-align: justify;\">Deux nouvelles cl\u00f4tures revisitant le design des cl\u00f4tures traditionnelles<\/li>\n<li style=\"text-align: justify;\">D\u00e9limite harmonieusement les grands espaces<\/li>\n<li style=\"text-align: justify;\">Durabilit\u00e9 et robustesse gr\u00e2ce \u00e0 la technologie <a href=\"http:\/\/www.piveteaubois.com\/fr\/nos-technologies\/durapin\" target=\"_blank\" rel=\"noopener noreferrer\">Durapin<\/a> (garantie 15 \u00e0 20\u00a0ans)<\/li>\n<li style=\"text-align: justify;\">Innovations sign\u00e9es PIVETEAUBOIS<\/li>\n<\/ul>\n<h3 style=\"text-align: justify;\">MONTAGE<\/h3>\n<p style=\"text-align: justify;\">Le Douglas naturel hors-aubier correspond \u00e0 une classe d&#8217;emploi 3b, il est donc imp\u00e9ratif de prot\u00e9ger les poteaux mis en terre. Nous pr\u00e9conisons l&#8217;emploi de gaines thermor\u00e9tractables Postsaver. Pour les deux cl\u00f4tures, le montage se fait par simple assemblage de la lisse dans les poteaux.<\/p>\n<p><img loading=\"lazy\" class=\"alignnone wp-image-149\" src=\"http:\/\/www.piveteaubois.com\/wp-content\/uploads\/2015\/04\/durapin.png\" alt=\"Technologie DURAPIN\" width=\"88\" height=\"43\" \/><\/p>\n","protected":false},"excerpt":{"rendered":"<p>D\u00e9couvrez les nouveaux panneaux et cl\u00f4tures cr\u00e9\u00e9s par PIVETEAUBOIS.<br \/>\nPour se cloisonner avec modernit\u00e9 ou pour d\u00e9limiter de grands espaces, nous vous proposons une solution bois adapt\u00e9e \u00e0 chacun de vos projets. En Pin classe 4 gr\u00e2ce \u00e0 la technologie Durapin ou en Douglas naturellement durable \u00e0 vous de choisir votre solution bois.<\/p>\n","protected":false},"author":2,"featured_media":2552,"parent":2163,"menu_order":3,"comment_status":"closed","ping_status":"closed","template":"","meta":[],"acf":[],"yoast_head":"<!-- This site is optimized with the Yoast SEO plugin v18.4.1 - https:\/\/yoast.com\/wordpress\/plugins\/seo\/ -->\n<title>Panneaux et Cl\u00f4tures bois I Piveteaubois<\/title>\n<meta name=\"description\" content=\"D\u00e9couvrez les nouveaux panneaux et cl\u00f4tures DURAPIN pour une occultation totale ou partielle de votre jardin.\" \/>\n<meta name=\"robots\" content=\"index, follow, max-snippet:-1, max-image-preview:large, max-video-preview:-1\" \/>\n<link rel=\"canonical\" href=\"https:\/\/www.piveteaubois.com\/fr\/nos-produits\/nos-innovations-2016\/panneaux-clotures\" \/>\n<meta property=\"og:locale\" content=\"fr_FR\" \/>\n<meta property=\"og:type\" content=\"article\" \/>\n<meta property=\"og:title\" content=\"Panneaux et Cl\u00f4tures bois I Piveteaubois\" \/>\n<meta property=\"og:description\" content=\"D\u00e9couvrez les nouveaux panneaux et cl\u00f4tures DURAPIN pour une occultation totale ou partielle de votre jardin.\" \/>\n<meta property=\"og:url\" content=\"https:\/\/www.piveteaubois.com\/fr\/nos-produits\/nos-innovations-2016\/panneaux-clotures\" \/>\n<meta property=\"og:site_name\" content=\"PiveteauBois\" \/>\n<meta property=\"article:modified_time\" content=\"2018-06-21T14:32:29+00:00\" \/>\n<meta property=\"og:image\" content=\"https:\/\/www.piveteaubois.com\/wp-content\/uploads\/2017\/04\/panneaux-olympe-pin-durapin-piveteaubois.jpg\" \/>\n\t<meta property=\"og:image:width\" content=\"262\" \/>\n\t<meta property=\"og:image:height\" content=\"254\" \/>\n\t<meta property=\"og:image:type\" content=\"image\/jpeg\" \/>\n<meta name=\"twitter:card\" content=\"summary\" \/>\n<meta name=\"twitter:label1\" content=\"Dur\u00e9e de lecture estim\u00e9e\" \/>\n\t<meta name=\"twitter:data1\" content=\"3 minutes\" \/>\n<script type=\"application\/ld+json\" class=\"yoast-schema-graph\">{\"@context\":\"https:\/\/schema.org\",\"@graph\":[{\"@type\":\"WebSite\",\"@id\":\"https:\/\/www.piveteaubois.com\/fr\/#website\",\"url\":\"https:\/\/www.piveteaubois.com\/fr\/\",\"name\":\"PiveteauBois\",\"description\":\"Piveteaubois sp\u00e9cialiste du bois depuis plus de 75 ans\",\"potentialAction\":[{\"@type\":\"SearchAction\",\"target\":{\"@type\":\"EntryPoint\",\"urlTemplate\":\"https:\/\/www.piveteaubois.com\/fr\/?s={search_term_string}\"},\"query-input\":\"required name=search_term_string\"}],\"inLanguage\":\"fr-FR\"},{\"@type\":\"ImageObject\",\"@id\":\"https:\/\/www.piveteaubois.com\/fr\/nos-produits\/nos-innovations-2016\/panneaux-clotures#primaryimage\",\"inLanguage\":\"fr-FR\",\"url\":\"https:\/\/www.piveteaubois.com\/wp-content\/uploads\/2017\/04\/panneaux-olympe-pin-durapin-piveteaubois.jpg\",\"contentUrl\":\"https:\/\/www.piveteaubois.com\/wp-content\/uploads\/2017\/04\/panneaux-olympe-pin-durapin-piveteaubois.jpg\",\"width\":262,\"height\":254},{\"@type\":\"WebPage\",\"@id\":\"https:\/\/www.piveteaubois.com\/fr\/nos-produits\/nos-innovations-2016\/panneaux-clotures#webpage\",\"url\":\"https:\/\/www.piveteaubois.com\/fr\/nos-produits\/nos-innovations-2016\/panneaux-clotures\",\"name\":\"Panneaux et Cl\u00f4tures bois I Piveteaubois\",\"isPartOf\":{\"@id\":\"https:\/\/www.piveteaubois.com\/fr\/#website\"},\"primaryImageOfPage\":{\"@id\":\"https:\/\/www.piveteaubois.com\/fr\/nos-produits\/nos-innovations-2016\/panneaux-clotures#primaryimage\"},\"datePublished\":\"2017-04-25T07:54:52+00:00\",\"dateModified\":\"2018-06-21T14:32:29+00:00\",\"description\":\"D\u00e9couvrez les nouveaux panneaux et cl\u00f4tures DURAPIN pour une occultation totale ou partielle de votre jardin.\",\"breadcrumb\":{\"@id\":\"https:\/\/www.piveteaubois.com\/fr\/nos-produits\/nos-innovations-2016\/panneaux-clotures#breadcrumb\"},\"inLanguage\":\"fr-FR\",\"potentialAction\":[{\"@type\":\"ReadAction\",\"target\":[\"https:\/\/www.piveteaubois.com\/fr\/nos-produits\/nos-innovations-2016\/panneaux-clotures\"]}]},{\"@type\":\"BreadcrumbList\",\"@id\":\"https:\/\/www.piveteaubois.com\/fr\/nos-produits\/nos-innovations-2016\/panneaux-clotures#breadcrumb\",\"itemListElement\":[{\"@type\":\"ListItem\",\"position\":1,\"name\":\"Accueil\",\"item\":\"https:\/\/www.piveteaubois.com\/fr\"},{\"@type\":\"ListItem\",\"position\":2,\"name\":\"Nos produits\",\"item\":\"https:\/\/www.piveteaubois.com\/fr\/nos-produits\"},{\"@type\":\"ListItem\",\"position\":3,\"name\":\"Nos innovations 2016\",\"item\":\"https:\/\/www.piveteaubois.com\/fr\/?page_id=2163\"},{\"@type\":\"ListItem\",\"position\":4,\"name\":\"Panneaux &#8211; cl\u00f4tures\"}]}]}<\/script>\n<!-- \/ Yoast SEO plugin. -->","yoast_head_json":{"title":"Panneaux et Cl\u00f4tures bois I Piveteaubois","description":"D\u00e9couvrez les nouveaux panneaux et cl\u00f4tures DURAPIN pour une occultation totale ou partielle de votre jardin.","robots":{"index":"index","follow":"follow","max-snippet":"max-snippet:-1","max-image-preview":"max-image-preview:large","max-video-preview":"max-video-preview:-1"},"canonical":"https:\/\/www.piveteaubois.com\/fr\/nos-produits\/nos-innovations-2016\/panneaux-clotures","og_locale":"fr_FR","og_type":"article","og_title":"Panneaux et Cl\u00f4tures bois I Piveteaubois","og_description":"D\u00e9couvrez les nouveaux panneaux et cl\u00f4tures DURAPIN pour une occultation totale ou partielle de votre jardin.","og_url":"https:\/\/www.piveteaubois.com\/fr\/nos-produits\/nos-innovations-2016\/panneaux-clotures","og_site_name":"PiveteauBois","article_modified_time":"2018-06-21T14:32:29+00:00","og_image":[{"width":262,"height":254,"url":"https:\/\/www.piveteaubois.com\/wp-content\/uploads\/2017\/04\/panneaux-olympe-pin-durapin-piveteaubois.jpg","type":"image\/jpeg"}],"twitter_card":"summary","twitter_misc":{"Dur\u00e9e de lecture estim\u00e9e":"3 minutes"},"schema":{"@context":"https:\/\/schema.org","@graph":[{"@type":"WebSite","@id":"https:\/\/www.piveteaubois.com\/fr\/#website","url":"https:\/\/www.piveteaubois.com\/fr\/","name":"PiveteauBois","description":"Piveteaubois sp\u00e9cialiste du bois depuis plus de 75 ans","potentialAction":[{"@type":"SearchAction","target":{"@type":"EntryPoint","urlTemplate":"https:\/\/www.piveteaubois.com\/fr\/?s={search_term_string}"},"query-input":"required name=search_term_string"}],"inLanguage":"fr-FR"},{"@type":"ImageObject","@id":"https:\/\/www.piveteaubois.com\/fr\/nos-produits\/nos-innovations-2016\/panneaux-clotures#primaryimage","inLanguage":"fr-FR","url":"https:\/\/www.piveteaubois.com\/wp-content\/uploads\/2017\/04\/panneaux-olympe-pin-durapin-piveteaubois.jpg","contentUrl":"https:\/\/www.piveteaubois.com\/wp-content\/uploads\/2017\/04\/panneaux-olympe-pin-durapin-piveteaubois.jpg","width":262,"height":254},{"@type":"WebPage","@id":"https:\/\/www.piveteaubois.com\/fr\/nos-produits\/nos-innovations-2016\/panneaux-clotures#webpage","url":"https:\/\/www.piveteaubois.com\/fr\/nos-produits\/nos-innovations-2016\/panneaux-clotures","name":"Panneaux et Cl\u00f4tures bois I Piveteaubois","isPartOf":{"@id":"https:\/\/www.piveteaubois.com\/fr\/#website"},"primaryImageOfPage":{"@id":"https:\/\/www.piveteaubois.com\/fr\/nos-produits\/nos-innovations-2016\/panneaux-clotures#primaryimage"},"datePublished":"2017-04-25T07:54:52+00:00","dateModified":"2018-06-21T14:32:29+00:00","description":"D\u00e9couvrez les nouveaux panneaux et cl\u00f4tures DURAPIN pour une occultation totale ou partielle de votre jardin.","breadcrumb":{"@id":"https:\/\/www.piveteaubois.com\/fr\/nos-produits\/nos-innovations-2016\/panneaux-clotures#breadcrumb"},"inLanguage":"fr-FR","potentialAction":[{"@type":"ReadAction","target":["https:\/\/www.piveteaubois.com\/fr\/nos-produits\/nos-innovations-2016\/panneaux-clotures"]}]},{"@type":"BreadcrumbList","@id":"https:\/\/www.piveteaubois.com\/fr\/nos-produits\/nos-innovations-2016\/panneaux-clotures#breadcrumb","itemListElement":[{"@type":"ListItem","position":1,"name":"Accueil","item":"https:\/\/www.piveteaubois.com\/fr"},{"@type":"ListItem","position":2,"name":"Nos produits","item":"https:\/\/www.piveteaubois.com\/fr\/nos-produits"},{"@type":"ListItem","position":3,"name":"Nos innovations 2016","item":"https:\/\/www.piveteaubois.com\/fr\/?page_id=2163"},{"@type":"ListItem","position":4,"name":"Panneaux &#8211; cl\u00f4tures"}]}]}},"_links":{"self":[{"href":"https:\/\/www.piveteaubois.com\/fr\/wp-json\/wp\/v2\/pages\/2195"}],"collection":[{"href":"https:\/\/www.piveteaubois.com\/fr\/wp-json\/wp\/v2\/pages"}],"about":[{"href":"https:\/\/www.piveteaubois.com\/fr\/wp-json\/wp\/v2\/types\/page"}],"author":[{"embeddable":true,"href":"https:\/\/www.piveteaubois.com\/fr\/wp-json\/wp\/v2\/users\/2"}],"replies":[{"embeddable":true,"href":"https:\/\/www.piveteaubois.com\/fr\/wp-json\/wp\/v2\/comments?post=2195"}],"version-history":[{"count":15,"href":"https:\/\/www.piveteaubois.com\/fr\/wp-json\/wp\/v2\/pages\/2195\/revisions"}],"predecessor-version":[{"id":2973,"href":"https:\/\/www.piveteaubois.com\/fr\/wp-json\/wp\/v2\/pages\/2195\/revisions\/2973"}],"up":[{"embeddable":true,"href":"https:\/\/www.piveteaubois.com\/fr\/wp-json\/wp\/v2\/pages\/2163"}],"wp:featuredmedia":[{"embeddable":true,"href":"https:\/\/www.piveteaubois.com\/fr\/wp-json\/wp\/v2\/media\/2552"}],"wp:attachment":[{"href":"https:\/\/www.piveteaubois.com\/fr\/wp-json\/wp\/v2\/media?parent=2195"}],"curies":[{"name":"wp","href":"https:\/\/api.w.org\/{rel}","templated":true}]}}