{"id":2214,"date":"2017-04-25T09:11:26","date_gmt":"2017-04-25T08:11:26","guid":{"rendered":"http:\/\/www.piveteaubois.com\/?page_id=2214"},"modified":"2018-06-21T15:32:51","modified_gmt":"2018-06-21T14:32:51","slug":"pergolas","status":"publish","type":"page","link":"https:\/\/www.piveteaubois.com\/fr\/nos-produits\/nos-innovations-2016\/pergolas","title":{"rendered":"Pergola"},"content":{"rendered":"<div id='gallery-1' class='gallery galleryid-2214 gallery-columns-3 gallery-size-thumbnail'><dl class='gallery-item'>\n\t\t\t<dt class='gallery-icon landscape'>\n\t\t\t\t<a href='https:\/\/www.piveteaubois.com\/fr\/nos-produits\/nos-innovations-2016\/pergolas\/attachment\/pergola-manea-pin-durapin-piveteaubois-001'><img width=\"150\" height=\"150\" src=\"https:\/\/www.piveteaubois.com\/wp-content\/uploads\/2017\/04\/pergola-manea-pin-durapin-piveteaubois-001-150x150.jpg\" class=\"attachment-thumbnail size-thumbnail\" alt=\"Pergola Man\u00e9a - Durapin - PIVETEAUBOIS\" loading=\"lazy\" aria-describedby=\"gallery-1-2762\" \/><\/a>\n\t\t\t<\/dt>\n\t\t\t\t<dd class='wp-caption-text gallery-caption' id='gallery-1-2762'>\n\t\t\t\tPergola Man\u00e9a &#8211; Durapin &#8211; PIVETEAUBOIS\n\t\t\t\t<\/dd><\/dl><dl class='gallery-item'>\n\t\t\t<dt class='gallery-icon landscape'>\n\t\t\t\t<a href='https:\/\/www.piveteaubois.com\/fr\/nos-produits\/nos-innovations-2016\/pergolas\/attachment\/pergola-manea-pin-durapin-piveteaubois-002'><img width=\"150\" height=\"150\" src=\"https:\/\/www.piveteaubois.com\/wp-content\/uploads\/2017\/04\/pergola-manea-pin-durapin-piveteaubois-002-150x150.jpg\" class=\"attachment-thumbnail size-thumbnail\" alt=\"Pergola Man\u00e9a - Durapin - PIVETEAUBOIS\" loading=\"lazy\" aria-describedby=\"gallery-1-2763\" \/><\/a>\n\t\t\t<\/dt>\n\t\t\t\t<dd class='wp-caption-text gallery-caption' id='gallery-1-2763'>\n\t\t\t\tPergola Man\u00e9a &#8211; Durapin &#8211; PIVETEAUBOIS\n\t\t\t\t<\/dd><\/dl><dl class='gallery-item'>\n\t\t\t<dt class='gallery-icon landscape'>\n\t\t\t\t<a href='https:\/\/www.piveteaubois.com\/fr\/nos-produits\/nos-innovations-2016\/pergolas\/attachment\/pergola-manea-toiles-pare-soleil-piveteaubois-00'><img width=\"150\" height=\"150\" src=\"https:\/\/www.piveteaubois.com\/wp-content\/uploads\/2017\/04\/pergola-manea-toiles-pare-soleil-piveteaubois-00-150x150.jpg\" class=\"attachment-thumbnail size-thumbnail\" alt=\"Toile pare-soleil imperm\u00e9able - PIVETEAUBOIS\" loading=\"lazy\" aria-describedby=\"gallery-1-2767\" \/><\/a>\n\t\t\t<\/dt>\n\t\t\t\t<dd class='wp-caption-text gallery-caption' id='gallery-1-2767'>\n\t\t\t\tToile pare-soleil imperm\u00e9able &#8211; PIVETEAUBOIS\n\t\t\t\t<\/dd><\/dl><br style=\"clear: both\" \/><dl class='gallery-item'>\n\t\t\t<dt class='gallery-icon landscape'>\n\t\t\t\t<a href='https:\/\/www.piveteaubois.com\/fr\/nos-produits\/nos-innovations-2016\/pergolas\/attachment\/pergola-manea-pin-durapin-portes-persiennes-coulissantes-piveteaubois-001'><img width=\"150\" height=\"150\" src=\"https:\/\/www.piveteaubois.com\/wp-content\/uploads\/2017\/04\/pergola-manea-pin-durapin-portes-persiennes-coulissantes-piveteaubois-001-150x150.jpg\" class=\"attachment-thumbnail size-thumbnail\" alt=\"Portes coulissantes - Durapin - PIVETEAUBOIS\" loading=\"lazy\" aria-describedby=\"gallery-1-2764\" \/><\/a>\n\t\t\t<\/dt>\n\t\t\t\t<dd class='wp-caption-text gallery-caption' id='gallery-1-2764'>\n\t\t\t\tPortes coulissantes &#8211; Durapin &#8211; PIVETEAUBOIS\n\t\t\t\t<\/dd><\/dl><dl class='gallery-item'>\n\t\t\t<dt class='gallery-icon landscape'>\n\t\t\t\t<a href='https:\/\/www.piveteaubois.com\/fr\/nos-produits\/nos-innovations-2016\/pergolas\/attachment\/pergola-manea-pin-durapin-portes-persiennes-coulissantes-piveteaubois-002'><img width=\"150\" height=\"150\" src=\"https:\/\/www.piveteaubois.com\/wp-content\/uploads\/2017\/04\/pergola-manea-pin-durapin-portes-persiennes-coulissantes-piveteaubois-002-150x150.jpg\" class=\"attachment-thumbnail size-thumbnail\" alt=\"Portes coulissantes - Durapin - PIVETEAUBOIS\" loading=\"lazy\" aria-describedby=\"gallery-1-2765\" \/><\/a>\n\t\t\t<\/dt>\n\t\t\t\t<dd class='wp-caption-text gallery-caption' id='gallery-1-2765'>\n\t\t\t\tPortes coulissantes &#8211; Durapin &#8211; PIVETEAUBOIS\n\t\t\t\t<\/dd><\/dl><dl class='gallery-item'>\n\t\t\t<dt class='gallery-icon landscape'>\n\t\t\t\t<a href='https:\/\/www.piveteaubois.com\/fr\/nos-produits\/nos-innovations-2016\/pergolas\/attachment\/pergola-manea-pin-durapin-portes-persiennes-coulissantes-piveteaubois-003'><img width=\"150\" height=\"150\" src=\"https:\/\/www.piveteaubois.com\/wp-content\/uploads\/2017\/04\/pergola-manea-pin-durapin-portes-persiennes-coulissantes-piveteaubois-003-150x150.jpg\" class=\"attachment-thumbnail size-thumbnail\" alt=\"Portes coulissantes - Durapin - PIVETEAUBOIS\" loading=\"lazy\" aria-describedby=\"gallery-1-2766\" \/><\/a>\n\t\t\t<\/dt>\n\t\t\t\t<dd class='wp-caption-text gallery-caption' id='gallery-1-2766'>\n\t\t\t\tPortes coulissantes &#8211; Durapin &#8211; PIVETEAUBOIS\n\t\t\t\t<\/dd><\/dl><br style=\"clear: both\" \/><dl class='gallery-item'>\n\t\t\t<dt class='gallery-icon landscape'>\n\t\t\t\t<a href='https:\/\/www.piveteaubois.com\/fr\/nos-produits\/nos-innovations-2016\/pergolas\/attachment\/pergola-manea-pin-durapin-piveteaubois'><img width=\"150\" height=\"150\" src=\"https:\/\/www.piveteaubois.com\/wp-content\/uploads\/2017\/04\/pergola-manea-pin-durapin-piveteaubois-150x150.jpg\" class=\"attachment-thumbnail size-thumbnail\" alt=\"Pergola Man\u00e9a - Durapin - PIVETEAUBOIS\" loading=\"lazy\" aria-describedby=\"gallery-1-2761\" \/><\/a>\n\t\t\t<\/dt>\n\t\t\t\t<dd class='wp-caption-text gallery-caption' id='gallery-1-2761'>\n\t\t\t\tPergola Man\u00e9a &#8211; Durapin &#8211; PIVETEAUBOIS\n\t\t\t\t<\/dd><\/dl>\n\t\t\t<br style='clear: both' \/>\n\t\t<\/div>\n\n<hr \/>\n<p style=\"text-align: justify;\">D\u00e9couvrez un concept unique et innovant sur le march\u00e9 de l\u2019am\u00e9nagement ext\u00e9rieur\u00a0! La nouvelle pergola cr\u00e9\u00e9e par <strong>PIVETEAUBOIS<\/strong> saura vous s\u00e9duire par son design contemporain, sa robustesse gr\u00e2ce \u00e0 la structure en lamell\u00e9-coll\u00e9 et sa durabilit\u00e9 gr\u00e2ce \u00e0 la technologie Durapin. D\u00e9couvrez sans plus attendre les deux mod\u00e8les qui composent la pergola Man\u00e9a.<\/p>\n<hr \/>\n<p>&nbsp;<\/p>\n<h1>PERGOLA MAN\u00c9A<\/h1>\n<p>&nbsp;<\/p>\n<p style=\"text-align: justify;\">La pergola Man\u00e9a, un concept unique et innovant sur le march\u00e9 de l&rsquo;am\u00e9nagement ext\u00e9rieur en 2016 !<\/p>\n<p style=\"text-align: justify;\">Selon une \u00e9tude r\u00e9alis\u00e9e en 2014, pr\u00e8s de 7 foyers fran\u00e7ais sur 10 poss\u00e8dent un jardin ou une terrasse, soit 19,5 millions de m\u00e9nages. La surface moyenne des jardins s&rsquo;\u00e9tablit \u00e0 700m\u00b2. De quoi laisser penser que les fran\u00e7ais aiment leur ext\u00e9rieur et qu&rsquo;ils souhaitent en profiter avec des \u00e9quipements et am\u00e9nagements ad\u00e9quats. Source \u00e9tude TNS Sofres r\u00e9aliser en 2013.<\/p>\n<p style=\"text-align: justify;\">D\u00e9velopp\u00e9 par <strong>PIVETEAUBOIS<\/strong>, le concept de la pergola Man\u00e9a est unique par son design et sa robustesse, incluant des structures en lamell\u00e9-coll\u00e9. Les panneaux type persiennes dans les angles (en option) sont amovibles pour pouvoir fermer la pergola et cr\u00e9er une ambiance cosy \u00e0 l&rsquo;int\u00e9rieur. Installez votre cuisine d&rsquo;\u00e9t\u00e9, votre spa ou votre salon de jardin et profitez pleinement de la nature comme si vous \u00e9tiez en vacances !<\/p>\n<p style=\"text-align: justify;\">Choisissez le module de votre choix (Grande ou Media) et optez pour les options qui finaliseront votre cocon : la toile pare-soleil ou les portes coulissantes.<\/p>\n<p><img loading=\"lazy\" class=\"size-medium wp-image-2232 aligncenter\" src=\"http:\/\/www.piveteaubois.com\/wp-content\/uploads\/2017\/04\/Pergolas_Manea_schema-300x176.jpg\" alt=\"\" width=\"300\" height=\"176\" \/><\/p>\n<h3>CARACT\u00c9RISTIQUES TECHNIQUES<\/h3>\n<ul>\n<li>Essence : Pin<\/li>\n<li>Classe d&#8217;emploi : classe 4<\/li>\n<li>Technologie <a href=\"http:\/\/www.piveteaubois.com\/fr\/nos-technologies\/durapin\" target=\"_blank\" rel=\"noopener noreferrer\">Durapin<\/a> (garantie 20\u00a0ans hors sol)<\/li>\n<li>Coloris : marron par impr\u00e9gnation<\/li>\n<li>Hauteurs de la structure des deux mod\u00e8les : 2,81m<\/li>\n<\/ul>\n<p><img loading=\"lazy\" class=\"alignnone wp-image-149\" src=\"http:\/\/www.piveteaubois.com\/wp-content\/uploads\/2015\/04\/durapin.png\" alt=\"Technologie DURAPIN\" width=\"88\" height=\"43\" \/><\/p>\n<h3 style=\"text-align: justify;\">DIMENSIONS<\/h3>\n<ul>\n<li>Man\u00e9a Grande : 17 m\u00b2 entre les poteaux et 35m\u00b2 de surface habitable abrit\u00e9e au total<\/li>\n<li>Man\u00e9a Media : 10m\u00b2 entre les poteaux et 24m\u00b2 de surface abrit\u00e9e au total<\/li>\n<\/ul>\n<h3 style=\"text-align: justify;\">LES + PRODUIT<\/h3>\n<ul>\n<li style=\"text-align: justify;\">Nouveau concept de pergola innovant et unique<\/li>\n<li style=\"text-align: justify;\">Design contemporain<\/li>\n<li style=\"text-align: justify;\">Structure robuste en lamell\u00e9-coll\u00e9<\/li>\n<li style=\"text-align: justify;\">Durabilit\u00e9 et robustesse gr\u00e2ce \u00e0 la technologie Durapin (garantie 15\u00a0ans au contact du sol et 20\u00a0ans hors-sol)<\/li>\n<\/ul>\n<h3 style=\"text-align: justify;\">MONTAGE<\/h3>\n<p style=\"text-align: justify;\">L&rsquo;assemblage de la pergola s&rsquo;effectue par enclenchement. Le syst\u00e8me est r\u00e9glable, ce qui facilite le montage.<\/p>\n<p>&nbsp;<\/p>\n","protected":false},"excerpt":{"rendered":"<p>D\u00e9couvrez un concept unique et innovant sur le march\u00e9 de l\u2019am\u00e9nagement ext\u00e9rieur ! La nouvelle pergola cr\u00e9\u00e9e par PIVETEAUBOIS saura vous s\u00e9duire par son design contemporain, sa robustesse gr\u00e2ce \u00e0 la structure en lamell\u00e9-coll\u00e9 et sa durabilit\u00e9 gr\u00e2ce \u00e0 la technologie Durapin. D\u00e9couvrez sans plus attendre les deux mod\u00e8les qui composent la pergola Man\u00e9a. <\/p>\n","protected":false},"author":2,"featured_media":2234,"parent":2163,"menu_order":4,"comment_status":"closed","ping_status":"closed","template":"","meta":[],"acf":[],"yoast_head":"<!-- This site is optimized with the Yoast SEO plugin v18.4.1 - https:\/\/yoast.com\/wordpress\/plugins\/seo\/ -->\n<title>La nouvelle Pergola Man\u00e9a I Piveteaubois<\/title>\n<meta name=\"description\" content=\"La pergola bois Man\u00e9a, un concept unique et innovant par son design et sa robustesse, incluant des structures en lamell\u00e9-coll\u00e9.\" \/>\n<meta name=\"robots\" content=\"index, follow, max-snippet:-1, max-image-preview:large, max-video-preview:-1\" \/>\n<link rel=\"canonical\" href=\"https:\/\/www.piveteaubois.com\/fr\/nos-produits\/nos-innovations-2016\/pergolas\" \/>\n<meta property=\"og:locale\" content=\"fr_FR\" \/>\n<meta property=\"og:type\" content=\"article\" \/>\n<meta property=\"og:title\" content=\"La nouvelle Pergola Man\u00e9a I Piveteaubois\" \/>\n<meta property=\"og:description\" content=\"La pergola bois Man\u00e9a, un concept unique et innovant par son design et sa robustesse, incluant des structures en lamell\u00e9-coll\u00e9.\" \/>\n<meta property=\"og:url\" content=\"https:\/\/www.piveteaubois.com\/fr\/nos-produits\/nos-innovations-2016\/pergolas\" \/>\n<meta property=\"og:site_name\" content=\"PiveteauBois\" \/>\n<meta property=\"article:modified_time\" content=\"2018-06-21T14:32:51+00:00\" \/>\n<meta property=\"og:image\" content=\"https:\/\/www.piveteaubois.com\/wp-content\/uploads\/2017\/04\/pergolas-manea-bois.jpg\" \/>\n\t<meta property=\"og:image:width\" content=\"800\" \/>\n\t<meta property=\"og:image:height\" content=\"599\" \/>\n\t<meta property=\"og:image:type\" content=\"image\/jpeg\" \/>\n<meta name=\"twitter:card\" content=\"summary\" \/>\n<meta name=\"twitter:label1\" content=\"Dur\u00e9e de lecture estim\u00e9e\" \/>\n\t<meta name=\"twitter:data1\" content=\"2 minutes\" \/>\n<script type=\"application\/ld+json\" class=\"yoast-schema-graph\">{\"@context\":\"https:\/\/schema.org\",\"@graph\":[{\"@type\":\"WebSite\",\"@id\":\"https:\/\/www.piveteaubois.com\/fr\/#website\",\"url\":\"https:\/\/www.piveteaubois.com\/fr\/\",\"name\":\"PiveteauBois\",\"description\":\"Piveteaubois sp\u00e9cialiste du bois depuis plus de 75 ans\",\"potentialAction\":[{\"@type\":\"SearchAction\",\"target\":{\"@type\":\"EntryPoint\",\"urlTemplate\":\"https:\/\/www.piveteaubois.com\/fr\/?s={search_term_string}\"},\"query-input\":\"required name=search_term_string\"}],\"inLanguage\":\"fr-FR\"},{\"@type\":\"ImageObject\",\"@id\":\"https:\/\/www.piveteaubois.com\/fr\/nos-produits\/nos-innovations-2016\/pergolas#primaryimage\",\"inLanguage\":\"fr-FR\",\"url\":\"https:\/\/www.piveteaubois.com\/wp-content\/uploads\/2017\/04\/pergolas-manea-bois.jpg\",\"contentUrl\":\"https:\/\/www.piveteaubois.com\/wp-content\/uploads\/2017\/04\/pergolas-manea-bois.jpg\",\"width\":800,\"height\":599,\"caption\":\"Pergolas Bois Man\u00e9a - PIVETEAUBOIS\"},{\"@type\":\"WebPage\",\"@id\":\"https:\/\/www.piveteaubois.com\/fr\/nos-produits\/nos-innovations-2016\/pergolas#webpage\",\"url\":\"https:\/\/www.piveteaubois.com\/fr\/nos-produits\/nos-innovations-2016\/pergolas\",\"name\":\"La nouvelle Pergola Man\u00e9a I Piveteaubois\",\"isPartOf\":{\"@id\":\"https:\/\/www.piveteaubois.com\/fr\/#website\"},\"primaryImageOfPage\":{\"@id\":\"https:\/\/www.piveteaubois.com\/fr\/nos-produits\/nos-innovations-2016\/pergolas#primaryimage\"},\"datePublished\":\"2017-04-25T08:11:26+00:00\",\"dateModified\":\"2018-06-21T14:32:51+00:00\",\"description\":\"La pergola bois Man\u00e9a, un concept unique et innovant par son design et sa robustesse, incluant des structures en lamell\u00e9-coll\u00e9.\",\"breadcrumb\":{\"@id\":\"https:\/\/www.piveteaubois.com\/fr\/nos-produits\/nos-innovations-2016\/pergolas#breadcrumb\"},\"inLanguage\":\"fr-FR\",\"potentialAction\":[{\"@type\":\"ReadAction\",\"target\":[\"https:\/\/www.piveteaubois.com\/fr\/nos-produits\/nos-innovations-2016\/pergolas\"]}]},{\"@type\":\"BreadcrumbList\",\"@id\":\"https:\/\/www.piveteaubois.com\/fr\/nos-produits\/nos-innovations-2016\/pergolas#breadcrumb\",\"itemListElement\":[{\"@type\":\"ListItem\",\"position\":1,\"name\":\"Accueil\",\"item\":\"https:\/\/www.piveteaubois.com\/fr\"},{\"@type\":\"ListItem\",\"position\":2,\"name\":\"Nos produits\",\"item\":\"https:\/\/www.piveteaubois.com\/fr\/nos-produits\"},{\"@type\":\"ListItem\",\"position\":3,\"name\":\"Nos innovations 2016\",\"item\":\"https:\/\/www.piveteaubois.com\/fr\/?page_id=2163\"},{\"@type\":\"ListItem\",\"position\":4,\"name\":\"Pergola\"}]}]}<\/script>\n<!-- \/ Yoast SEO plugin. -->","yoast_head_json":{"title":"La nouvelle Pergola Man\u00e9a I Piveteaubois","description":"La pergola bois Man\u00e9a, un concept unique et innovant par son design et sa robustesse, incluant des structures en lamell\u00e9-coll\u00e9.","robots":{"index":"index","follow":"follow","max-snippet":"max-snippet:-1","max-image-preview":"max-image-preview:large","max-video-preview":"max-video-preview:-1"},"canonical":"https:\/\/www.piveteaubois.com\/fr\/nos-produits\/nos-innovations-2016\/pergolas","og_locale":"fr_FR","og_type":"article","og_title":"La nouvelle Pergola Man\u00e9a I Piveteaubois","og_description":"La pergola bois Man\u00e9a, un concept unique et innovant par son design et sa robustesse, incluant des structures en lamell\u00e9-coll\u00e9.","og_url":"https:\/\/www.piveteaubois.com\/fr\/nos-produits\/nos-innovations-2016\/pergolas","og_site_name":"PiveteauBois","article_modified_time":"2018-06-21T14:32:51+00:00","og_image":[{"width":800,"height":599,"url":"https:\/\/www.piveteaubois.com\/wp-content\/uploads\/2017\/04\/pergolas-manea-bois.jpg","type":"image\/jpeg"}],"twitter_card":"summary","twitter_misc":{"Dur\u00e9e de lecture estim\u00e9e":"2 minutes"},"schema":{"@context":"https:\/\/schema.org","@graph":[{"@type":"WebSite","@id":"https:\/\/www.piveteaubois.com\/fr\/#website","url":"https:\/\/www.piveteaubois.com\/fr\/","name":"PiveteauBois","description":"Piveteaubois sp\u00e9cialiste du bois depuis plus de 75 ans","potentialAction":[{"@type":"SearchAction","target":{"@type":"EntryPoint","urlTemplate":"https:\/\/www.piveteaubois.com\/fr\/?s={search_term_string}"},"query-input":"required name=search_term_string"}],"inLanguage":"fr-FR"},{"@type":"ImageObject","@id":"https:\/\/www.piveteaubois.com\/fr\/nos-produits\/nos-innovations-2016\/pergolas#primaryimage","inLanguage":"fr-FR","url":"https:\/\/www.piveteaubois.com\/wp-content\/uploads\/2017\/04\/pergolas-manea-bois.jpg","contentUrl":"https:\/\/www.piveteaubois.com\/wp-content\/uploads\/2017\/04\/pergolas-manea-bois.jpg","width":800,"height":599,"caption":"Pergolas Bois Man\u00e9a - PIVETEAUBOIS"},{"@type":"WebPage","@id":"https:\/\/www.piveteaubois.com\/fr\/nos-produits\/nos-innovations-2016\/pergolas#webpage","url":"https:\/\/www.piveteaubois.com\/fr\/nos-produits\/nos-innovations-2016\/pergolas","name":"La nouvelle Pergola Man\u00e9a I Piveteaubois","isPartOf":{"@id":"https:\/\/www.piveteaubois.com\/fr\/#website"},"primaryImageOfPage":{"@id":"https:\/\/www.piveteaubois.com\/fr\/nos-produits\/nos-innovations-2016\/pergolas#primaryimage"},"datePublished":"2017-04-25T08:11:26+00:00","dateModified":"2018-06-21T14:32:51+00:00","description":"La pergola bois Man\u00e9a, un concept unique et innovant par son design et sa robustesse, incluant des structures en lamell\u00e9-coll\u00e9.","breadcrumb":{"@id":"https:\/\/www.piveteaubois.com\/fr\/nos-produits\/nos-innovations-2016\/pergolas#breadcrumb"},"inLanguage":"fr-FR","potentialAction":[{"@type":"ReadAction","target":["https:\/\/www.piveteaubois.com\/fr\/nos-produits\/nos-innovations-2016\/pergolas"]}]},{"@type":"BreadcrumbList","@id":"https:\/\/www.piveteaubois.com\/fr\/nos-produits\/nos-innovations-2016\/pergolas#breadcrumb","itemListElement":[{"@type":"ListItem","position":1,"name":"Accueil","item":"https:\/\/www.piveteaubois.com\/fr"},{"@type":"ListItem","position":2,"name":"Nos produits","item":"https:\/\/www.piveteaubois.com\/fr\/nos-produits"},{"@type":"ListItem","position":3,"name":"Nos innovations 2016","item":"https:\/\/www.piveteaubois.com\/fr\/?page_id=2163"},{"@type":"ListItem","position":4,"name":"Pergola"}]}]}},"_links":{"self":[{"href":"https:\/\/www.piveteaubois.com\/fr\/wp-json\/wp\/v2\/pages\/2214"}],"collection":[{"href":"https:\/\/www.piveteaubois.com\/fr\/wp-json\/wp\/v2\/pages"}],"about":[{"href":"https:\/\/www.piveteaubois.com\/fr\/wp-json\/wp\/v2\/types\/page"}],"author":[{"embeddable":true,"href":"https:\/\/www.piveteaubois.com\/fr\/wp-json\/wp\/v2\/users\/2"}],"replies":[{"embeddable":true,"href":"https:\/\/www.piveteaubois.com\/fr\/wp-json\/wp\/v2\/comments?post=2214"}],"version-history":[{"count":11,"href":"https:\/\/www.piveteaubois.com\/fr\/wp-json\/wp\/v2\/pages\/2214\/revisions"}],"predecessor-version":[{"id":2769,"href":"https:\/\/www.piveteaubois.com\/fr\/wp-json\/wp\/v2\/pages\/2214\/revisions\/2769"}],"up":[{"embeddable":true,"href":"https:\/\/www.piveteaubois.com\/fr\/wp-json\/wp\/v2\/pages\/2163"}],"wp:featuredmedia":[{"embeddable":true,"href":"https:\/\/www.piveteaubois.com\/fr\/wp-json\/wp\/v2\/media\/2234"}],"wp:attachment":[{"href":"https:\/\/www.piveteaubois.com\/fr\/wp-json\/wp\/v2\/media?parent=2214"}],"curies":[{"name":"wp","href":"https:\/\/api.w.org\/{rel}","templated":true}]}}