{"id":223,"date":"2015-04-13T15:53:17","date_gmt":"2015-04-13T14:53:17","guid":{"rendered":"http:\/\/preprod.piveteaubois.com\/\/?page_id=223"},"modified":"2024-03-18T14:00:16","modified_gmt":"2024-03-18T13:00:16","slug":"piveteaubois","status":"publish","type":"page","link":"https:\/\/www.piveteaubois.com\/fr\/piveteaubois","title":{"rendered":"Nos technologies"},"content":{"rendered":"<p>PIVETEAUBOIS, l\u2019alliance de la beaut\u00e9 et de la qualit\u00e9. El\u00e9gance, r\u00e9sistance, performance : PIVETEAUBOIS met toute sa connaissance du bois et son savoir-faire technologique au service de vos projets bois. Plus de 75 ann\u00e9es d\u2019exp\u00e9riences nous ont permis de d\u00e9velopper 3 technologies exclusives de fabrication et de valorisation :<\/p>\n","protected":false},"excerpt":{"rendered":"<p>PIVETEAUBOIS, l\u2019alliance de la beaut\u00e9 et de la qualit\u00e9. El\u00e9gance, r\u00e9sistance, performance : PIVETEAUBOIS met toute sa connaissance du bois et son savoir-faire technologique au service de vos projets bois. Plus de 75 ann\u00e9es d\u2019exp\u00e9riences nous ont permis de d\u00e9velopper 3 technologies exclusives de fabrication et de valorisation :<\/p>\n","protected":false},"author":2,"featured_media":0,"parent":0,"menu_order":0,"comment_status":"closed","ping_status":"open","template":"","meta":[],"acf":[],"yoast_head":"<!-- This site is optimized with the Yoast SEO plugin v18.4.1 - https:\/\/yoast.com\/wordpress\/plugins\/seo\/ -->\n<title>D\u00e9couvrez nos technologies exclusives I Piveteaubois<\/title>\n<meta name=\"description\" content=\"Nos plus de 70 ann\u00e9es d\u2019exp\u00e9riences nous ont permis de d\u00e9velopper 3 technologies exclusives de fabrication : Durapin - Lamwood - I-combust.\" \/>\n<meta name=\"robots\" content=\"index, follow, max-snippet:-1, max-image-preview:large, max-video-preview:-1\" \/>\n<link rel=\"canonical\" href=\"https:\/\/www.piveteaubois.com\/fr\/piveteaubois\" \/>\n<meta property=\"og:locale\" content=\"fr_FR\" \/>\n<meta property=\"og:type\" content=\"article\" \/>\n<meta property=\"og:title\" content=\"D\u00e9couvrez nos technologies exclusives I Piveteaubois\" \/>\n<meta property=\"og:description\" content=\"Nos plus de 70 ann\u00e9es d\u2019exp\u00e9riences nous ont permis de d\u00e9velopper 3 technologies exclusives de fabrication : Durapin - Lamwood - I-combust.\" \/>\n<meta property=\"og:url\" content=\"https:\/\/www.piveteaubois.com\/fr\/piveteaubois\" \/>\n<meta property=\"og:site_name\" content=\"PiveteauBois\" \/>\n<meta property=\"article:modified_time\" content=\"2024-03-18T13:00:16+00:00\" \/>\n<meta name=\"twitter:card\" content=\"summary\" \/>\n<meta name=\"twitter:label1\" content=\"Dur\u00e9e de lecture estim\u00e9e\" \/>\n\t<meta name=\"twitter:data1\" content=\"1 minute\" \/>\n<script type=\"application\/ld+json\" class=\"yoast-schema-graph\">{\"@context\":\"https:\/\/schema.org\",\"@graph\":[{\"@type\":\"WebSite\",\"@id\":\"https:\/\/www.piveteaubois.com\/fr\/#website\",\"url\":\"https:\/\/www.piveteaubois.com\/fr\/\",\"name\":\"PiveteauBois\",\"description\":\"Piveteaubois sp\u00e9cialiste du bois depuis plus de 75 ans\",\"potentialAction\":[{\"@type\":\"SearchAction\",\"target\":{\"@type\":\"EntryPoint\",\"urlTemplate\":\"https:\/\/www.piveteaubois.com\/fr\/?s={search_term_string}\"},\"query-input\":\"required name=search_term_string\"}],\"inLanguage\":\"fr-FR\"},{\"@type\":\"WebPage\",\"@id\":\"https:\/\/www.piveteaubois.com\/fr\/piveteaubois#webpage\",\"url\":\"https:\/\/www.piveteaubois.com\/fr\/piveteaubois\",\"name\":\"D\u00e9couvrez nos technologies exclusives I Piveteaubois\",\"isPartOf\":{\"@id\":\"https:\/\/www.piveteaubois.com\/fr\/#website\"},\"datePublished\":\"2015-04-13T14:53:17+00:00\",\"dateModified\":\"2024-03-18T13:00:16+00:00\",\"description\":\"Nos plus de 70 ann\u00e9es d\u2019exp\u00e9riences nous ont permis de d\u00e9velopper 3 technologies exclusives de fabrication : Durapin - Lamwood - I-combust.\",\"breadcrumb\":{\"@id\":\"https:\/\/www.piveteaubois.com\/fr\/piveteaubois#breadcrumb\"},\"inLanguage\":\"fr-FR\",\"potentialAction\":[{\"@type\":\"ReadAction\",\"target\":[\"https:\/\/www.piveteaubois.com\/fr\/piveteaubois\"]}]},{\"@type\":\"BreadcrumbList\",\"@id\":\"https:\/\/www.piveteaubois.com\/fr\/piveteaubois#breadcrumb\",\"itemListElement\":[{\"@type\":\"ListItem\",\"position\":1,\"name\":\"Accueil\",\"item\":\"https:\/\/www.piveteaubois.com\/fr\"},{\"@type\":\"ListItem\",\"position\":2,\"name\":\"Nos technologies\"}]}]}<\/script>\n<!-- \/ Yoast SEO plugin. -->","yoast_head_json":{"title":"D\u00e9couvrez nos technologies exclusives I Piveteaubois","description":"Nos plus de 70 ann\u00e9es d\u2019exp\u00e9riences nous ont permis de d\u00e9velopper 3 technologies exclusives de fabrication : Durapin - Lamwood - I-combust.","robots":{"index":"index","follow":"follow","max-snippet":"max-snippet:-1","max-image-preview":"max-image-preview:large","max-video-preview":"max-video-preview:-1"},"canonical":"https:\/\/www.piveteaubois.com\/fr\/piveteaubois","og_locale":"fr_FR","og_type":"article","og_title":"D\u00e9couvrez nos technologies exclusives I Piveteaubois","og_description":"Nos plus de 70 ann\u00e9es d\u2019exp\u00e9riences nous ont permis de d\u00e9velopper 3 technologies exclusives de fabrication : Durapin - Lamwood - I-combust.","og_url":"https:\/\/www.piveteaubois.com\/fr\/piveteaubois","og_site_name":"PiveteauBois","article_modified_time":"2024-03-18T13:00:16+00:00","twitter_card":"summary","twitter_misc":{"Dur\u00e9e de lecture estim\u00e9e":"1 minute"},"schema":{"@context":"https:\/\/schema.org","@graph":[{"@type":"WebSite","@id":"https:\/\/www.piveteaubois.com\/fr\/#website","url":"https:\/\/www.piveteaubois.com\/fr\/","name":"PiveteauBois","description":"Piveteaubois sp\u00e9cialiste du bois depuis plus de 75 ans","potentialAction":[{"@type":"SearchAction","target":{"@type":"EntryPoint","urlTemplate":"https:\/\/www.piveteaubois.com\/fr\/?s={search_term_string}"},"query-input":"required name=search_term_string"}],"inLanguage":"fr-FR"},{"@type":"WebPage","@id":"https:\/\/www.piveteaubois.com\/fr\/piveteaubois#webpage","url":"https:\/\/www.piveteaubois.com\/fr\/piveteaubois","name":"D\u00e9couvrez nos technologies exclusives I Piveteaubois","isPartOf":{"@id":"https:\/\/www.piveteaubois.com\/fr\/#website"},"datePublished":"2015-04-13T14:53:17+00:00","dateModified":"2024-03-18T13:00:16+00:00","description":"Nos plus de 70 ann\u00e9es d\u2019exp\u00e9riences nous ont permis de d\u00e9velopper 3 technologies exclusives de fabrication : Durapin - Lamwood - I-combust.","breadcrumb":{"@id":"https:\/\/www.piveteaubois.com\/fr\/piveteaubois#breadcrumb"},"inLanguage":"fr-FR","potentialAction":[{"@type":"ReadAction","target":["https:\/\/www.piveteaubois.com\/fr\/piveteaubois"]}]},{"@type":"BreadcrumbList","@id":"https:\/\/www.piveteaubois.com\/fr\/piveteaubois#breadcrumb","itemListElement":[{"@type":"ListItem","position":1,"name":"Accueil","item":"https:\/\/www.piveteaubois.com\/fr"},{"@type":"ListItem","position":2,"name":"Nos technologies"}]}]}},"_links":{"self":[{"href":"https:\/\/www.piveteaubois.com\/fr\/wp-json\/wp\/v2\/pages\/223"}],"collection":[{"href":"https:\/\/www.piveteaubois.com\/fr\/wp-json\/wp\/v2\/pages"}],"about":[{"href":"https:\/\/www.piveteaubois.com\/fr\/wp-json\/wp\/v2\/types\/page"}],"author":[{"embeddable":true,"href":"https:\/\/www.piveteaubois.com\/fr\/wp-json\/wp\/v2\/users\/2"}],"replies":[{"embeddable":true,"href":"https:\/\/www.piveteaubois.com\/fr\/wp-json\/wp\/v2\/comments?post=223"}],"version-history":[{"count":7,"href":"https:\/\/www.piveteaubois.com\/fr\/wp-json\/wp\/v2\/pages\/223\/revisions"}],"predecessor-version":[{"id":6192,"href":"https:\/\/www.piveteaubois.com\/fr\/wp-json\/wp\/v2\/pages\/223\/revisions\/6192"}],"wp:attachment":[{"href":"https:\/\/www.piveteaubois.com\/fr\/wp-json\/wp\/v2\/media?parent=223"}],"curies":[{"name":"wp","href":"https:\/\/api.w.org\/{rel}","templated":true}]}}