{"id":2239,"date":"2017-04-25T09:36:46","date_gmt":"2017-04-25T08:36:46","guid":{"rendered":"http:\/\/www.piveteaubois.com\/?page_id=2239"},"modified":"2018-06-21T15:33:14","modified_gmt":"2018-06-21T14:33:14","slug":"abris-garages","status":"publish","type":"page","link":"https:\/\/www.piveteaubois.com\/fr\/nos-produits\/nos-innovations-2016\/abris-garages","title":{"rendered":"Abris &#8211;  Garages"},"content":{"rendered":"<div id='gallery-1' class='gallery galleryid-2239 gallery-columns-3 gallery-size-thumbnail'><dl class='gallery-item'>\n\t\t\t<dt class='gallery-icon landscape'>\n\t\t\t\t<a href='https:\/\/www.piveteaubois.com\/fr\/nos-produits\/nos-innovations-2016\/abris-garages\/attachment\/abri-marius-pin-durapin-piveteaubois'><img width=\"150\" height=\"150\" src=\"https:\/\/www.piveteaubois.com\/wp-content\/uploads\/2017\/04\/abri-marius-pin-durapin-piveteaubois-150x150.jpg\" class=\"attachment-thumbnail size-thumbnail\" alt=\"Abri Marius - Durapin - PIVETEAUBOIS\" loading=\"lazy\" aria-describedby=\"gallery-1-2770\" \/><\/a>\n\t\t\t<\/dt>\n\t\t\t\t<dd class='wp-caption-text gallery-caption' id='gallery-1-2770'>\n\t\t\t\tAbri Marius &#8211; Durapin &#8211; PIVETEAUBOIS\n\t\t\t\t<\/dd><\/dl><dl class='gallery-item'>\n\t\t\t<dt class='gallery-icon landscape'>\n\t\t\t\t<a href='https:\/\/www.piveteaubois.com\/fr\/nos-produits\/nos-innovations-2016\/abris-garages\/attachment\/garage-baretti-pin-durapin-piveteaubois'><img width=\"150\" height=\"150\" src=\"https:\/\/www.piveteaubois.com\/wp-content\/uploads\/2017\/04\/garage-baretti-pin-durapin-piveteaubois-150x150.jpg\" class=\"attachment-thumbnail size-thumbnail\" alt=\"Garage Baretti - Durapin - PIVETEAUBOIS\" loading=\"lazy\" aria-describedby=\"gallery-1-2771\" \/><\/a>\n\t\t\t<\/dt>\n\t\t\t\t<dd class='wp-caption-text gallery-caption' id='gallery-1-2771'>\n\t\t\t\tGarage Baretti &#8211; Durapin &#8211; PIVETEAUBOIS\n\t\t\t\t<\/dd><\/dl>\n\t\t\t<br style='clear: both' \/>\n\t\t<\/div>\n\n<hr \/>\n<p>Une cabane au fond du jardin ou un refuge pour les v\u00e9hicules d\u00e9couvrez les nouveaux abris et garages en Pin classe 4.<\/p>\n<hr \/>\n<p>&nbsp;<\/p>\n<h1>Abri de jardin Marius<\/h1>\n<p>En 2016, ma cabane au fond du jardin sera tendance !<\/p>\n<p>Un bureau d&rsquo;\u00e9t\u00e9, une pi\u00e8ce annexe \u00e0 votre maison, un pool house, \u00e0 chacun son id\u00e9e de la cabane au fond du jardin ! Dot\u00e9 de lignes d\u00e9licates, d&rsquo;une toiture plate, d&rsquo;une porte vitr\u00e9e et d&rsquo;une structure en Pin classe 4 (garantie 10 \u00e0 15 ans), le nouvel abri de jardin Marius a de nombreux atouts pour vous s\u00e9duire.<\/p>\n<h3>CARACT\u00c9RISTIQUES TECHNIQUES<\/h3>\n<ul>\n<li>Essence : Pin<\/li>\n<li>Classe d&#8217;emploi : classe 4<\/li>\n<li>Technologie <a href=\"http:\/\/www.piveteaubois.com\/fr\/nos-technologies\/durapin\" target=\"_blank\" rel=\"noopener noreferrer\">Durapin<\/a> (garantie 20\u00a0ans hors sol)<\/li>\n<li>Coloris : marron par impr\u00e9gnation<\/li>\n<li>Surface : 9m\u00b2<\/li>\n<li>Hauteur sous panne : 2,20m<\/li>\n<li>Porte ouvrant \u00e0 droite avec serrure \u00e0 cylindre et vitrage en verre S\u00e9curit<\/li>\n<\/ul>\n<p><img loading=\"lazy\" class=\"wp-image-2247 aligncenter\" src=\"http:\/\/www.piveteaubois.com\/wp-content\/uploads\/2017\/04\/abri-marius-schema.jpg\" alt=\"\" width=\"310\" height=\"171\" srcset=\"https:\/\/www.piveteaubois.com\/wp-content\/uploads\/2017\/04\/abri-marius-schema.jpg 752w, https:\/\/www.piveteaubois.com\/wp-content\/uploads\/2017\/04\/abri-marius-schema-300x166.jpg 300w\" sizes=\"(max-width: 310px) 100vw, 310px\" \/><\/p>\n<h3>LES + PRODUIT<\/h3>\n<ul>\n<li>Abri moderne et \u00e9conomique<\/li>\n<li>Durabilit\u00e9 et robustesse gr\u00e2ce \u00e0 la technologie Durapin (garantie 15 ans en contact avec le sol et 20\u00a0ans hors sol)<\/li>\n<li>Innovation <strong>PIVETEAUBOIS<\/strong><\/li>\n<\/ul>\n<h3>MONTAGE<\/h3>\n<p>Simple embo\u00eetement des lames empilables dans les poteaux rainur\u00e9s. Kit complet pr\u00eat \u00e0 installer. Abri sans plancher : \u00e0 installer sur dalle b\u00e9ton. Plancher en option permettant une pose sur sol stabilis\u00e9 (retirer 10 cm de terre et la remplacer par la m\u00eame \u00e9paisseur de graviers) ou dalle b\u00e9ton.<\/p>\n<p><img loading=\"lazy\" class=\"alignnone wp-image-149\" src=\"http:\/\/www.piveteaubois.com\/wp-content\/uploads\/2015\/04\/durapin.png\" alt=\"Technologie DURAPIN\" width=\"88\" height=\"43\" \/><\/p>\n<p>&nbsp;<\/p>\n<hr \/>\n<p>&nbsp;<\/p>\n<h1>GARAGE BARETTI<\/h1>\n<p>Choisissez une solution nature et design pour le nouveau refuge de votre v\u00e9hicule.<\/p>\n<p>Prot\u00e9gez votre v\u00e9hicule des conditions m\u00e9t\u00e9orologiques gr\u00e2ce au nouveau garage Baretti en Pin classe 4 ! Sa fa\u00e7ade s&rsquo;inspire des plus belles maisons en bois en reprenant le profil du bardage Tremolo, et sa forme au toit plat s&rsquo;harmonisera parfaitement avec votre jardin.<\/p>\n<h3>CARACT\u00c9RISTIQUES TECHNIQUES<\/h3>\n<ul>\n<li>Essence : Pin<\/li>\n<li>Classe d&#8217;emploi : classe 4<\/li>\n<li>Technologie Durapin (garantie 20\u00a0ans hors sol)<\/li>\n<li>Coloris : marron par impr\u00e9gnation<\/li>\n<li>Surface : 23 m\u00b2<\/li>\n<li>Poteaux lamell\u00e9s-coll\u00e9s de section 120 x 120 mm<\/li>\n<li>Pannes de section 46 x 145 mm<\/li>\n<li>Toiture : Feutre rouge bitum\u00e9 \u00e9paisseur 2,8 mm<\/li>\n<li>Panneaux en flins profil type Tremolo 22 x 86 mm<\/li>\n<li>Porte basculante manuelle avec 3 hublots verticaux<\/li>\n<li>Panneau porte de service \u00e0 placer selon la convenance du client<\/li>\n<li>Joint EPDM en p\u00e9riph\u00e9rie<\/li>\n<\/ul>\n<p><img loading=\"lazy\" class=\"wp-image-2253 aligncenter\" src=\"http:\/\/www.piveteaubois.com\/wp-content\/uploads\/2017\/04\/garage-baretti-schema.jpg\" alt=\"Garage Baretti - PIVETEAU BOIS\" width=\"310\" height=\"171\" srcset=\"https:\/\/www.piveteaubois.com\/wp-content\/uploads\/2017\/04\/garage-baretti-schema.jpg 752w, https:\/\/www.piveteaubois.com\/wp-content\/uploads\/2017\/04\/garage-baretti-schema-300x166.jpg 300w\" sizes=\"(max-width: 310px) 100vw, 310px\" \/><\/p>\n<h3>LES + PRODUIT<\/h3>\n<ul>\n<li>Nouveau design<\/li>\n<li>Garage spacieux et moderne<\/li>\n<li>Innovation <strong>PIVETEAUBOIS<\/strong><\/li>\n<\/ul>\n<h3>MONTAGE<\/h3>\n<p>Mise en oeuvre sur dalle en b\u00e9ton arm\u00e9 de 12 cm ou sur plts b\u00e9ton de 400 x 400 mm minimum. Le garage est livr\u00e9 en kit pr\u00eat \u00e0 installer.<\/p>\n<p><img loading=\"lazy\" class=\"alignnone wp-image-149\" src=\"http:\/\/www.piveteaubois.com\/wp-content\/uploads\/2015\/04\/durapin.png\" alt=\"Technologie DURAPIN\" width=\"88\" height=\"43\" \/><\/p>\n","protected":false},"excerpt":{"rendered":"<p>Une cabane au fond du jardin ou un refuge pour les v\u00e9hicules d\u00e9couvrez les nouveaux abris et garages en Pin classe 4.<\/p>\n","protected":false},"author":2,"featured_media":2242,"parent":2163,"menu_order":5,"comment_status":"closed","ping_status":"closed","template":"","meta":[],"acf":[],"yoast_head":"<!-- This site is optimized with the Yoast SEO plugin v18.4.1 - https:\/\/yoast.com\/wordpress\/plugins\/seo\/ -->\n<title>Les abris et garages I Piveteaubois<\/title>\n<meta name=\"description\" content=\"D\u00e9couvrez les nouveaux mod\u00e8les d&#039;abris et garages en bois ! Le nouvel abri Marius 9m\u00b2 et le garage Baretti 23m\u00b2 ont de nombreux atouts pour vous s\u00e9duire.\" \/>\n<meta name=\"robots\" content=\"index, follow, max-snippet:-1, max-image-preview:large, max-video-preview:-1\" \/>\n<link rel=\"canonical\" href=\"https:\/\/www.piveteaubois.com\/fr\/nos-produits\/nos-innovations-2016\/abris-garages\" \/>\n<meta property=\"og:locale\" content=\"fr_FR\" \/>\n<meta property=\"og:type\" content=\"article\" \/>\n<meta property=\"og:title\" content=\"Les abris et garages I Piveteaubois\" \/>\n<meta property=\"og:description\" content=\"D\u00e9couvrez les nouveaux mod\u00e8les d&#039;abris et garages en bois ! Le nouvel abri Marius 9m\u00b2 et le garage Baretti 23m\u00b2 ont de nombreux atouts pour vous s\u00e9duire.\" \/>\n<meta property=\"og:url\" content=\"https:\/\/www.piveteaubois.com\/fr\/nos-produits\/nos-innovations-2016\/abris-garages\" \/>\n<meta property=\"og:site_name\" content=\"PiveteauBois\" \/>\n<meta property=\"article:modified_time\" content=\"2018-06-21T14:33:14+00:00\" \/>\n<meta property=\"og:image\" content=\"https:\/\/www.piveteaubois.com\/wp-content\/uploads\/2017\/04\/abri-de-jardin-marius-en-pin-classe-4.jpg\" \/>\n\t<meta property=\"og:image:width\" content=\"1000\" \/>\n\t<meta property=\"og:image:height\" content=\"750\" \/>\n\t<meta property=\"og:image:type\" content=\"image\/jpeg\" \/>\n<meta name=\"twitter:card\" content=\"summary\" \/>\n<meta name=\"twitter:label1\" content=\"Dur\u00e9e de lecture estim\u00e9e\" \/>\n\t<meta name=\"twitter:data1\" content=\"2 minutes\" \/>\n<script type=\"application\/ld+json\" class=\"yoast-schema-graph\">{\"@context\":\"https:\/\/schema.org\",\"@graph\":[{\"@type\":\"WebSite\",\"@id\":\"https:\/\/www.piveteaubois.com\/fr\/#website\",\"url\":\"https:\/\/www.piveteaubois.com\/fr\/\",\"name\":\"PiveteauBois\",\"description\":\"Piveteaubois sp\u00e9cialiste du bois depuis plus de 75 ans\",\"potentialAction\":[{\"@type\":\"SearchAction\",\"target\":{\"@type\":\"EntryPoint\",\"urlTemplate\":\"https:\/\/www.piveteaubois.com\/fr\/?s={search_term_string}\"},\"query-input\":\"required name=search_term_string\"}],\"inLanguage\":\"fr-FR\"},{\"@type\":\"ImageObject\",\"@id\":\"https:\/\/www.piveteaubois.com\/fr\/nos-produits\/nos-innovations-2016\/abris-garages#primaryimage\",\"inLanguage\":\"fr-FR\",\"url\":\"https:\/\/www.piveteaubois.com\/wp-content\/uploads\/2017\/04\/abri-de-jardin-marius-en-pin-classe-4.jpg\",\"contentUrl\":\"https:\/\/www.piveteaubois.com\/wp-content\/uploads\/2017\/04\/abri-de-jardin-marius-en-pin-classe-4.jpg\",\"width\":1000,\"height\":750,\"caption\":\"Abri de jardin Marius 9m\u00b2 en Pin Classe 4\"},{\"@type\":\"WebPage\",\"@id\":\"https:\/\/www.piveteaubois.com\/fr\/nos-produits\/nos-innovations-2016\/abris-garages#webpage\",\"url\":\"https:\/\/www.piveteaubois.com\/fr\/nos-produits\/nos-innovations-2016\/abris-garages\",\"name\":\"Les abris et garages I Piveteaubois\",\"isPartOf\":{\"@id\":\"https:\/\/www.piveteaubois.com\/fr\/#website\"},\"primaryImageOfPage\":{\"@id\":\"https:\/\/www.piveteaubois.com\/fr\/nos-produits\/nos-innovations-2016\/abris-garages#primaryimage\"},\"datePublished\":\"2017-04-25T08:36:46+00:00\",\"dateModified\":\"2018-06-21T14:33:14+00:00\",\"description\":\"D\u00e9couvrez les nouveaux mod\u00e8les d'abris et garages en bois ! Le nouvel abri Marius 9m\u00b2 et le garage Baretti 23m\u00b2 ont de nombreux atouts pour vous s\u00e9duire.\",\"breadcrumb\":{\"@id\":\"https:\/\/www.piveteaubois.com\/fr\/nos-produits\/nos-innovations-2016\/abris-garages#breadcrumb\"},\"inLanguage\":\"fr-FR\",\"potentialAction\":[{\"@type\":\"ReadAction\",\"target\":[\"https:\/\/www.piveteaubois.com\/fr\/nos-produits\/nos-innovations-2016\/abris-garages\"]}]},{\"@type\":\"BreadcrumbList\",\"@id\":\"https:\/\/www.piveteaubois.com\/fr\/nos-produits\/nos-innovations-2016\/abris-garages#breadcrumb\",\"itemListElement\":[{\"@type\":\"ListItem\",\"position\":1,\"name\":\"Accueil\",\"item\":\"https:\/\/www.piveteaubois.com\/fr\"},{\"@type\":\"ListItem\",\"position\":2,\"name\":\"Nos produits\",\"item\":\"https:\/\/www.piveteaubois.com\/fr\/nos-produits\"},{\"@type\":\"ListItem\",\"position\":3,\"name\":\"Nos innovations 2016\",\"item\":\"https:\/\/www.piveteaubois.com\/fr\/?page_id=2163\"},{\"@type\":\"ListItem\",\"position\":4,\"name\":\"Abris &#8211; Garages\"}]}]}<\/script>\n<!-- \/ Yoast SEO plugin. -->","yoast_head_json":{"title":"Les abris et garages I Piveteaubois","description":"D\u00e9couvrez les nouveaux mod\u00e8les d'abris et garages en bois ! Le nouvel abri Marius 9m\u00b2 et le garage Baretti 23m\u00b2 ont de nombreux atouts pour vous s\u00e9duire.","robots":{"index":"index","follow":"follow","max-snippet":"max-snippet:-1","max-image-preview":"max-image-preview:large","max-video-preview":"max-video-preview:-1"},"canonical":"https:\/\/www.piveteaubois.com\/fr\/nos-produits\/nos-innovations-2016\/abris-garages","og_locale":"fr_FR","og_type":"article","og_title":"Les abris et garages I Piveteaubois","og_description":"D\u00e9couvrez les nouveaux mod\u00e8les d'abris et garages en bois ! Le nouvel abri Marius 9m\u00b2 et le garage Baretti 23m\u00b2 ont de nombreux atouts pour vous s\u00e9duire.","og_url":"https:\/\/www.piveteaubois.com\/fr\/nos-produits\/nos-innovations-2016\/abris-garages","og_site_name":"PiveteauBois","article_modified_time":"2018-06-21T14:33:14+00:00","og_image":[{"width":1000,"height":750,"url":"https:\/\/www.piveteaubois.com\/wp-content\/uploads\/2017\/04\/abri-de-jardin-marius-en-pin-classe-4.jpg","type":"image\/jpeg"}],"twitter_card":"summary","twitter_misc":{"Dur\u00e9e de lecture estim\u00e9e":"2 minutes"},"schema":{"@context":"https:\/\/schema.org","@graph":[{"@type":"WebSite","@id":"https:\/\/www.piveteaubois.com\/fr\/#website","url":"https:\/\/www.piveteaubois.com\/fr\/","name":"PiveteauBois","description":"Piveteaubois sp\u00e9cialiste du bois depuis plus de 75 ans","potentialAction":[{"@type":"SearchAction","target":{"@type":"EntryPoint","urlTemplate":"https:\/\/www.piveteaubois.com\/fr\/?s={search_term_string}"},"query-input":"required name=search_term_string"}],"inLanguage":"fr-FR"},{"@type":"ImageObject","@id":"https:\/\/www.piveteaubois.com\/fr\/nos-produits\/nos-innovations-2016\/abris-garages#primaryimage","inLanguage":"fr-FR","url":"https:\/\/www.piveteaubois.com\/wp-content\/uploads\/2017\/04\/abri-de-jardin-marius-en-pin-classe-4.jpg","contentUrl":"https:\/\/www.piveteaubois.com\/wp-content\/uploads\/2017\/04\/abri-de-jardin-marius-en-pin-classe-4.jpg","width":1000,"height":750,"caption":"Abri de jardin Marius 9m\u00b2 en Pin Classe 4"},{"@type":"WebPage","@id":"https:\/\/www.piveteaubois.com\/fr\/nos-produits\/nos-innovations-2016\/abris-garages#webpage","url":"https:\/\/www.piveteaubois.com\/fr\/nos-produits\/nos-innovations-2016\/abris-garages","name":"Les abris et garages I Piveteaubois","isPartOf":{"@id":"https:\/\/www.piveteaubois.com\/fr\/#website"},"primaryImageOfPage":{"@id":"https:\/\/www.piveteaubois.com\/fr\/nos-produits\/nos-innovations-2016\/abris-garages#primaryimage"},"datePublished":"2017-04-25T08:36:46+00:00","dateModified":"2018-06-21T14:33:14+00:00","description":"D\u00e9couvrez les nouveaux mod\u00e8les d'abris et garages en bois ! Le nouvel abri Marius 9m\u00b2 et le garage Baretti 23m\u00b2 ont de nombreux atouts pour vous s\u00e9duire.","breadcrumb":{"@id":"https:\/\/www.piveteaubois.com\/fr\/nos-produits\/nos-innovations-2016\/abris-garages#breadcrumb"},"inLanguage":"fr-FR","potentialAction":[{"@type":"ReadAction","target":["https:\/\/www.piveteaubois.com\/fr\/nos-produits\/nos-innovations-2016\/abris-garages"]}]},{"@type":"BreadcrumbList","@id":"https:\/\/www.piveteaubois.com\/fr\/nos-produits\/nos-innovations-2016\/abris-garages#breadcrumb","itemListElement":[{"@type":"ListItem","position":1,"name":"Accueil","item":"https:\/\/www.piveteaubois.com\/fr"},{"@type":"ListItem","position":2,"name":"Nos produits","item":"https:\/\/www.piveteaubois.com\/fr\/nos-produits"},{"@type":"ListItem","position":3,"name":"Nos innovations 2016","item":"https:\/\/www.piveteaubois.com\/fr\/?page_id=2163"},{"@type":"ListItem","position":4,"name":"Abris &#8211; Garages"}]}]}},"_links":{"self":[{"href":"https:\/\/www.piveteaubois.com\/fr\/wp-json\/wp\/v2\/pages\/2239"}],"collection":[{"href":"https:\/\/www.piveteaubois.com\/fr\/wp-json\/wp\/v2\/pages"}],"about":[{"href":"https:\/\/www.piveteaubois.com\/fr\/wp-json\/wp\/v2\/types\/page"}],"author":[{"embeddable":true,"href":"https:\/\/www.piveteaubois.com\/fr\/wp-json\/wp\/v2\/users\/2"}],"replies":[{"embeddable":true,"href":"https:\/\/www.piveteaubois.com\/fr\/wp-json\/wp\/v2\/comments?post=2239"}],"version-history":[{"count":16,"href":"https:\/\/www.piveteaubois.com\/fr\/wp-json\/wp\/v2\/pages\/2239\/revisions"}],"predecessor-version":[{"id":2772,"href":"https:\/\/www.piveteaubois.com\/fr\/wp-json\/wp\/v2\/pages\/2239\/revisions\/2772"}],"up":[{"embeddable":true,"href":"https:\/\/www.piveteaubois.com\/fr\/wp-json\/wp\/v2\/pages\/2163"}],"wp:featuredmedia":[{"embeddable":true,"href":"https:\/\/www.piveteaubois.com\/fr\/wp-json\/wp\/v2\/media\/2242"}],"wp:attachment":[{"href":"https:\/\/www.piveteaubois.com\/fr\/wp-json\/wp\/v2\/media?parent=2239"}],"curies":[{"name":"wp","href":"https:\/\/api.w.org\/{rel}","templated":true}]}}