{"id":2259,"date":"2017-04-25T10:18:36","date_gmt":"2017-04-25T09:18:36","guid":{"rendered":"http:\/\/www.piveteaubois.com\/?page_id=2259"},"modified":"2018-06-21T15:33:43","modified_gmt":"2018-06-21T14:33:43","slug":"bois-damenagement","status":"publish","type":"page","link":"https:\/\/www.piveteaubois.com\/fr\/nos-produits\/nos-innovations-2016\/bois-damenagement","title":{"rendered":"Bois d&rsquo;am\u00e9nagement"},"content":{"rendered":"<div id='gallery-1' class='gallery galleryid-2259 gallery-columns-3 gallery-size-thumbnail'><dl class='gallery-item'>\n\t\t\t<dt class='gallery-icon landscape'>\n\t\t\t\t<a href='https:\/\/www.piveteaubois.com\/fr\/nos-produits\/nos-innovations-2016\/bois-damenagement\/attachment\/bordure-nymphea-pin-durapin-piveteaubois'><img width=\"150\" height=\"150\" src=\"https:\/\/www.piveteaubois.com\/wp-content\/uploads\/2017\/04\/bordure-nymphea-pin-durapin-piveteaubois-150x150.jpg\" class=\"attachment-thumbnail size-thumbnail\" alt=\"Bordure Nymph\u00e9a - Durapin - PIVETEAUBOIS\" loading=\"lazy\" aria-describedby=\"gallery-1-2775\" \/><\/a>\n\t\t\t<\/dt>\n\t\t\t\t<dd class='wp-caption-text gallery-caption' id='gallery-1-2775'>\n\t\t\t\tBordure Nymph\u00e9a &#8211; Durapin &#8211; PIVETEAUBOIS\n\t\t\t\t<\/dd><\/dl><dl class='gallery-item'>\n\t\t\t<dt class='gallery-icon landscape'>\n\t\t\t\t<a href='https:\/\/www.piveteaubois.com\/fr\/nos-produits\/nos-innovations-2016\/bois-damenagement\/attachment\/bordure-metis-pin-durapin-piveteaubois'><img width=\"150\" height=\"150\" src=\"https:\/\/www.piveteaubois.com\/wp-content\/uploads\/2017\/04\/bordure-metis-pin-durapin-piveteaubois-150x150.jpg\" class=\"attachment-thumbnail size-thumbnail\" alt=\"Bordure M\u00e9tis - Durapin - PIVETEAUBOIS\" loading=\"lazy\" aria-describedby=\"gallery-1-2774\" \/><\/a>\n\t\t\t<\/dt>\n\t\t\t\t<dd class='wp-caption-text gallery-caption' id='gallery-1-2774'>\n\t\t\t\tBordure M\u00e9tis &#8211; Durapin &#8211; PIVETEAUBOIS\n\t\t\t\t<\/dd><\/dl><dl class='gallery-item'>\n\t\t\t<dt class='gallery-icon landscape'>\n\t\t\t\t<a href='https:\/\/www.piveteaubois.com\/fr\/nos-produits\/nos-innovations-2016\/bois-damenagement\/attachment\/traverse-paysagere-douglas-piveteaubois'><img width=\"150\" height=\"150\" src=\"https:\/\/www.piveteaubois.com\/wp-content\/uploads\/2017\/04\/traverse-paysagere-douglas-piveteaubois-150x150.jpg\" class=\"attachment-thumbnail size-thumbnail\" alt=\"Traverses paysag\u00e8res - PIVETEAUBOIS\" loading=\"lazy\" aria-describedby=\"gallery-1-2773\" \/><\/a>\n\t\t\t<\/dt>\n\t\t\t\t<dd class='wp-caption-text gallery-caption' id='gallery-1-2773'>\n\t\t\t\tTraverses paysag\u00e8res &#8211; PIVETEAUBOIS\n\t\t\t\t<\/dd><\/dl><br style=\"clear: both\" \/>\n\t\t<\/div>\n\n<hr \/>\n<p>Pour am\u00e9nager vos espaces ext\u00e9rieurs, d\u00e9limiter les all\u00e9es ou cr\u00e9er des marches d\u2019acc\u00e8s, optez pour les nouvelles bordures et traverses sign\u00e9es <strong>PIVETEAUBOIS<\/strong>.\u00a0Fini les bordures bien align\u00e9es, place au style d\u00e9structur\u00e9 pour d\u00e9limiter vos all\u00e9es et votre potager !<\/p>\n<hr \/>\n<p>&nbsp;<\/p>\n<h1>BORDURES NYMPH\u00c9A ET M\u00c9TIS<\/h1>\n<p>Le fruit d&rsquo;une cr\u00e9ation ant\u00e9rieur de jardini\u00e8res\/bancs et panneaux a permis de concevoir les nouvelles bordures Nymph\u00e9a et M\u00e9tis.<\/p>\n<p>Les bordures Nymph\u00e9a associent l&rsquo;aspect naturel du bois brut et le c\u00f4t\u00e9 contemporain des lames d\u00e9structur\u00e9es pour des all\u00e9es contemporaines !<br \/>\nAvec les bordures M\u00e9tis, offrez \u00e0 vos all\u00e9es l&rsquo;\u00e9l\u00e9gance et la sobri\u00e9t\u00e9 dont elles font preuve !<\/p>\n<h3>CARACT\u00c9RISTIQUES TECHNIQUES<\/h3>\n<ul>\n<li>Essence : Pin<\/li>\n<li>Classe d&#8217;emploi : Pin classe 4<\/li>\n<li>Technologie <a href=\"http:\/\/www.piveteaubois.com\/fr\/nos-technologies\/durapin\" target=\"_blank\" rel=\"noopener noreferrer\">Durapin<\/a>\u00a0(garantie 15 ans en contact avec le sol et\u00a020 ans hors sol)<\/li>\n<li>Coloris : marron par impr\u00e9gnation<\/li>\n<\/ul>\n<h3>LES + PRODUITS<\/h3>\n<ul>\n<li>Bordures modernes et uniques<\/li>\n<li>Id\u00e9ales pour cr\u00e9er des all\u00e9es rythm\u00e9es ou d\u00e9limiter le potager<\/li>\n<li>Innovations <strong>PIVETEAUBOIS<\/strong><\/li>\n<\/ul>\n<p><img loading=\"lazy\" class=\"alignnone wp-image-149\" src=\"http:\/\/www.piveteaubois.com\/wp-content\/uploads\/2015\/04\/durapin.png\" alt=\"Technologie DURAPIN\" width=\"88\" height=\"43\" \/><\/p>\n<hr \/>\n<p>&nbsp;<\/p>\n<h1>TRAVERSE PAYSAG\u00c8RE DOUGLAS<\/h1>\n<p>Optez pour des traverses naturellement durables !<\/p>\n<p>Pour cr\u00e9er un carr\u00e9 potager, des march\u00e9s d&rsquo;acc\u00e8s ou bien des pas japonais, les traverses paysag\u00e8res seront id\u00e9ales ! En Douglas hors-aubier, elles sont d\u00e9pourvues de traitement autoclave pour les amoureux des produits naturellement durables.<\/p>\n<h3>CARACT\u00c9RISTIQUES TECHNIQUES<\/h3>\n<ul>\n<li>Essence : Douglas hors-aubier<\/li>\n<li>Classe d&#8217;emploi : classe 3b<\/li>\n<li>Coloris : naturel<\/li>\n<li>Finition : traverse calibr\u00e9e<\/li>\n<\/ul>\n<h3>LES + PRODUIT<\/h3>\n<ul>\n<li>Multiples utilisations : carr\u00e9 potager, marches d&rsquo;acc\u00e8s, bordures, pas japonais, etc.<\/li>\n<li>Traverse en Douglas non trait\u00e9es pour les amoureux des produits naturel<\/li>\n<\/ul>\n<h3>MONTAGE<\/h3>\n<p>Le Douglas naturel hors-aubier correspond \u00e0 une classe d&#8217;emploi 3b. Nous pr\u00e9conisons l&rsquo;application d&rsquo;une nappe de protection pour une meilleure dur\u00e9e de vie.<\/p>\n<p>&nbsp;<\/p>\n","protected":false},"excerpt":{"rendered":"<p>Pour am\u00e9nager vos espaces ext\u00e9rieurs, d\u00e9limiter les all\u00e9es ou cr\u00e9er des marches d\u2019acc\u00e8s, optez pour les nouvelles bordures et traverses sign\u00e9es PIVETEAUBOIS. Fini les bordures bien align\u00e9es, place au style d\u00e9structur\u00e9 pour d\u00e9limiter vos all\u00e9es et votre potager !<\/p>\n","protected":false},"author":2,"featured_media":2268,"parent":2163,"menu_order":6,"comment_status":"closed","ping_status":"closed","template":"","meta":[],"acf":[],"yoast_head":"<!-- This site is optimized with the Yoast SEO plugin v18.4.1 - https:\/\/yoast.com\/wordpress\/plugins\/seo\/ -->\n<title>Les bois d&#039;am\u00e9nagement pour am\u00e9nager vos espaces ext\u00e9rieurs I Piveteaubois<\/title>\n<meta name=\"description\" content=\"D\u00e9couvrez les nouveaux mod\u00e8les de bois d&#039;am\u00e9nagement pour structurer vos bordures de jardin. Offrez \u00e0 vos all\u00e9es l&#039;\u00e9l\u00e9gance et la sobri\u00e9t\u00e9 des bordures bois\" \/>\n<meta name=\"robots\" content=\"index, follow, max-snippet:-1, max-image-preview:large, max-video-preview:-1\" \/>\n<link rel=\"canonical\" href=\"https:\/\/www.piveteaubois.com\/fr\/nos-produits\/nos-innovations-2016\/bois-damenagement\" \/>\n<meta property=\"og:locale\" content=\"fr_FR\" \/>\n<meta property=\"og:type\" content=\"article\" \/>\n<meta property=\"og:title\" content=\"Les bois d&#039;am\u00e9nagement pour am\u00e9nager vos espaces ext\u00e9rieurs I Piveteaubois\" \/>\n<meta property=\"og:description\" content=\"D\u00e9couvrez les nouveaux mod\u00e8les de bois d&#039;am\u00e9nagement pour structurer vos bordures de jardin. Offrez \u00e0 vos all\u00e9es l&#039;\u00e9l\u00e9gance et la sobri\u00e9t\u00e9 des bordures bois\" \/>\n<meta property=\"og:url\" content=\"https:\/\/www.piveteaubois.com\/fr\/nos-produits\/nos-innovations-2016\/bois-damenagement\" \/>\n<meta property=\"og:site_name\" content=\"PiveteauBois\" \/>\n<meta property=\"article:modified_time\" content=\"2018-06-21T14:33:43+00:00\" \/>\n<meta property=\"og:image\" content=\"https:\/\/www.piveteaubois.com\/wp-content\/uploads\/2017\/04\/bordure_bois_nymphea.jpg\" \/>\n\t<meta property=\"og:image:width\" content=\"516\" \/>\n\t<meta property=\"og:image:height\" content=\"370\" \/>\n\t<meta property=\"og:image:type\" content=\"image\/jpeg\" \/>\n<meta name=\"twitter:card\" content=\"summary\" \/>\n<meta name=\"twitter:label1\" content=\"Dur\u00e9e de lecture estim\u00e9e\" \/>\n\t<meta name=\"twitter:data1\" content=\"1 minute\" \/>\n<script type=\"application\/ld+json\" class=\"yoast-schema-graph\">{\"@context\":\"https:\/\/schema.org\",\"@graph\":[{\"@type\":\"WebSite\",\"@id\":\"https:\/\/www.piveteaubois.com\/fr\/#website\",\"url\":\"https:\/\/www.piveteaubois.com\/fr\/\",\"name\":\"PiveteauBois\",\"description\":\"Piveteaubois sp\u00e9cialiste du bois depuis plus de 75 ans\",\"potentialAction\":[{\"@type\":\"SearchAction\",\"target\":{\"@type\":\"EntryPoint\",\"urlTemplate\":\"https:\/\/www.piveteaubois.com\/fr\/?s={search_term_string}\"},\"query-input\":\"required name=search_term_string\"}],\"inLanguage\":\"fr-FR\"},{\"@type\":\"ImageObject\",\"@id\":\"https:\/\/www.piveteaubois.com\/fr\/nos-produits\/nos-innovations-2016\/bois-damenagement#primaryimage\",\"inLanguage\":\"fr-FR\",\"url\":\"https:\/\/www.piveteaubois.com\/wp-content\/uploads\/2017\/04\/bordure_bois_nymphea.jpg\",\"contentUrl\":\"https:\/\/www.piveteaubois.com\/wp-content\/uploads\/2017\/04\/bordure_bois_nymphea.jpg\",\"width\":516,\"height\":370,\"caption\":\"Bordure nymph\u00e9a - Durapin -Piveteaubois - Bois d'am\u00e9nagement\"},{\"@type\":\"WebPage\",\"@id\":\"https:\/\/www.piveteaubois.com\/fr\/nos-produits\/nos-innovations-2016\/bois-damenagement#webpage\",\"url\":\"https:\/\/www.piveteaubois.com\/fr\/nos-produits\/nos-innovations-2016\/bois-damenagement\",\"name\":\"Les bois d'am\u00e9nagement pour am\u00e9nager vos espaces ext\u00e9rieurs I Piveteaubois\",\"isPartOf\":{\"@id\":\"https:\/\/www.piveteaubois.com\/fr\/#website\"},\"primaryImageOfPage\":{\"@id\":\"https:\/\/www.piveteaubois.com\/fr\/nos-produits\/nos-innovations-2016\/bois-damenagement#primaryimage\"},\"datePublished\":\"2017-04-25T09:18:36+00:00\",\"dateModified\":\"2018-06-21T14:33:43+00:00\",\"description\":\"D\u00e9couvrez les nouveaux mod\u00e8les de bois d'am\u00e9nagement pour structurer vos bordures de jardin. Offrez \u00e0 vos all\u00e9es l'\u00e9l\u00e9gance et la sobri\u00e9t\u00e9 des bordures bois\",\"breadcrumb\":{\"@id\":\"https:\/\/www.piveteaubois.com\/fr\/nos-produits\/nos-innovations-2016\/bois-damenagement#breadcrumb\"},\"inLanguage\":\"fr-FR\",\"potentialAction\":[{\"@type\":\"ReadAction\",\"target\":[\"https:\/\/www.piveteaubois.com\/fr\/nos-produits\/nos-innovations-2016\/bois-damenagement\"]}]},{\"@type\":\"BreadcrumbList\",\"@id\":\"https:\/\/www.piveteaubois.com\/fr\/nos-produits\/nos-innovations-2016\/bois-damenagement#breadcrumb\",\"itemListElement\":[{\"@type\":\"ListItem\",\"position\":1,\"name\":\"Accueil\",\"item\":\"https:\/\/www.piveteaubois.com\/fr\"},{\"@type\":\"ListItem\",\"position\":2,\"name\":\"Nos produits\",\"item\":\"https:\/\/www.piveteaubois.com\/fr\/nos-produits\"},{\"@type\":\"ListItem\",\"position\":3,\"name\":\"Nos innovations 2016\",\"item\":\"https:\/\/www.piveteaubois.com\/fr\/?page_id=2163\"},{\"@type\":\"ListItem\",\"position\":4,\"name\":\"Bois d&rsquo;am\u00e9nagement\"}]}]}<\/script>\n<!-- \/ Yoast SEO plugin. -->","yoast_head_json":{"title":"Les bois d'am\u00e9nagement pour am\u00e9nager vos espaces ext\u00e9rieurs I Piveteaubois","description":"D\u00e9couvrez les nouveaux mod\u00e8les de bois d'am\u00e9nagement pour structurer vos bordures de jardin. Offrez \u00e0 vos all\u00e9es l'\u00e9l\u00e9gance et la sobri\u00e9t\u00e9 des bordures bois","robots":{"index":"index","follow":"follow","max-snippet":"max-snippet:-1","max-image-preview":"max-image-preview:large","max-video-preview":"max-video-preview:-1"},"canonical":"https:\/\/www.piveteaubois.com\/fr\/nos-produits\/nos-innovations-2016\/bois-damenagement","og_locale":"fr_FR","og_type":"article","og_title":"Les bois d'am\u00e9nagement pour am\u00e9nager vos espaces ext\u00e9rieurs I Piveteaubois","og_description":"D\u00e9couvrez les nouveaux mod\u00e8les de bois d'am\u00e9nagement pour structurer vos bordures de jardin. Offrez \u00e0 vos all\u00e9es l'\u00e9l\u00e9gance et la sobri\u00e9t\u00e9 des bordures bois","og_url":"https:\/\/www.piveteaubois.com\/fr\/nos-produits\/nos-innovations-2016\/bois-damenagement","og_site_name":"PiveteauBois","article_modified_time":"2018-06-21T14:33:43+00:00","og_image":[{"width":516,"height":370,"url":"https:\/\/www.piveteaubois.com\/wp-content\/uploads\/2017\/04\/bordure_bois_nymphea.jpg","type":"image\/jpeg"}],"twitter_card":"summary","twitter_misc":{"Dur\u00e9e de lecture estim\u00e9e":"1 minute"},"schema":{"@context":"https:\/\/schema.org","@graph":[{"@type":"WebSite","@id":"https:\/\/www.piveteaubois.com\/fr\/#website","url":"https:\/\/www.piveteaubois.com\/fr\/","name":"PiveteauBois","description":"Piveteaubois sp\u00e9cialiste du bois depuis plus de 75 ans","potentialAction":[{"@type":"SearchAction","target":{"@type":"EntryPoint","urlTemplate":"https:\/\/www.piveteaubois.com\/fr\/?s={search_term_string}"},"query-input":"required name=search_term_string"}],"inLanguage":"fr-FR"},{"@type":"ImageObject","@id":"https:\/\/www.piveteaubois.com\/fr\/nos-produits\/nos-innovations-2016\/bois-damenagement#primaryimage","inLanguage":"fr-FR","url":"https:\/\/www.piveteaubois.com\/wp-content\/uploads\/2017\/04\/bordure_bois_nymphea.jpg","contentUrl":"https:\/\/www.piveteaubois.com\/wp-content\/uploads\/2017\/04\/bordure_bois_nymphea.jpg","width":516,"height":370,"caption":"Bordure nymph\u00e9a - Durapin -Piveteaubois - Bois d'am\u00e9nagement"},{"@type":"WebPage","@id":"https:\/\/www.piveteaubois.com\/fr\/nos-produits\/nos-innovations-2016\/bois-damenagement#webpage","url":"https:\/\/www.piveteaubois.com\/fr\/nos-produits\/nos-innovations-2016\/bois-damenagement","name":"Les bois d'am\u00e9nagement pour am\u00e9nager vos espaces ext\u00e9rieurs I Piveteaubois","isPartOf":{"@id":"https:\/\/www.piveteaubois.com\/fr\/#website"},"primaryImageOfPage":{"@id":"https:\/\/www.piveteaubois.com\/fr\/nos-produits\/nos-innovations-2016\/bois-damenagement#primaryimage"},"datePublished":"2017-04-25T09:18:36+00:00","dateModified":"2018-06-21T14:33:43+00:00","description":"D\u00e9couvrez les nouveaux mod\u00e8les de bois d'am\u00e9nagement pour structurer vos bordures de jardin. Offrez \u00e0 vos all\u00e9es l'\u00e9l\u00e9gance et la sobri\u00e9t\u00e9 des bordures bois","breadcrumb":{"@id":"https:\/\/www.piveteaubois.com\/fr\/nos-produits\/nos-innovations-2016\/bois-damenagement#breadcrumb"},"inLanguage":"fr-FR","potentialAction":[{"@type":"ReadAction","target":["https:\/\/www.piveteaubois.com\/fr\/nos-produits\/nos-innovations-2016\/bois-damenagement"]}]},{"@type":"BreadcrumbList","@id":"https:\/\/www.piveteaubois.com\/fr\/nos-produits\/nos-innovations-2016\/bois-damenagement#breadcrumb","itemListElement":[{"@type":"ListItem","position":1,"name":"Accueil","item":"https:\/\/www.piveteaubois.com\/fr"},{"@type":"ListItem","position":2,"name":"Nos produits","item":"https:\/\/www.piveteaubois.com\/fr\/nos-produits"},{"@type":"ListItem","position":3,"name":"Nos innovations 2016","item":"https:\/\/www.piveteaubois.com\/fr\/?page_id=2163"},{"@type":"ListItem","position":4,"name":"Bois d&rsquo;am\u00e9nagement"}]}]}},"_links":{"self":[{"href":"https:\/\/www.piveteaubois.com\/fr\/wp-json\/wp\/v2\/pages\/2259"}],"collection":[{"href":"https:\/\/www.piveteaubois.com\/fr\/wp-json\/wp\/v2\/pages"}],"about":[{"href":"https:\/\/www.piveteaubois.com\/fr\/wp-json\/wp\/v2\/types\/page"}],"author":[{"embeddable":true,"href":"https:\/\/www.piveteaubois.com\/fr\/wp-json\/wp\/v2\/users\/2"}],"replies":[{"embeddable":true,"href":"https:\/\/www.piveteaubois.com\/fr\/wp-json\/wp\/v2\/comments?post=2259"}],"version-history":[{"count":9,"href":"https:\/\/www.piveteaubois.com\/fr\/wp-json\/wp\/v2\/pages\/2259\/revisions"}],"predecessor-version":[{"id":2776,"href":"https:\/\/www.piveteaubois.com\/fr\/wp-json\/wp\/v2\/pages\/2259\/revisions\/2776"}],"up":[{"embeddable":true,"href":"https:\/\/www.piveteaubois.com\/fr\/wp-json\/wp\/v2\/pages\/2163"}],"wp:featuredmedia":[{"embeddable":true,"href":"https:\/\/www.piveteaubois.com\/fr\/wp-json\/wp\/v2\/media\/2268"}],"wp:attachment":[{"href":"https:\/\/www.piveteaubois.com\/fr\/wp-json\/wp\/v2\/media?parent=2259"}],"curies":[{"name":"wp","href":"https:\/\/api.w.org\/{rel}","templated":true}]}}