{"id":2273,"date":"2017-04-25T10:34:16","date_gmt":"2017-04-25T09:34:16","guid":{"rendered":"http:\/\/www.piveteaubois.com\/?page_id=2273"},"modified":"2018-06-21T15:34:15","modified_gmt":"2018-06-21T14:34:15","slug":"jardiniere","status":"publish","type":"page","link":"https:\/\/www.piveteaubois.com\/fr\/nos-produits\/nos-innovations-2016\/jardiniere","title":{"rendered":"Jardini\u00e8re"},"content":{"rendered":"<div id='gallery-1' class='gallery galleryid-2273 gallery-columns-3 gallery-size-thumbnail'><dl class='gallery-item'>\n\t\t\t<dt class='gallery-icon portrait'>\n\t\t\t\t<a href='https:\/\/www.piveteaubois.com\/fr\/nos-produits\/nos-innovations-2016\/jardiniere\/attachment\/jardiniere-bellagio-pin-durapin-piveteaubois'><img width=\"150\" height=\"150\" src=\"https:\/\/www.piveteaubois.com\/wp-content\/uploads\/2017\/04\/jardiniere-bellagio-pin-durapin-piveteaubois-150x150.jpg\" class=\"attachment-thumbnail size-thumbnail\" alt=\"Jardini\u00e8re Bellagio - DURAPIN - PIVETEAUBOIS\" loading=\"lazy\" aria-describedby=\"gallery-1-2943\" \/><\/a>\n\t\t\t<\/dt>\n\t\t\t\t<dd class='wp-caption-text gallery-caption' id='gallery-1-2943'>\n\t\t\t\tJardini\u00e8re Bellagio &#8211; DURAPIN &#8211; PIVETEAUBOIS\n\t\t\t\t<\/dd><\/dl><dl class='gallery-item'>\n\t\t\t<dt class='gallery-icon landscape'>\n\t\t\t\t<a href='https:\/\/www.piveteaubois.com\/fr\/nos-produits\/nos-innovations-2016\/jardiniere\/attachment\/jardiniere-bellagio-pin-durapin-piveteaubois-001'><img width=\"150\" height=\"150\" src=\"https:\/\/www.piveteaubois.com\/wp-content\/uploads\/2017\/04\/jardiniere-bellagio-pin-durapin-piveteaubois-001-150x150.jpg\" class=\"attachment-thumbnail size-thumbnail\" alt=\"Jardini\u00e8re Bellagio - DURAPIN - PIVETEAUBOIS\" loading=\"lazy\" aria-describedby=\"gallery-1-2944\" \/><\/a>\n\t\t\t<\/dt>\n\t\t\t\t<dd class='wp-caption-text gallery-caption' id='gallery-1-2944'>\n\t\t\t\tJardini\u00e8re Bellagio &#8211; DURAPIN &#8211; PIVETEAUBOIS\n\t\t\t\t<\/dd><\/dl>\n\t\t\t<br style='clear: both' \/>\n\t\t<\/div>\n\n<hr \/>\n<p>Composez la nouvelle jardini\u00e8re en bois selon vos envies en modifiant le sens des bois ! Son assemblage est un jeu d\u2019enfant ! Robuste, elle est id\u00e9ale pour les espaces publics et les collectivit\u00e9s qui veulent un produit bois diff\u00e9renciant et au montage rapide.<\/p>\n<hr \/>\n<p>&nbsp;<\/p>\n<h1>JARDINI\u00c8RE BELLAGIO<\/h1>\n<p><strong>Une jardini\u00e8re en bois modulable jusqu&rsquo;\u00e0 3 compositions, d\u00e9di\u00e9e aux espaces publics !<\/strong><\/p>\n<p>Pour se diff\u00e9rencier sur le march\u00e9 de l&rsquo;am\u00e9nagement urbain et lib\u00e9rer la cr\u00e9ativit\u00e9 des paysagistes, <strong>PIVETEAUBOIS<\/strong> a mis au point une jardini\u00e8re en Pin classe 4 (garantie 15 \u00e0 20\u00a0ans) avec 3 possibilit\u00e9s de compositions.<\/p>\n<p>Robuste et design, elle s&rsquo;ins\u00e9rera parfaitement dans les espaces publics.<\/p>\n<p><img loading=\"lazy\" class=\"aligncenter wp-image-2282 size-full\" src=\"http:\/\/www.piveteaubois.com\/wp-content\/uploads\/2017\/04\/jardinieere-bellagio_schema.jpg\" alt=\"\" width=\"300\" height=\"266\" \/><\/p>\n<h3>CARACT\u00c9RISTIQUES TECHNIQUES<\/h3>\n<ul>\n<li>Essence : Pin<\/li>\n<li>Classe d&#8217;emploi : Pin classe 4<\/li>\n<li>Technologie <a href=\"http:\/\/www.piveteaubois.com\/fr\/nos-technologies\/durapin\" target=\"_blank\" rel=\"noopener noreferrer\">Durapin<\/a> (garantie 15\u00a0ans en contact avec le sol et 20\u00a0ans hors sol)<\/li>\n<li>Coloris : marron par impr\u00e9gnation<\/li>\n<li>Dimensions ext\u00e9rieures de la jardini\u00e8re : 1000 x 1000 mm<\/li>\n<li>Hauteur de la jardini\u00e8re : 810 mm<\/li>\n<li>Volume terre : 440 L<\/li>\n<li>Bois entaill\u00e9s de section 68 x 90 mm<\/li>\n<li>Fond bois<\/li>\n<li>B\u00e2che tiss\u00e9e<\/li>\n<li>4 pieds de poteaux r\u00e9glables fournis qui permettent un r\u00e9glage en hauteur<\/li>\n<\/ul>\n<p><img loading=\"lazy\" class=\"alignnone wp-image-149\" src=\"http:\/\/www.piveteaubois.com\/wp-content\/uploads\/2015\/04\/durapin.png\" alt=\"Technologie DURAPIN\" width=\"88\" height=\"43\" \/><\/p>\n<h3>LES + PRODUIT<\/h3>\n<ul>\n<li>Robuste, adapt\u00e9e aux espaces publics<\/li>\n<li>A composer selon ses envies en modifiant le sens des bois<\/li>\n<li>L&rsquo;assemblage est un jeu d&rsquo;enfant<\/li>\n<li>Innovation <strong>PIVETEAUBOIS<\/strong><\/li>\n<\/ul>\n<h3>MONTAGE<\/h3>\n<p>Embo\u00eetement des bois sur tiges filet\u00e9es Inox.<\/p>\n<p>&nbsp;<\/p>\n","protected":false},"excerpt":{"rendered":"<p>Composez la nouvelle jardini\u00e8re en bois selon vos envies en modifiant le sens des bois ! Son assemblage est un jeu d\u2019enfant ! Robuste, elle est id\u00e9ale pour les espaces publics et les collectivit\u00e9s qui veulent un produit bois diff\u00e9renciant et au montage rapide<\/p>\n","protected":false},"author":2,"featured_media":2284,"parent":2163,"menu_order":7,"comment_status":"closed","ping_status":"closed","template":"","meta":[],"acf":[],"yoast_head":"<!-- This site is optimized with the Yoast SEO plugin v18.4.1 - https:\/\/yoast.com\/wordpress\/plugins\/seo\/ -->\n<title>La nouvelle jardini\u00e8re Bellagio I Piveteaubois<\/title>\n<meta name=\"description\" content=\"Robuste, elle est id\u00e9ale pour les espaces publics et les collectivit\u00e9s. Son assemblage est un jeu d\u2019enfant avec un montage rapide !\" \/>\n<meta name=\"robots\" content=\"index, follow, max-snippet:-1, max-image-preview:large, max-video-preview:-1\" \/>\n<link rel=\"canonical\" href=\"https:\/\/www.piveteaubois.com\/fr\/nos-produits\/nos-innovations-2016\/jardiniere\" \/>\n<meta property=\"og:locale\" content=\"fr_FR\" \/>\n<meta property=\"og:type\" content=\"article\" \/>\n<meta property=\"og:title\" content=\"La nouvelle jardini\u00e8re Bellagio I Piveteaubois\" \/>\n<meta property=\"og:description\" content=\"Robuste, elle est id\u00e9ale pour les espaces publics et les collectivit\u00e9s. Son assemblage est un jeu d\u2019enfant avec un montage rapide !\" \/>\n<meta property=\"og:url\" content=\"https:\/\/www.piveteaubois.com\/fr\/nos-produits\/nos-innovations-2016\/jardiniere\" \/>\n<meta property=\"og:site_name\" content=\"PiveteauBois\" \/>\n<meta property=\"article:modified_time\" content=\"2018-06-21T14:34:15+00:00\" \/>\n<meta property=\"og:image\" content=\"https:\/\/www.piveteaubois.com\/wp-content\/uploads\/2017\/04\/jardiniere_bellagio.jpg\" \/>\n\t<meta property=\"og:image:width\" content=\"516\" \/>\n\t<meta property=\"og:image:height\" content=\"357\" \/>\n\t<meta property=\"og:image:type\" content=\"image\/jpeg\" \/>\n<meta name=\"twitter:card\" content=\"summary\" \/>\n<meta name=\"twitter:label1\" content=\"Dur\u00e9e de lecture estim\u00e9e\" \/>\n\t<meta name=\"twitter:data1\" content=\"1 minute\" \/>\n<script type=\"application\/ld+json\" class=\"yoast-schema-graph\">{\"@context\":\"https:\/\/schema.org\",\"@graph\":[{\"@type\":\"WebSite\",\"@id\":\"https:\/\/www.piveteaubois.com\/fr\/#website\",\"url\":\"https:\/\/www.piveteaubois.com\/fr\/\",\"name\":\"PiveteauBois\",\"description\":\"Piveteaubois sp\u00e9cialiste du bois depuis plus de 75 ans\",\"potentialAction\":[{\"@type\":\"SearchAction\",\"target\":{\"@type\":\"EntryPoint\",\"urlTemplate\":\"https:\/\/www.piveteaubois.com\/fr\/?s={search_term_string}\"},\"query-input\":\"required name=search_term_string\"}],\"inLanguage\":\"fr-FR\"},{\"@type\":\"ImageObject\",\"@id\":\"https:\/\/www.piveteaubois.com\/fr\/nos-produits\/nos-innovations-2016\/jardiniere#primaryimage\",\"inLanguage\":\"fr-FR\",\"url\":\"https:\/\/www.piveteaubois.com\/wp-content\/uploads\/2017\/04\/jardiniere_bellagio.jpg\",\"contentUrl\":\"https:\/\/www.piveteaubois.com\/wp-content\/uploads\/2017\/04\/jardiniere_bellagio.jpg\",\"width\":516,\"height\":357},{\"@type\":\"WebPage\",\"@id\":\"https:\/\/www.piveteaubois.com\/fr\/nos-produits\/nos-innovations-2016\/jardiniere#webpage\",\"url\":\"https:\/\/www.piveteaubois.com\/fr\/nos-produits\/nos-innovations-2016\/jardiniere\",\"name\":\"La nouvelle jardini\u00e8re Bellagio I Piveteaubois\",\"isPartOf\":{\"@id\":\"https:\/\/www.piveteaubois.com\/fr\/#website\"},\"primaryImageOfPage\":{\"@id\":\"https:\/\/www.piveteaubois.com\/fr\/nos-produits\/nos-innovations-2016\/jardiniere#primaryimage\"},\"datePublished\":\"2017-04-25T09:34:16+00:00\",\"dateModified\":\"2018-06-21T14:34:15+00:00\",\"description\":\"Robuste, elle est id\u00e9ale pour les espaces publics et les collectivit\u00e9s. Son assemblage est un jeu d\u2019enfant avec un montage rapide !\",\"breadcrumb\":{\"@id\":\"https:\/\/www.piveteaubois.com\/fr\/nos-produits\/nos-innovations-2016\/jardiniere#breadcrumb\"},\"inLanguage\":\"fr-FR\",\"potentialAction\":[{\"@type\":\"ReadAction\",\"target\":[\"https:\/\/www.piveteaubois.com\/fr\/nos-produits\/nos-innovations-2016\/jardiniere\"]}]},{\"@type\":\"BreadcrumbList\",\"@id\":\"https:\/\/www.piveteaubois.com\/fr\/nos-produits\/nos-innovations-2016\/jardiniere#breadcrumb\",\"itemListElement\":[{\"@type\":\"ListItem\",\"position\":1,\"name\":\"Accueil\",\"item\":\"https:\/\/www.piveteaubois.com\/fr\"},{\"@type\":\"ListItem\",\"position\":2,\"name\":\"Nos produits\",\"item\":\"https:\/\/www.piveteaubois.com\/fr\/nos-produits\"},{\"@type\":\"ListItem\",\"position\":3,\"name\":\"Nos innovations 2016\",\"item\":\"https:\/\/www.piveteaubois.com\/fr\/?page_id=2163\"},{\"@type\":\"ListItem\",\"position\":4,\"name\":\"Jardini\u00e8re\"}]}]}<\/script>\n<!-- \/ Yoast SEO plugin. -->","yoast_head_json":{"title":"La nouvelle jardini\u00e8re Bellagio I Piveteaubois","description":"Robuste, elle est id\u00e9ale pour les espaces publics et les collectivit\u00e9s. Son assemblage est un jeu d\u2019enfant avec un montage rapide !","robots":{"index":"index","follow":"follow","max-snippet":"max-snippet:-1","max-image-preview":"max-image-preview:large","max-video-preview":"max-video-preview:-1"},"canonical":"https:\/\/www.piveteaubois.com\/fr\/nos-produits\/nos-innovations-2016\/jardiniere","og_locale":"fr_FR","og_type":"article","og_title":"La nouvelle jardini\u00e8re Bellagio I Piveteaubois","og_description":"Robuste, elle est id\u00e9ale pour les espaces publics et les collectivit\u00e9s. Son assemblage est un jeu d\u2019enfant avec un montage rapide !","og_url":"https:\/\/www.piveteaubois.com\/fr\/nos-produits\/nos-innovations-2016\/jardiniere","og_site_name":"PiveteauBois","article_modified_time":"2018-06-21T14:34:15+00:00","og_image":[{"width":516,"height":357,"url":"https:\/\/www.piveteaubois.com\/wp-content\/uploads\/2017\/04\/jardiniere_bellagio.jpg","type":"image\/jpeg"}],"twitter_card":"summary","twitter_misc":{"Dur\u00e9e de lecture estim\u00e9e":"1 minute"},"schema":{"@context":"https:\/\/schema.org","@graph":[{"@type":"WebSite","@id":"https:\/\/www.piveteaubois.com\/fr\/#website","url":"https:\/\/www.piveteaubois.com\/fr\/","name":"PiveteauBois","description":"Piveteaubois sp\u00e9cialiste du bois depuis plus de 75 ans","potentialAction":[{"@type":"SearchAction","target":{"@type":"EntryPoint","urlTemplate":"https:\/\/www.piveteaubois.com\/fr\/?s={search_term_string}"},"query-input":"required name=search_term_string"}],"inLanguage":"fr-FR"},{"@type":"ImageObject","@id":"https:\/\/www.piveteaubois.com\/fr\/nos-produits\/nos-innovations-2016\/jardiniere#primaryimage","inLanguage":"fr-FR","url":"https:\/\/www.piveteaubois.com\/wp-content\/uploads\/2017\/04\/jardiniere_bellagio.jpg","contentUrl":"https:\/\/www.piveteaubois.com\/wp-content\/uploads\/2017\/04\/jardiniere_bellagio.jpg","width":516,"height":357},{"@type":"WebPage","@id":"https:\/\/www.piveteaubois.com\/fr\/nos-produits\/nos-innovations-2016\/jardiniere#webpage","url":"https:\/\/www.piveteaubois.com\/fr\/nos-produits\/nos-innovations-2016\/jardiniere","name":"La nouvelle jardini\u00e8re Bellagio I Piveteaubois","isPartOf":{"@id":"https:\/\/www.piveteaubois.com\/fr\/#website"},"primaryImageOfPage":{"@id":"https:\/\/www.piveteaubois.com\/fr\/nos-produits\/nos-innovations-2016\/jardiniere#primaryimage"},"datePublished":"2017-04-25T09:34:16+00:00","dateModified":"2018-06-21T14:34:15+00:00","description":"Robuste, elle est id\u00e9ale pour les espaces publics et les collectivit\u00e9s. Son assemblage est un jeu d\u2019enfant avec un montage rapide !","breadcrumb":{"@id":"https:\/\/www.piveteaubois.com\/fr\/nos-produits\/nos-innovations-2016\/jardiniere#breadcrumb"},"inLanguage":"fr-FR","potentialAction":[{"@type":"ReadAction","target":["https:\/\/www.piveteaubois.com\/fr\/nos-produits\/nos-innovations-2016\/jardiniere"]}]},{"@type":"BreadcrumbList","@id":"https:\/\/www.piveteaubois.com\/fr\/nos-produits\/nos-innovations-2016\/jardiniere#breadcrumb","itemListElement":[{"@type":"ListItem","position":1,"name":"Accueil","item":"https:\/\/www.piveteaubois.com\/fr"},{"@type":"ListItem","position":2,"name":"Nos produits","item":"https:\/\/www.piveteaubois.com\/fr\/nos-produits"},{"@type":"ListItem","position":3,"name":"Nos innovations 2016","item":"https:\/\/www.piveteaubois.com\/fr\/?page_id=2163"},{"@type":"ListItem","position":4,"name":"Jardini\u00e8re"}]}]}},"_links":{"self":[{"href":"https:\/\/www.piveteaubois.com\/fr\/wp-json\/wp\/v2\/pages\/2273"}],"collection":[{"href":"https:\/\/www.piveteaubois.com\/fr\/wp-json\/wp\/v2\/pages"}],"about":[{"href":"https:\/\/www.piveteaubois.com\/fr\/wp-json\/wp\/v2\/types\/page"}],"author":[{"embeddable":true,"href":"https:\/\/www.piveteaubois.com\/fr\/wp-json\/wp\/v2\/users\/2"}],"replies":[{"embeddable":true,"href":"https:\/\/www.piveteaubois.com\/fr\/wp-json\/wp\/v2\/comments?post=2273"}],"version-history":[{"count":11,"href":"https:\/\/www.piveteaubois.com\/fr\/wp-json\/wp\/v2\/pages\/2273\/revisions"}],"predecessor-version":[{"id":2974,"href":"https:\/\/www.piveteaubois.com\/fr\/wp-json\/wp\/v2\/pages\/2273\/revisions\/2974"}],"up":[{"embeddable":true,"href":"https:\/\/www.piveteaubois.com\/fr\/wp-json\/wp\/v2\/pages\/2163"}],"wp:featuredmedia":[{"embeddable":true,"href":"https:\/\/www.piveteaubois.com\/fr\/wp-json\/wp\/v2\/media\/2284"}],"wp:attachment":[{"href":"https:\/\/www.piveteaubois.com\/fr\/wp-json\/wp\/v2\/media?parent=2273"}],"curies":[{"name":"wp","href":"https:\/\/api.w.org\/{rel}","templated":true}]}}