{"id":2313,"date":"2017-04-25T11:09:23","date_gmt":"2017-04-25T10:09:23","guid":{"rendered":"http:\/\/www.piveteaubois.com\/?page_id=2313"},"modified":"2018-06-21T15:34:46","modified_gmt":"2018-06-21T14:34:46","slug":"bardages-bois-composite","status":"publish","type":"page","link":"https:\/\/www.piveteaubois.com\/fr\/nos-produits\/nos-innovations-2016\/bardages-bois-composite","title":{"rendered":"Bardages bois composite"},"content":{"rendered":"<div id='gallery-1' class='gallery galleryid-2313 gallery-columns-3 gallery-size-thumbnail'><dl class='gallery-item'>\n\t\t\t<dt class='gallery-icon portrait'>\n\t\t\t\t<a href='https:\/\/www.piveteaubois.com\/fr\/nos-produits\/nos-innovations-2016\/bardages-bois-composite\/attachment\/bardage-vanoise-bois-polymere-wex-piveteaubois'><img width=\"150\" height=\"150\" src=\"https:\/\/www.piveteaubois.com\/wp-content\/uploads\/2017\/04\/bardage-vanoise-bois-polymere-wex-piveteaubois-150x150.jpg\" class=\"attachment-thumbnail size-thumbnail\" alt=\"Bardage Vanoise - PIVETEAUBOIS\" loading=\"lazy\" aria-describedby=\"gallery-1-2950\" \/><\/a>\n\t\t\t<\/dt>\n\t\t\t\t<dd class='wp-caption-text gallery-caption' id='gallery-1-2950'>\n\t\t\t\tBardage Vanoise &#8211; PIVETEAUBOIS\n\t\t\t\t<\/dd><\/dl>\n\t\t\t<br style='clear: both' \/>\n\t\t<\/div>\n\n<hr \/>\n<p>Moderne et innovant, ce nouveau bardage en bois composite a tout pour vous s\u00e9duire !<\/p>\n<hr \/>\n<p>&nbsp;<\/p>\n<h1>BARDAGE VANOISE<\/h1>\n<p>Moderne et innovant, ce nouveau bardage en bois composite a tout pour vous s\u00e9duire !<\/p>\n<p>Des lames larges \u00e0 pose droite pour une pose plus rapide et une fa\u00e7ade contemporaine, une fixation simple par clips invisibles, un mat\u00e9riaux innovant et stable dans le temps et une palette de coloris vari\u00e9s pour toutes les envies.<\/p>\n<p>&nbsp;<\/p>\n<p><img loading=\"lazy\" class=\"aligncenter wp-image-2316 size-full\" src=\"http:\/\/www.piveteaubois.com\/wp-content\/uploads\/2017\/04\/bardage_vanoise_schema.jpg\" alt=\"Profil des bardages en bois composite Vanoise\" width=\"70\" height=\"377\" \/><\/p>\n<h3>CARACT\u00c9RISTIQUES TECHNIQUES<\/h3>\n<ul>\n<li>Composition : composition bois polym\u00e8re<\/li>\n<li>Coloris : 6 coloris disponibles (lasure acrylique opaque \u00e0 l&rsquo;eau)<\/li>\n<li>Dimensions : \u00e9paisseur 8 mm; largeur utile 190 mm; longueur 3,60 m<\/li>\n<\/ul>\n<p><img loading=\"lazy\" class=\"alignnone wp-image-155\" src=\"http:\/\/www.piveteaubois.com\/wp-content\/uploads\/2015\/04\/wex.png\" alt=\"\" width=\"47\" height=\"43\" \/><\/p>\n<h3>LES + PRODUIT<\/h3>\n<ul>\n<li>Nouveau design 2016<\/li>\n<li>Fixations cach\u00e9es par clips<\/li>\n<li>Possibilit\u00e9 de pose verticale et \u00e0 joints perdus<\/li>\n<li>Entretien minimum<\/li>\n<li>6 coloris au choix. Excellente tenue de la finition<\/li>\n<\/ul>\n<h3>MONTAGE<\/h3>\n<p>La mise en oeuvre du bardage est facile gr\u00e2ce \u00e0 \u00a0un simple syst\u00e8me de clips cach\u00e9s. La pose des lames est droite avec un joint d&rsquo;ombre discret de 3 mm. Le bardage Vanoise, disponible en coupe \u00e0 la longueur sur demande, peut se poser verticalement et \u00e0 joints perdus.<\/p>\n<p>&nbsp;<\/p>\n<p>&nbsp;<\/p>\n","protected":false},"excerpt":{"rendered":"<p>Moderne et innovant, ce nouveau bardage en bois composite a tout pour vous s\u00e9duire ! <\/p>\n","protected":false},"author":2,"featured_media":2318,"parent":2163,"menu_order":9,"comment_status":"closed","ping_status":"closed","template":"","meta":[],"acf":[],"yoast_head":"<!-- This site is optimized with the Yoast SEO plugin v18.4.1 - https:\/\/yoast.com\/wordpress\/plugins\/seo\/ -->\n<title>Les bardages en bois composite I Piveteaubois<\/title>\n<meta name=\"description\" content=\"Moderne et innovant, ce nouveau bardage en bois composite a tout pour vous s\u00e9duire ! Des lames larges \u00e0 pose droite pour une pose plus rapide.\" \/>\n<meta name=\"robots\" content=\"index, follow, max-snippet:-1, max-image-preview:large, max-video-preview:-1\" \/>\n<link rel=\"canonical\" href=\"https:\/\/www.piveteaubois.com\/fr\/nos-produits\/nos-innovations-2016\/bardages-bois-composite\" \/>\n<meta property=\"og:locale\" content=\"fr_FR\" \/>\n<meta property=\"og:type\" content=\"article\" \/>\n<meta property=\"og:title\" content=\"Les bardages en bois composite I Piveteaubois\" \/>\n<meta property=\"og:description\" content=\"Moderne et innovant, ce nouveau bardage en bois composite a tout pour vous s\u00e9duire ! Des lames larges \u00e0 pose droite pour une pose plus rapide.\" \/>\n<meta property=\"og:url\" content=\"https:\/\/www.piveteaubois.com\/fr\/nos-produits\/nos-innovations-2016\/bardages-bois-composite\" \/>\n<meta property=\"og:site_name\" content=\"PiveteauBois\" \/>\n<meta property=\"article:modified_time\" content=\"2018-06-21T14:34:46+00:00\" \/>\n<meta property=\"og:image\" content=\"https:\/\/www.piveteaubois.com\/wp-content\/uploads\/2017\/04\/bardage_vanoise_wex.jpg\" \/>\n\t<meta property=\"og:image:width\" content=\"516\" \/>\n\t<meta property=\"og:image:height\" content=\"689\" \/>\n\t<meta property=\"og:image:type\" content=\"image\/jpeg\" \/>\n<meta name=\"twitter:card\" content=\"summary\" \/>\n<meta name=\"twitter:label1\" content=\"Dur\u00e9e de lecture estim\u00e9e\" \/>\n\t<meta name=\"twitter:data1\" content=\"1 minute\" \/>\n<script type=\"application\/ld+json\" class=\"yoast-schema-graph\">{\"@context\":\"https:\/\/schema.org\",\"@graph\":[{\"@type\":\"WebSite\",\"@id\":\"https:\/\/www.piveteaubois.com\/fr\/#website\",\"url\":\"https:\/\/www.piveteaubois.com\/fr\/\",\"name\":\"PiveteauBois\",\"description\":\"Piveteaubois sp\u00e9cialiste du bois depuis plus de 75 ans\",\"potentialAction\":[{\"@type\":\"SearchAction\",\"target\":{\"@type\":\"EntryPoint\",\"urlTemplate\":\"https:\/\/www.piveteaubois.com\/fr\/?s={search_term_string}\"},\"query-input\":\"required name=search_term_string\"}],\"inLanguage\":\"fr-FR\"},{\"@type\":\"ImageObject\",\"@id\":\"https:\/\/www.piveteaubois.com\/fr\/nos-produits\/nos-innovations-2016\/bardages-bois-composite#primaryimage\",\"inLanguage\":\"fr-FR\",\"url\":\"https:\/\/www.piveteaubois.com\/wp-content\/uploads\/2017\/04\/bardage_vanoise_wex.jpg\",\"contentUrl\":\"https:\/\/www.piveteaubois.com\/wp-content\/uploads\/2017\/04\/bardage_vanoise_wex.jpg\",\"width\":516,\"height\":689},{\"@type\":\"WebPage\",\"@id\":\"https:\/\/www.piveteaubois.com\/fr\/nos-produits\/nos-innovations-2016\/bardages-bois-composite#webpage\",\"url\":\"https:\/\/www.piveteaubois.com\/fr\/nos-produits\/nos-innovations-2016\/bardages-bois-composite\",\"name\":\"Les bardages en bois composite I Piveteaubois\",\"isPartOf\":{\"@id\":\"https:\/\/www.piveteaubois.com\/fr\/#website\"},\"primaryImageOfPage\":{\"@id\":\"https:\/\/www.piveteaubois.com\/fr\/nos-produits\/nos-innovations-2016\/bardages-bois-composite#primaryimage\"},\"datePublished\":\"2017-04-25T10:09:23+00:00\",\"dateModified\":\"2018-06-21T14:34:46+00:00\",\"description\":\"Moderne et innovant, ce nouveau bardage en bois composite a tout pour vous s\u00e9duire ! Des lames larges \u00e0 pose droite pour une pose plus rapide.\",\"breadcrumb\":{\"@id\":\"https:\/\/www.piveteaubois.com\/fr\/nos-produits\/nos-innovations-2016\/bardages-bois-composite#breadcrumb\"},\"inLanguage\":\"fr-FR\",\"potentialAction\":[{\"@type\":\"ReadAction\",\"target\":[\"https:\/\/www.piveteaubois.com\/fr\/nos-produits\/nos-innovations-2016\/bardages-bois-composite\"]}]},{\"@type\":\"BreadcrumbList\",\"@id\":\"https:\/\/www.piveteaubois.com\/fr\/nos-produits\/nos-innovations-2016\/bardages-bois-composite#breadcrumb\",\"itemListElement\":[{\"@type\":\"ListItem\",\"position\":1,\"name\":\"Accueil\",\"item\":\"https:\/\/www.piveteaubois.com\/fr\"},{\"@type\":\"ListItem\",\"position\":2,\"name\":\"Nos produits\",\"item\":\"https:\/\/www.piveteaubois.com\/fr\/nos-produits\"},{\"@type\":\"ListItem\",\"position\":3,\"name\":\"Nos innovations 2016\",\"item\":\"https:\/\/www.piveteaubois.com\/fr\/?page_id=2163\"},{\"@type\":\"ListItem\",\"position\":4,\"name\":\"Bardages bois composite\"}]}]}<\/script>\n<!-- \/ Yoast SEO plugin. -->","yoast_head_json":{"title":"Les bardages en bois composite I Piveteaubois","description":"Moderne et innovant, ce nouveau bardage en bois composite a tout pour vous s\u00e9duire ! Des lames larges \u00e0 pose droite pour une pose plus rapide.","robots":{"index":"index","follow":"follow","max-snippet":"max-snippet:-1","max-image-preview":"max-image-preview:large","max-video-preview":"max-video-preview:-1"},"canonical":"https:\/\/www.piveteaubois.com\/fr\/nos-produits\/nos-innovations-2016\/bardages-bois-composite","og_locale":"fr_FR","og_type":"article","og_title":"Les bardages en bois composite I Piveteaubois","og_description":"Moderne et innovant, ce nouveau bardage en bois composite a tout pour vous s\u00e9duire ! Des lames larges \u00e0 pose droite pour une pose plus rapide.","og_url":"https:\/\/www.piveteaubois.com\/fr\/nos-produits\/nos-innovations-2016\/bardages-bois-composite","og_site_name":"PiveteauBois","article_modified_time":"2018-06-21T14:34:46+00:00","og_image":[{"width":516,"height":689,"url":"https:\/\/www.piveteaubois.com\/wp-content\/uploads\/2017\/04\/bardage_vanoise_wex.jpg","type":"image\/jpeg"}],"twitter_card":"summary","twitter_misc":{"Dur\u00e9e de lecture estim\u00e9e":"1 minute"},"schema":{"@context":"https:\/\/schema.org","@graph":[{"@type":"WebSite","@id":"https:\/\/www.piveteaubois.com\/fr\/#website","url":"https:\/\/www.piveteaubois.com\/fr\/","name":"PiveteauBois","description":"Piveteaubois sp\u00e9cialiste du bois depuis plus de 75 ans","potentialAction":[{"@type":"SearchAction","target":{"@type":"EntryPoint","urlTemplate":"https:\/\/www.piveteaubois.com\/fr\/?s={search_term_string}"},"query-input":"required name=search_term_string"}],"inLanguage":"fr-FR"},{"@type":"ImageObject","@id":"https:\/\/www.piveteaubois.com\/fr\/nos-produits\/nos-innovations-2016\/bardages-bois-composite#primaryimage","inLanguage":"fr-FR","url":"https:\/\/www.piveteaubois.com\/wp-content\/uploads\/2017\/04\/bardage_vanoise_wex.jpg","contentUrl":"https:\/\/www.piveteaubois.com\/wp-content\/uploads\/2017\/04\/bardage_vanoise_wex.jpg","width":516,"height":689},{"@type":"WebPage","@id":"https:\/\/www.piveteaubois.com\/fr\/nos-produits\/nos-innovations-2016\/bardages-bois-composite#webpage","url":"https:\/\/www.piveteaubois.com\/fr\/nos-produits\/nos-innovations-2016\/bardages-bois-composite","name":"Les bardages en bois composite I Piveteaubois","isPartOf":{"@id":"https:\/\/www.piveteaubois.com\/fr\/#website"},"primaryImageOfPage":{"@id":"https:\/\/www.piveteaubois.com\/fr\/nos-produits\/nos-innovations-2016\/bardages-bois-composite#primaryimage"},"datePublished":"2017-04-25T10:09:23+00:00","dateModified":"2018-06-21T14:34:46+00:00","description":"Moderne et innovant, ce nouveau bardage en bois composite a tout pour vous s\u00e9duire ! Des lames larges \u00e0 pose droite pour une pose plus rapide.","breadcrumb":{"@id":"https:\/\/www.piveteaubois.com\/fr\/nos-produits\/nos-innovations-2016\/bardages-bois-composite#breadcrumb"},"inLanguage":"fr-FR","potentialAction":[{"@type":"ReadAction","target":["https:\/\/www.piveteaubois.com\/fr\/nos-produits\/nos-innovations-2016\/bardages-bois-composite"]}]},{"@type":"BreadcrumbList","@id":"https:\/\/www.piveteaubois.com\/fr\/nos-produits\/nos-innovations-2016\/bardages-bois-composite#breadcrumb","itemListElement":[{"@type":"ListItem","position":1,"name":"Accueil","item":"https:\/\/www.piveteaubois.com\/fr"},{"@type":"ListItem","position":2,"name":"Nos produits","item":"https:\/\/www.piveteaubois.com\/fr\/nos-produits"},{"@type":"ListItem","position":3,"name":"Nos innovations 2016","item":"https:\/\/www.piveteaubois.com\/fr\/?page_id=2163"},{"@type":"ListItem","position":4,"name":"Bardages bois composite"}]}]}},"_links":{"self":[{"href":"https:\/\/www.piveteaubois.com\/fr\/wp-json\/wp\/v2\/pages\/2313"}],"collection":[{"href":"https:\/\/www.piveteaubois.com\/fr\/wp-json\/wp\/v2\/pages"}],"about":[{"href":"https:\/\/www.piveteaubois.com\/fr\/wp-json\/wp\/v2\/types\/page"}],"author":[{"embeddable":true,"href":"https:\/\/www.piveteaubois.com\/fr\/wp-json\/wp\/v2\/users\/2"}],"replies":[{"embeddable":true,"href":"https:\/\/www.piveteaubois.com\/fr\/wp-json\/wp\/v2\/comments?post=2313"}],"version-history":[{"count":10,"href":"https:\/\/www.piveteaubois.com\/fr\/wp-json\/wp\/v2\/pages\/2313\/revisions"}],"predecessor-version":[{"id":3430,"href":"https:\/\/www.piveteaubois.com\/fr\/wp-json\/wp\/v2\/pages\/2313\/revisions\/3430"}],"up":[{"embeddable":true,"href":"https:\/\/www.piveteaubois.com\/fr\/wp-json\/wp\/v2\/pages\/2163"}],"wp:featuredmedia":[{"embeddable":true,"href":"https:\/\/www.piveteaubois.com\/fr\/wp-json\/wp\/v2\/media\/2318"}],"wp:attachment":[{"href":"https:\/\/www.piveteaubois.com\/fr\/wp-json\/wp\/v2\/media?parent=2313"}],"curies":[{"name":"wp","href":"https:\/\/api.w.org\/{rel}","templated":true}]}}