{"id":238,"date":"2015-04-13T16:07:44","date_gmt":"2015-04-13T15:07:44","guid":{"rendered":"http:\/\/preprod.piveteaubois.com\/\/?page_id=238"},"modified":"2024-03-18T14:06:11","modified_gmt":"2024-03-18T13:06:11","slug":"lamwood","status":"publish","type":"page","link":"https:\/\/www.piveteaubois.com\/fr\/piveteaubois\/lamwood","title":{"rendered":"Lamwood"},"content":{"rendered":"<div id='gallery-1' class='gallery galleryid-238 gallery-columns-3 gallery-size-thumbnail'><dl class='gallery-item'>\n\t\t\t<dt class='gallery-icon portrait'>\n\t\t\t\t<a href='https:\/\/www.piveteaubois.com\/fr\/piveteaubois\/lamwood\/attachment\/piv13-ecole-ste-flo-06'><img width=\"150\" height=\"150\" src=\"https:\/\/www.piveteaubois.com\/wp-content\/uploads\/2015\/04\/PIV13-ECOLE-STE-FLO-06-150x150.jpg\" class=\"attachment-thumbnail size-thumbnail\" alt=\"Bardage Largo en Douglas\" loading=\"lazy\" aria-describedby=\"gallery-1-548\" \/><\/a>\n\t\t\t<\/dt>\n\t\t\t\t<dd class='wp-caption-text gallery-caption' id='gallery-1-548'>\n\t\t\t\tBardage Largo en Douglas\n\t\t\t\t<\/dd><\/dl><dl class='gallery-item'>\n\t\t\t<dt class='gallery-icon landscape'>\n\t\t\t\t<a href='https:\/\/www.piveteaubois.com\/fr\/piveteaubois\/lamwood\/attachment\/bardage-largo-evolution-douglas-lasure-piveteaubois'><img width=\"150\" height=\"150\" src=\"https:\/\/www.piveteaubois.com\/wp-content\/uploads\/2015\/04\/Bardage-Largo-evolution-Douglas-lasur\u00e9-PIVETEAUBOIS-150x150.jpg\" class=\"attachment-thumbnail size-thumbnail\" alt=\"BARDAGE LARGO BRUN MUSCADE\" loading=\"lazy\" aria-describedby=\"gallery-1-566\" \/><\/a>\n\t\t\t<\/dt>\n\t\t\t\t<dd class='wp-caption-text gallery-caption' id='gallery-1-566'>\n\t\t\t\tBARDAGE LARGO BRUN MUSCADE\n\t\t\t\t<\/dd><\/dl><dl class='gallery-item'>\n\t\t\t<dt class='gallery-icon landscape'>\n\t\t\t\t<a href='https:\/\/www.piveteaubois.com\/fr\/piveteaubois\/lamwood\/attachment\/bardage-largo-evolution-douglas-lasure-piveteaubois-3'><img width=\"150\" height=\"150\" src=\"https:\/\/www.piveteaubois.com\/wp-content\/uploads\/2015\/04\/Bardage-Largo-evolution-Douglas-lasur\u00e9-PIVETEAUBOIS-3-150x150.jpg\" class=\"attachment-thumbnail size-thumbnail\" alt=\"BARDAGE LARGO LASUR\u00c9\" loading=\"lazy\" aria-describedby=\"gallery-1-564\" \/><\/a>\n\t\t\t<\/dt>\n\t\t\t\t<dd class='wp-caption-text gallery-caption' id='gallery-1-564'>\n\t\t\t\tBARDAGE LARGO LASUR\u00c9\n\t\t\t\t<\/dd><\/dl><br style=\"clear: both\" \/><dl class='gallery-item'>\n\t\t\t<dt class='gallery-icon landscape'>\n\t\t\t\t<a href='https:\/\/www.piveteaubois.com\/fr\/piveteaubois\/lamwood\/attachment\/largo-architecte-sandrine-raphel-chesse'><img width=\"150\" height=\"150\" src=\"https:\/\/www.piveteaubois.com\/wp-content\/uploads\/2015\/04\/LARGO-architecte-sandrine-Raphel-Chesse-150x150.jpg\" class=\"attachment-thumbnail size-thumbnail\" alt=\"BARDAGE LARGO\" loading=\"lazy\" aria-describedby=\"gallery-1-570\" \/><\/a>\n\t\t\t<\/dt>\n\t\t\t\t<dd class='wp-caption-text gallery-caption' id='gallery-1-570'>\n\t\t\t\tBARDAGE LARGO\n\t\t\t\t<\/dd><\/dl><dl class='gallery-item'>\n\t\t\t<dt class='gallery-icon landscape'>\n\t\t\t\t<a href='https:\/\/www.piveteaubois.com\/fr\/piveteaubois\/lamwood\/attachment\/piv14-h30-006'><img width=\"150\" height=\"150\" src=\"https:\/\/www.piveteaubois.com\/wp-content\/uploads\/2015\/04\/PIV14-H30-006-150x150.jpg\" class=\"attachment-thumbnail size-thumbnail\" alt=\"Structure bois\" loading=\"lazy\" aria-describedby=\"gallery-1-550\" \/><\/a>\n\t\t\t<\/dt>\n\t\t\t\t<dd class='wp-caption-text gallery-caption' id='gallery-1-550'>\n\t\t\t\tStructure bois\n\t\t\t\t<\/dd><\/dl><dl class='gallery-item'>\n\t\t\t<dt class='gallery-icon landscape'>\n\t\t\t\t<a href='https:\/\/www.piveteaubois.com\/fr\/piveteaubois\/lamwood\/attachment\/piv14-h30-028'><img width=\"150\" height=\"150\" src=\"https:\/\/www.piveteaubois.com\/wp-content\/uploads\/2015\/04\/PIV14-H30-028-150x150.jpg\" class=\"attachment-thumbnail size-thumbnail\" alt=\"Structure bois\" loading=\"lazy\" aria-describedby=\"gallery-1-552\" \/><\/a>\n\t\t\t<\/dt>\n\t\t\t\t<dd class='wp-caption-text gallery-caption' id='gallery-1-552'>\n\t\t\t\tStructure bois\n\t\t\t\t<\/dd><\/dl><br style=\"clear: both\" \/><dl class='gallery-item'>\n\t\t\t<dt class='gallery-icon landscape'>\n\t\t\t\t<a href='https:\/\/www.piveteaubois.com\/fr\/piveteaubois\/lamwood\/attachment\/solivages-piveteaubois'><img width=\"150\" height=\"150\" src=\"https:\/\/www.piveteaubois.com\/wp-content\/uploads\/2015\/04\/Solivages-PIVETEAUBOIS-150x150.jpg\" class=\"attachment-thumbnail size-thumbnail\" alt=\"Solivage\" loading=\"lazy\" aria-describedby=\"gallery-1-554\" \/><\/a>\n\t\t\t<\/dt>\n\t\t\t\t<dd class='wp-caption-text gallery-caption' id='gallery-1-554'>\n\t\t\t\tSolivage\n\t\t\t\t<\/dd><\/dl><dl class='gallery-item'>\n\t\t\t<dt class='gallery-icon portrait'>\n\t\t\t\t<a href='https:\/\/www.piveteaubois.com\/fr\/piveteaubois\/lamwood\/attachment\/structure-piveteaubois'><img width=\"150\" height=\"150\" src=\"https:\/\/www.piveteaubois.com\/wp-content\/uploads\/2015\/04\/Structure-PIVETEAUBOIS-150x150.jpg\" class=\"attachment-thumbnail size-thumbnail\" alt=\"Structure bois - construction\" loading=\"lazy\" aria-describedby=\"gallery-1-556\" \/><\/a>\n\t\t\t<\/dt>\n\t\t\t\t<dd class='wp-caption-text gallery-caption' id='gallery-1-556'>\n\t\t\t\tStructure bois\n\t\t\t\t<\/dd><\/dl><dl class='gallery-item'>\n\t\t\t<dt class='gallery-icon landscape'>\n\t\t\t\t<a href='https:\/\/www.piveteaubois.com\/fr\/piveteaubois\/lamwood\/attachment\/structure-piveteaubois-002'><img width=\"150\" height=\"150\" src=\"https:\/\/www.piveteaubois.com\/wp-content\/uploads\/2015\/04\/Structure-PIVETEAUBOIS-002-150x150.jpg\" class=\"attachment-thumbnail size-thumbnail\" alt=\"Structure bois\" loading=\"lazy\" aria-describedby=\"gallery-1-558\" \/><\/a>\n\t\t\t<\/dt>\n\t\t\t\t<dd class='wp-caption-text gallery-caption' id='gallery-1-558'>\n\t\t\t\tStructure bois\n\t\t\t\t<\/dd><\/dl><br style=\"clear: both\" \/><dl class='gallery-item'>\n\t\t\t<dt class='gallery-icon landscape'>\n\t\t\t\t<a href='https:\/\/www.piveteaubois.com\/fr\/piveteaubois\/lamwood\/attachment\/activite-commerciale-veb-bordeaux-piveteau-bois'><img width=\"150\" height=\"150\" src=\"https:\/\/www.piveteaubois.com\/wp-content\/uploads\/2015\/04\/Activit\u00e9-commerciale-Veb-Bordeaux-Piveteau-Bois-150x150.jpg\" class=\"attachment-thumbnail size-thumbnail\" alt=\"Structure bois\" loading=\"lazy\" aria-describedby=\"gallery-1-560\" \/><\/a>\n\t\t\t<\/dt>\n\t\t\t\t<dd class='wp-caption-text gallery-caption' id='gallery-1-560'>\n\t\t\t\tStructure bois\n\t\t\t\t<\/dd><\/dl><dl class='gallery-item'>\n\t\t\t<dt class='gallery-icon landscape'>\n\t\t\t\t<a href='https:\/\/www.piveteaubois.com\/fr\/piveteaubois\/lamwood\/attachment\/atelier-collage-piveteaubois'><img width=\"150\" height=\"150\" src=\"https:\/\/www.piveteaubois.com\/wp-content\/uploads\/2015\/04\/Atelier-collage-PIVETEAUBOIS-150x150.jpg\" class=\"attachment-thumbnail size-thumbnail\" alt=\"Atelier de collage\" loading=\"lazy\" aria-describedby=\"gallery-1-562\" \/><\/a>\n\t\t\t<\/dt>\n\t\t\t\t<dd class='wp-caption-text gallery-caption' id='gallery-1-562'>\n\t\t\t\tAtelier de collage\n\t\t\t\t<\/dd><\/dl><dl class='gallery-item'>\n\t\t\t<dt class='gallery-icon landscape'>\n\t\t\t\t<a href='https:\/\/www.piveteaubois.com\/fr\/piveteaubois\/lamwood\/attachment\/classic-pink-bathtub-with-a-stool-and-aged-wood-floor'><img width=\"150\" height=\"150\" src=\"https:\/\/www.piveteaubois.com\/wp-content\/uploads\/2015\/04\/Montage_Salle_De_Bains_Portrait1-150x150.jpg\" class=\"attachment-thumbnail size-thumbnail\" alt=\"Lambris Setis\" loading=\"lazy\" aria-describedby=\"gallery-1-586\" \/><\/a>\n\t\t\t<\/dt>\n\t\t\t\t<dd class='wp-caption-text gallery-caption' id='gallery-1-586'>\n\t\t\t\tLambris Setis\n\t\t\t\t<\/dd><\/dl><br style=\"clear: both\" \/><dl class='gallery-item'>\n\t\t\t<dt class='gallery-icon landscape'>\n\t\t\t\t<a href='https:\/\/www.piveteaubois.com\/fr\/piveteaubois\/lamwood\/attachment\/interior-of-playroom'><img width=\"150\" height=\"150\" src=\"https:\/\/www.piveteaubois.com\/wp-content\/uploads\/2015\/04\/Montage_Chambre-150x150.jpg\" class=\"attachment-thumbnail size-thumbnail\" alt=\"Lambris Setis\" loading=\"lazy\" aria-describedby=\"gallery-1-546\" \/><\/a>\n\t\t\t<\/dt>\n\t\t\t\t<dd class='wp-caption-text gallery-caption' id='gallery-1-546'>\n\t\t\t\tLambris Setis\n\t\t\t\t<\/dd><\/dl><dl class='gallery-item'>\n\t\t\t<dt class='gallery-icon landscape'>\n\t\t\t\t<a href='https:\/\/www.piveteaubois.com\/fr\/piveteaubois\/lamwood\/attachment\/montage-salon-appartement'><img width=\"150\" height=\"150\" src=\"https:\/\/www.piveteaubois.com\/wp-content\/uploads\/2015\/04\/Montage-Salon-Appartement-150x150.jpg\" class=\"attachment-thumbnail size-thumbnail\" alt=\"Lambris Setis\" loading=\"lazy\" aria-describedby=\"gallery-1-574\" \/><\/a>\n\t\t\t<\/dt>\n\t\t\t\t<dd class='wp-caption-text gallery-caption' id='gallery-1-574'>\n\t\t\t\tLambris Setis\n\t\t\t\t<\/dd><\/dl><dl class='gallery-item'>\n\t\t\t<dt class='gallery-icon landscape'>\n\t\t\t\t<a href='https:\/\/www.piveteaubois.com\/fr\/piveteaubois\/lamwood\/attachment\/dalle-en-bois-lamelle-colle-piveteaubois'><img width=\"150\" height=\"150\" src=\"https:\/\/www.piveteaubois.com\/wp-content\/uploads\/2015\/04\/Dalle-en-bois-lamell\u00e9-coll\u00e9-PIVETEAUBOIS-150x150.jpg\" class=\"attachment-thumbnail size-thumbnail\" alt=\"Dalle bois lamell\u00e9-coll\u00e9\" loading=\"lazy\" aria-describedby=\"gallery-1-544\" \/><\/a>\n\t\t\t<\/dt>\n\t\t\t\t<dd class='wp-caption-text gallery-caption' id='gallery-1-544'>\n\t\t\t\tDalle bois lamell\u00e9-coll\u00e9 Douglas\n\t\t\t\t<\/dd><\/dl><br style=\"clear: both\" \/><dl class='gallery-item'>\n\t\t\t<dt class='gallery-icon landscape'>\n\t\t\t\t<a href='https:\/\/www.piveteaubois.com\/fr\/piveteaubois\/lamwood\/attachment\/blc-douglas-hors-aubier-piveteaubois-3'><img width=\"150\" height=\"150\" src=\"https:\/\/www.piveteaubois.com\/wp-content\/uploads\/2015\/04\/BLC-douglas-hors-aubier-PIVETEAUBOIS1-150x150.jpg\" class=\"attachment-thumbnail size-thumbnail\" alt=\"BLC Douglas hors aubier\" loading=\"lazy\" aria-describedby=\"gallery-1-576\" \/><\/a>\n\t\t\t<\/dt>\n\t\t\t\t<dd class='wp-caption-text gallery-caption' id='gallery-1-576'>\n\t\t\t\tblc douglas hors aubier\n\t\t\t\t<\/dd><\/dl><dl class='gallery-item'>\n\t\t\t<dt class='gallery-icon portrait'>\n\t\t\t\t<a href='https:\/\/www.piveteaubois.com\/fr\/piveteaubois\/lamwood\/attachment\/blc-pin-classe-4-piveteaubois'><img width=\"150\" height=\"150\" src=\"https:\/\/www.piveteaubois.com\/wp-content\/uploads\/2015\/04\/BLC-Pin-classe-4-PIVETEAUBOIS-150x150.jpg\" class=\"attachment-thumbnail size-thumbnail\" alt=\"BLC Pin\" loading=\"lazy\" aria-describedby=\"gallery-1-578\" \/><\/a>\n\t\t\t<\/dt>\n\t\t\t\t<dd class='wp-caption-text gallery-caption' id='gallery-1-578'>\n\t\t\t\tBLC Pin\n\t\t\t\t<\/dd><\/dl><dl class='gallery-item'>\n\t\t\t<dt class='gallery-icon landscape'>\n\t\t\t\t<a href='https:\/\/www.piveteaubois.com\/fr\/piveteaubois\/lamwood\/attachment\/bmr-epicea-piveteaubois'><img width=\"150\" height=\"150\" src=\"https:\/\/www.piveteaubois.com\/wp-content\/uploads\/2015\/04\/BMR-Epicea-PIVETEAUBOIS-150x150.jpg\" class=\"attachment-thumbnail size-thumbnail\" alt=\"BMR Epic\u00e9a\" loading=\"lazy\" aria-describedby=\"gallery-1-580\" \/><\/a>\n\t\t\t<\/dt>\n\t\t\t\t<dd class='wp-caption-text gallery-caption' id='gallery-1-580'>\n\t\t\t\tBMR \u00e9pic\u00e9a\n\t\t\t\t<\/dd><\/dl><br style=\"clear: both\" \/>\n\t\t<\/div>\n\n<p>LAMWOOD&nbsp;repousse les limites du bois pour s\u2019adapter \u00e0 tous les chantiers, y compris les plus ambitieux. LAMWOOD est une technique de fabrication qui combine aboutage et lamellation. Le bois peut atteindre de tr\u00e8s grandes dimensions, sans sacrifier sa stabilit\u00e9 dimensionnelle.<\/p>\n<h2>Au-del\u00e0 des dimensions naturelles de l\u2019arbre<\/h2>\n<p>&#8211; Grandes longueurs.<br \/>\nL\u2019aboutage permet non seulement de constituer de grandes longueurs (jusqu\u2019\u00e0 13 m\u00e8tres) mais aussi d\u2019optimiser la mati\u00e8re puisque pertes et chutes de bois sont minimales pour l\u2019utilisateur.<br \/>\n&#8211; Grandes largeurs\/\u00e9paisseurs<br \/>\nLa technique de la lamellation permet de fabriquer des poutres de grandes dimensions (\u00e9paisseur, largeur) constitu\u00e9es \u00e0 partir d\u2019\u00e9l\u00e9ments de petites sections et donc d\u2019atteindre un haut niveau d\u2019inertie. R\u00e9sultat : des \u00e9l\u00e9ments de charpentes \u00e0 m\u00eame de r\u00e9aliser de grandes port\u00e9es.<\/p>\n<h2>R\u00e9gularit\u00e9 et Stabilit\u00e9 dimensionnelle<\/h2>\n<p>Les bois sont droits sur toute la longueur gr\u00e2ce \u00e0 l\u2019aboutage qui limite les fl\u00e8ches de rive ou de face des bois (longueur maximum des coursons : 2 m\u00e8tres). Usinage, coupe, assemblage : tout devient plus facile.<br \/>\nDe grandes pi\u00e8ces sont r\u00e9alis\u00e9es par collage de bois sec de petites \u00e0 moyennes sections, ce qui en augment l\u2019\u00e9lancement sans risque de d\u00e9formation, gerces ou fentes. Par cons\u00e9quent, le bois LAMWOOD r\u00e9siste mieux aux variations d\u2019humidit\u00e9.<\/p>\n<h2>Esth\u00e9tique<\/h2>\n<p>Avec l\u2019aboutage, toutes les singularit\u00e9s du bois sont \u00e9limin\u00e9es. Le bois est purg\u00e9 de ses n\u0153uds, gerces, fentes, et autres poches de r\u00e9sines. L\u2019aspect et le classement m\u00e9canique s\u2019en trouvent amplement am\u00e9lior\u00e9s.<br \/>\nLe bois est enti\u00e8rement reconstitu\u00e9 \u00e0 partir de petits sciages issus de billons de petits diam\u00e8tres. Ne restent donc que des petits n\u0153uds qui ne d\u00e9passent pas les 2\/3 de l\u2019\u00e9paisseur de la lamelle (pour les BLC) qui s\u2019en trouve bien plus belle.<br \/>\nPar ailleurs, l\u2019utilisation d\u2019une colle \u00e0 joint invisible pr\u00e9serve totalement l\u2019aspect naturel de l\u2019ensemble.<\/p>\n<h2>R\u00e9sistance m\u00e9canique garantie<\/h2>\n<ul>\n<li>Une m\u00e9thode visuelle permet d\u2019\u00e9tablir un classement m\u00e9canique des bois et de proc\u00e9der aux purges n\u00e9cessaires,<\/li>\n<li>L\u2019adh\u00e9sif utilis\u00e9 est certifi\u00e9 pour un usage structurel en ext\u00e9rieur,<\/li>\n<li>Les certification et marquage CE attestent du Contr\u00f4le de Production en Usine (CPU) de tous nos bois.<\/li>\n<\/ul>\n<h2>Respect de l\u2019environnement<\/h2>\n<p>Les produits LAMWOOD&nbsp;sont fabriqu\u00e9s avec une colle PU sans \u00e9mission de formald\u00e9hyde. Ceci, combin\u00e9 \u00e0 un collage \u00e0 froid, garantit une bonne implication environnementale.<br \/>\nLes bois utilis\u00e9s sont issus de for\u00eats locales dont reboisements et coupes sont op\u00e9r\u00e9s dans le respect du cycle de vie de la for\u00eat, en attestent les certifications PEFC (Programme Europ\u00e9en des For\u00eats Certifi\u00e9es) et FSC (Forest Stewardship Council ou Conseil de bonne gestion foresti\u00e8re).<\/p>\n","protected":false},"excerpt":{"rendered":"<p>LAMWOOD&nbsp;repousse les limites du bois pour s\u2019adapter \u00e0 tous les chantiers, y compris les plus ambitieux. LAMWOOD est une technique de fabrication qui combine aboutage et lamellation. Le bois peut atteindre de tr\u00e8s grandes dimensions, sans sacrifier sa stabilit\u00e9 dimensionnelle. Au-del\u00e0 des dimensions naturelles de l\u2019arbre &#8211; Grandes longueurs. L\u2019aboutage permet non seulement de constituer [&hellip;]<\/p>\n","protected":false},"author":2,"featured_media":746,"parent":223,"menu_order":4,"comment_status":"closed","ping_status":"closed","template":"","meta":[],"acf":[],"yoast_head":"<!-- This site is optimized with the Yoast SEO plugin v18.4.1 - https:\/\/yoast.com\/wordpress\/plugins\/seo\/ -->\n<title>Lamwood : demandez l&#039;impossible au bois I Piveteaubois<\/title>\n<meta name=\"description\" content=\"Le Lamwood repousse les limites du bois pour s\u2019adapter \u00e0 tous les chantiers c&#039;est une technique de fabrication qui combine aboutage et lamellation.\" \/>\n<meta name=\"robots\" content=\"index, follow, max-snippet:-1, max-image-preview:large, max-video-preview:-1\" \/>\n<link rel=\"canonical\" href=\"https:\/\/www.piveteaubois.com\/fr\/piveteaubois\/lamwood\" \/>\n<meta property=\"og:locale\" content=\"fr_FR\" \/>\n<meta property=\"og:type\" content=\"article\" \/>\n<meta property=\"og:title\" content=\"Lamwood : demandez l&#039;impossible au bois I Piveteaubois\" \/>\n<meta property=\"og:description\" content=\"Le Lamwood repousse les limites du bois pour s\u2019adapter \u00e0 tous les chantiers c&#039;est une technique de fabrication qui combine aboutage et lamellation.\" \/>\n<meta property=\"og:url\" content=\"https:\/\/www.piveteaubois.com\/fr\/piveteaubois\/lamwood\" \/>\n<meta property=\"og:site_name\" content=\"PiveteauBois\" \/>\n<meta property=\"article:modified_time\" content=\"2024-03-18T13:06:11+00:00\" \/>\n<meta property=\"og:image\" content=\"https:\/\/www.piveteaubois.com\/wp-content\/uploads\/2015\/04\/Indian-Forest-MD-039.jpg\" \/>\n\t<meta property=\"og:image:width\" content=\"1472\" \/>\n\t<meta property=\"og:image:height\" content=\"982\" \/>\n\t<meta property=\"og:image:type\" content=\"image\/jpeg\" \/>\n<meta name=\"twitter:card\" content=\"summary\" \/>\n<meta name=\"twitter:label1\" content=\"Dur\u00e9e de lecture estim\u00e9e\" \/>\n\t<meta name=\"twitter:data1\" content=\"3 minutes\" \/>\n<script type=\"application\/ld+json\" class=\"yoast-schema-graph\">{\"@context\":\"https:\/\/schema.org\",\"@graph\":[{\"@type\":\"WebSite\",\"@id\":\"https:\/\/www.piveteaubois.com\/fr\/#website\",\"url\":\"https:\/\/www.piveteaubois.com\/fr\/\",\"name\":\"PiveteauBois\",\"description\":\"Piveteaubois sp\u00e9cialiste du bois depuis plus de 75 ans\",\"potentialAction\":[{\"@type\":\"SearchAction\",\"target\":{\"@type\":\"EntryPoint\",\"urlTemplate\":\"https:\/\/www.piveteaubois.com\/fr\/?s={search_term_string}\"},\"query-input\":\"required name=search_term_string\"}],\"inLanguage\":\"fr-FR\"},{\"@type\":\"ImageObject\",\"@id\":\"https:\/\/www.piveteaubois.com\/fr\/piveteaubois\/lamwood#primaryimage\",\"inLanguage\":\"fr-FR\",\"url\":\"https:\/\/www.piveteaubois.com\/wp-content\/uploads\/2015\/04\/Indian-Forest-MD-039.jpg\",\"contentUrl\":\"https:\/\/www.piveteaubois.com\/wp-content\/uploads\/2015\/04\/Indian-Forest-MD-039.jpg\",\"width\":1472,\"height\":982,\"caption\":\"Bois de structure\"},{\"@type\":\"WebPage\",\"@id\":\"https:\/\/www.piveteaubois.com\/fr\/piveteaubois\/lamwood#webpage\",\"url\":\"https:\/\/www.piveteaubois.com\/fr\/piveteaubois\/lamwood\",\"name\":\"Lamwood : demandez l'impossible au bois I Piveteaubois\",\"isPartOf\":{\"@id\":\"https:\/\/www.piveteaubois.com\/fr\/#website\"},\"primaryImageOfPage\":{\"@id\":\"https:\/\/www.piveteaubois.com\/fr\/piveteaubois\/lamwood#primaryimage\"},\"datePublished\":\"2015-04-13T15:07:44+00:00\",\"dateModified\":\"2024-03-18T13:06:11+00:00\",\"description\":\"Le Lamwood repousse les limites du bois pour s\u2019adapter \u00e0 tous les chantiers c'est une technique de fabrication qui combine aboutage et lamellation.\",\"breadcrumb\":{\"@id\":\"https:\/\/www.piveteaubois.com\/fr\/piveteaubois\/lamwood#breadcrumb\"},\"inLanguage\":\"fr-FR\",\"potentialAction\":[{\"@type\":\"ReadAction\",\"target\":[\"https:\/\/www.piveteaubois.com\/fr\/piveteaubois\/lamwood\"]}]},{\"@type\":\"BreadcrumbList\",\"@id\":\"https:\/\/www.piveteaubois.com\/fr\/piveteaubois\/lamwood#breadcrumb\",\"itemListElement\":[{\"@type\":\"ListItem\",\"position\":1,\"name\":\"Accueil\",\"item\":\"https:\/\/www.piveteaubois.com\/fr\"},{\"@type\":\"ListItem\",\"position\":2,\"name\":\"Nos technologies\",\"item\":\"https:\/\/www.piveteaubois.com\/fr\/piveteaubois\"},{\"@type\":\"ListItem\",\"position\":3,\"name\":\"Lamwood\"}]}]}<\/script>\n<!-- \/ Yoast SEO plugin. -->","yoast_head_json":{"title":"Lamwood : demandez l'impossible au bois I Piveteaubois","description":"Le Lamwood repousse les limites du bois pour s\u2019adapter \u00e0 tous les chantiers c'est une technique de fabrication qui combine aboutage et lamellation.","robots":{"index":"index","follow":"follow","max-snippet":"max-snippet:-1","max-image-preview":"max-image-preview:large","max-video-preview":"max-video-preview:-1"},"canonical":"https:\/\/www.piveteaubois.com\/fr\/piveteaubois\/lamwood","og_locale":"fr_FR","og_type":"article","og_title":"Lamwood : demandez l'impossible au bois I Piveteaubois","og_description":"Le Lamwood repousse les limites du bois pour s\u2019adapter \u00e0 tous les chantiers c'est une technique de fabrication qui combine aboutage et lamellation.","og_url":"https:\/\/www.piveteaubois.com\/fr\/piveteaubois\/lamwood","og_site_name":"PiveteauBois","article_modified_time":"2024-03-18T13:06:11+00:00","og_image":[{"width":1472,"height":982,"url":"https:\/\/www.piveteaubois.com\/wp-content\/uploads\/2015\/04\/Indian-Forest-MD-039.jpg","type":"image\/jpeg"}],"twitter_card":"summary","twitter_misc":{"Dur\u00e9e de lecture estim\u00e9e":"3 minutes"},"schema":{"@context":"https:\/\/schema.org","@graph":[{"@type":"WebSite","@id":"https:\/\/www.piveteaubois.com\/fr\/#website","url":"https:\/\/www.piveteaubois.com\/fr\/","name":"PiveteauBois","description":"Piveteaubois sp\u00e9cialiste du bois depuis plus de 75 ans","potentialAction":[{"@type":"SearchAction","target":{"@type":"EntryPoint","urlTemplate":"https:\/\/www.piveteaubois.com\/fr\/?s={search_term_string}"},"query-input":"required name=search_term_string"}],"inLanguage":"fr-FR"},{"@type":"ImageObject","@id":"https:\/\/www.piveteaubois.com\/fr\/piveteaubois\/lamwood#primaryimage","inLanguage":"fr-FR","url":"https:\/\/www.piveteaubois.com\/wp-content\/uploads\/2015\/04\/Indian-Forest-MD-039.jpg","contentUrl":"https:\/\/www.piveteaubois.com\/wp-content\/uploads\/2015\/04\/Indian-Forest-MD-039.jpg","width":1472,"height":982,"caption":"Bois de structure"},{"@type":"WebPage","@id":"https:\/\/www.piveteaubois.com\/fr\/piveteaubois\/lamwood#webpage","url":"https:\/\/www.piveteaubois.com\/fr\/piveteaubois\/lamwood","name":"Lamwood : demandez l'impossible au bois I Piveteaubois","isPartOf":{"@id":"https:\/\/www.piveteaubois.com\/fr\/#website"},"primaryImageOfPage":{"@id":"https:\/\/www.piveteaubois.com\/fr\/piveteaubois\/lamwood#primaryimage"},"datePublished":"2015-04-13T15:07:44+00:00","dateModified":"2024-03-18T13:06:11+00:00","description":"Le Lamwood repousse les limites du bois pour s\u2019adapter \u00e0 tous les chantiers c'est une technique de fabrication qui combine aboutage et lamellation.","breadcrumb":{"@id":"https:\/\/www.piveteaubois.com\/fr\/piveteaubois\/lamwood#breadcrumb"},"inLanguage":"fr-FR","potentialAction":[{"@type":"ReadAction","target":["https:\/\/www.piveteaubois.com\/fr\/piveteaubois\/lamwood"]}]},{"@type":"BreadcrumbList","@id":"https:\/\/www.piveteaubois.com\/fr\/piveteaubois\/lamwood#breadcrumb","itemListElement":[{"@type":"ListItem","position":1,"name":"Accueil","item":"https:\/\/www.piveteaubois.com\/fr"},{"@type":"ListItem","position":2,"name":"Nos technologies","item":"https:\/\/www.piveteaubois.com\/fr\/piveteaubois"},{"@type":"ListItem","position":3,"name":"Lamwood"}]}]}},"_links":{"self":[{"href":"https:\/\/www.piveteaubois.com\/fr\/wp-json\/wp\/v2\/pages\/238"}],"collection":[{"href":"https:\/\/www.piveteaubois.com\/fr\/wp-json\/wp\/v2\/pages"}],"about":[{"href":"https:\/\/www.piveteaubois.com\/fr\/wp-json\/wp\/v2\/types\/page"}],"author":[{"embeddable":true,"href":"https:\/\/www.piveteaubois.com\/fr\/wp-json\/wp\/v2\/users\/2"}],"replies":[{"embeddable":true,"href":"https:\/\/www.piveteaubois.com\/fr\/wp-json\/wp\/v2\/comments?post=238"}],"version-history":[{"count":12,"href":"https:\/\/www.piveteaubois.com\/fr\/wp-json\/wp\/v2\/pages\/238\/revisions"}],"predecessor-version":[{"id":6198,"href":"https:\/\/www.piveteaubois.com\/fr\/wp-json\/wp\/v2\/pages\/238\/revisions\/6198"}],"up":[{"embeddable":true,"href":"https:\/\/www.piveteaubois.com\/fr\/wp-json\/wp\/v2\/pages\/223"}],"wp:featuredmedia":[{"embeddable":true,"href":"https:\/\/www.piveteaubois.com\/fr\/wp-json\/wp\/v2\/media\/746"}],"wp:attachment":[{"href":"https:\/\/www.piveteaubois.com\/fr\/wp-json\/wp\/v2\/media?parent=238"}],"curies":[{"name":"wp","href":"https:\/\/api.w.org\/{rel}","templated":true}]}}