{"id":2399,"date":"2017-04-25T14:20:42","date_gmt":"2017-04-25T13:20:42","guid":{"rendered":"http:\/\/www.piveteaubois.com\/?page_id=2399"},"modified":"2018-06-21T15:26:50","modified_gmt":"2018-06-21T14:26:50","slug":"piscines-bois","status":"publish","type":"page","link":"https:\/\/www.piveteaubois.com\/fr\/nos-produits\/innovations-2017\/piscines-bois","title":{"rendered":"Piscines bois"},"content":{"rendered":"<div id='gallery-1' class='gallery galleryid-2399 gallery-columns-3 gallery-size-thumbnail'><dl class='gallery-item'>\n\t\t\t<dt class='gallery-icon landscape'>\n\t\t\t\t<a href='https:\/\/www.piveteaubois.com\/fr\/nos-produits\/innovations-2017\/piscines-bois\/attachment\/piscine-maeva-rectangulaire-pin-durapin-piveteau'><img width=\"150\" height=\"150\" src=\"https:\/\/www.piveteaubois.com\/wp-content\/uploads\/2017\/04\/piscine-maeva-rectangulaire-pin-durapin-piveteau-150x150.jpg\" class=\"attachment-thumbnail size-thumbnail\" alt=\"Piscine Ma\u00e9va Rectangulaire - Durapin - PIVETEAUBOIS\" loading=\"lazy\" aria-describedby=\"gallery-1-2725\" \/><\/a>\n\t\t\t<\/dt>\n\t\t\t\t<dd class='wp-caption-text gallery-caption' id='gallery-1-2725'>\n\t\t\t\tPiscine Ma\u00e9va Rectangulaire &#8211; Durapin &#8211; PIVETEAUBOIS\n\t\t\t\t<\/dd><\/dl><dl class='gallery-item'>\n\t\t\t<dt class='gallery-icon landscape'>\n\t\t\t\t<a href='https:\/\/www.piveteaubois.com\/fr\/nos-produits\/innovations-2017\/piscines-bois\/attachment\/piscine-maeva-rectangulaire-margelle-bois-durapin-piveteau'><img width=\"150\" height=\"150\" src=\"https:\/\/www.piveteaubois.com\/wp-content\/uploads\/2017\/04\/piscine-maeva-rectangulaire-margelle-bois-durapin-piveteau-150x150.jpg\" class=\"attachment-thumbnail size-thumbnail\" alt=\"Piscine Ma\u00e9va Rectangulaire - Margelle bois - Durapin - PIVETEAUBOIS\" loading=\"lazy\" aria-describedby=\"gallery-1-2724\" \/><\/a>\n\t\t\t<\/dt>\n\t\t\t\t<dd class='wp-caption-text gallery-caption' id='gallery-1-2724'>\n\t\t\t\tPiscine Ma\u00e9va Rectangulaire &#8211; Margelle bois &#8211; Durapin &#8211; PIVETEAUBOIS\n\t\t\t\t<\/dd><\/dl>\n\t\t\t<br style='clear: both' \/>\n\t\t<\/div>\n\n<hr \/>\n<p style=\"text-align: justify;\">Le march\u00e9 de la piscine ne cesse d&rsquo;augmenter en France. En 15 ans, le parc global a \u00e9t\u00e9 multipli\u00e9 par 2,5.<br \/>\nFabricant de piscines bois depuis une vingtaine d&rsquo;ann\u00e9es, <strong>PIVETEAUBOIS<\/strong> ajoute en 2017 de nombreuses nouveaut\u00e9s pour le choix et le confort des utilisateurs.<\/p>\n<hr \/>\n<p>&nbsp;<\/p>\n<h1 style=\"text-align: justify;\">Piscines\u00a0MA\u00c9VA<\/h1>\n<ul>\n<li>2 nouveaux bassins Ma\u00e9va rectangulaires viennent s\u2019ajouter \u00e0 la gamme : 6&#215;3 m et 7&#215;4 m.<\/li>\n<li>2 nouvelles margelles en bois et bois composite sont maintenant disponibles.<\/li>\n<li>3 nouveaux coloris de liners Sensation sont propos\u00e9s: Min\u00e9ral, Dune et Graphite.<\/li>\n<\/ul>\n<p style=\"text-align: justify;\"><img loading=\"lazy\" class=\"alignnone wp-image-2099 size-medium\" src=\"http:\/\/www.piveteaubois.com\/wp-content\/uploads\/2017\/04\/piscine-bois-300x134.png\" alt=\"Piscines bois \" width=\"300\" height=\"134\" srcset=\"https:\/\/www.piveteaubois.com\/wp-content\/uploads\/2017\/04\/piscine-bois-300x134.png 300w, https:\/\/www.piveteaubois.com\/wp-content\/uploads\/2017\/04\/piscine-bois-768x344.png 768w, https:\/\/www.piveteaubois.com\/wp-content\/uploads\/2017\/04\/piscine-bois.png 1000w\" sizes=\"(max-width: 300px) 100vw, 300px\" \/><\/p>\n<p>Les piscines peuvent \u00eatre compos\u00e9es selon les envies et besoins : escalier ou \u00e9chelle, couleur du liner, choix de la margelle, nage \u00e0 contre-courant ou lame d&rsquo;eau&#8230;etc.<br \/>\nDe nouveaux composants ont \u00e9t\u00e9 s\u00e9lectionn\u00e9s pour le confort des utilisateurs : mousse grand confort pour le fond et les parois du bassin, escalier sur toute la largeur du bassin&#8230;<\/p>\n<p><img loading=\"lazy\" class=\"alignnone wp-image-149\" src=\"http:\/\/www.piveteaubois.com\/wp-content\/uploads\/2015\/04\/durapin.png\" alt=\"Technologie DURAPIN\" width=\"88\" height=\"43\" \/><\/p>\n","protected":false},"excerpt":{"rendered":"<p>Le march\u00e9 de la piscine ne cesse d&rsquo;augmenter en France. En 15 ans, le parc global a \u00e9t\u00e9 multipli\u00e9 par 2,5.<br \/>\nFabricant de piscines bois depuis une vingtaine d&rsquo;ann\u00e9es, PIVETEAUBOIS ajoute en 2017 de nombreuses nouveaut\u00e9s pour le choix et le confort des utilisateurs.<\/p>\n","protected":false},"author":2,"featured_media":2083,"parent":2338,"menu_order":3,"comment_status":"closed","ping_status":"closed","template":"","meta":[],"acf":[],"yoast_head":"<!-- This site is optimized with the Yoast SEO plugin v18.4.1 - https:\/\/yoast.com\/wordpress\/plugins\/seo\/ -->\n<title>Les piscines bois Durapin peuvent \u00eatre compos\u00e9es selon les envies et besoins I Piveteaubois<\/title>\n<meta name=\"description\" content=\"Fabricant de piscines bois depuis une vingtaine d&#039;ann\u00e9es, PIVETEAUBOIS ajoute en 2017 de nombreuses nouveaut\u00e9s pour le choix et le confort des utilisateurs.\" \/>\n<meta name=\"robots\" content=\"index, follow, max-snippet:-1, max-image-preview:large, max-video-preview:-1\" \/>\n<link rel=\"canonical\" href=\"https:\/\/www.piveteaubois.com\/fr\/nos-produits\/innovations-2017\/piscines-bois\" \/>\n<meta property=\"og:locale\" content=\"fr_FR\" \/>\n<meta property=\"og:type\" content=\"article\" \/>\n<meta property=\"og:title\" content=\"Les piscines bois Durapin peuvent \u00eatre compos\u00e9es selon les envies et besoins I Piveteaubois\" \/>\n<meta property=\"og:description\" content=\"Fabricant de piscines bois depuis une vingtaine d&#039;ann\u00e9es, PIVETEAUBOIS ajoute en 2017 de nombreuses nouveaut\u00e9s pour le choix et le confort des utilisateurs.\" \/>\n<meta property=\"og:url\" content=\"https:\/\/www.piveteaubois.com\/fr\/nos-produits\/innovations-2017\/piscines-bois\" \/>\n<meta property=\"og:site_name\" content=\"PiveteauBois\" \/>\n<meta property=\"article:modified_time\" content=\"2018-06-21T14:26:50+00:00\" \/>\n<meta property=\"og:image\" content=\"https:\/\/www.piveteaubois.com\/wp-content\/uploads\/2017\/04\/piscines-bois-maeva-rectangles.jpg\" \/>\n\t<meta property=\"og:image:width\" content=\"262\" \/>\n\t<meta property=\"og:image:height\" content=\"264\" \/>\n\t<meta property=\"og:image:type\" content=\"image\/jpeg\" \/>\n<meta name=\"twitter:card\" content=\"summary\" \/>\n<meta name=\"twitter:label1\" content=\"Dur\u00e9e de lecture estim\u00e9e\" \/>\n\t<meta name=\"twitter:data1\" content=\"1 minute\" \/>\n<script type=\"application\/ld+json\" class=\"yoast-schema-graph\">{\"@context\":\"https:\/\/schema.org\",\"@graph\":[{\"@type\":\"WebSite\",\"@id\":\"https:\/\/www.piveteaubois.com\/fr\/#website\",\"url\":\"https:\/\/www.piveteaubois.com\/fr\/\",\"name\":\"PiveteauBois\",\"description\":\"Piveteaubois sp\u00e9cialiste du bois depuis plus de 75 ans\",\"potentialAction\":[{\"@type\":\"SearchAction\",\"target\":{\"@type\":\"EntryPoint\",\"urlTemplate\":\"https:\/\/www.piveteaubois.com\/fr\/?s={search_term_string}\"},\"query-input\":\"required name=search_term_string\"}],\"inLanguage\":\"fr-FR\"},{\"@type\":\"ImageObject\",\"@id\":\"https:\/\/www.piveteaubois.com\/fr\/nos-produits\/innovations-2017\/piscines-bois#primaryimage\",\"inLanguage\":\"fr-FR\",\"url\":\"https:\/\/www.piveteaubois.com\/wp-content\/uploads\/2017\/04\/piscines-bois-maeva-rectangles.jpg\",\"contentUrl\":\"https:\/\/www.piveteaubois.com\/wp-content\/uploads\/2017\/04\/piscines-bois-maeva-rectangles.jpg\",\"width\":262,\"height\":264},{\"@type\":\"WebPage\",\"@id\":\"https:\/\/www.piveteaubois.com\/fr\/nos-produits\/innovations-2017\/piscines-bois#webpage\",\"url\":\"https:\/\/www.piveteaubois.com\/fr\/nos-produits\/innovations-2017\/piscines-bois\",\"name\":\"Les piscines bois Durapin peuvent \u00eatre compos\u00e9es selon les envies et besoins I Piveteaubois\",\"isPartOf\":{\"@id\":\"https:\/\/www.piveteaubois.com\/fr\/#website\"},\"primaryImageOfPage\":{\"@id\":\"https:\/\/www.piveteaubois.com\/fr\/nos-produits\/innovations-2017\/piscines-bois#primaryimage\"},\"datePublished\":\"2017-04-25T13:20:42+00:00\",\"dateModified\":\"2018-06-21T14:26:50+00:00\",\"description\":\"Fabricant de piscines bois depuis une vingtaine d'ann\u00e9es, PIVETEAUBOIS ajoute en 2017 de nombreuses nouveaut\u00e9s pour le choix et le confort des utilisateurs.\",\"breadcrumb\":{\"@id\":\"https:\/\/www.piveteaubois.com\/fr\/nos-produits\/innovations-2017\/piscines-bois#breadcrumb\"},\"inLanguage\":\"fr-FR\",\"potentialAction\":[{\"@type\":\"ReadAction\",\"target\":[\"https:\/\/www.piveteaubois.com\/fr\/nos-produits\/innovations-2017\/piscines-bois\"]}]},{\"@type\":\"BreadcrumbList\",\"@id\":\"https:\/\/www.piveteaubois.com\/fr\/nos-produits\/innovations-2017\/piscines-bois#breadcrumb\",\"itemListElement\":[{\"@type\":\"ListItem\",\"position\":1,\"name\":\"Accueil\",\"item\":\"https:\/\/www.piveteaubois.com\/fr\"},{\"@type\":\"ListItem\",\"position\":2,\"name\":\"Nos produits\",\"item\":\"https:\/\/www.piveteaubois.com\/fr\/nos-produits\"},{\"@type\":\"ListItem\",\"position\":3,\"name\":\"Nos innovations 2017\",\"item\":\"https:\/\/www.piveteaubois.com\/fr\/?page_id=2338\"},{\"@type\":\"ListItem\",\"position\":4,\"name\":\"Piscines bois\"}]}]}<\/script>\n<!-- \/ Yoast SEO plugin. -->","yoast_head_json":{"title":"Les piscines bois Durapin peuvent \u00eatre compos\u00e9es selon les envies et besoins I Piveteaubois","description":"Fabricant de piscines bois depuis une vingtaine d'ann\u00e9es, PIVETEAUBOIS ajoute en 2017 de nombreuses nouveaut\u00e9s pour le choix et le confort des utilisateurs.","robots":{"index":"index","follow":"follow","max-snippet":"max-snippet:-1","max-image-preview":"max-image-preview:large","max-video-preview":"max-video-preview:-1"},"canonical":"https:\/\/www.piveteaubois.com\/fr\/nos-produits\/innovations-2017\/piscines-bois","og_locale":"fr_FR","og_type":"article","og_title":"Les piscines bois Durapin peuvent \u00eatre compos\u00e9es selon les envies et besoins I Piveteaubois","og_description":"Fabricant de piscines bois depuis une vingtaine d'ann\u00e9es, PIVETEAUBOIS ajoute en 2017 de nombreuses nouveaut\u00e9s pour le choix et le confort des utilisateurs.","og_url":"https:\/\/www.piveteaubois.com\/fr\/nos-produits\/innovations-2017\/piscines-bois","og_site_name":"PiveteauBois","article_modified_time":"2018-06-21T14:26:50+00:00","og_image":[{"width":262,"height":264,"url":"https:\/\/www.piveteaubois.com\/wp-content\/uploads\/2017\/04\/piscines-bois-maeva-rectangles.jpg","type":"image\/jpeg"}],"twitter_card":"summary","twitter_misc":{"Dur\u00e9e de lecture estim\u00e9e":"1 minute"},"schema":{"@context":"https:\/\/schema.org","@graph":[{"@type":"WebSite","@id":"https:\/\/www.piveteaubois.com\/fr\/#website","url":"https:\/\/www.piveteaubois.com\/fr\/","name":"PiveteauBois","description":"Piveteaubois sp\u00e9cialiste du bois depuis plus de 75 ans","potentialAction":[{"@type":"SearchAction","target":{"@type":"EntryPoint","urlTemplate":"https:\/\/www.piveteaubois.com\/fr\/?s={search_term_string}"},"query-input":"required name=search_term_string"}],"inLanguage":"fr-FR"},{"@type":"ImageObject","@id":"https:\/\/www.piveteaubois.com\/fr\/nos-produits\/innovations-2017\/piscines-bois#primaryimage","inLanguage":"fr-FR","url":"https:\/\/www.piveteaubois.com\/wp-content\/uploads\/2017\/04\/piscines-bois-maeva-rectangles.jpg","contentUrl":"https:\/\/www.piveteaubois.com\/wp-content\/uploads\/2017\/04\/piscines-bois-maeva-rectangles.jpg","width":262,"height":264},{"@type":"WebPage","@id":"https:\/\/www.piveteaubois.com\/fr\/nos-produits\/innovations-2017\/piscines-bois#webpage","url":"https:\/\/www.piveteaubois.com\/fr\/nos-produits\/innovations-2017\/piscines-bois","name":"Les piscines bois Durapin peuvent \u00eatre compos\u00e9es selon les envies et besoins I Piveteaubois","isPartOf":{"@id":"https:\/\/www.piveteaubois.com\/fr\/#website"},"primaryImageOfPage":{"@id":"https:\/\/www.piveteaubois.com\/fr\/nos-produits\/innovations-2017\/piscines-bois#primaryimage"},"datePublished":"2017-04-25T13:20:42+00:00","dateModified":"2018-06-21T14:26:50+00:00","description":"Fabricant de piscines bois depuis une vingtaine d'ann\u00e9es, PIVETEAUBOIS ajoute en 2017 de nombreuses nouveaut\u00e9s pour le choix et le confort des utilisateurs.","breadcrumb":{"@id":"https:\/\/www.piveteaubois.com\/fr\/nos-produits\/innovations-2017\/piscines-bois#breadcrumb"},"inLanguage":"fr-FR","potentialAction":[{"@type":"ReadAction","target":["https:\/\/www.piveteaubois.com\/fr\/nos-produits\/innovations-2017\/piscines-bois"]}]},{"@type":"BreadcrumbList","@id":"https:\/\/www.piveteaubois.com\/fr\/nos-produits\/innovations-2017\/piscines-bois#breadcrumb","itemListElement":[{"@type":"ListItem","position":1,"name":"Accueil","item":"https:\/\/www.piveteaubois.com\/fr"},{"@type":"ListItem","position":2,"name":"Nos produits","item":"https:\/\/www.piveteaubois.com\/fr\/nos-produits"},{"@type":"ListItem","position":3,"name":"Nos innovations 2017","item":"https:\/\/www.piveteaubois.com\/fr\/?page_id=2338"},{"@type":"ListItem","position":4,"name":"Piscines bois"}]}]}},"_links":{"self":[{"href":"https:\/\/www.piveteaubois.com\/fr\/wp-json\/wp\/v2\/pages\/2399"}],"collection":[{"href":"https:\/\/www.piveteaubois.com\/fr\/wp-json\/wp\/v2\/pages"}],"about":[{"href":"https:\/\/www.piveteaubois.com\/fr\/wp-json\/wp\/v2\/types\/page"}],"author":[{"embeddable":true,"href":"https:\/\/www.piveteaubois.com\/fr\/wp-json\/wp\/v2\/users\/2"}],"replies":[{"embeddable":true,"href":"https:\/\/www.piveteaubois.com\/fr\/wp-json\/wp\/v2\/comments?post=2399"}],"version-history":[{"count":11,"href":"https:\/\/www.piveteaubois.com\/fr\/wp-json\/wp\/v2\/pages\/2399\/revisions"}],"predecessor-version":[{"id":2728,"href":"https:\/\/www.piveteaubois.com\/fr\/wp-json\/wp\/v2\/pages\/2399\/revisions\/2728"}],"up":[{"embeddable":true,"href":"https:\/\/www.piveteaubois.com\/fr\/wp-json\/wp\/v2\/pages\/2338"}],"wp:featuredmedia":[{"embeddable":true,"href":"https:\/\/www.piveteaubois.com\/fr\/wp-json\/wp\/v2\/media\/2083"}],"wp:attachment":[{"href":"https:\/\/www.piveteaubois.com\/fr\/wp-json\/wp\/v2\/media?parent=2399"}],"curies":[{"name":"wp","href":"https:\/\/api.w.org\/{rel}","templated":true}]}}