{"id":241,"date":"2015-04-13T16:08:24","date_gmt":"2015-04-13T15:08:24","guid":{"rendered":"http:\/\/preprod.piveteaubois.com\/\/?page_id=241"},"modified":"2026-02-03T10:52:26","modified_gmt":"2026-02-03T09:52:26","slug":"pellets","status":"publish","type":"page","link":"https:\/\/www.piveteaubois.com\/fr\/piveteaubois\/pellets","title":{"rendered":"I-Combust"},"content":{"rendered":"<p><strong>Depuis 2005, PIVETEAUBOIS valorise les sciures<\/strong> issues de son <strong>activit\u00e9 de sciage gr\u00e2ce \u00e0 la granulation<\/strong>. Au fil des ann\u00e9es, cette expertise s\u2019est enrichie pour cr\u00e9er <strong>I-Combust<\/strong>\u00a0: une technologie exclusive mise en place en 2019 pour garantir aux utilisateurs <strong>un chauffage performant, propre et durable<\/strong>.<\/p>\n<h2><strong>DES GRANULES DE BOIS ISSUS D\u2019UNE MA\u00ceTRISE TOTALE DE LA MATIERE<\/strong><\/h2>\n<p>\u00a0<\/p>\n<p>Cette technologie n\u2019aurait pas pu voir le jour sans la ma\u00eetrise int\u00e9grale de la cha\u00eene industrielle de l\u2019entreprise.<\/p>\n<p><strong>PIVETEAUBOIS, acteur europ\u00e9en majeur de la fili\u00e8re bois<\/strong>, valorise aujourd\u2019hui l\u2019int\u00e9gralit\u00e9 du bois issu de ses scieries. L\u2019entreprise fabrique ses <strong>pellets exclusivement \u00e0 partir de sciures et de copeaux de r\u00e9sineux<\/strong>, appr\u00e9ci\u00e9s pour leur qualit\u00e9 et leur stabilit\u00e9 permettant la fabrication d\u2019un <strong>pellet premium<\/strong>.<\/p>\n<p>\u00a0<\/p>\n\n\n<div class=\"wp-block-columns\">\n<div class=\"wp-block-column\" style=\"flex-basis:66.66%\">\n<p>Ainsi, cette gestion compl\u00e8te de la ressource, des for\u00eats fran\u00e7aises \u00e0 la distribution de granulation, garantit pour le client :<\/p>\n\n\n\n<ul><li>Une <strong>qualit\u00e9 constante du granul\u00e9 de bois<\/strong><\/li><li>Une <strong>tra\u00e7abilit\u00e9 du bois utilis\u00e9e<\/strong><\/li><li>Une <strong>valorisation optimale des r\u00e9sidus de bois<\/strong> dans une logique d\u2019<strong>\u00e9conomie circulaire<\/strong><\/li><\/ul>\n\n\n\n<p>C\u2019est en soutenant cette philosophie qu\u2019est pens\u00e9e la technologie I-Combust.<\/p>\n<\/div>\n\n\n\n<div class=\"wp-block-column\" style=\"flex-basis:33.33%\">\n<div style=\"text-align: center;\">\n  <img loading=\"lazy\" src=\"\/wp-content\/uploads\/2025\/09\/granule-bois-resineux-francais-piveteaubois-3.png\" alt=\"Granul\u00e9 de bois PELLETS HP+ premium fabriquant PIVETEAUBOIS\" width=\"auto\" height=\"180\">\n<\/div>\n<\/div>\n<\/div>\n\n\n\n<p><\/p>\n\n\n\n<p><\/p>\n\n\n\n<p><\/p>\n\n\n\n<h2><strong>LE PRINCIPE I-COMBUST\u00a0: UN PELLET PLUS PERFORMANT ET PLUS PROPRE<\/strong><\/h2>\n\n\n\n<p><\/p>\n\n\n\n<p>La technologie I-Combust s\u2019appuie sur des techniques de production optimis\u00e9es pour proposer aux clients le meilleur gain \u00e9nerg\u00e9tique.<\/p>\n\n\n\n<h3>1\/ <strong>Un s\u00e9chage \u00e0 basse temp\u00e9rature qui pr\u00e9serve les pellets PIVETEAU<\/strong><\/h3>\n\n\n\n<p>Pour proposer un rendement optimal aux utilisateurs, PIVETEAUBOIS a mis en place un proc\u00e9d\u00e9 de s\u00e9chage \u00e0 basse temp\u00e9rature (environ 80\u00b0C). Contrairement au s\u00e9chage traditionnel \u00e0 tambour pouvant atteindre 600\u00b0C, cette technique plus douce <strong>sauvegarde la combustion des particules de bois.<\/strong><\/p>\n\n\n\n<p>Gr\u00e2ce au proc\u00e9d\u00e9 de s\u00e9chage \u00e0 basse temp\u00e9rature, le pellet PIVETEAU HP+ pr\u00e9sente\u00a0: <\/p>\n\n\n\n<ul><li><strong>Un des taux de cendres les plus bas du march\u00e9<\/strong> (<strong>\u2264 <\/strong>0,35 %\u00a0du poids total), assurant moins d\u2019encrassement, moins d\u2019entretiens annuels et une dur\u00e9e de vie de l\u2019appareil de chauffage prolong\u00e9e.<\/li><li><strong>Un pouvoir calorifique \u00e9lev\u00e9<\/strong> (PCI \u2265 4,85 kWh\/kg) pour une combustion du granul\u00e9 plus lente, prolongeant le temps de chauffage.<\/li><\/ul>\n\n\n\n<p><\/p>\n\n\n\n<h3>2\/ <strong>Un double tamisage pour moins de particules fines<\/strong><\/h3>\n\n\n\n<p>En compl\u00e9ment du s\u00e9chage \u00e0 basse temp\u00e9rature, le <strong>double tamisage \u00e9limine les poussi\u00e8res de fines pr\u00e9sentes sur les pellets<\/strong>. C\u2019est pourquoi, PIVETEAUBOIS peut affirmer que son taux de particules fines \u00e9quivaut \u00e0 <strong>\u2264 <\/strong>0,35 %\u00a0du poids total.<\/p>\n\n\n\n<p>Cette \u00e9tape de fabrication renforce la propret\u00e9 du granul\u00e9 de bois et assure\u00a0:<\/p>\n\n\n\n<ul><li>Un <strong>encrassement r\u00e9duit<\/strong> des appareils de chauffage,<\/li><li>Une <strong>vitre qui noircit moins vite<\/strong>,<\/li><li><strong>Moins d\u2019entretiens annuels<\/strong>,<\/li><li>Tout cela dans une optique de <strong>prolonger la dur\u00e9e de vie de votre chaudi\u00e8re a pellet, poele a pellet et insert a pellet<\/strong>.<\/li><\/ul>\n\n\n\n<p><\/p>\n\n\n\n<div class=\"wrap-btn\">\n  <a href=\"https:\/\/www.piveteaubois.com\/fr\/granules-bois-pellets-hp\" class=\"btn-biseaute\" aria-label=\"D\u00e9couvrez les granul\u00e9s de bois Piveteau\">DECOUVREZ LES PELLETS PIVETEAU HP+<\/a>\n<\/div>\n\n<style>\n  .wrap-btn{\n    text-align:center;            \/* centre le bouton sur la page *\/\n  }\n\n  .btn-biseaute{\n    --bevel: 10px;                \/* profondeur du biseau *\/\n    --bg: #f26529;                \/* couleur du bouton *\/\n    --bg-hover: #2D1A14;  \/* couleur au survol *\/\n\n    display: inline-block;\n    padding: 8px 18px;\n    font-size: 12px;\n    line-height: 1.2;\n    font-weight: normal !important;   \/* texte non gras *\/\n    text-transform: uppercase;\n    letter-spacing: .5px;\n    color: #ffffff !important;        \/* texte blanc *\/\n    text-decoration: none !important; \/* supprime le soulign\u00e9 *\/\n    background: var(--bg);\n    clip-path: polygon(\n      var(--bevel) 0%,\n      100% 0%,\n      calc(100% - var(--bevel)) 100%,\n      0% 100%\n    );\n    -webkit-clip-path: polygon(\n      var(--bevel) 0%,\n      100% 0%,\n      calc(100% - var(--bevel)) 100%,\n      0% 100%\n    );\n    transition: background-color .2s ease, transform .06s ease;\n  }\n\n  .btn-biseaute:hover{ background: var(--bg-hover); }\n  .btn-biseaute:active{ transform: translateY(1px); }\n\n  .btn-biseaute:focus{\n    outline: 2px solid #ffffff;\n    outline-offset: 2px;\n  }\n<\/style>\n\n\n\n<p><\/p>\n\n\n\n<p><\/p>\n\n\n\n<h2><strong>LES AVANTAGES D\u2019I-COMBUST<\/strong><\/h2>\n\n\n\n<p><\/p>\n\n\n\n<div class=\"wp-block-image\"><figure class=\"aligncenter size-large\"><img loading=\"lazy\" width=\"536\" height=\"210\" src=\"https:\/\/www.piveteaubois.com\/wp-content\/uploads\/2026\/02\/fabricant-granule-de-bois-piveteaubois-engagements-1-1.jpg\" alt=\"\" class=\"wp-image-7697\" srcset=\"https:\/\/www.piveteaubois.com\/wp-content\/uploads\/2026\/02\/fabricant-granule-de-bois-piveteaubois-engagements-1-1.jpg 536w, https:\/\/www.piveteaubois.com\/wp-content\/uploads\/2026\/02\/fabricant-granule-de-bois-piveteaubois-engagements-1-1-300x118.jpg 300w\" sizes=\"(max-width: 536px) 100vw, 536px\" \/><\/figure><\/div>\n\n\n\n<p><\/p>\n\n\n\n<p><\/p>\n\n\n\n<h3>I<strong>-COMBUST POUR UN GRANULE DE BOIS DURABLE, ECONOMIQUE ET A HAUT RENDEMENT<\/strong><\/h3>\n\n\n\n<p><\/p>\n\n\n\n<p>Gr\u00e2ce au contr\u00f4le total de la mati\u00e8re, du s\u00e9chage \u00e0 basse temp\u00e9rature et du double tamisage, PIVETEAUBOIS r\u00e9pond aux exigences actuelles, notamment de la <strong>certification DIN+.<\/strong><br>La technologie I-Combust procure un confort suppl\u00e9mentaire et est <strong>disponible via nos sacs de pellets HP+ chez nos revendeurs partenaires<\/strong>.<\/p>\n\n\n\n<p><br>Ainsi, approvisionnez-vous selon le conditionnement le plus adapt\u00e9 \u00e0 vos besoins :<\/p>\n\n\n\n<ul><li><strong>Sac de 10 kg<\/strong>\u00a0: l\u00e9ger et maniable, id\u00e9al pour un usage ponctuel et un rechargement facile du po\u00eale \u00e0 pellet.<\/li><li><strong>Sac de 15 kg<\/strong>\u00a0: le format standard qui garantit un approvisionnement r\u00e9gulier et un bon rapport qualit\u00e9-prix.<\/li><li><strong>Big Bag (1,1 To)\u00a0<\/strong>: solution \u00e9conomique pour de grandes quantit\u00e9s qui limite les manipulations et les d\u00e9chets.<\/li><li><strong>Vrac<\/strong>\u00a0: l\u2019option la plus \u00e9cologique et principalement destin\u00e9e \u00e0 une chaudi\u00e8re \u00e0 pellets avec silo.<\/li><\/ul>\n\n\n\n<p>Pour les conditionnements en sacs, vous pouvez commander \u00e0 la palette de pellets directement chez votre distributeur selon ses stocks\u00a0:<\/p>\n\n\n\n<ul><li>72 sacs de 15kg,<\/li><li>64 sacs de 15kg,<\/li><li>104 sacs de 10kg.<\/li><\/ul>\n\n\n\n<div class=\"wp-block-image\"><figure class=\"aligncenter size-large\"><img loading=\"lazy\" width=\"536\" height=\"250\" src=\"https:\/\/www.piveteaubois.com\/wp-content\/uploads\/2025\/09\/conditionnement-granules-bois-piveteaubois.jpg\" alt=\"conditionnement de vente des granul\u00e9s PELLETS HP+ de Piveteaubois\" class=\"wp-image-7384\" srcset=\"https:\/\/www.piveteaubois.com\/wp-content\/uploads\/2025\/09\/conditionnement-granules-bois-piveteaubois.jpg 536w, https:\/\/www.piveteaubois.com\/wp-content\/uploads\/2025\/09\/conditionnement-granules-bois-piveteaubois-300x140.jpg 300w\" sizes=\"(max-width: 536px) 100vw, 536px\" \/><\/figure><\/div>\n\n\n\n<p><\/p>\n","protected":false},"excerpt":{"rendered":"<p>Depuis 2005, PIVETEAUBOIS valorise les sciures issues de son activit\u00e9 de sciage gr\u00e2ce \u00e0 la granulation. Au fil des ann\u00e9es, cette expertise s\u2019est enrichie pour cr\u00e9er I-Combust\u00a0: une technologie exclusive mise en place en 2019 pour garantir aux utilisateurs un chauffage performant, propre et durable. DES GRANULES DE BOIS ISSUS D\u2019UNE MA\u00ceTRISE TOTALE DE LA [&hellip;]<\/p>\n","protected":false},"author":2,"featured_media":431,"parent":223,"menu_order":5,"comment_status":"closed","ping_status":"closed","template":"","meta":[],"acf":[],"yoast_head":"<!-- This site is optimized with the Yoast SEO plugin v18.4.1 - https:\/\/yoast.com\/wordpress\/plugins\/seo\/ -->\n<title>Pellets : les granul\u00e9s qui rallongent le temps de chauffage I Piveteaubois<\/title>\n<meta name=\"description\" content=\"Acteur europ\u00e9en majeur de la fili\u00e8re bois, PIVETEAUBOIS produit ses pellets \u00e0 partir des r\u00e9sidus de bois g\u00e9n\u00e9r\u00e9s par ses propres scieries.\" \/>\n<meta name=\"robots\" content=\"index, follow, max-snippet:-1, max-image-preview:large, max-video-preview:-1\" \/>\n<link rel=\"canonical\" href=\"https:\/\/www.piveteaubois.com\/fr\/piveteaubois\/pellets\" \/>\n<meta property=\"og:locale\" content=\"fr_FR\" \/>\n<meta property=\"og:type\" content=\"article\" \/>\n<meta property=\"og:title\" content=\"Pellets : les granul\u00e9s qui rallongent le temps de chauffage I Piveteaubois\" \/>\n<meta property=\"og:description\" content=\"Acteur europ\u00e9en majeur de la fili\u00e8re bois, PIVETEAUBOIS produit ses pellets \u00e0 partir des r\u00e9sidus de bois g\u00e9n\u00e9r\u00e9s par ses propres scieries.\" \/>\n<meta property=\"og:url\" content=\"https:\/\/www.piveteaubois.com\/fr\/piveteaubois\/pellets\" \/>\n<meta property=\"og:site_name\" content=\"PiveteauBois\" \/>\n<meta property=\"article:modified_time\" content=\"2026-02-03T09:52:26+00:00\" \/>\n<meta property=\"og:image\" content=\"https:\/\/www.piveteaubois.com\/wp-content\/uploads\/2015\/04\/pellets-thumb.jpg\" \/>\n\t<meta property=\"og:image:width\" content=\"229\" \/>\n\t<meta property=\"og:image:height\" content=\"155\" \/>\n\t<meta property=\"og:image:type\" content=\"image\/jpeg\" \/>\n<meta name=\"twitter:card\" content=\"summary\" \/>\n<meta name=\"twitter:label1\" content=\"Dur\u00e9e de lecture estim\u00e9e\" \/>\n\t<meta name=\"twitter:data1\" content=\"5 minutes\" \/>\n<script type=\"application\/ld+json\" class=\"yoast-schema-graph\">{\"@context\":\"https:\/\/schema.org\",\"@graph\":[{\"@type\":\"WebSite\",\"@id\":\"https:\/\/www.piveteaubois.com\/fr\/#website\",\"url\":\"https:\/\/www.piveteaubois.com\/fr\/\",\"name\":\"PiveteauBois\",\"description\":\"Piveteaubois sp\u00e9cialiste du bois depuis plus de 75 ans\",\"potentialAction\":[{\"@type\":\"SearchAction\",\"target\":{\"@type\":\"EntryPoint\",\"urlTemplate\":\"https:\/\/www.piveteaubois.com\/fr\/?s={search_term_string}\"},\"query-input\":\"required name=search_term_string\"}],\"inLanguage\":\"fr-FR\"},{\"@type\":\"ImageObject\",\"@id\":\"https:\/\/www.piveteaubois.com\/fr\/piveteaubois\/pellets#primaryimage\",\"inLanguage\":\"fr-FR\",\"url\":\"https:\/\/www.piveteaubois.com\/wp-content\/uploads\/2015\/04\/pellets-thumb.jpg\",\"contentUrl\":\"https:\/\/www.piveteaubois.com\/wp-content\/uploads\/2015\/04\/pellets-thumb.jpg\",\"width\":229,\"height\":155,\"caption\":\"Wood pellet\"},{\"@type\":\"WebPage\",\"@id\":\"https:\/\/www.piveteaubois.com\/fr\/piveteaubois\/pellets#webpage\",\"url\":\"https:\/\/www.piveteaubois.com\/fr\/piveteaubois\/pellets\",\"name\":\"Pellets : les granul\u00e9s qui rallongent le temps de chauffage I Piveteaubois\",\"isPartOf\":{\"@id\":\"https:\/\/www.piveteaubois.com\/fr\/#website\"},\"primaryImageOfPage\":{\"@id\":\"https:\/\/www.piveteaubois.com\/fr\/piveteaubois\/pellets#primaryimage\"},\"datePublished\":\"2015-04-13T15:08:24+00:00\",\"dateModified\":\"2026-02-03T09:52:26+00:00\",\"description\":\"Acteur europ\u00e9en majeur de la fili\u00e8re bois, PIVETEAUBOIS produit ses pellets \u00e0 partir des r\u00e9sidus de bois g\u00e9n\u00e9r\u00e9s par ses propres scieries.\",\"breadcrumb\":{\"@id\":\"https:\/\/www.piveteaubois.com\/fr\/piveteaubois\/pellets#breadcrumb\"},\"inLanguage\":\"fr-FR\",\"potentialAction\":[{\"@type\":\"ReadAction\",\"target\":[\"https:\/\/www.piveteaubois.com\/fr\/piveteaubois\/pellets\"]}]},{\"@type\":\"BreadcrumbList\",\"@id\":\"https:\/\/www.piveteaubois.com\/fr\/piveteaubois\/pellets#breadcrumb\",\"itemListElement\":[{\"@type\":\"ListItem\",\"position\":1,\"name\":\"Accueil\",\"item\":\"https:\/\/www.piveteaubois.com\/fr\"},{\"@type\":\"ListItem\",\"position\":2,\"name\":\"Nos technologies\",\"item\":\"https:\/\/www.piveteaubois.com\/fr\/piveteaubois\"},{\"@type\":\"ListItem\",\"position\":3,\"name\":\"I-Combust\"}]}]}<\/script>\n<!-- \/ Yoast SEO plugin. -->","yoast_head_json":{"title":"Pellets : les granul\u00e9s qui rallongent le temps de chauffage I Piveteaubois","description":"Acteur europ\u00e9en majeur de la fili\u00e8re bois, PIVETEAUBOIS produit ses pellets \u00e0 partir des r\u00e9sidus de bois g\u00e9n\u00e9r\u00e9s par ses propres scieries.","robots":{"index":"index","follow":"follow","max-snippet":"max-snippet:-1","max-image-preview":"max-image-preview:large","max-video-preview":"max-video-preview:-1"},"canonical":"https:\/\/www.piveteaubois.com\/fr\/piveteaubois\/pellets","og_locale":"fr_FR","og_type":"article","og_title":"Pellets : les granul\u00e9s qui rallongent le temps de chauffage I Piveteaubois","og_description":"Acteur europ\u00e9en majeur de la fili\u00e8re bois, PIVETEAUBOIS produit ses pellets \u00e0 partir des r\u00e9sidus de bois g\u00e9n\u00e9r\u00e9s par ses propres scieries.","og_url":"https:\/\/www.piveteaubois.com\/fr\/piveteaubois\/pellets","og_site_name":"PiveteauBois","article_modified_time":"2026-02-03T09:52:26+00:00","og_image":[{"width":229,"height":155,"url":"https:\/\/www.piveteaubois.com\/wp-content\/uploads\/2015\/04\/pellets-thumb.jpg","type":"image\/jpeg"}],"twitter_card":"summary","twitter_misc":{"Dur\u00e9e de lecture estim\u00e9e":"5 minutes"},"schema":{"@context":"https:\/\/schema.org","@graph":[{"@type":"WebSite","@id":"https:\/\/www.piveteaubois.com\/fr\/#website","url":"https:\/\/www.piveteaubois.com\/fr\/","name":"PiveteauBois","description":"Piveteaubois sp\u00e9cialiste du bois depuis plus de 75 ans","potentialAction":[{"@type":"SearchAction","target":{"@type":"EntryPoint","urlTemplate":"https:\/\/www.piveteaubois.com\/fr\/?s={search_term_string}"},"query-input":"required name=search_term_string"}],"inLanguage":"fr-FR"},{"@type":"ImageObject","@id":"https:\/\/www.piveteaubois.com\/fr\/piveteaubois\/pellets#primaryimage","inLanguage":"fr-FR","url":"https:\/\/www.piveteaubois.com\/wp-content\/uploads\/2015\/04\/pellets-thumb.jpg","contentUrl":"https:\/\/www.piveteaubois.com\/wp-content\/uploads\/2015\/04\/pellets-thumb.jpg","width":229,"height":155,"caption":"Wood pellet"},{"@type":"WebPage","@id":"https:\/\/www.piveteaubois.com\/fr\/piveteaubois\/pellets#webpage","url":"https:\/\/www.piveteaubois.com\/fr\/piveteaubois\/pellets","name":"Pellets : les granul\u00e9s qui rallongent le temps de chauffage I Piveteaubois","isPartOf":{"@id":"https:\/\/www.piveteaubois.com\/fr\/#website"},"primaryImageOfPage":{"@id":"https:\/\/www.piveteaubois.com\/fr\/piveteaubois\/pellets#primaryimage"},"datePublished":"2015-04-13T15:08:24+00:00","dateModified":"2026-02-03T09:52:26+00:00","description":"Acteur europ\u00e9en majeur de la fili\u00e8re bois, PIVETEAUBOIS produit ses pellets \u00e0 partir des r\u00e9sidus de bois g\u00e9n\u00e9r\u00e9s par ses propres scieries.","breadcrumb":{"@id":"https:\/\/www.piveteaubois.com\/fr\/piveteaubois\/pellets#breadcrumb"},"inLanguage":"fr-FR","potentialAction":[{"@type":"ReadAction","target":["https:\/\/www.piveteaubois.com\/fr\/piveteaubois\/pellets"]}]},{"@type":"BreadcrumbList","@id":"https:\/\/www.piveteaubois.com\/fr\/piveteaubois\/pellets#breadcrumb","itemListElement":[{"@type":"ListItem","position":1,"name":"Accueil","item":"https:\/\/www.piveteaubois.com\/fr"},{"@type":"ListItem","position":2,"name":"Nos technologies","item":"https:\/\/www.piveteaubois.com\/fr\/piveteaubois"},{"@type":"ListItem","position":3,"name":"I-Combust"}]}]}},"_links":{"self":[{"href":"https:\/\/www.piveteaubois.com\/fr\/wp-json\/wp\/v2\/pages\/241"}],"collection":[{"href":"https:\/\/www.piveteaubois.com\/fr\/wp-json\/wp\/v2\/pages"}],"about":[{"href":"https:\/\/www.piveteaubois.com\/fr\/wp-json\/wp\/v2\/types\/page"}],"author":[{"embeddable":true,"href":"https:\/\/www.piveteaubois.com\/fr\/wp-json\/wp\/v2\/users\/2"}],"replies":[{"embeddable":true,"href":"https:\/\/www.piveteaubois.com\/fr\/wp-json\/wp\/v2\/comments?post=241"}],"version-history":[{"count":69,"href":"https:\/\/www.piveteaubois.com\/fr\/wp-json\/wp\/v2\/pages\/241\/revisions"}],"predecessor-version":[{"id":7759,"href":"https:\/\/www.piveteaubois.com\/fr\/wp-json\/wp\/v2\/pages\/241\/revisions\/7759"}],"up":[{"embeddable":true,"href":"https:\/\/www.piveteaubois.com\/fr\/wp-json\/wp\/v2\/pages\/223"}],"wp:featuredmedia":[{"embeddable":true,"href":"https:\/\/www.piveteaubois.com\/fr\/wp-json\/wp\/v2\/media\/431"}],"wp:attachment":[{"href":"https:\/\/www.piveteaubois.com\/fr\/wp-json\/wp\/v2\/media?parent=241"}],"curies":[{"name":"wp","href":"https:\/\/api.w.org\/{rel}","templated":true}]}}