{"id":263,"date":"2015-04-13T21:18:58","date_gmt":"2015-04-13T20:18:58","guid":{"rendered":"http:\/\/preprod.piveteaubois.com\/\/?page_id=263"},"modified":"2021-09-25T14:19:09","modified_gmt":"2021-09-25T13:19:09","slug":"nos-valeurs","status":"publish","type":"page","link":"https:\/\/www.piveteaubois.com\/fr\/groupe\/nos-valeurs","title":{"rendered":"Nos valeurs"},"content":{"rendered":"<p>Depuis sa cr\u00e9ation en 1948, PIVETEAUBOIS a pris une place importante au sein de la fili\u00e8re bois fran\u00e7aise. La passion du bois, l\u2019engagement pour le d\u00e9veloppement de la fili\u00e8re bois locale et ses multiples savoir-faire font de l\u2019entreprise familiale un acteur incontournable du march\u00e9. Cette ascension s\u2019est faite dans le respect des valeurs fondamentales de l\u2019entreprise. Elles sont centr\u00e9es sur la passion du mat\u00e9riau, le sens de l\u2019innovation, le respect des Hommes, la s\u00e9curit\u00e9, l\u2019engagement social, soci\u00e9tal et environnemental.<\/p>\n<h2>L\u2019amour du bois<\/h2>\n<p>Depuis 71 ans, PIVETEAUBOIS accompagne ses clients avec passion et professionnalisme dans tous leurs projets de constructions et d\u2019am\u00e9nagements.<br \/>\nD\u00e9termin\u00e9s \u00e0 toujours mieux r\u00e9pondre \u00e0 leurs attentes et \u00e0 celles de leurs clients, l\u2019am\u00e9lioration continue de nos process et l\u2019innovation de nos gammes de produits sont nos engagements quotidiens.<br \/>\nAttach\u00e9s aux valeurs de proximit\u00e9, d\u2019audace, de fid\u00e9lit\u00e9 et de qualit\u00e9 qui nous font grandir, nous produisons en veillant \u00e0 la pr\u00e9servation et au d\u00e9veloppement des for\u00eats fran\u00e7aises. L\u2019amplitude de l\u2019offre PIVETEAUBOIS vous permet d\u2019acc\u00e9der \u00e0 un haut niveau de performance et d\u2019innovation pour tous les chantiers.<br \/>\nConstruisons et vivons le bois ensemble.<\/p>\n<h2>100 % du bois valoris\u00e9<\/h2>\n<p>Le bois est une ressource trop pr\u00e9cieuse pour \u00eatre gaspill\u00e9e. C\u2019est pourquoi chez PIVETEAUBOIS nous transformons dans leur int\u00e9gralit\u00e9 tous les arbres s\u00e9lectionn\u00e9s. En effet, la mati\u00e8re non destin\u00e9e aux produits pour la construction est transform\u00e9e en \u00e9nergie ou int\u00e9gr\u00e9e dans la composition du Wex et des granul\u00e9s.<\/p>\n<h2>Conjuguer \u00e9conomie et \u00e9cologie<\/h2>\n<p>Chez PIVETEAUBOIS prendre soin de la nature est depuis toujours essentiel :<\/p>\n<ul>\n<li>Nous pr\u00e9servons l\u2019environnement en produisant notre propre \u00e9nergie<\/li>\n<li>Notre politique rigoureuse en mati\u00e8re de d\u00e9veloppement durable nous permet d\u2019avoir un bilan carbone positif<\/li>\n<li>Tous nos process de production sont pr\u00e9sents sur chacun de nos sites pour limiter les transports de marchandises<\/li>\n<\/ul>\n<p style=\"text-align: center;\"><strong>D\u00e9couvrez notre entreprise<\/strong><a href=\"https:\/\/www.youtube.com\/watch?v=R8Fiqng4c-4&amp;t=1s\" target=\"_blank\" rel=\"noopener noreferrer\"><img loading=\"lazy\" class=\"size-full wp-image-2726 aligncenter\" src=\"\/wp-content\/uploads\/2018\/02\/video-de-presentation-piveteaubois.png\" alt=\"\" width=\"310\" height=\"155\" \/><\/a><\/p>\n","protected":false},"excerpt":{"rendered":"<p>Depuis sa cr\u00e9ation en 1948, PIVETEAUBOIS a pris une place importante au sein de la fili\u00e8re bois fran\u00e7aise. La passion du bois, l\u2019engagement pour le d\u00e9veloppement de la fili\u00e8re bois locale et ses multiples savoir-faire font de l\u2019entreprise familiale un acteur incontournable du march\u00e9. Cette ascension s\u2019est faite dans le respect des valeurs fondamentales de [&hellip;]<\/p>\n","protected":false},"author":2,"featured_media":4359,"parent":260,"menu_order":4,"comment_status":"closed","ping_status":"open","template":"","meta":[],"acf":[],"yoast_head":"<!-- This site is optimized with the Yoast SEO plugin v18.4.1 - https:\/\/yoast.com\/wordpress\/plugins\/seo\/ -->\n<title>Les valeurs de la Scierie Piveteau I Piveteaubois<\/title>\n<meta name=\"description\" content=\"Les valeurs de la scierie Piveteau sont centr\u00e9es sur la passion du mat\u00e9riau, l\u2019innovation, le respect des Hommes, la s\u00e9curit\u00e9, l\u2019engagement environnemental\" \/>\n<meta name=\"robots\" content=\"index, follow, max-snippet:-1, max-image-preview:large, max-video-preview:-1\" \/>\n<link rel=\"canonical\" href=\"https:\/\/www.piveteaubois.com\/fr\/groupe\/nos-valeurs\" \/>\n<meta property=\"og:locale\" content=\"fr_FR\" \/>\n<meta property=\"og:type\" content=\"article\" \/>\n<meta property=\"og:title\" content=\"Les valeurs de la Scierie Piveteau I Piveteaubois\" \/>\n<meta property=\"og:description\" content=\"Les valeurs de la scierie Piveteau sont centr\u00e9es sur la passion du mat\u00e9riau, l\u2019innovation, le respect des Hommes, la s\u00e9curit\u00e9, l\u2019engagement environnemental\" \/>\n<meta property=\"og:url\" content=\"https:\/\/www.piveteaubois.com\/fr\/groupe\/nos-valeurs\" \/>\n<meta property=\"og:site_name\" content=\"PiveteauBois\" \/>\n<meta property=\"article:modified_time\" content=\"2021-09-25T13:19:09+00:00\" \/>\n<meta property=\"og:image\" content=\"https:\/\/www.piveteaubois.com\/wp-content\/uploads\/2015\/04\/entreprise-piveteaubois-innovation-au-coeur-du-bois-002.jpg\" \/>\n\t<meta property=\"og:image:width\" content=\"262\" \/>\n\t<meta property=\"og:image:height\" content=\"254\" \/>\n\t<meta property=\"og:image:type\" content=\"image\/jpeg\" \/>\n<meta name=\"twitter:card\" content=\"summary\" \/>\n<meta name=\"twitter:label1\" content=\"Dur\u00e9e de lecture estim\u00e9e\" \/>\n\t<meta name=\"twitter:data1\" content=\"2 minutes\" \/>\n<script type=\"application\/ld+json\" class=\"yoast-schema-graph\">{\"@context\":\"https:\/\/schema.org\",\"@graph\":[{\"@type\":\"WebSite\",\"@id\":\"https:\/\/www.piveteaubois.com\/fr\/#website\",\"url\":\"https:\/\/www.piveteaubois.com\/fr\/\",\"name\":\"PiveteauBois\",\"description\":\"Piveteaubois sp\u00e9cialiste du bois depuis plus de 75 ans\",\"potentialAction\":[{\"@type\":\"SearchAction\",\"target\":{\"@type\":\"EntryPoint\",\"urlTemplate\":\"https:\/\/www.piveteaubois.com\/fr\/?s={search_term_string}\"},\"query-input\":\"required name=search_term_string\"}],\"inLanguage\":\"fr-FR\"},{\"@type\":\"ImageObject\",\"@id\":\"https:\/\/www.piveteaubois.com\/fr\/groupe\/nos-valeurs#primaryimage\",\"inLanguage\":\"fr-FR\",\"url\":\"https:\/\/www.piveteaubois.com\/wp-content\/uploads\/2015\/04\/entreprise-piveteaubois-innovation-au-coeur-du-bois-002.jpg\",\"contentUrl\":\"https:\/\/www.piveteaubois.com\/wp-content\/uploads\/2015\/04\/entreprise-piveteaubois-innovation-au-coeur-du-bois-002.jpg\",\"width\":262,\"height\":254},{\"@type\":\"WebPage\",\"@id\":\"https:\/\/www.piveteaubois.com\/fr\/groupe\/nos-valeurs#webpage\",\"url\":\"https:\/\/www.piveteaubois.com\/fr\/groupe\/nos-valeurs\",\"name\":\"Les valeurs de la Scierie Piveteau I Piveteaubois\",\"isPartOf\":{\"@id\":\"https:\/\/www.piveteaubois.com\/fr\/#website\"},\"primaryImageOfPage\":{\"@id\":\"https:\/\/www.piveteaubois.com\/fr\/groupe\/nos-valeurs#primaryimage\"},\"datePublished\":\"2015-04-13T20:18:58+00:00\",\"dateModified\":\"2021-09-25T13:19:09+00:00\",\"description\":\"Les valeurs de la scierie Piveteau sont centr\u00e9es sur la passion du mat\u00e9riau, l\u2019innovation, le respect des Hommes, la s\u00e9curit\u00e9, l\u2019engagement environnemental\",\"breadcrumb\":{\"@id\":\"https:\/\/www.piveteaubois.com\/fr\/groupe\/nos-valeurs#breadcrumb\"},\"inLanguage\":\"fr-FR\",\"potentialAction\":[{\"@type\":\"ReadAction\",\"target\":[\"https:\/\/www.piveteaubois.com\/fr\/groupe\/nos-valeurs\"]}]},{\"@type\":\"BreadcrumbList\",\"@id\":\"https:\/\/www.piveteaubois.com\/fr\/groupe\/nos-valeurs#breadcrumb\",\"itemListElement\":[{\"@type\":\"ListItem\",\"position\":1,\"name\":\"Accueil\",\"item\":\"https:\/\/www.piveteaubois.com\/fr\"},{\"@type\":\"ListItem\",\"position\":2,\"name\":\"L&rsquo;entreprise\",\"item\":\"https:\/\/www.piveteaubois.com\/fr\/groupe\"},{\"@type\":\"ListItem\",\"position\":3,\"name\":\"Nos valeurs\"}]}]}<\/script>\n<!-- \/ Yoast SEO plugin. -->","yoast_head_json":{"title":"Les valeurs de la Scierie Piveteau I Piveteaubois","description":"Les valeurs de la scierie Piveteau sont centr\u00e9es sur la passion du mat\u00e9riau, l\u2019innovation, le respect des Hommes, la s\u00e9curit\u00e9, l\u2019engagement environnemental","robots":{"index":"index","follow":"follow","max-snippet":"max-snippet:-1","max-image-preview":"max-image-preview:large","max-video-preview":"max-video-preview:-1"},"canonical":"https:\/\/www.piveteaubois.com\/fr\/groupe\/nos-valeurs","og_locale":"fr_FR","og_type":"article","og_title":"Les valeurs de la Scierie Piveteau I Piveteaubois","og_description":"Les valeurs de la scierie Piveteau sont centr\u00e9es sur la passion du mat\u00e9riau, l\u2019innovation, le respect des Hommes, la s\u00e9curit\u00e9, l\u2019engagement environnemental","og_url":"https:\/\/www.piveteaubois.com\/fr\/groupe\/nos-valeurs","og_site_name":"PiveteauBois","article_modified_time":"2021-09-25T13:19:09+00:00","og_image":[{"width":262,"height":254,"url":"https:\/\/www.piveteaubois.com\/wp-content\/uploads\/2015\/04\/entreprise-piveteaubois-innovation-au-coeur-du-bois-002.jpg","type":"image\/jpeg"}],"twitter_card":"summary","twitter_misc":{"Dur\u00e9e de lecture estim\u00e9e":"2 minutes"},"schema":{"@context":"https:\/\/schema.org","@graph":[{"@type":"WebSite","@id":"https:\/\/www.piveteaubois.com\/fr\/#website","url":"https:\/\/www.piveteaubois.com\/fr\/","name":"PiveteauBois","description":"Piveteaubois sp\u00e9cialiste du bois depuis plus de 75 ans","potentialAction":[{"@type":"SearchAction","target":{"@type":"EntryPoint","urlTemplate":"https:\/\/www.piveteaubois.com\/fr\/?s={search_term_string}"},"query-input":"required name=search_term_string"}],"inLanguage":"fr-FR"},{"@type":"ImageObject","@id":"https:\/\/www.piveteaubois.com\/fr\/groupe\/nos-valeurs#primaryimage","inLanguage":"fr-FR","url":"https:\/\/www.piveteaubois.com\/wp-content\/uploads\/2015\/04\/entreprise-piveteaubois-innovation-au-coeur-du-bois-002.jpg","contentUrl":"https:\/\/www.piveteaubois.com\/wp-content\/uploads\/2015\/04\/entreprise-piveteaubois-innovation-au-coeur-du-bois-002.jpg","width":262,"height":254},{"@type":"WebPage","@id":"https:\/\/www.piveteaubois.com\/fr\/groupe\/nos-valeurs#webpage","url":"https:\/\/www.piveteaubois.com\/fr\/groupe\/nos-valeurs","name":"Les valeurs de la Scierie Piveteau I Piveteaubois","isPartOf":{"@id":"https:\/\/www.piveteaubois.com\/fr\/#website"},"primaryImageOfPage":{"@id":"https:\/\/www.piveteaubois.com\/fr\/groupe\/nos-valeurs#primaryimage"},"datePublished":"2015-04-13T20:18:58+00:00","dateModified":"2021-09-25T13:19:09+00:00","description":"Les valeurs de la scierie Piveteau sont centr\u00e9es sur la passion du mat\u00e9riau, l\u2019innovation, le respect des Hommes, la s\u00e9curit\u00e9, l\u2019engagement environnemental","breadcrumb":{"@id":"https:\/\/www.piveteaubois.com\/fr\/groupe\/nos-valeurs#breadcrumb"},"inLanguage":"fr-FR","potentialAction":[{"@type":"ReadAction","target":["https:\/\/www.piveteaubois.com\/fr\/groupe\/nos-valeurs"]}]},{"@type":"BreadcrumbList","@id":"https:\/\/www.piveteaubois.com\/fr\/groupe\/nos-valeurs#breadcrumb","itemListElement":[{"@type":"ListItem","position":1,"name":"Accueil","item":"https:\/\/www.piveteaubois.com\/fr"},{"@type":"ListItem","position":2,"name":"L&rsquo;entreprise","item":"https:\/\/www.piveteaubois.com\/fr\/groupe"},{"@type":"ListItem","position":3,"name":"Nos valeurs"}]}]}},"_links":{"self":[{"href":"https:\/\/www.piveteaubois.com\/fr\/wp-json\/wp\/v2\/pages\/263"}],"collection":[{"href":"https:\/\/www.piveteaubois.com\/fr\/wp-json\/wp\/v2\/pages"}],"about":[{"href":"https:\/\/www.piveteaubois.com\/fr\/wp-json\/wp\/v2\/types\/page"}],"author":[{"embeddable":true,"href":"https:\/\/www.piveteaubois.com\/fr\/wp-json\/wp\/v2\/users\/2"}],"replies":[{"embeddable":true,"href":"https:\/\/www.piveteaubois.com\/fr\/wp-json\/wp\/v2\/comments?post=263"}],"version-history":[{"count":17,"href":"https:\/\/www.piveteaubois.com\/fr\/wp-json\/wp\/v2\/pages\/263\/revisions"}],"predecessor-version":[{"id":4358,"href":"https:\/\/www.piveteaubois.com\/fr\/wp-json\/wp\/v2\/pages\/263\/revisions\/4358"}],"up":[{"embeddable":true,"href":"https:\/\/www.piveteaubois.com\/fr\/wp-json\/wp\/v2\/pages\/260"}],"wp:featuredmedia":[{"embeddable":true,"href":"https:\/\/www.piveteaubois.com\/fr\/wp-json\/wp\/v2\/media\/4359"}],"wp:attachment":[{"href":"https:\/\/www.piveteaubois.com\/fr\/wp-json\/wp\/v2\/media?parent=263"}],"curies":[{"name":"wp","href":"https:\/\/api.w.org\/{rel}","templated":true}]}}