{"id":2852,"date":"2017-10-10T07:14:10","date_gmt":"2017-10-10T06:14:10","guid":{"rendered":"http:\/\/www.piveteaubois.com\/?page_id=2852"},"modified":"2026-05-12T09:48:50","modified_gmt":"2026-05-12T08:48:50","slug":"catalogues","status":"publish","type":"page","link":"https:\/\/www.piveteaubois.com\/fr\/nos-produits\/catalogues","title":{"rendered":"Consultez &#038; t\u00e9l\u00e9chargez notre plaquette"},"content":{"rendered":"\n<div style=\"margin: 20px;\">\n<div class=\"bloc3cats\">\n<div class=\"container\"><img class=\"image-rol\" src=\/wp-content\/uploads\/2024\/10\/feuilleter-la-plaquette-institutionnelle-piveteaubois-02.png\" alt=\"Plaquette Commerciale\">\n<p>&nbsp;<\/p>\n<div class=\"middle\">\n<div class=\"text\"><a href=\"https:\/\/fr.calameo.com\/read\/005155795c3c291905ed1?authid=VR1Lp2rAJdgV\" target=\"_blank\" rel=\"noopener\">Consultez et t\u00e9l\u00e9chargez notre plaquette commerciale<\/a><\/div>\n<\/div>\n<\/div>\n<\/div>\n<\/div>\n<div style=\"margin-top: -60px;\">\n<p><span style=\"font-size: 35px; font-weight: 900; color: #009164; text-transform: uppercase; margin-bottom: 5px; line-height: 1;\">Consultez &amp; t\u00e9l\u00e9chargez nos catalogues en ligne<\/span><\/p>\n<\/div>\n\n\n\n<div id=\"catalogues\"><\/div>\n<div style=\"margin: 20px;\">\n<div class=\"bloc3cats\">\n<div class=\"container\"><img class=\"image-rol\" src=\"\/wp-content\/uploads\/2026\/05\/feuilleter-le-catalogue-bardages-piveteaubois-05-2026.png\" alt=\"Catalogue Bardages\">\n<p>&nbsp;<\/p>\n<div class=\"middle\">\n<div class=\"text\"><a href=\"https:\/\/fr.calameo.com\/read\/005155795de8c4d5af9f0?authid=zI5VDbYHe25q\" target=\"_blank\" rel=\"noopener\">Consultez et t\u00e9l\u00e9chargez le catalogue<\/a><\/div>\n<\/div>\n<\/div>\n<div class=\"container\"><img class=\"image-rol\" src=\"\/wp-content\/uploads\/2024\/09\/feuilleter-le-catalogue-projetsbois-piveteaubois-003.png\" alt=\"Catalogue ProjetsBois\">\n<p>&nbsp;<\/p>\n<div class=\"middle\">\n<div class=\"text\"><a href=\"https:\/\/www.calameo.com\/read\/00515579577c8f57e93ee?authid=YizxSREpp6vw\" target=\"_blank\" rel=\"noopener\">Consultez et t\u00e9l\u00e9chargez le catalogue<\/a><\/div>\n<\/div>\n<\/div>\n<div class=\"container\"><img class=\"image-rol\" src=\"\/wp-content\/uploads\/2024\/10\/feuilleter-le-guide-clt-hexakit-piveteaubois-003.png\" alt=\"Catalogue Hexakit\">\n<p>&nbsp;<\/p>\n<div class=\"middle\">\n<div class=\"text\"><a href=\"https:\/\/fr.calameo.com\/read\/00515579511ee0e8c044f?authid=DJRKl2qmsuwe\" target=\"_blank\" rel=\"noopener\">Consultez et t\u00e9l\u00e9chargez le guide technique<\/a><\/div>\n<\/div>\n<\/div>\t\n<div class=\"container\"><img class=\"image-rol\" src=\"\/wp-content\/uploads\/2025\/09\/feuilleter-le-catalogue-structure-piveteaubois-005.png\" alt=\"Catalogue Solutions bois dans la construction\">\n<p>&nbsp;<\/p>\n<div class=\"middle\">\n<div class=\"text\"><a href=\"https:\/\/fr.calameo.com\/read\/0051557951b0719f106c8?authid=1KtuRZp4YXKy\" target=\"_blank\" rel=\"noopener\">Consultez et t\u00e9l\u00e9chargez le catalogue<\/a><\/div>\n<\/div>\n<\/div>\n<\/div>\n<div class=\"bloc3cats\">\n<div class=\"container\"><img class=\"image-rol\" src=\"\/wp-content\/uploads\/2024\/05\/feuilleter-le-catalogue-pivolta-piveteaubois-001.png\" alt=\"Catalogue Pivolta\">\n<p>&nbsp;<\/p>\n<div class=\"middle\">\n<div class=\"text\"><a href=\"https:\/\/www.calameo.com\/read\/005155795c0fb2d38efc8?authid=jG9P1n0C5whK\" target=\"_blank\" rel=\"noopener\">Consultez et t\u00e9l\u00e9chargez le catalogue<\/a><\/div>\n<\/div>\n<\/div>\n<div class=\"container\"><img class=\"image-rol\" src=\"\/wp-content\/uploads\/2026\/02\/feuilleter-le-catalogue-terrasse-bois-amenagement-exterieur-piveteaubois.png\" alt=\"Catalogue Am\u00e9nagement Ext\u00e9rieur\">\n<p>&nbsp;<\/p>\n<div class=\"middle\">\n<div class=\"text\"><a href=\"https:\/\/fr.calameo.com\/read\/0051557956c5f29da7f8d?authid=jzexmUBwnc3p\" target=\"_blank\" rel=\"noopener\">Consultez et t\u00e9l\u00e9chargez le catalogue<\/a><\/div>\n<\/div>\n<\/div>\n<div class=\"container\"><img class=\"image-rol\" src=\"\/wp-content\/uploads\/2024\/05\/feuilleter-le-catalogue-equipements-des-collectivites-piveteaubois-002.png\" alt=\" Catalogue Equipement des Collectivit\u00e9s\">\n<p>&nbsp;<\/p>\n<div class=\"middle\">\n<div class=\"text\"><a href=\"https:\/\/fr.calameo.com\/read\/005155795a0fa7890b218?authid=fqWnddSh5QWT\" target=\"_blank\" rel=\"noopener\">Consultez et t\u00e9l\u00e9chargez le catalogue<\/a><\/div>\n<\/div>\n<\/div>\n<div class=\"container\"><img class=\"image-rol\" src=\"\/wp-content\/uploads\/2026\/03\/feuilleter-le-catalogue-panneaux-bois-acoustiques-piveteaubois-2.png\" alt=\" Catalogue Panneaux Bois Acoustiques\">\n<p>&nbsp;<\/p>\n<div class=\"middle\">\n<div class=\"text\"><a href=\"https:\/\/www.calameo.com\/read\/005155795dadddeca9bee?authid=tGiRuLPQhwnc\" target=\"_blank\" rel=\"noopener\">Consultez et t\u00e9l\u00e9chargez la plaquette<\/a><\/div>\n<\/div>\n<\/div>\n<div class=\"bloc3cats\">\n<div class=\"container\"><img class=\"image-rol\" src=\"\/wp-content\/uploads\/2024\/10\/feuilleter-le-catalogue-energie-01.png\" alt=\"Catalogue \u00c9nergie\">\n<p>&nbsp;<\/p>\n<div class=\"middle\">\n<div class=\"text\"><a href=\"https:\/\/www.calameo.com\/read\/005155795f361f434e71b?authid=jDFLHBfTdLVf\" target=\"_blank\" rel=\"noopener\">Consultez et t\u00e9l\u00e9chargez le guide<\/a><\/div>\n<\/div>\n<\/div>\n<\/div>\n<div id=\"guides\"><p><span style=\"font-size: 35px; font-weight: 900; color: #009164; text-transform: uppercase; margin-bottom: 5px; line-height: 1;\">CONSULTEZ &amp; T\u00c9L\u00c9CHARGEZ NOS GUIDES TECHNIQUES ET DE CONCEPTION<\/span><\/p><\/div>\n<div class=\"bloc3cats\">\n<div class=\"container\"><img class=\"image-rol\" src=\"\/wp-content\/uploads\/2024\/10\/feuilleter-le-guide-technique-usinage-clt-sur-mesure-02.png\" alt=\"Guide Technique usinage sur-mesure\">\n<p>&nbsp;<\/p>\n<div class=\"middle\">\n<div class=\"text\"><a href=\"https:\/\/www.calameo.com\/read\/005155795fb62e5e18ea9?authid=ec0KncavQVPX\" target=\"_blank\" rel=\"noopener\">Consultez et t\u00e9l\u00e9chargez le guide<\/a><\/div>\n<\/div>\n<\/div>\n<div class=\"container\"><img class=\"image-rol\" src=\"\/wp-content\/uploads\/2024\/10\/feuilleter-le-guide-technique-manutention-levage-pose-clt-01.png\" alt=\"Guide technique de manutention et levage de pose CLT\">\n<p>&nbsp;<\/p>\n<div class=\"middle\">\n<div class=\"text\"><a href=\"https:\/\/www.calameo.com\/read\/005155795e8f9a358ba2d?authid=Xnh0JetSi3px\" target=\"_blank\" rel=\"noopener\">Consultez et t\u00e9l\u00e9chargez le guide<\/a><\/div>\n<\/div>\n<\/div>\n<div class=\"container\"><img class=\"image-rol\" src=\"\/wp-content\/uploads\/2024\/10\/feuilleter-le-guide-technique-usinage-des-bois-colles-01.png\" alt=\" Guide usinage des bois coll\u00e9s\">\n<p>&nbsp;<\/p>\n<div class=\"middle\">\n<div class=\"text\"><a href=\"https:\/\/www.calameo.com\/read\/005155795b93bdda709bd?authid=VjTBRArGeLUU\" target=\"_blank\" rel=\"noopener\">Consultez et t\u00e9l\u00e9chargez le guide<\/a><\/div>\n<\/div>\n<\/div>\n<div class=\"container\"><img class=\"image-rol\" src=\"\/wp-content\/uploads\/2024\/10\/feuilleter-le-guide-de-configuration-lamwood-services-01.png\" alt=\" Guide de configuration\">\n<p>&nbsp;<\/p>\n<div class=\"middle\">\n<div class=\"text\"><a href=\"https:\/\/www.calameo.com\/read\/00515579582c4542d9819?authid=biV29HLAxY6T\" target=\"_blank\" rel=\"noopener\">Consultez et t\u00e9l\u00e9chargez le guide<\/a><\/div>\n<\/div>\n<\/div>\n<\/div>\n<div class=\"bloc3cats\">\n<div class=\"container\"><img class=\"image-rol\" src=\"\/wp-content\/uploads\/2024\/10\/feuilleter-le-guide-de-conception-des-murs-biosources-et-decarbones-01.png\" alt=\"Guide de conception des murs biosourc\u00e9s\">\n<p>&nbsp;<\/p>\n<div class=\"middle\">\n<div class=\"text\"><a href=\"https:\/\/www.calameo.com\/read\/005155795a7279512f3ad?authid=IcfKYl6QLtcJ\" target=\"_blank\" rel=\"noopener\">Consultez et t\u00e9l\u00e9chargez le guide<\/a><\/div>\n<\/div>\n<\/div>\n<div class=\"container\"><img class=\"image-rol\" src=\"\/wp-content\/uploads\/2024\/10\/feuilleter-le-guide-optimisation-de-la-donnee-environnementale-01.png\" alt=\"Guide d'optimisation de la donn\u00e9e environnementale\">\n<p>&nbsp;<\/p>\n<div class=\"middle\">\n<div class=\"text\"><a href=\"https:\/\/www.calameo.com\/read\/0051557951518eab10a2e?authid=ppfJfCEwd9V3\" target=\"_blank\" rel=\"noopener\">Consultez et t\u00e9l\u00e9chargez le guide<\/a><\/div>\n<\/div>\n<\/div>\n<div class=\"container\"><img class=\"image-rol\" src=\"\/wp-content\/uploads\/2025\/09\/feuilletez-guide-conception-abaques-clt-hexapli.png\" alt=\"Guide de conception Abaques de pr\u00e9-dimensionnement Planchers CLT HEXAPLI\">\n<p>&nbsp;<\/p>\n<div class=\"middle\">\n<div class=\"text\"><a href=\"https:\/\/www.calameo.com\/read\/005155795dec24f7d0bd4?authid=CcSFDzzZTJ8k\" target=\"_blank\" rel=\"noopener\">Consultez et t\u00e9l\u00e9chargez le guide<\/a><\/div>\n<\/div>\n<\/div>\n<div class=\"container\"><img class=\"image-rol\" src=\"\/wp-content\/uploads\/2025\/09\/feuilletez-guide-conception-protection-incendie-clt-hexapli-beton-cellulaire-hebel.png\" alt=\"Guide de conception Protection Incendie du CLT HEXAPLI par B\u00e9ton Cellulaire HEBEL\">\n<p>&nbsp;<\/p>\n<div class=\"middle\">\n<div class=\"text\"><a href=\"https:\/\/www.calameo.com\/read\/0051557959d38b11baf3e?authid=CLiedUY4V2Zs\" target=\"_blank\" rel=\"noopener\">Consultez et t\u00e9l\u00e9chargez le guide<\/a><\/div>\n<\/div>\n<\/div>\n<\/div>\n<\/div><\/div>\n\n\n\n\n<div style=\"text-align: center;\">\n<p><span style=\"font-size: 35px; font-weight: 900; color: #009164; text-transform: uppercase; margin-bottom: 5px; line-height: 1;\">recevez nos catalogues<\/span><\/p>\n<p style=\"text-align: center; font-size: 13px; margin-top: 20px;\">Vous souhaitez recevoir GRATUITEMENT nos catalogues par courrier, merci de remplir le formulaire afin de les obtenir dans les meilleurs d\u00e9lais.<\/p>\n<\/div>\n\n\n\n<figure class=\"wp-block-image is-style-default\" style=\"text-align: center;\">\n  <a href=\"http:\/\/www.piveteaubois.com\/fr\/demande-de-catalogue\">\n    <img src=\"\/wp-content\/uploads\/2021\/03\/bouton-catalogue-piveteaubois-001.png\" alt=\"\"\/>\n  <\/a>\n<\/figure>\n\n\n\n<div style=\"text-align: center; margin-top: 25px; margin-bottom: 30px;\"><\/div><br><br>\n\n\n\n<div style=\"text-align: center;\">\n<p><span style=\"font-size: 35px; font-weight: 900; color: #442814; text-transform: uppercase; margin-bottom: 5px; line-height: 1;\">BESOIN DE CONSEILS ? CONTACTEZ-NOUS !<\/span><\/p>\n<p style=\"text-align: center; font-size: 13px; margin-top: 20px;\">Vous \u00eates un industriel, un architecte, un ma\u00eetre d&rsquo;\u0153uvre, un n\u00e9goce ou vous travaillez \u00e0 l&rsquo;international ou au service de la LISA\/GSB, discutons de votre projet bois ensemble ! Contactez-nous en compl\u00e9tant le formulaire ci-dessous et vous serez recontact\u00e9 par notre \u00e9quipe commerciale :<\/p>\n<\/div>\/\n\n\n\n<iframe loading=\"lazy\" src=\"https:\/\/web.piveteaubois.com\/piveteauboiscom-ak3uq\/pages\/2bs3a4okeesiqanomgmga.html\" allowtransparency=\"true\" width=\"100%\" height=\"1550px\" type=\"text\/html\" frameborder=\"0\" style=\"border:0\"><\/iframe>\n","protected":false},"excerpt":{"rendered":"<p>Les catalogues Piveteaubois sont disponibles \u00e0 feuilleter en ligne, vous pouvez aussi les recevoir GRATUITEMENT par courrier en remplissant notre formulaire.<\/p>\n","protected":false},"author":2,"featured_media":4416,"parent":315,"menu_order":0,"comment_status":"closed","ping_status":"closed","template":"templates\/product-range.php","meta":[],"acf":[],"yoast_head":"<!-- This site is optimized with the Yoast SEO plugin v18.4.1 - https:\/\/yoast.com\/wordpress\/plugins\/seo\/ -->\n<title>Consultez et t\u00e9l\u00e9chargez les catalogues en ligne I Piveteaubois<\/title>\n<meta name=\"description\" content=\"Retrouvez les catalogues : Bardages, Structure, Palissage, Panneaux CLT HEXAPLI, Am\u00e9nagement Int\u00e9rieur &amp; Ext\u00e9rieur et Equipement des collectivit\u00e9s\" \/>\n<meta name=\"robots\" content=\"index, follow, max-snippet:-1, max-image-preview:large, max-video-preview:-1\" \/>\n<link rel=\"canonical\" href=\"https:\/\/www.piveteaubois.com\/fr\/nos-produits\/catalogues\" \/>\n<meta property=\"og:locale\" content=\"fr_FR\" \/>\n<meta property=\"og:type\" content=\"article\" \/>\n<meta property=\"og:title\" content=\"Consultez et t\u00e9l\u00e9chargez les catalogues en ligne I Piveteaubois\" \/>\n<meta property=\"og:description\" content=\"Retrouvez les catalogues : Bardages, Structure, Palissage, Panneaux CLT HEXAPLI, Am\u00e9nagement Int\u00e9rieur &amp; Ext\u00e9rieur et Equipement des collectivit\u00e9s\" \/>\n<meta property=\"og:url\" content=\"https:\/\/www.piveteaubois.com\/fr\/nos-produits\/catalogues\" \/>\n<meta property=\"og:site_name\" content=\"PiveteauBois\" \/>\n<meta property=\"article:modified_time\" content=\"2026-05-12T08:48:50+00:00\" \/>\n<meta property=\"og:image\" content=\"https:\/\/www.piveteaubois.com\/wp-content\/uploads\/2017\/10\/banniere-page-catalogues-piveteaubois.jpg\" \/>\n\t<meta property=\"og:image:width\" content=\"2080\" \/>\n\t<meta property=\"og:image:height\" content=\"410\" \/>\n\t<meta property=\"og:image:type\" content=\"image\/jpeg\" \/>\n<meta name=\"twitter:card\" content=\"summary\" \/>\n<meta name=\"twitter:label1\" content=\"Dur\u00e9e de lecture estim\u00e9e\" \/>\n\t<meta name=\"twitter:data1\" content=\"5 minutes\" \/>\n<script type=\"application\/ld+json\" class=\"yoast-schema-graph\">{\"@context\":\"https:\/\/schema.org\",\"@graph\":[{\"@type\":\"WebSite\",\"@id\":\"https:\/\/www.piveteaubois.com\/fr\/#website\",\"url\":\"https:\/\/www.piveteaubois.com\/fr\/\",\"name\":\"PiveteauBois\",\"description\":\"Piveteaubois sp\u00e9cialiste du bois depuis plus de 75 ans\",\"potentialAction\":[{\"@type\":\"SearchAction\",\"target\":{\"@type\":\"EntryPoint\",\"urlTemplate\":\"https:\/\/www.piveteaubois.com\/fr\/?s={search_term_string}\"},\"query-input\":\"required name=search_term_string\"}],\"inLanguage\":\"fr-FR\"},{\"@type\":\"ImageObject\",\"@id\":\"https:\/\/www.piveteaubois.com\/fr\/nos-produits\/catalogues#primaryimage\",\"inLanguage\":\"fr-FR\",\"url\":\"https:\/\/www.piveteaubois.com\/wp-content\/uploads\/2017\/10\/banniere-page-catalogues-piveteaubois.jpg\",\"contentUrl\":\"https:\/\/www.piveteaubois.com\/wp-content\/uploads\/2017\/10\/banniere-page-catalogues-piveteaubois.jpg\",\"width\":2080,\"height\":410},{\"@type\":\"WebPage\",\"@id\":\"https:\/\/www.piveteaubois.com\/fr\/nos-produits\/catalogues#webpage\",\"url\":\"https:\/\/www.piveteaubois.com\/fr\/nos-produits\/catalogues\",\"name\":\"Consultez et t\u00e9l\u00e9chargez les catalogues en ligne I Piveteaubois\",\"isPartOf\":{\"@id\":\"https:\/\/www.piveteaubois.com\/fr\/#website\"},\"primaryImageOfPage\":{\"@id\":\"https:\/\/www.piveteaubois.com\/fr\/nos-produits\/catalogues#primaryimage\"},\"datePublished\":\"2017-10-10T06:14:10+00:00\",\"dateModified\":\"2026-05-12T08:48:50+00:00\",\"description\":\"Retrouvez les catalogues : Bardages, Structure, Palissage, Panneaux CLT HEXAPLI, Am\u00e9nagement Int\u00e9rieur & Ext\u00e9rieur et Equipement des collectivit\u00e9s\",\"breadcrumb\":{\"@id\":\"https:\/\/www.piveteaubois.com\/fr\/nos-produits\/catalogues#breadcrumb\"},\"inLanguage\":\"fr-FR\",\"potentialAction\":[{\"@type\":\"ReadAction\",\"target\":[\"https:\/\/www.piveteaubois.com\/fr\/nos-produits\/catalogues\"]}]},{\"@type\":\"BreadcrumbList\",\"@id\":\"https:\/\/www.piveteaubois.com\/fr\/nos-produits\/catalogues#breadcrumb\",\"itemListElement\":[{\"@type\":\"ListItem\",\"position\":1,\"name\":\"Accueil\",\"item\":\"https:\/\/www.piveteaubois.com\/fr\"},{\"@type\":\"ListItem\",\"position\":2,\"name\":\"Nos produits\",\"item\":\"https:\/\/www.piveteaubois.com\/fr\/nos-produits\"},{\"@type\":\"ListItem\",\"position\":3,\"name\":\"Consultez &#038; t\u00e9l\u00e9chargez notre plaquette\"}]}]}<\/script>\n<!-- \/ Yoast SEO plugin. -->","yoast_head_json":{"title":"Consultez et t\u00e9l\u00e9chargez les catalogues en ligne I Piveteaubois","description":"Retrouvez les catalogues : Bardages, Structure, Palissage, Panneaux CLT HEXAPLI, Am\u00e9nagement Int\u00e9rieur & Ext\u00e9rieur et Equipement des collectivit\u00e9s","robots":{"index":"index","follow":"follow","max-snippet":"max-snippet:-1","max-image-preview":"max-image-preview:large","max-video-preview":"max-video-preview:-1"},"canonical":"https:\/\/www.piveteaubois.com\/fr\/nos-produits\/catalogues","og_locale":"fr_FR","og_type":"article","og_title":"Consultez et t\u00e9l\u00e9chargez les catalogues en ligne I Piveteaubois","og_description":"Retrouvez les catalogues : Bardages, Structure, Palissage, Panneaux CLT HEXAPLI, Am\u00e9nagement Int\u00e9rieur & Ext\u00e9rieur et Equipement des collectivit\u00e9s","og_url":"https:\/\/www.piveteaubois.com\/fr\/nos-produits\/catalogues","og_site_name":"PiveteauBois","article_modified_time":"2026-05-12T08:48:50+00:00","og_image":[{"width":2080,"height":410,"url":"https:\/\/www.piveteaubois.com\/wp-content\/uploads\/2017\/10\/banniere-page-catalogues-piveteaubois.jpg","type":"image\/jpeg"}],"twitter_card":"summary","twitter_misc":{"Dur\u00e9e de lecture estim\u00e9e":"5 minutes"},"schema":{"@context":"https:\/\/schema.org","@graph":[{"@type":"WebSite","@id":"https:\/\/www.piveteaubois.com\/fr\/#website","url":"https:\/\/www.piveteaubois.com\/fr\/","name":"PiveteauBois","description":"Piveteaubois sp\u00e9cialiste du bois depuis plus de 75 ans","potentialAction":[{"@type":"SearchAction","target":{"@type":"EntryPoint","urlTemplate":"https:\/\/www.piveteaubois.com\/fr\/?s={search_term_string}"},"query-input":"required name=search_term_string"}],"inLanguage":"fr-FR"},{"@type":"ImageObject","@id":"https:\/\/www.piveteaubois.com\/fr\/nos-produits\/catalogues#primaryimage","inLanguage":"fr-FR","url":"https:\/\/www.piveteaubois.com\/wp-content\/uploads\/2017\/10\/banniere-page-catalogues-piveteaubois.jpg","contentUrl":"https:\/\/www.piveteaubois.com\/wp-content\/uploads\/2017\/10\/banniere-page-catalogues-piveteaubois.jpg","width":2080,"height":410},{"@type":"WebPage","@id":"https:\/\/www.piveteaubois.com\/fr\/nos-produits\/catalogues#webpage","url":"https:\/\/www.piveteaubois.com\/fr\/nos-produits\/catalogues","name":"Consultez et t\u00e9l\u00e9chargez les catalogues en ligne I Piveteaubois","isPartOf":{"@id":"https:\/\/www.piveteaubois.com\/fr\/#website"},"primaryImageOfPage":{"@id":"https:\/\/www.piveteaubois.com\/fr\/nos-produits\/catalogues#primaryimage"},"datePublished":"2017-10-10T06:14:10+00:00","dateModified":"2026-05-12T08:48:50+00:00","description":"Retrouvez les catalogues : Bardages, Structure, Palissage, Panneaux CLT HEXAPLI, Am\u00e9nagement Int\u00e9rieur & Ext\u00e9rieur et Equipement des collectivit\u00e9s","breadcrumb":{"@id":"https:\/\/www.piveteaubois.com\/fr\/nos-produits\/catalogues#breadcrumb"},"inLanguage":"fr-FR","potentialAction":[{"@type":"ReadAction","target":["https:\/\/www.piveteaubois.com\/fr\/nos-produits\/catalogues"]}]},{"@type":"BreadcrumbList","@id":"https:\/\/www.piveteaubois.com\/fr\/nos-produits\/catalogues#breadcrumb","itemListElement":[{"@type":"ListItem","position":1,"name":"Accueil","item":"https:\/\/www.piveteaubois.com\/fr"},{"@type":"ListItem","position":2,"name":"Nos produits","item":"https:\/\/www.piveteaubois.com\/fr\/nos-produits"},{"@type":"ListItem","position":3,"name":"Consultez &#038; t\u00e9l\u00e9chargez notre plaquette"}]}]}},"_links":{"self":[{"href":"https:\/\/www.piveteaubois.com\/fr\/wp-json\/wp\/v2\/pages\/2852"}],"collection":[{"href":"https:\/\/www.piveteaubois.com\/fr\/wp-json\/wp\/v2\/pages"}],"about":[{"href":"https:\/\/www.piveteaubois.com\/fr\/wp-json\/wp\/v2\/types\/page"}],"author":[{"embeddable":true,"href":"https:\/\/www.piveteaubois.com\/fr\/wp-json\/wp\/v2\/users\/2"}],"replies":[{"embeddable":true,"href":"https:\/\/www.piveteaubois.com\/fr\/wp-json\/wp\/v2\/comments?post=2852"}],"version-history":[{"count":84,"href":"https:\/\/www.piveteaubois.com\/fr\/wp-json\/wp\/v2\/pages\/2852\/revisions"}],"predecessor-version":[{"id":7975,"href":"https:\/\/www.piveteaubois.com\/fr\/wp-json\/wp\/v2\/pages\/2852\/revisions\/7975"}],"up":[{"embeddable":true,"href":"https:\/\/www.piveteaubois.com\/fr\/wp-json\/wp\/v2\/pages\/315"}],"wp:featuredmedia":[{"embeddable":true,"href":"https:\/\/www.piveteaubois.com\/fr\/wp-json\/wp\/v2\/media\/4416"}],"wp:attachment":[{"href":"https:\/\/www.piveteaubois.com\/fr\/wp-json\/wp\/v2\/media?parent=2852"}],"curies":[{"name":"wp","href":"https:\/\/api.w.org\/{rel}","templated":true}]}}