{"id":3048,"date":"2018-02-27T09:47:13","date_gmt":"2018-02-27T08:47:13","guid":{"rendered":"http:\/\/www.piveteaubois.com\/?page_id=3048"},"modified":"2026-03-23T17:39:05","modified_gmt":"2026-03-23T16:39:05","slug":"bardage-bois-melodik","status":"publish","type":"page","link":"https:\/\/www.piveteaubois.com\/fr\/bardage-bois-melodik","title":{"rendered":"Bardage M\u00e9lodik"},"content":{"rendered":"\n<hr class=\"wp-block-separator\"\/>\n\n\n\n<p>Pour rythmer les fa\u00e7ades et cr\u00e9er des effets 3D,&nbsp;d\u00e9couvrez le bardage M\u00e9lodik offrant une infinit\u00e9 de possibilit\u00e9s de conception avec ses 7 profils ! Composer une fa\u00e7ade unique selon vos envies&nbsp;<\/p>\n\n\n\n<p><\/p>\n\n\n\n<h2><strong>UN BARDAGE POUR RYTHMER LES FA\u00c7ADES EN 3D<\/strong><\/h2>\n\n\n\n<p><\/p>\n\n\n\n<p>Le bardage M\u00e9lodik est compos\u00e9e de 7 profils interchangeables en Douglas fran\u00e7ais qui apportent du rythme aux fa\u00e7ades des b\u00e2timents. Laissez parler votre cr\u00e9ativit\u00e9 avec les 5 profils d&rsquo;\u00e9paisseur 22 mm &nbsp;et de largeur 135 mm : sans rainure, rainure excentr\u00e9, rainure centr\u00e9e, double rainure et vein\u00e9. Ajoutez du relief avec les de profils d&rsquo;\u00e9paisseurs 45 mm de largeur 135 mm et 60 mm. <br><br>D\u00e9couvrez notre bardage M\u00e9lodik en impr\u00e9gnation color\u00e9e marron ou pr\u00e9-gris\u00e9e. Cette derni\u00e8re teinte, tr\u00e8s tendance de nos jours, permet un grisaillement plus homog\u00e8ne au fil du temps. <br><br>Le bardage bois M\u00e9lodik est con\u00e7u pour \u00eatre pos\u00e9 verticalement uniquement afin d\u2019assurer l\u2019\u00e9coulement de l\u2019eau et la long\u00e9vit\u00e9 du rev\u00eatement ext\u00e9rieur. La fixation de chaque lame se fait par 2 pointes traversantes dans la largeur, en inox annel\u00e9es.<\/p>\n\n\n\n<div class=\"wp-block-image is-style-default\"><figure class=\"aligncenter size-full\"><img loading=\"lazy\" width=\"587\" height=\"769\" src=\"\/wp-content\/uploads\/2026\/03\/gamme-bardages-bois-melodik-v2.jpg\" alt=\"Pr\u00e9sentation de la gamme compl\u00e8te des bardages Melodik\" class=\"wp-image-7880\" srcset=\"https:\/\/www.piveteaubois.com\/wp-content\/uploads\/2026\/03\/gamme-bardages-bois-melodik-v2.jpg 587w, https:\/\/www.piveteaubois.com\/wp-content\/uploads\/2026\/03\/gamme-bardages-bois-melodik-v2-229x300.jpg 229w\" sizes=\"(max-width: 587px) 100vw, 587px\" \/><\/figure><\/div>\n\n\n\n<p>Piveteaubois choisi avec soin ses essences de bois afin de vous proposer des produits de qualit\u00e9. Ainsi, les lames bardage bois M\u00e9lodik en Douglas participent \u00e0 une construction d\u00e9carbon\u00e9e. Le Douglas est notamment une ressource disponible et issue de for\u00eats situ\u00e9es dans un rayon de moins de 250 km autour de notre site de production en Vend\u00e9e. Ses performances naturelles sont reconnues pour la structure et les parements en ext\u00e9rieur.<\/p>\n\n\n\n<p><\/p>\n\n\n\n<div class=\"wp-block-image is-style-default\"><figure class=\"aligncenter size-full\"><img src=\"\/wp-content\/uploads\/2023\/07\/maison-individuelle-melodik-piveteaubois-01.jpg\" alt=\"R\u00e9alisation en bardage bois Concerto - Mezzo gris - Piveteaubois\" class=\"wp-image-7114\"><\/figure><\/div>\n\n\n\n<p><\/p>\n\n\n\n<h2><strong>LES + PRODUIT<\/strong><\/h2>\n\n\n\n<p><\/p>\n\n\n\n<ul><li>Rythmez la fa\u00e7ade selon vos envies<\/li><li>7 profils, une infinit\u00e9 de possibilit\u00e9s<\/li><li>Profils interchangeables<\/li><li>Id\u00e9al en pose verticale pour drainage optimal<\/li><li>Garantie jusqu\u2019\u00e0 10 ans contre les champignons, insectes xylophages et termites<\/li><li>Essence d\u2019origine fran\u00e7aise et bardage fabriqu\u00e9 en France<\/li><\/ul>\n\n\n\n<p><\/p>\n\n\n\n<h2><strong>LES CARACT\u00c9RISTIQUES TECHNIQUES<\/strong><\/h2>\n\n\n\n<div class=\"wp-block-image is-style-default\"><figure class=\"aligncenter size-full\"><img src=\"\/wp-content\/uploads\/2023\/07\/caracteristiques-melodik-piveteaubois-01.gif\" alt=\"\" class=\"wp-image-7207\"><\/figure><\/div>\n\n\n\n<div class=\"wp-block-image is-style-default\"><figure class=\"aligncenter size-large\"><img loading=\"lazy\" width=\"587\" height=\"95\" src=\"https:\/\/www.piveteaubois.com\/wp-content\/uploads\/2022\/09\/impregnation-bardage-largo-douglas-lamwood-piveteaubois-001.jpg\" alt=\"\" class=\"wp-image-5492\" srcset=\"https:\/\/www.piveteaubois.com\/wp-content\/uploads\/2022\/09\/impregnation-bardage-largo-douglas-lamwood-piveteaubois-001.jpg 587w, https:\/\/www.piveteaubois.com\/wp-content\/uploads\/2022\/09\/impregnation-bardage-largo-douglas-lamwood-piveteaubois-001-300x49.jpg 300w\" sizes=\"(max-width: 587px) 100vw, 587px\" \/><\/figure><\/div>\n\n\n\n<p><\/p>\n\n\n\n<style type=\"text\/css\">\n\t\n\ttable.BardageTable {\n  border: 1px solid #DBD0CA;\n  background-color: #DBD0CA;\n  width: 100%;\n  text-align: left;\n  border-collapse: collapse;\n}\ntable.bardageTable td, table.bardageTable th {\n  border: 1px solid #aa9d97;\n  padding: 6px 9px;\n}\ntable.bardageTable tbody td {\n  font-size: 12px;\n}\ntable.bardageTable tr:nth-child(even) {\n  background: #f4f5f5;\n}\n\t  <\/style>\n\n<table class=\"bardageTable\">\n<tbody>\n<tr>\n<td width=\"50%\"><strong>TECHNIQUE<\/strong>&nbsp;: Massif \/ about\u00e9<\/td>\n<td><strong>MASSE SURFACIQUE<\/strong> : 20 kg\/m2 pour M\u00e9lodik 45,  11 kg\/m2 pour M\u00e9lodik 22<\/td>\n<\/tr>\n<tr>\n<td><strong>\u00c9TAT DE SURFACE<\/strong> : Rabot\u00e9<\/td>\n<td><strong>ASSEMBLAGE EN BOUT<\/strong> : Coupe biais\u00e9e pour M\u00e9lodik  45, rainure-languette pour M\u00e9lodik 22<\/td>\n<\/tr>\n<tr>\n<td><strong>TYPE DE POSE<\/strong> : Verticale<\/td>\n<td><strong>ASSEMBLAGE<\/strong> : Imp\u00e9ratif au droit d\u2019un support avec un jeu de 5 mm<\/td><\/tr>\n<tr>\n<td><strong>LARGEUR UTILE<\/strong> : 60 mm et 135 mm<\/td><td><strong>FIXATION<\/strong> : 2 pointes annel\u00e9es en Inox  sur la largeur selon pr\u00e9conisation du DTU 41.2<\/td><\/tr>\n<tr>\n<td><strong>\u00c9PAISSEUR<\/strong> : 22 et 45 mm<\/td><td><strong>STOCKAGE SUR CHANTIER<\/strong> : \u00c0 l\u2019abri de l\u2019eau et des UV. Ventilation naturelle maximum.<\/td><\/tr>\n<tr>\n<td><strong>LONGUEUR<\/strong> : 4 m<\/td><td><strong>HYGROM\u00c9TRIE<\/strong> : Sec s\u00e9choir avant impr\u00e9gnation, ressuy\u00e9 \u00e0 l\u2019air apr\u00e8s impr\u00e9gnation.<\/td><\/tr>\n<tr>\n<td><strong>CLASSE D\u2019EMPLOI<\/strong> : Jusqu\u2019en classe d\u2019emploi 3.2 en impr\u00e9gnation color\u00e9e<\/td><td><strong>HYGROM\u00c9TRIE \u00c0 LA POSE<\/strong> : 18 \u00e0  20% (\u00e0 contr\u00f4ler selon DTU 41.2)<\/td><\/tr>\n<tr>\n<td><strong>IMPR\u00c9GNATION COLOR\u00c9E<\/strong> : Marron, Gris<\/td><td><strong>CONCEPTION<\/strong> : Drainante au sens du FD P 20-651<\/td><\/tr>\n<tr>\n<td><strong>DURABILIT\u00c9<\/strong> : R\u00e9sistant aux termites, pourritures et insectes xylophages<\/td><td><strong>CLASSEMENT AU FEU<\/strong> : M3 (selon DTU 88) DS2DO (Euroclasses)<\/td><\/tr>\n<\/tbody>\n<\/table>\n\n\n\n<p><\/p>\n\n\n\n<div class=\"wp-block-image\" style=\"text-align:center\"><figure class=\"aligncenter size-full\"><img loading=\"lazy\" src=\"\/wp-content\/uploads\/2023\/03\/picto-caracteristiques-bardage-bois-concerto-piveteaubois.png\" alt=\"\" class=\"wp-image-7207\" width=\"287\" height=\"51\"><\/figure><\/div>\n\n\n\n<p><\/p>\n\n\n\n<h2><strong>CERTIFICATIONs de l\u2019entreprise<\/strong><\/h2>\n\n\n\n<p><\/p>\n\n\n\n<div class=\"wp-block-columns are-vertically-aligned-center\">\n<div class=\"wp-block-column is-vertically-aligned-center\" style=\"flex-basis:20%\">\n<div class=\"wp-block-image\"><figure class=\"aligncenter size-large is-resized\"><img src=\"https:\/\/www.piveteaubois.com\/wp-content\/uploads\/2022\/09\/pefc-001.png\" alt=\"\" class=\"wp-image-5499\" width=\"61\"\/><\/figure><\/div>\n<\/div>\n\n\n\n<div class=\"wp-block-column is-vertically-aligned-center\" style=\"flex-basis:80%\">\n<p>Sensible \u00e0 la p\u00e9rennit\u00e9 de la ressource pour les g\u00e9n\u00e9rations futures, PIVETEAUBOIS s\u2019engage et s\u2019approvisionne aupr\u00e8s d\u2019acteurs homologu\u00e9s PEFC. Cette certification permet d\u2019assurer une gestion durable et responsable des for\u00eats fran\u00e7aises en favorisant l\u2019\u00e9quilibre entre ces dimensions environnementales, soci\u00e9tales et \u00e9conomiques.<\/p>\n<\/div>\n<\/div>\n\n\n\n<div class=\"wp-block-columns are-vertically-aligned-center\">\n<div class=\"wp-block-column is-vertically-aligned-center\" style=\"flex-basis:20%\">\n<div class=\"wp-block-image\"><figure class=\"aligncenter size-large is-resized\"><img src=\"https:\/\/www.piveteaubois.com\/wp-content\/uploads\/2022\/09\/bois-de-france-001.gif\" alt=\"\" class=\"wp-image-5498\" width=\"61\"\/><\/figure><\/div>\n<\/div>\n\n\n\n<div class=\"wp-block-column is-vertically-aligned-center\" style=\"flex-basis:66.66%\">\n<p>Avec Bois de France, la promesse d\u2019une consommation Responsable et citoyenne. La marque \u00ab Bois de France \u00bb est un label pour promouvoir les produits issus de for\u00eats fran\u00e7aises, transform\u00e9s et assembl\u00e9s en France. Piveteaubois s\u2019engage pour sa scierie Vend\u00e9enne \u00e0 s\u2019approvisionner \u00e0 minima 80% en bois issus des for\u00eats fran\u00e7aises pour optimiser l\u2019impact carbone de vos chantiers. <\/p>\n<\/div>\n<\/div>\n","protected":false},"excerpt":{"rendered":"<p>Pour rythmer les fa\u00e7ades et cr\u00e9er des effets 3D, PIVETEAUBOIS innove en proposant le nouveau bardage M\u00e9lodik offrant de nombreuses possibilit\u00e9s de conception.<\/p>\n","protected":false},"author":2,"featured_media":3049,"parent":0,"menu_order":4,"comment_status":"closed","ping_status":"closed","template":"","meta":[],"acf":[],"yoast_head":"<!-- This site is optimized with the Yoast SEO plugin v18.4.1 - https:\/\/yoast.com\/wordpress\/plugins\/seo\/ -->\n<title>Bardage bois M\u00e9lodik I Piveteaubois<\/title>\n<meta name=\"description\" content=\"Pour rythmer les fa\u00e7ades et cr\u00e9er des effets 3D, PIVETEAUBOIS innove en proposant le nouveau bardage Melodik offrant de nombreuses possibilit\u00e9s.\" \/>\n<meta name=\"robots\" content=\"index, follow, max-snippet:-1, max-image-preview:large, max-video-preview:-1\" \/>\n<link rel=\"canonical\" href=\"https:\/\/www.piveteaubois.com\/fr\/bardage-bois-melodik\" \/>\n<meta property=\"og:locale\" content=\"fr_FR\" \/>\n<meta property=\"og:type\" content=\"article\" \/>\n<meta property=\"og:title\" content=\"Bardage bois M\u00e9lodik I Piveteaubois\" \/>\n<meta property=\"og:description\" content=\"Pour rythmer les fa\u00e7ades et cr\u00e9er des effets 3D, PIVETEAUBOIS innove en proposant le nouveau bardage Melodik offrant de nombreuses possibilit\u00e9s.\" \/>\n<meta property=\"og:url\" content=\"https:\/\/www.piveteaubois.com\/fr\/bardage-bois-melodik\" \/>\n<meta property=\"og:site_name\" content=\"PiveteauBois\" \/>\n<meta property=\"article:modified_time\" content=\"2026-03-23T16:39:05+00:00\" \/>\n<meta property=\"og:image\" content=\"https:\/\/www.piveteaubois.com\/wp-content\/uploads\/2018\/02\/bardage-melodik-piveteaubois-004.jpg\" \/>\n\t<meta property=\"og:image:width\" content=\"262\" \/>\n\t<meta property=\"og:image:height\" content=\"254\" \/>\n\t<meta property=\"og:image:type\" content=\"image\/jpeg\" \/>\n<meta name=\"twitter:card\" content=\"summary\" \/>\n<meta name=\"twitter:label1\" content=\"Dur\u00e9e de lecture estim\u00e9e\" \/>\n\t<meta name=\"twitter:data1\" content=\"5 minutes\" \/>\n<script type=\"application\/ld+json\" class=\"yoast-schema-graph\">{\"@context\":\"https:\/\/schema.org\",\"@graph\":[{\"@type\":\"WebSite\",\"@id\":\"https:\/\/www.piveteaubois.com\/fr\/#website\",\"url\":\"https:\/\/www.piveteaubois.com\/fr\/\",\"name\":\"PiveteauBois\",\"description\":\"Piveteaubois sp\u00e9cialiste du bois depuis plus de 75 ans\",\"potentialAction\":[{\"@type\":\"SearchAction\",\"target\":{\"@type\":\"EntryPoint\",\"urlTemplate\":\"https:\/\/www.piveteaubois.com\/fr\/?s={search_term_string}\"},\"query-input\":\"required name=search_term_string\"}],\"inLanguage\":\"fr-FR\"},{\"@type\":\"ImageObject\",\"@id\":\"https:\/\/www.piveteaubois.com\/fr\/bardage-bois-melodik#primaryimage\",\"inLanguage\":\"fr-FR\",\"url\":\"https:\/\/www.piveteaubois.com\/wp-content\/uploads\/2018\/02\/bardage-melodik-piveteaubois-004.jpg\",\"contentUrl\":\"https:\/\/www.piveteaubois.com\/wp-content\/uploads\/2018\/02\/bardage-melodik-piveteaubois-004.jpg\",\"width\":262,\"height\":254},{\"@type\":\"WebPage\",\"@id\":\"https:\/\/www.piveteaubois.com\/fr\/bardage-bois-melodik#webpage\",\"url\":\"https:\/\/www.piveteaubois.com\/fr\/bardage-bois-melodik\",\"name\":\"Bardage bois M\u00e9lodik I Piveteaubois\",\"isPartOf\":{\"@id\":\"https:\/\/www.piveteaubois.com\/fr\/#website\"},\"primaryImageOfPage\":{\"@id\":\"https:\/\/www.piveteaubois.com\/fr\/bardage-bois-melodik#primaryimage\"},\"datePublished\":\"2018-02-27T08:47:13+00:00\",\"dateModified\":\"2026-03-23T16:39:05+00:00\",\"description\":\"Pour rythmer les fa\u00e7ades et cr\u00e9er des effets 3D, PIVETEAUBOIS innove en proposant le nouveau bardage Melodik offrant de nombreuses possibilit\u00e9s.\",\"breadcrumb\":{\"@id\":\"https:\/\/www.piveteaubois.com\/fr\/bardage-bois-melodik#breadcrumb\"},\"inLanguage\":\"fr-FR\",\"potentialAction\":[{\"@type\":\"ReadAction\",\"target\":[\"https:\/\/www.piveteaubois.com\/fr\/bardage-bois-melodik\"]}]},{\"@type\":\"BreadcrumbList\",\"@id\":\"https:\/\/www.piveteaubois.com\/fr\/bardage-bois-melodik#breadcrumb\",\"itemListElement\":[{\"@type\":\"ListItem\",\"position\":1,\"name\":\"Accueil\",\"item\":\"https:\/\/www.piveteaubois.com\/fr\"},{\"@type\":\"ListItem\",\"position\":2,\"name\":\"Bardage M\u00e9lodik\"}]}]}<\/script>\n<!-- \/ Yoast SEO plugin. -->","yoast_head_json":{"title":"Bardage bois M\u00e9lodik I Piveteaubois","description":"Pour rythmer les fa\u00e7ades et cr\u00e9er des effets 3D, PIVETEAUBOIS innove en proposant le nouveau bardage Melodik offrant de nombreuses possibilit\u00e9s.","robots":{"index":"index","follow":"follow","max-snippet":"max-snippet:-1","max-image-preview":"max-image-preview:large","max-video-preview":"max-video-preview:-1"},"canonical":"https:\/\/www.piveteaubois.com\/fr\/bardage-bois-melodik","og_locale":"fr_FR","og_type":"article","og_title":"Bardage bois M\u00e9lodik I Piveteaubois","og_description":"Pour rythmer les fa\u00e7ades et cr\u00e9er des effets 3D, PIVETEAUBOIS innove en proposant le nouveau bardage Melodik offrant de nombreuses possibilit\u00e9s.","og_url":"https:\/\/www.piveteaubois.com\/fr\/bardage-bois-melodik","og_site_name":"PiveteauBois","article_modified_time":"2026-03-23T16:39:05+00:00","og_image":[{"width":262,"height":254,"url":"https:\/\/www.piveteaubois.com\/wp-content\/uploads\/2018\/02\/bardage-melodik-piveteaubois-004.jpg","type":"image\/jpeg"}],"twitter_card":"summary","twitter_misc":{"Dur\u00e9e de lecture estim\u00e9e":"5 minutes"},"schema":{"@context":"https:\/\/schema.org","@graph":[{"@type":"WebSite","@id":"https:\/\/www.piveteaubois.com\/fr\/#website","url":"https:\/\/www.piveteaubois.com\/fr\/","name":"PiveteauBois","description":"Piveteaubois sp\u00e9cialiste du bois depuis plus de 75 ans","potentialAction":[{"@type":"SearchAction","target":{"@type":"EntryPoint","urlTemplate":"https:\/\/www.piveteaubois.com\/fr\/?s={search_term_string}"},"query-input":"required name=search_term_string"}],"inLanguage":"fr-FR"},{"@type":"ImageObject","@id":"https:\/\/www.piveteaubois.com\/fr\/bardage-bois-melodik#primaryimage","inLanguage":"fr-FR","url":"https:\/\/www.piveteaubois.com\/wp-content\/uploads\/2018\/02\/bardage-melodik-piveteaubois-004.jpg","contentUrl":"https:\/\/www.piveteaubois.com\/wp-content\/uploads\/2018\/02\/bardage-melodik-piveteaubois-004.jpg","width":262,"height":254},{"@type":"WebPage","@id":"https:\/\/www.piveteaubois.com\/fr\/bardage-bois-melodik#webpage","url":"https:\/\/www.piveteaubois.com\/fr\/bardage-bois-melodik","name":"Bardage bois M\u00e9lodik I Piveteaubois","isPartOf":{"@id":"https:\/\/www.piveteaubois.com\/fr\/#website"},"primaryImageOfPage":{"@id":"https:\/\/www.piveteaubois.com\/fr\/bardage-bois-melodik#primaryimage"},"datePublished":"2018-02-27T08:47:13+00:00","dateModified":"2026-03-23T16:39:05+00:00","description":"Pour rythmer les fa\u00e7ades et cr\u00e9er des effets 3D, PIVETEAUBOIS innove en proposant le nouveau bardage Melodik offrant de nombreuses possibilit\u00e9s.","breadcrumb":{"@id":"https:\/\/www.piveteaubois.com\/fr\/bardage-bois-melodik#breadcrumb"},"inLanguage":"fr-FR","potentialAction":[{"@type":"ReadAction","target":["https:\/\/www.piveteaubois.com\/fr\/bardage-bois-melodik"]}]},{"@type":"BreadcrumbList","@id":"https:\/\/www.piveteaubois.com\/fr\/bardage-bois-melodik#breadcrumb","itemListElement":[{"@type":"ListItem","position":1,"name":"Accueil","item":"https:\/\/www.piveteaubois.com\/fr"},{"@type":"ListItem","position":2,"name":"Bardage M\u00e9lodik"}]}]}},"_links":{"self":[{"href":"https:\/\/www.piveteaubois.com\/fr\/wp-json\/wp\/v2\/pages\/3048"}],"collection":[{"href":"https:\/\/www.piveteaubois.com\/fr\/wp-json\/wp\/v2\/pages"}],"about":[{"href":"https:\/\/www.piveteaubois.com\/fr\/wp-json\/wp\/v2\/types\/page"}],"author":[{"embeddable":true,"href":"https:\/\/www.piveteaubois.com\/fr\/wp-json\/wp\/v2\/users\/2"}],"replies":[{"embeddable":true,"href":"https:\/\/www.piveteaubois.com\/fr\/wp-json\/wp\/v2\/comments?post=3048"}],"version-history":[{"count":30,"href":"https:\/\/www.piveteaubois.com\/fr\/wp-json\/wp\/v2\/pages\/3048\/revisions"}],"predecessor-version":[{"id":7882,"href":"https:\/\/www.piveteaubois.com\/fr\/wp-json\/wp\/v2\/pages\/3048\/revisions\/7882"}],"wp:featuredmedia":[{"embeddable":true,"href":"https:\/\/www.piveteaubois.com\/fr\/wp-json\/wp\/v2\/media\/3049"}],"wp:attachment":[{"href":"https:\/\/www.piveteaubois.com\/fr\/wp-json\/wp\/v2\/media?parent=3048"}],"curies":[{"name":"wp","href":"https:\/\/api.w.org\/{rel}","templated":true}]}}