{"id":315,"date":"2015-04-15T20:17:05","date_gmt":"2015-04-15T19:17:05","guid":{"rendered":"http:\/\/piveteaubois.pl8.tsjm.fr\/?page_id=315"},"modified":"2021-09-25T14:19:42","modified_gmt":"2021-09-25T13:19:42","slug":"nos-produits","status":"publish","type":"page","link":"https:\/\/www.piveteaubois.com\/fr\/nos-produits","title":{"rendered":"Nos produits"},"content":{"rendered":"","protected":false},"excerpt":{"rendered":"","protected":false},"author":2,"featured_media":0,"parent":0,"menu_order":0,"comment_status":"closed","ping_status":"open","template":"","meta":[],"acf":[],"yoast_head":"<!-- This site is optimized with the Yoast SEO plugin v18.4.1 - https:\/\/yoast.com\/wordpress\/plugins\/seo\/ -->\n<title>Activit\u00e9s I Piveteaubois<\/title>\n<meta name=\"description\" content=\"Piveteaubois est votre fournisseur privil\u00e9gi\u00e9 pour vos projets bois : construction, am\u00e9nagement ext\u00e9rieur, \u00e9quipements des collectivit\u00e9s et bois \u00e9nergie.\" \/>\n<meta name=\"robots\" content=\"index, follow, max-snippet:-1, max-image-preview:large, max-video-preview:-1\" \/>\n<link rel=\"canonical\" href=\"https:\/\/www.piveteaubois.com\/fr\/nos-produits\" \/>\n<meta property=\"og:locale\" content=\"fr_FR\" \/>\n<meta property=\"og:type\" content=\"article\" \/>\n<meta property=\"og:title\" content=\"Activit\u00e9s I Piveteaubois\" \/>\n<meta property=\"og:description\" content=\"Piveteaubois est votre fournisseur privil\u00e9gi\u00e9 pour vos projets bois : construction, am\u00e9nagement ext\u00e9rieur, \u00e9quipements des collectivit\u00e9s et bois \u00e9nergie.\" \/>\n<meta property=\"og:url\" content=\"https:\/\/www.piveteaubois.com\/fr\/nos-produits\" \/>\n<meta property=\"og:site_name\" content=\"PiveteauBois\" \/>\n<meta property=\"article:modified_time\" content=\"2021-09-25T13:19:42+00:00\" \/>\n<meta name=\"twitter:card\" content=\"summary\" \/>\n<script type=\"application\/ld+json\" class=\"yoast-schema-graph\">{\"@context\":\"https:\/\/schema.org\",\"@graph\":[{\"@type\":\"WebSite\",\"@id\":\"https:\/\/www.piveteaubois.com\/fr\/#website\",\"url\":\"https:\/\/www.piveteaubois.com\/fr\/\",\"name\":\"PiveteauBois\",\"description\":\"Piveteaubois sp\u00e9cialiste du bois depuis plus de 75 ans\",\"potentialAction\":[{\"@type\":\"SearchAction\",\"target\":{\"@type\":\"EntryPoint\",\"urlTemplate\":\"https:\/\/www.piveteaubois.com\/fr\/?s={search_term_string}\"},\"query-input\":\"required name=search_term_string\"}],\"inLanguage\":\"fr-FR\"},{\"@type\":\"WebPage\",\"@id\":\"https:\/\/www.piveteaubois.com\/fr\/nos-produits#webpage\",\"url\":\"https:\/\/www.piveteaubois.com\/fr\/nos-produits\",\"name\":\"Activit\u00e9s I Piveteaubois\",\"isPartOf\":{\"@id\":\"https:\/\/www.piveteaubois.com\/fr\/#website\"},\"datePublished\":\"2015-04-15T19:17:05+00:00\",\"dateModified\":\"2021-09-25T13:19:42+00:00\",\"description\":\"Piveteaubois est votre fournisseur privil\u00e9gi\u00e9 pour vos projets bois : construction, am\u00e9nagement ext\u00e9rieur, \u00e9quipements des collectivit\u00e9s et bois \u00e9nergie.\",\"breadcrumb\":{\"@id\":\"https:\/\/www.piveteaubois.com\/fr\/nos-produits#breadcrumb\"},\"inLanguage\":\"fr-FR\",\"potentialAction\":[{\"@type\":\"ReadAction\",\"target\":[\"https:\/\/www.piveteaubois.com\/fr\/nos-produits\"]}]},{\"@type\":\"BreadcrumbList\",\"@id\":\"https:\/\/www.piveteaubois.com\/fr\/nos-produits#breadcrumb\",\"itemListElement\":[{\"@type\":\"ListItem\",\"position\":1,\"name\":\"Accueil\",\"item\":\"https:\/\/www.piveteaubois.com\/fr\"},{\"@type\":\"ListItem\",\"position\":2,\"name\":\"Nos produits\"}]}]}<\/script>\n<!-- \/ Yoast SEO plugin. -->","yoast_head_json":{"title":"Activit\u00e9s I Piveteaubois","description":"Piveteaubois est votre fournisseur privil\u00e9gi\u00e9 pour vos projets bois : construction, am\u00e9nagement ext\u00e9rieur, \u00e9quipements des collectivit\u00e9s et bois \u00e9nergie.","robots":{"index":"index","follow":"follow","max-snippet":"max-snippet:-1","max-image-preview":"max-image-preview:large","max-video-preview":"max-video-preview:-1"},"canonical":"https:\/\/www.piveteaubois.com\/fr\/nos-produits","og_locale":"fr_FR","og_type":"article","og_title":"Activit\u00e9s I Piveteaubois","og_description":"Piveteaubois est votre fournisseur privil\u00e9gi\u00e9 pour vos projets bois : construction, am\u00e9nagement ext\u00e9rieur, \u00e9quipements des collectivit\u00e9s et bois \u00e9nergie.","og_url":"https:\/\/www.piveteaubois.com\/fr\/nos-produits","og_site_name":"PiveteauBois","article_modified_time":"2021-09-25T13:19:42+00:00","twitter_card":"summary","schema":{"@context":"https:\/\/schema.org","@graph":[{"@type":"WebSite","@id":"https:\/\/www.piveteaubois.com\/fr\/#website","url":"https:\/\/www.piveteaubois.com\/fr\/","name":"PiveteauBois","description":"Piveteaubois sp\u00e9cialiste du bois depuis plus de 75 ans","potentialAction":[{"@type":"SearchAction","target":{"@type":"EntryPoint","urlTemplate":"https:\/\/www.piveteaubois.com\/fr\/?s={search_term_string}"},"query-input":"required name=search_term_string"}],"inLanguage":"fr-FR"},{"@type":"WebPage","@id":"https:\/\/www.piveteaubois.com\/fr\/nos-produits#webpage","url":"https:\/\/www.piveteaubois.com\/fr\/nos-produits","name":"Activit\u00e9s I Piveteaubois","isPartOf":{"@id":"https:\/\/www.piveteaubois.com\/fr\/#website"},"datePublished":"2015-04-15T19:17:05+00:00","dateModified":"2021-09-25T13:19:42+00:00","description":"Piveteaubois est votre fournisseur privil\u00e9gi\u00e9 pour vos projets bois : construction, am\u00e9nagement ext\u00e9rieur, \u00e9quipements des collectivit\u00e9s et bois \u00e9nergie.","breadcrumb":{"@id":"https:\/\/www.piveteaubois.com\/fr\/nos-produits#breadcrumb"},"inLanguage":"fr-FR","potentialAction":[{"@type":"ReadAction","target":["https:\/\/www.piveteaubois.com\/fr\/nos-produits"]}]},{"@type":"BreadcrumbList","@id":"https:\/\/www.piveteaubois.com\/fr\/nos-produits#breadcrumb","itemListElement":[{"@type":"ListItem","position":1,"name":"Accueil","item":"https:\/\/www.piveteaubois.com\/fr"},{"@type":"ListItem","position":2,"name":"Nos produits"}]}]}},"_links":{"self":[{"href":"https:\/\/www.piveteaubois.com\/fr\/wp-json\/wp\/v2\/pages\/315"}],"collection":[{"href":"https:\/\/www.piveteaubois.com\/fr\/wp-json\/wp\/v2\/pages"}],"about":[{"href":"https:\/\/www.piveteaubois.com\/fr\/wp-json\/wp\/v2\/types\/page"}],"author":[{"embeddable":true,"href":"https:\/\/www.piveteaubois.com\/fr\/wp-json\/wp\/v2\/users\/2"}],"replies":[{"embeddable":true,"href":"https:\/\/www.piveteaubois.com\/fr\/wp-json\/wp\/v2\/comments?post=315"}],"version-history":[{"count":2,"href":"https:\/\/www.piveteaubois.com\/fr\/wp-json\/wp\/v2\/pages\/315\/revisions"}],"predecessor-version":[{"id":2118,"href":"https:\/\/www.piveteaubois.com\/fr\/wp-json\/wp\/v2\/pages\/315\/revisions\/2118"}],"wp:attachment":[{"href":"https:\/\/www.piveteaubois.com\/fr\/wp-json\/wp\/v2\/media?parent=315"}],"curies":[{"name":"wp","href":"https:\/\/api.w.org\/{rel}","templated":true}]}}