{"id":318,"date":"2015-04-15T20:21:09","date_gmt":"2015-04-15T19:21:09","guid":{"rendered":"http:\/\/piveteaubois.pl8.tsjm.fr\/?page_id=318"},"modified":"2023-09-07T11:14:28","modified_gmt":"2023-09-07T10:14:28","slug":"collectivites","status":"publish","type":"page","link":"https:\/\/www.piveteaubois.com\/fr\/collectivites","title":{"rendered":"\u00c9quipements des collectivit\u00e9s"},"content":{"rendered":"<p>PIVETEAUBOIS est un industriel reconnu et qualifi\u00e9 sur le march\u00e9 des \u00e9quipements des&nbsp;collectivit\u00e9s.<\/p>\n<p>Acteur engag\u00e9 dans une <strong>d\u00e9marche de d\u00e9veloppement durable<\/strong>, PIVETEAUBOIS valorise 100% l\u2019arbre. Les produits r\u00e9alis\u00e9s dans le respect de nos principes de d\u00e9veloppement durable s\u2019av\u00e8rent de qualit\u00e9, p\u00e9renne et saine pour les utilisateurs. Notre <strong>d\u00e9marche d\u2019innovation, de valorisation et d\u2019\u00e9coconception<\/strong> permet de cr\u00e9er des produits fonctionnels, qualitatifs, design et durables.<br \/>\nNous proposons une offre sp\u00e9cifique de solutions bois imagin\u00e9es, fabriqu\u00e9es et cibl\u00e9es pour les collectivit\u00e9s publiques et priv\u00e9es, campings, CHR, parcs d\u2019attractions, associations, architectes paysagers, travaux publics\u2026etc.<br \/>\nNotre outil industriel nous permet de r\u00e9pondre \u00e0 des <strong>commandes sp\u00e9cifiques<\/strong> et de vous proposer des solutions en ad\u00e9quation avec vos sp\u00e9cificit\u00e9s.<br \/>\nNous mettons \u00e0 votre disposition un <strong>accompagnement commercial personnalis\u00e9 sur toute la France<\/strong> et disposons de plus de 25 000 m3 de bois en stock.<\/p>\n<p>Retrouvez nos diff\u00e9rentes gammes de produits pour \u00e9quiper les collectivit\u00e9s :<\/p>\n<ul>\n<li><span style=\"color: #339966;\"><strong>voirie<\/strong><\/span> : glissi\u00e8re de s\u00e9curit\u00e9, cl\u00f4tures, bornes<\/li>\n<li><span style=\"color: #339966;\"><strong>protection du bruit<\/strong><\/span> : \u00e9crans acoustiques<\/li>\n<li><span style=\"color: #339966;\"><strong>am\u00e9nagement<\/strong> <\/span>: panneaux, cl\u00f4tures, mobilier, platelages bois et bois composite, pontons, ronds, tunages, plantations, paravalanches,<\/li>\n<li><span style=\"color: #339966;\"><strong>b\u00e2timent<\/strong><\/span> : rev\u00eatements et structures<\/li>\n<\/ul>\n<p>Vous \u00eates une collectivit\u00e9 :<br \/>\n<a href=\"http:\/\/www.piveteaubois.com\/fr\/groupe\/contacts-professionnels#Collectivite\"><img loading=\"lazy\" class=\"aligncenter wp-image-3792 size-full\" src=\"http:\/\/www.piveteaubois.com\/wp-content\/uploads\/2015\/04\/bouton-equipe-commerciale-collectivite-piveteaubois-001.png\" alt=\"\" width=\"236\" height=\"56\"><\/a><a href=\"http:\/\/www.piveteaubois.com\/fr\/groupe\/contacts-professionnels#Collectivite\"><br \/>\n<\/a><\/p>\n","protected":false},"excerpt":{"rendered":"<p>Nous proposons une offre sp\u00e9cifique de solutions bois imagin\u00e9es, fabriqu\u00e9es et cibl\u00e9es pour les collectivit\u00e9s publiques et priv\u00e9es, campings, CHR, parcs d\u2019attractions, associations, architectes paysagers, travaux publics\u2026etc.<\/p>\n","protected":false},"author":2,"featured_media":785,"parent":0,"menu_order":2,"comment_status":"closed","ping_status":"closed","template":"","meta":[],"acf":[],"yoast_head":"<!-- This site is optimized with the Yoast SEO plugin v18.4.1 - https:\/\/yoast.com\/wordpress\/plugins\/seo\/ -->\n<title>Equipement bois des collectivit\u00e9s I Piveteaubois<\/title>\n<meta name=\"description\" content=\"Nous proposons une offre sp\u00e9cifique de solutions bois imagin\u00e9es, fabriqu\u00e9es et cibl\u00e9es pour les collectivit\u00e9s publiques et priv\u00e9es.\" \/>\n<meta name=\"robots\" content=\"index, follow, max-snippet:-1, max-image-preview:large, max-video-preview:-1\" \/>\n<link rel=\"canonical\" href=\"https:\/\/www.piveteaubois.com\/fr\/collectivites\" \/>\n<meta property=\"og:locale\" content=\"fr_FR\" \/>\n<meta property=\"og:type\" content=\"article\" \/>\n<meta property=\"og:title\" content=\"Equipement bois des collectivit\u00e9s I Piveteaubois\" \/>\n<meta property=\"og:description\" content=\"Nous proposons une offre sp\u00e9cifique de solutions bois imagin\u00e9es, fabriqu\u00e9es et cibl\u00e9es pour les collectivit\u00e9s publiques et priv\u00e9es.\" \/>\n<meta property=\"og:url\" content=\"https:\/\/www.piveteaubois.com\/fr\/collectivites\" \/>\n<meta property=\"og:site_name\" content=\"PiveteauBois\" \/>\n<meta property=\"article:modified_time\" content=\"2023-09-07T10:14:28+00:00\" \/>\n<meta property=\"og:image\" content=\"https:\/\/www.piveteaubois.com\/wp-content\/uploads\/2015\/04\/VEB18_0041-1024x681.jpg\" \/>\n\t<meta property=\"og:image:width\" content=\"1024\" \/>\n\t<meta property=\"og:image:height\" content=\"681\" \/>\n\t<meta property=\"og:image:type\" content=\"image\/jpeg\" \/>\n<meta name=\"twitter:card\" content=\"summary\" \/>\n<meta name=\"twitter:label1\" content=\"Dur\u00e9e de lecture estim\u00e9e\" \/>\n\t<meta name=\"twitter:data1\" content=\"2 minutes\" \/>\n<script type=\"application\/ld+json\" class=\"yoast-schema-graph\">{\"@context\":\"https:\/\/schema.org\",\"@graph\":[{\"@type\":\"WebSite\",\"@id\":\"https:\/\/www.piveteaubois.com\/fr\/#website\",\"url\":\"https:\/\/www.piveteaubois.com\/fr\/\",\"name\":\"PiveteauBois\",\"description\":\"Piveteaubois sp\u00e9cialiste du bois depuis plus de 75 ans\",\"potentialAction\":[{\"@type\":\"SearchAction\",\"target\":{\"@type\":\"EntryPoint\",\"urlTemplate\":\"https:\/\/www.piveteaubois.com\/fr\/?s={search_term_string}\"},\"query-input\":\"required name=search_term_string\"}],\"inLanguage\":\"fr-FR\"},{\"@type\":\"ImageObject\",\"@id\":\"https:\/\/www.piveteaubois.com\/fr\/collectivites#primaryimage\",\"inLanguage\":\"fr-FR\",\"url\":\"https:\/\/www.piveteaubois.com\/wp-content\/uploads\/2015\/04\/VEB18_0041.jpg\",\"contentUrl\":\"https:\/\/www.piveteaubois.com\/wp-content\/uploads\/2015\/04\/VEB18_0041.jpg\",\"width\":4256,\"height\":2832,\"caption\":\"Equipement des collectivit\u00e9s\"},{\"@type\":\"WebPage\",\"@id\":\"https:\/\/www.piveteaubois.com\/fr\/collectivites#webpage\",\"url\":\"https:\/\/www.piveteaubois.com\/fr\/collectivites\",\"name\":\"Equipement bois des collectivit\u00e9s I Piveteaubois\",\"isPartOf\":{\"@id\":\"https:\/\/www.piveteaubois.com\/fr\/#website\"},\"primaryImageOfPage\":{\"@id\":\"https:\/\/www.piveteaubois.com\/fr\/collectivites#primaryimage\"},\"datePublished\":\"2015-04-15T19:21:09+00:00\",\"dateModified\":\"2023-09-07T10:14:28+00:00\",\"description\":\"Nous proposons une offre sp\u00e9cifique de solutions bois imagin\u00e9es, fabriqu\u00e9es et cibl\u00e9es pour les collectivit\u00e9s publiques et priv\u00e9es.\",\"breadcrumb\":{\"@id\":\"https:\/\/www.piveteaubois.com\/fr\/collectivites#breadcrumb\"},\"inLanguage\":\"fr-FR\",\"potentialAction\":[{\"@type\":\"ReadAction\",\"target\":[\"https:\/\/www.piveteaubois.com\/fr\/collectivites\"]}]},{\"@type\":\"BreadcrumbList\",\"@id\":\"https:\/\/www.piveteaubois.com\/fr\/collectivites#breadcrumb\",\"itemListElement\":[{\"@type\":\"ListItem\",\"position\":1,\"name\":\"Accueil\",\"item\":\"https:\/\/www.piveteaubois.com\/fr\"},{\"@type\":\"ListItem\",\"position\":2,\"name\":\"\u00c9quipements des collectivit\u00e9s\"}]}]}<\/script>\n<!-- \/ Yoast SEO plugin. -->","yoast_head_json":{"title":"Equipement bois des collectivit\u00e9s I Piveteaubois","description":"Nous proposons une offre sp\u00e9cifique de solutions bois imagin\u00e9es, fabriqu\u00e9es et cibl\u00e9es pour les collectivit\u00e9s publiques et priv\u00e9es.","robots":{"index":"index","follow":"follow","max-snippet":"max-snippet:-1","max-image-preview":"max-image-preview:large","max-video-preview":"max-video-preview:-1"},"canonical":"https:\/\/www.piveteaubois.com\/fr\/collectivites","og_locale":"fr_FR","og_type":"article","og_title":"Equipement bois des collectivit\u00e9s I Piveteaubois","og_description":"Nous proposons une offre sp\u00e9cifique de solutions bois imagin\u00e9es, fabriqu\u00e9es et cibl\u00e9es pour les collectivit\u00e9s publiques et priv\u00e9es.","og_url":"https:\/\/www.piveteaubois.com\/fr\/collectivites","og_site_name":"PiveteauBois","article_modified_time":"2023-09-07T10:14:28+00:00","og_image":[{"width":1024,"height":681,"url":"https:\/\/www.piveteaubois.com\/wp-content\/uploads\/2015\/04\/VEB18_0041-1024x681.jpg","type":"image\/jpeg"}],"twitter_card":"summary","twitter_misc":{"Dur\u00e9e de lecture estim\u00e9e":"2 minutes"},"schema":{"@context":"https:\/\/schema.org","@graph":[{"@type":"WebSite","@id":"https:\/\/www.piveteaubois.com\/fr\/#website","url":"https:\/\/www.piveteaubois.com\/fr\/","name":"PiveteauBois","description":"Piveteaubois sp\u00e9cialiste du bois depuis plus de 75 ans","potentialAction":[{"@type":"SearchAction","target":{"@type":"EntryPoint","urlTemplate":"https:\/\/www.piveteaubois.com\/fr\/?s={search_term_string}"},"query-input":"required name=search_term_string"}],"inLanguage":"fr-FR"},{"@type":"ImageObject","@id":"https:\/\/www.piveteaubois.com\/fr\/collectivites#primaryimage","inLanguage":"fr-FR","url":"https:\/\/www.piveteaubois.com\/wp-content\/uploads\/2015\/04\/VEB18_0041.jpg","contentUrl":"https:\/\/www.piveteaubois.com\/wp-content\/uploads\/2015\/04\/VEB18_0041.jpg","width":4256,"height":2832,"caption":"Equipement des collectivit\u00e9s"},{"@type":"WebPage","@id":"https:\/\/www.piveteaubois.com\/fr\/collectivites#webpage","url":"https:\/\/www.piveteaubois.com\/fr\/collectivites","name":"Equipement bois des collectivit\u00e9s I Piveteaubois","isPartOf":{"@id":"https:\/\/www.piveteaubois.com\/fr\/#website"},"primaryImageOfPage":{"@id":"https:\/\/www.piveteaubois.com\/fr\/collectivites#primaryimage"},"datePublished":"2015-04-15T19:21:09+00:00","dateModified":"2023-09-07T10:14:28+00:00","description":"Nous proposons une offre sp\u00e9cifique de solutions bois imagin\u00e9es, fabriqu\u00e9es et cibl\u00e9es pour les collectivit\u00e9s publiques et priv\u00e9es.","breadcrumb":{"@id":"https:\/\/www.piveteaubois.com\/fr\/collectivites#breadcrumb"},"inLanguage":"fr-FR","potentialAction":[{"@type":"ReadAction","target":["https:\/\/www.piveteaubois.com\/fr\/collectivites"]}]},{"@type":"BreadcrumbList","@id":"https:\/\/www.piveteaubois.com\/fr\/collectivites#breadcrumb","itemListElement":[{"@type":"ListItem","position":1,"name":"Accueil","item":"https:\/\/www.piveteaubois.com\/fr"},{"@type":"ListItem","position":2,"name":"\u00c9quipements des collectivit\u00e9s"}]}]}},"_links":{"self":[{"href":"https:\/\/www.piveteaubois.com\/fr\/wp-json\/wp\/v2\/pages\/318"}],"collection":[{"href":"https:\/\/www.piveteaubois.com\/fr\/wp-json\/wp\/v2\/pages"}],"about":[{"href":"https:\/\/www.piveteaubois.com\/fr\/wp-json\/wp\/v2\/types\/page"}],"author":[{"embeddable":true,"href":"https:\/\/www.piveteaubois.com\/fr\/wp-json\/wp\/v2\/users\/2"}],"replies":[{"embeddable":true,"href":"https:\/\/www.piveteaubois.com\/fr\/wp-json\/wp\/v2\/comments?post=318"}],"version-history":[{"count":41,"href":"https:\/\/www.piveteaubois.com\/fr\/wp-json\/wp\/v2\/pages\/318\/revisions"}],"predecessor-version":[{"id":6025,"href":"https:\/\/www.piveteaubois.com\/fr\/wp-json\/wp\/v2\/pages\/318\/revisions\/6025"}],"wp:featuredmedia":[{"embeddable":true,"href":"https:\/\/www.piveteaubois.com\/fr\/wp-json\/wp\/v2\/media\/785"}],"wp:attachment":[{"href":"https:\/\/www.piveteaubois.com\/fr\/wp-json\/wp\/v2\/media?parent=318"}],"curies":[{"name":"wp","href":"https:\/\/api.w.org\/{rel}","templated":true}]}}