{"id":321,"date":"2015-04-15T20:21:55","date_gmt":"2015-04-15T19:21:55","guid":{"rendered":"http:\/\/piveteaubois.pl8.tsjm.fr\/?page_id=321"},"modified":"2025-07-21T18:13:26","modified_gmt":"2025-07-21T17:13:26","slug":"amenagement-exterieur-2","status":"publish","type":"page","link":"https:\/\/www.piveteaubois.com\/fr\/nos-produits\/amenagement-exterieur-2","title":{"rendered":"Am\u00e9nagement Ext\u00e9rieur"},"content":{"rendered":"\n<p>\u00c0 chaque projet sa solution <strong>PIVETEAUBOIS<\/strong>. Du petit jardin d\u2019agr\u00e9ment aux travaux publics de grande envergure, <strong>PIVETEAUBOIS<\/strong> apporte toujours une r\u00e9ponse parfaitement adapt\u00e9e aux attentes de ses clients. Sa puissance industrielle, ses stocks permanents, sa capacit\u00e9 d\u2019adaptation et sa pr\u00e9sence partout en France sont la garantie d\u2019une qualit\u00e9 de service sans faille, quel que soit le projet.<\/p>\n\n\n\n<p><strong>PIVETEAUBOIS est un acteur incontournable de l\u2019am\u00e9nagement ext\u00e9rieur bois<\/strong>, innovant et durable. En quelques chiffres, chez PIVETEAUBOIS nous comptons :<\/p>\n\n\n\n<ul><li><strong>1 million m\u00b2<\/strong> de <strong>terrasses bois<\/strong> produites par an<\/li><li><strong>100 000 m\u00b3<\/strong> de <strong>produits bois d\u00e9di\u00e9s \u00e0 l\u2019am\u00e9nagement ext\u00e9rieur<\/strong><\/li><li><strong>40 ans d\u2019exp\u00e9rience<\/strong> dans la technologie <strong>DURAPIN<\/strong><\/li><\/ul>\n\n\n\n<div class=\"wp-block-image\" style=\"text-align:center\"><img src=\"\/wp-content\/uploads\/2024\/01\/piveteaubois-chiffres-cles-amenagement-exterieur-bois.png\" alt=\"Vue face bardage bois Concerto douglas marron 125x34 mm classe 3.2 Piveteaubois\" class=\"wp-image-7114\"><\/div>\n\n\n\n<p><\/p>\n\n\n\n<p><\/p>\n\n\n\n<h2>TERRASSE BOIS, CL\u00d4TURE BOIS, BOIS D\u2019AM\u00c9NAGEMENT : L\u2019EXCELLENCE DE NOS PRODUITS RABOT\u00c9S<\/h2>\n\n\n\n<p>Nous \u0153uvrons chaque jour pour offrir aux professionnels du b\u00e2timent le meilleur choix. Notre objectif : les aider \u00e0 cr\u00e9er le projet bois qui apportera toute satisfaction \u00e0 leurs clients dans la dur\u00e9e.<\/p>\n\n\n\n<p>Nous proposons des <strong>produits bois de qualit\u00e9 en Pin ou en Douglas<\/strong> :<\/p>\n\n\n\n<ul><li><strong>Terrasses bois<\/strong><\/li><li><strong>Cl\u00f4tures bois<\/strong><\/li><li><strong>Bois d\u2019am\u00e9nagement ext\u00e9rieur<\/strong> (piquets bois, ronds bois, traverses paysag\u00e8res etc\u2026)<\/li><\/ul>\n\n\n\n<p>Nous nous adaptons \u00e0 chaque demande, contactez-nous pour toute demande de produits sp\u00e9cifiques.<\/p>\n\n\n\n<h2>L\u2019INNOVATION PERMANENTE DE NOS PRODUITS BOIS<\/h2>\n\n\n\n<p>Toujours \u00e0 l\u2019\u00e9coute des attentes des march\u00e9s et des consommateurs, nous cr\u00e9ons sans cesse de nouveaux produits parfaitement adapt\u00e9s \u00e0 l\u2019\u00e9poque et au style de chacun.<\/p>\n\n\n\n<p>Notre bureau d\u2019\u00e9tudes et design innove chaque ann\u00e9e pour donner au bois de nouvelles perspectives : un design original, de nouveaux aspects et des finitions in\u00e9dites.<\/p>\n\n\n\n<iframe loading=\"lazy\" width=\"560\" height=\"315\" src=\"https:\/\/www.youtube.com\/embed\/tqBMrGJQYqE?si=ALrm7XIz2VODWDlr&amp;start=1\" title=\"YouTube video player\" frameborder=\"0\" allow=\"accelerometer; autoplay; clipboard-write; encrypted-media; gyroscope; picture-in-picture; web-share\" allowfullscreen=\"\"><\/iframe>\n\n\n\n<p><\/p>\n\n\n\n<p>Pour nous, l\u2019innovation passe par :<\/p>\n\n\n\n<h3>L&rsquo;alliance entre le design et la technique<\/h3>\n\n\n\n<p>Nous recherchons l\u2019efficience de nos produits \u00e0 travers un design r\u00e9fl\u00e9chi pour que la <strong>performance technique rime avec esth\u00e9tique<\/strong>. Nos profils sont \u00e9tudi\u00e9s pour am\u00e9liorer la dur\u00e9e de service et l\u2019esth\u00e9tique de nos produits, en favorisant la ventilation et le drainage optimal de l\u2019eau.<\/p>\n\n\n\n<h3><br>La ma\u00eetrise de la mati\u00e8re premi\u00e8re<\/h3>\n\n\n\n<p>Nous sommes convaincus qu\u2019un <strong>bon produit rabot\u00e9<\/strong> n\u2019est possible qu\u2019avec une <strong>mati\u00e8re premi\u00e8re de qualit\u00e9<\/strong>, bien s\u00e9lectionn\u00e9e et bien pr\u00e9par\u00e9e. D\u00e8s la for\u00eat, <strong>nous choisissons la meilleure qualit\u00e9 de bois<\/strong> pour la <strong>fabrication de nos terrasses en bois<\/strong>. Notre ma\u00eetrise parfaite du s\u00e9chage permet de pr\u00e9parer id\u00e9alement la mati\u00e8re \u00e0 \u00eatre transform\u00e9e et de r\u00e9duire sensiblement les ph\u00e9nom\u00e8nes de d\u00e9formation.<\/p>\n\n\n\n<h3><br>Un suivi de la qualit\u00e9<\/h3>\n\n\n\n<p>Nos 3 raboteries industrielles sont \u00e9quip\u00e9es de mat\u00e9riels techniques de pointe afin de garantir <strong>une qualit\u00e9 et une r\u00e9gularit\u00e9 de rabotage<\/strong>. Le contr\u00f4le syst\u00e9matique par notre scanner \u00e0 rayons X assure la qualit\u00e9 de l\u2019ensemble de nos produits rabot\u00e9s, qu\u2019ils soient standards ou sp\u00e9cifiques.<\/p>\n\n\n\n<h3><br>Des produits sur-mesure<\/h3>\n\n\n\n<p>Notre grande exp\u00e9rience des <strong>produits rabot\u00e9s<\/strong> nous a permis d\u2019acqu\u00e9rir un r\u00e9el savoir-faire. Nous d\u00e9veloppons nos propres outils afin d\u2019\u00eatre capable de r\u00e9pondre \u00e0 vos <strong>projets sur-mesure de fa\u00e7on industrielle<\/strong>.<\/p>\n\n\n\n<h2>DES PRODUITS BOIS DURABLES<\/h2>\n\n\n\n<h3>La ma\u00eetrise de l\u2019impr\u00e9gnation<\/h3>\n\n\n\n<p>Opter pour des produits bois impr\u00e9gn\u00e9s c\u2019est faire le choix d\u2019une esth\u00e9tique harmonieuse pour votre projet.<\/p>\n\n\n\n<p>Notre savoir-faire initi\u00e9 depuis pr\u00e8s de 40 ans dans <strong>l\u2019impr\u00e9gnation du bois par autoclave<\/strong> nous a permis de d\u00e9velopper un processus efficace, durable et qui respecte les normes en vigueur.<\/p>\n\n\n\n<p>Fort de notre exp\u00e9rience, nous d\u00e9clinons la <strong>pr\u00e9servation color\u00e9e marron depuis 15 ans et grise depuis 10 ans.<\/strong><\/p>\n\n\n\n<h3>Les technologies exclusives<\/h3>\n\n\n\n<p>Nous d\u00e9veloppons sans cesse de nouvelles technologies pour favoriser l\u2019utilisation la plus large possible du mat\u00e9riau bois. Nos technologies <strong>DURAPIN<\/strong> et <strong>LAMWOOD<\/strong> vous permettent d\u2019\u00eatre toujours plus performants pour vos chantiers.<\/p>\n\n\n\n<div class=\"wp-block-image\" style=\"text-align:center\"><img src=\"\/wp-content\/uploads\/2024\/01\/piveteaubois-solution-durapin-01.png\" alt=\"Vue face bardage bois Concerto douglas marron 125x34 mm classe 3.2 Piveteaubois\" class=\"wp-image-7114\"><\/div>\n\n\n\n<p><\/p>\n\n\n\n<h2>UNE CONSOMMATION RESPONSABLE ET CITOYENNE<\/h2>\n\n\n\n<p>PIVETEAUBOIS s\u2019engage pour sa scierie \u00e0 s\u2019approvisionner \u00e0 <strong>80 % en bois issus des for\u00eats fran\u00e7aises. <\/strong>La marque<strong> Bois de France<\/strong> est un label qui permet de promouvoir les produits issus de for\u00eats fran\u00e7aises, transform\u00e9s et assembl\u00e9s en France.<\/p>\n\n\n\n<p>Sensible \u00e0 la p\u00e9rennit\u00e9 de la ressource pour les g\u00e9n\u00e9rations futures, PIVETEAUBOIS a fait certifier les cha\u00eenes de contr\u00f4le de ses 3 sites de production et est capable \u00e0 la demande de fournir un volume de bois certifi\u00e9 PEFC. Cette certification permet d&rsquo;assurer une gestion durable et responsable des for\u00eats fran\u00e7aises en favorisant l&rsquo;\u00e9quilibre entre ces dimensions environnementales, soci\u00e9tales et \u00e9conomiques.<\/p>\n\n\n\n<h2>BESOIN DE CONSEILS ? CONTACTEZ-NOUS !<\/h2>\n\n\n\n<p>Vous \u00eates un industriel, un architecte, un ma\u00eetre d&rsquo;\u0153uvre, un n\u00e9goce ou vous travaillez \u00e0 l&rsquo;international ou au service de la LISA\/GSB, discutons de votre projet bois ensemble ! Contactez-nous en compl\u00e9tant le formulaire ci-dessous et vous serez recontact\u00e9 par notre \u00e9quipe commerciale : <\/p>\n\n\n\n<iframe loading=\"lazy\" src=\"https:\/\/web.piveteaubois.com\/piveteauboiscom-ak3uq\/pages\/2bs3a4okeesiqanomgmga.html\" allowtransparency=\"true\" width=\"100%\" height=\"1550px\" type=\"text\/html\" frameborder=\"0\" style=\"border:0\"><\/iframe>\n","protected":false},"excerpt":{"rendered":"<p>\u00c0 chaque projet sa solution PIVETEAUBOIS. Du petit jardin d\u2019agr\u00e9ment aux travaux publics de grande envergure, PIVETEAUBOIS apporte toujours une r\u00e9ponse parfaitement adapt\u00e9e aux attentes de ses clients. Sa puissance industrielle, ses stocks permanents, sa capacit\u00e9 d\u2019adaptation et sa pr\u00e9sence partout en France sont la garantie d\u2019une qualit\u00e9 de service sans faille, quel que soit [&hellip;]<\/p>\n","protected":false},"author":2,"featured_media":954,"parent":315,"menu_order":1,"comment_status":"closed","ping_status":"closed","template":"","meta":[],"acf":[],"yoast_head":"<!-- This site is optimized with the Yoast SEO plugin v18.4.1 - https:\/\/yoast.com\/wordpress\/plugins\/seo\/ -->\n<title>Am\u00e9nagement ext\u00e9rieur bois I Piveteaubois<\/title>\n<meta name=\"description\" content=\"PIVETEAUBOIS apporte une r\u00e9ponse adapt\u00e9e aux attentes de ses clients. Retrouvez notre gamme am\u00e9nagement ext\u00e9rieur : terrasses, cl\u00f4tures, piscines, abris...\" \/>\n<meta name=\"robots\" content=\"index, follow, max-snippet:-1, max-image-preview:large, max-video-preview:-1\" \/>\n<link rel=\"canonical\" href=\"https:\/\/www.piveteaubois.com\/fr\/nos-produits\/amenagement-exterieur-2\" \/>\n<meta property=\"og:locale\" content=\"fr_FR\" \/>\n<meta property=\"og:type\" content=\"article\" \/>\n<meta property=\"og:title\" content=\"Am\u00e9nagement ext\u00e9rieur bois I Piveteaubois\" \/>\n<meta property=\"og:description\" content=\"PIVETEAUBOIS apporte une r\u00e9ponse adapt\u00e9e aux attentes de ses clients. Retrouvez notre gamme am\u00e9nagement ext\u00e9rieur : terrasses, cl\u00f4tures, piscines, abris...\" \/>\n<meta property=\"og:url\" content=\"https:\/\/www.piveteaubois.com\/fr\/nos-produits\/amenagement-exterieur-2\" \/>\n<meta property=\"og:site_name\" content=\"PiveteauBois\" \/>\n<meta property=\"article:modified_time\" content=\"2025-07-21T17:13:26+00:00\" \/>\n<meta property=\"og:image\" content=\"https:\/\/www.piveteaubois.com\/wp-content\/uploads\/2015\/04\/Slider-home-exterieur.jpg\" \/>\n\t<meta property=\"og:image:width\" content=\"1031\" \/>\n\t<meta property=\"og:image:height\" content=\"410\" \/>\n\t<meta property=\"og:image:type\" content=\"image\/jpeg\" \/>\n<meta name=\"twitter:card\" content=\"summary\" \/>\n<meta name=\"twitter:label1\" content=\"Dur\u00e9e de lecture estim\u00e9e\" \/>\n\t<meta name=\"twitter:data1\" content=\"4 minutes\" \/>\n<script type=\"application\/ld+json\" class=\"yoast-schema-graph\">{\"@context\":\"https:\/\/schema.org\",\"@graph\":[{\"@type\":\"WebSite\",\"@id\":\"https:\/\/www.piveteaubois.com\/fr\/#website\",\"url\":\"https:\/\/www.piveteaubois.com\/fr\/\",\"name\":\"PiveteauBois\",\"description\":\"Piveteaubois sp\u00e9cialiste du bois depuis plus de 75 ans\",\"potentialAction\":[{\"@type\":\"SearchAction\",\"target\":{\"@type\":\"EntryPoint\",\"urlTemplate\":\"https:\/\/www.piveteaubois.com\/fr\/?s={search_term_string}\"},\"query-input\":\"required name=search_term_string\"}],\"inLanguage\":\"fr-FR\"},{\"@type\":\"ImageObject\",\"@id\":\"https:\/\/www.piveteaubois.com\/fr\/nos-produits\/amenagement-exterieur-2#primaryimage\",\"inLanguage\":\"fr-FR\",\"url\":\"https:\/\/www.piveteaubois.com\/wp-content\/uploads\/2015\/04\/Slider-home-exterieur.jpg\",\"contentUrl\":\"https:\/\/www.piveteaubois.com\/wp-content\/uploads\/2015\/04\/Slider-home-exterieur.jpg\",\"width\":1031,\"height\":410},{\"@type\":\"WebPage\",\"@id\":\"https:\/\/www.piveteaubois.com\/fr\/nos-produits\/amenagement-exterieur-2#webpage\",\"url\":\"https:\/\/www.piveteaubois.com\/fr\/nos-produits\/amenagement-exterieur-2\",\"name\":\"Am\u00e9nagement ext\u00e9rieur bois I Piveteaubois\",\"isPartOf\":{\"@id\":\"https:\/\/www.piveteaubois.com\/fr\/#website\"},\"primaryImageOfPage\":{\"@id\":\"https:\/\/www.piveteaubois.com\/fr\/nos-produits\/amenagement-exterieur-2#primaryimage\"},\"datePublished\":\"2015-04-15T19:21:55+00:00\",\"dateModified\":\"2025-07-21T17:13:26+00:00\",\"description\":\"PIVETEAUBOIS apporte une r\u00e9ponse adapt\u00e9e aux attentes de ses clients. Retrouvez notre gamme am\u00e9nagement ext\u00e9rieur : terrasses, cl\u00f4tures, piscines, abris...\",\"breadcrumb\":{\"@id\":\"https:\/\/www.piveteaubois.com\/fr\/nos-produits\/amenagement-exterieur-2#breadcrumb\"},\"inLanguage\":\"fr-FR\",\"potentialAction\":[{\"@type\":\"ReadAction\",\"target\":[\"https:\/\/www.piveteaubois.com\/fr\/nos-produits\/amenagement-exterieur-2\"]}]},{\"@type\":\"BreadcrumbList\",\"@id\":\"https:\/\/www.piveteaubois.com\/fr\/nos-produits\/amenagement-exterieur-2#breadcrumb\",\"itemListElement\":[{\"@type\":\"ListItem\",\"position\":1,\"name\":\"Accueil\",\"item\":\"https:\/\/www.piveteaubois.com\/fr\"},{\"@type\":\"ListItem\",\"position\":2,\"name\":\"Nos produits\",\"item\":\"https:\/\/www.piveteaubois.com\/fr\/nos-produits\"},{\"@type\":\"ListItem\",\"position\":3,\"name\":\"Am\u00e9nagement Ext\u00e9rieur\"}]}]}<\/script>\n<!-- \/ Yoast SEO plugin. -->","yoast_head_json":{"title":"Am\u00e9nagement ext\u00e9rieur bois I Piveteaubois","description":"PIVETEAUBOIS apporte une r\u00e9ponse adapt\u00e9e aux attentes de ses clients. Retrouvez notre gamme am\u00e9nagement ext\u00e9rieur : terrasses, cl\u00f4tures, piscines, abris...","robots":{"index":"index","follow":"follow","max-snippet":"max-snippet:-1","max-image-preview":"max-image-preview:large","max-video-preview":"max-video-preview:-1"},"canonical":"https:\/\/www.piveteaubois.com\/fr\/nos-produits\/amenagement-exterieur-2","og_locale":"fr_FR","og_type":"article","og_title":"Am\u00e9nagement ext\u00e9rieur bois I Piveteaubois","og_description":"PIVETEAUBOIS apporte une r\u00e9ponse adapt\u00e9e aux attentes de ses clients. Retrouvez notre gamme am\u00e9nagement ext\u00e9rieur : terrasses, cl\u00f4tures, piscines, abris...","og_url":"https:\/\/www.piveteaubois.com\/fr\/nos-produits\/amenagement-exterieur-2","og_site_name":"PiveteauBois","article_modified_time":"2025-07-21T17:13:26+00:00","og_image":[{"width":1031,"height":410,"url":"https:\/\/www.piveteaubois.com\/wp-content\/uploads\/2015\/04\/Slider-home-exterieur.jpg","type":"image\/jpeg"}],"twitter_card":"summary","twitter_misc":{"Dur\u00e9e de lecture estim\u00e9e":"4 minutes"},"schema":{"@context":"https:\/\/schema.org","@graph":[{"@type":"WebSite","@id":"https:\/\/www.piveteaubois.com\/fr\/#website","url":"https:\/\/www.piveteaubois.com\/fr\/","name":"PiveteauBois","description":"Piveteaubois sp\u00e9cialiste du bois depuis plus de 75 ans","potentialAction":[{"@type":"SearchAction","target":{"@type":"EntryPoint","urlTemplate":"https:\/\/www.piveteaubois.com\/fr\/?s={search_term_string}"},"query-input":"required name=search_term_string"}],"inLanguage":"fr-FR"},{"@type":"ImageObject","@id":"https:\/\/www.piveteaubois.com\/fr\/nos-produits\/amenagement-exterieur-2#primaryimage","inLanguage":"fr-FR","url":"https:\/\/www.piveteaubois.com\/wp-content\/uploads\/2015\/04\/Slider-home-exterieur.jpg","contentUrl":"https:\/\/www.piveteaubois.com\/wp-content\/uploads\/2015\/04\/Slider-home-exterieur.jpg","width":1031,"height":410},{"@type":"WebPage","@id":"https:\/\/www.piveteaubois.com\/fr\/nos-produits\/amenagement-exterieur-2#webpage","url":"https:\/\/www.piveteaubois.com\/fr\/nos-produits\/amenagement-exterieur-2","name":"Am\u00e9nagement ext\u00e9rieur bois I Piveteaubois","isPartOf":{"@id":"https:\/\/www.piveteaubois.com\/fr\/#website"},"primaryImageOfPage":{"@id":"https:\/\/www.piveteaubois.com\/fr\/nos-produits\/amenagement-exterieur-2#primaryimage"},"datePublished":"2015-04-15T19:21:55+00:00","dateModified":"2025-07-21T17:13:26+00:00","description":"PIVETEAUBOIS apporte une r\u00e9ponse adapt\u00e9e aux attentes de ses clients. Retrouvez notre gamme am\u00e9nagement ext\u00e9rieur : terrasses, cl\u00f4tures, piscines, abris...","breadcrumb":{"@id":"https:\/\/www.piveteaubois.com\/fr\/nos-produits\/amenagement-exterieur-2#breadcrumb"},"inLanguage":"fr-FR","potentialAction":[{"@type":"ReadAction","target":["https:\/\/www.piveteaubois.com\/fr\/nos-produits\/amenagement-exterieur-2"]}]},{"@type":"BreadcrumbList","@id":"https:\/\/www.piveteaubois.com\/fr\/nos-produits\/amenagement-exterieur-2#breadcrumb","itemListElement":[{"@type":"ListItem","position":1,"name":"Accueil","item":"https:\/\/www.piveteaubois.com\/fr"},{"@type":"ListItem","position":2,"name":"Nos produits","item":"https:\/\/www.piveteaubois.com\/fr\/nos-produits"},{"@type":"ListItem","position":3,"name":"Am\u00e9nagement Ext\u00e9rieur"}]}]}},"_links":{"self":[{"href":"https:\/\/www.piveteaubois.com\/fr\/wp-json\/wp\/v2\/pages\/321"}],"collection":[{"href":"https:\/\/www.piveteaubois.com\/fr\/wp-json\/wp\/v2\/pages"}],"about":[{"href":"https:\/\/www.piveteaubois.com\/fr\/wp-json\/wp\/v2\/types\/page"}],"author":[{"embeddable":true,"href":"https:\/\/www.piveteaubois.com\/fr\/wp-json\/wp\/v2\/users\/2"}],"replies":[{"embeddable":true,"href":"https:\/\/www.piveteaubois.com\/fr\/wp-json\/wp\/v2\/comments?post=321"}],"version-history":[{"count":85,"href":"https:\/\/www.piveteaubois.com\/fr\/wp-json\/wp\/v2\/pages\/321\/revisions"}],"predecessor-version":[{"id":7024,"href":"https:\/\/www.piveteaubois.com\/fr\/wp-json\/wp\/v2\/pages\/321\/revisions\/7024"}],"up":[{"embeddable":true,"href":"https:\/\/www.piveteaubois.com\/fr\/wp-json\/wp\/v2\/pages\/315"}],"wp:featuredmedia":[{"embeddable":true,"href":"https:\/\/www.piveteaubois.com\/fr\/wp-json\/wp\/v2\/media\/954"}],"wp:attachment":[{"href":"https:\/\/www.piveteaubois.com\/fr\/wp-json\/wp\/v2\/media?parent=321"}],"curies":[{"name":"wp","href":"https:\/\/api.w.org\/{rel}","templated":true}]}}