{"id":3304,"date":"2018-06-04T09:15:24","date_gmt":"2018-06-04T08:15:24","guid":{"rendered":"http:\/\/www.piveteaubois.com\/?page_id=3304"},"modified":"2025-06-10T13:03:39","modified_gmt":"2025-06-10T12:03:39","slug":"contacts-professionnels","status":"publish","type":"page","link":"https:\/\/www.piveteaubois.com\/fr\/groupe\/contacts-professionnels","title":{"rendered":"Une \u00e9quipe commerciale au service des professionnels"},"content":{"rendered":"<p><span style=\"font-weight: bold;\">En France comme \u00e0 l\u2019international, nos \u00e9quipes commerciales sont compos\u00e9es de technico-commerciaux sp\u00e9cialistes du mat\u00e9riau bois.<\/span> Sur place ou \u00e0 distance, elles accompagnent les professionnels dans le choix des produits bois adapt\u00e9s \u00e0 leur projet.<\/p>\n<p><\/p>\n\n\n<div id=\"formulaire\"><p style=\"margin-bottom:15px\">Pour toute demande, contactez-nous en compl\u00e9tant le formulaire ci-dessous :<\/p><\/div>\n\n\n\n<p><\/p>\n\n\n\n<iframe loading=\"lazy\" src=\"https:\/\/web.piveteaubois.com\/piveteauboiscom-ak3uq\/pages\/2bs3a4okeesiqanomgmga.html\" allowtransparency=\"true\" width=\"100%\" height=\"1150px\" type=\"text\/html\" frameborder=\"0\" style=\"border:0\"><\/iframe>\n\n\n\n<div style=\";text-align: center;padding-bottom: 40px;\"><p>Nous sommes \u00e0 votre \u00e9coute : envoyez-nous votre message directement via le formulaire.<\/p><br><a href=\"#formulaire\"><img loading=\"lazy\" src=\"\/wp-content\/uploads\/2025\/03\/bouton-revenir-formulaire.png\" alt=\"Revenir au formulaire\" width=\"224\" height=\"28\"><\/a><\/div>\n\n\n\n<p><\/p>\n","protected":false},"excerpt":{"rendered":"<p>En France comme \u00e0 l\u2019international, nos \u00e9quipes commerciales sont compos\u00e9es de technico-commerciaux sp\u00e9cialistes du mat\u00e9riau bois. Sur place ou \u00e0 distance, elles accompagnent les professionnels dans le choix des produits bois adapt\u00e9s \u00e0 leur projet. Pour toute demande, contactez-nous en compl\u00e9tant le formulaire ci-dessous : Nous sommes \u00e0 votre \u00e9coute : envoyez-nous votre message directement [&hellip;]<\/p>\n","protected":false},"author":2,"featured_media":4245,"parent":260,"menu_order":6,"comment_status":"closed","ping_status":"closed","template":"templates\/professionnals-contact.php","meta":[],"acf":[],"yoast_head":"<!-- This site is optimized with the Yoast SEO plugin v18.4.1 - https:\/\/yoast.com\/wordpress\/plugins\/seo\/ -->\n<title>Contactez les \u00e9quipes commerciales en France et \u00e0 l&#039;international I Piveteaubois<\/title>\n<meta name=\"description\" content=\"Sur place ou \u00e0 distance, nos \u00e9quipes commerciales accompagnent les professionnels dans le choix des produits bois adapt\u00e9s \u00e0 leur projet.\" \/>\n<meta name=\"robots\" content=\"index, follow, max-snippet:-1, max-image-preview:large, max-video-preview:-1\" \/>\n<link rel=\"canonical\" href=\"https:\/\/www.piveteaubois.com\/fr\/groupe\/contacts-professionnels\" \/>\n<meta property=\"og:locale\" content=\"fr_FR\" \/>\n<meta property=\"og:type\" content=\"article\" \/>\n<meta property=\"og:title\" content=\"Contactez les \u00e9quipes commerciales en France et \u00e0 l&#039;international I Piveteaubois\" \/>\n<meta property=\"og:description\" content=\"Sur place ou \u00e0 distance, nos \u00e9quipes commerciales accompagnent les professionnels dans le choix des produits bois adapt\u00e9s \u00e0 leur projet.\" \/>\n<meta property=\"og:url\" content=\"https:\/\/www.piveteaubois.com\/fr\/groupe\/contacts-professionnels\" \/>\n<meta property=\"og:site_name\" content=\"PiveteauBois\" \/>\n<meta property=\"article:modified_time\" content=\"2025-06-10T12:03:39+00:00\" \/>\n<meta property=\"og:image\" content=\"https:\/\/www.piveteaubois.com\/wp-content\/uploads\/2018\/06\/equipe-commerciale-piveteaubois-001.jpg\" \/>\n\t<meta property=\"og:image:width\" content=\"1903\" \/>\n\t<meta property=\"og:image:height\" content=\"409\" \/>\n\t<meta property=\"og:image:type\" content=\"image\/jpeg\" \/>\n<meta name=\"twitter:card\" content=\"summary\" \/>\n<meta name=\"twitter:label1\" content=\"Dur\u00e9e de lecture estim\u00e9e\" \/>\n\t<meta name=\"twitter:data1\" content=\"1 minute\" \/>\n<script type=\"application\/ld+json\" class=\"yoast-schema-graph\">{\"@context\":\"https:\/\/schema.org\",\"@graph\":[{\"@type\":\"WebSite\",\"@id\":\"https:\/\/www.piveteaubois.com\/fr\/#website\",\"url\":\"https:\/\/www.piveteaubois.com\/fr\/\",\"name\":\"PiveteauBois\",\"description\":\"Piveteaubois sp\u00e9cialiste du bois depuis plus de 75 ans\",\"potentialAction\":[{\"@type\":\"SearchAction\",\"target\":{\"@type\":\"EntryPoint\",\"urlTemplate\":\"https:\/\/www.piveteaubois.com\/fr\/?s={search_term_string}\"},\"query-input\":\"required name=search_term_string\"}],\"inLanguage\":\"fr-FR\"},{\"@type\":\"ImageObject\",\"@id\":\"https:\/\/www.piveteaubois.com\/fr\/groupe\/contacts-professionnels#primaryimage\",\"inLanguage\":\"fr-FR\",\"url\":\"https:\/\/www.piveteaubois.com\/wp-content\/uploads\/2018\/06\/equipe-commerciale-piveteaubois-001.jpg\",\"contentUrl\":\"https:\/\/www.piveteaubois.com\/wp-content\/uploads\/2018\/06\/equipe-commerciale-piveteaubois-001.jpg\",\"width\":1903,\"height\":409},{\"@type\":\"WebPage\",\"@id\":\"https:\/\/www.piveteaubois.com\/fr\/groupe\/contacts-professionnels#webpage\",\"url\":\"https:\/\/www.piveteaubois.com\/fr\/groupe\/contacts-professionnels\",\"name\":\"Contactez les \u00e9quipes commerciales en France et \u00e0 l'international I Piveteaubois\",\"isPartOf\":{\"@id\":\"https:\/\/www.piveteaubois.com\/fr\/#website\"},\"primaryImageOfPage\":{\"@id\":\"https:\/\/www.piveteaubois.com\/fr\/groupe\/contacts-professionnels#primaryimage\"},\"datePublished\":\"2018-06-04T08:15:24+00:00\",\"dateModified\":\"2025-06-10T12:03:39+00:00\",\"description\":\"Sur place ou \u00e0 distance, nos \u00e9quipes commerciales accompagnent les professionnels dans le choix des produits bois adapt\u00e9s \u00e0 leur projet.\",\"breadcrumb\":{\"@id\":\"https:\/\/www.piveteaubois.com\/fr\/groupe\/contacts-professionnels#breadcrumb\"},\"inLanguage\":\"fr-FR\",\"potentialAction\":[{\"@type\":\"ReadAction\",\"target\":[\"https:\/\/www.piveteaubois.com\/fr\/groupe\/contacts-professionnels\"]}]},{\"@type\":\"BreadcrumbList\",\"@id\":\"https:\/\/www.piveteaubois.com\/fr\/groupe\/contacts-professionnels#breadcrumb\",\"itemListElement\":[{\"@type\":\"ListItem\",\"position\":1,\"name\":\"Accueil\",\"item\":\"https:\/\/www.piveteaubois.com\/fr\"},{\"@type\":\"ListItem\",\"position\":2,\"name\":\"L&rsquo;entreprise\",\"item\":\"https:\/\/www.piveteaubois.com\/fr\/groupe\"},{\"@type\":\"ListItem\",\"position\":3,\"name\":\"Une \u00e9quipe commerciale au service des professionnels\"}]}]}<\/script>\n<!-- \/ Yoast SEO plugin. -->","yoast_head_json":{"title":"Contactez les \u00e9quipes commerciales en France et \u00e0 l'international I Piveteaubois","description":"Sur place ou \u00e0 distance, nos \u00e9quipes commerciales accompagnent les professionnels dans le choix des produits bois adapt\u00e9s \u00e0 leur projet.","robots":{"index":"index","follow":"follow","max-snippet":"max-snippet:-1","max-image-preview":"max-image-preview:large","max-video-preview":"max-video-preview:-1"},"canonical":"https:\/\/www.piveteaubois.com\/fr\/groupe\/contacts-professionnels","og_locale":"fr_FR","og_type":"article","og_title":"Contactez les \u00e9quipes commerciales en France et \u00e0 l'international I Piveteaubois","og_description":"Sur place ou \u00e0 distance, nos \u00e9quipes commerciales accompagnent les professionnels dans le choix des produits bois adapt\u00e9s \u00e0 leur projet.","og_url":"https:\/\/www.piveteaubois.com\/fr\/groupe\/contacts-professionnels","og_site_name":"PiveteauBois","article_modified_time":"2025-06-10T12:03:39+00:00","og_image":[{"width":1903,"height":409,"url":"https:\/\/www.piveteaubois.com\/wp-content\/uploads\/2018\/06\/equipe-commerciale-piveteaubois-001.jpg","type":"image\/jpeg"}],"twitter_card":"summary","twitter_misc":{"Dur\u00e9e de lecture estim\u00e9e":"1 minute"},"schema":{"@context":"https:\/\/schema.org","@graph":[{"@type":"WebSite","@id":"https:\/\/www.piveteaubois.com\/fr\/#website","url":"https:\/\/www.piveteaubois.com\/fr\/","name":"PiveteauBois","description":"Piveteaubois sp\u00e9cialiste du bois depuis plus de 75 ans","potentialAction":[{"@type":"SearchAction","target":{"@type":"EntryPoint","urlTemplate":"https:\/\/www.piveteaubois.com\/fr\/?s={search_term_string}"},"query-input":"required name=search_term_string"}],"inLanguage":"fr-FR"},{"@type":"ImageObject","@id":"https:\/\/www.piveteaubois.com\/fr\/groupe\/contacts-professionnels#primaryimage","inLanguage":"fr-FR","url":"https:\/\/www.piveteaubois.com\/wp-content\/uploads\/2018\/06\/equipe-commerciale-piveteaubois-001.jpg","contentUrl":"https:\/\/www.piveteaubois.com\/wp-content\/uploads\/2018\/06\/equipe-commerciale-piveteaubois-001.jpg","width":1903,"height":409},{"@type":"WebPage","@id":"https:\/\/www.piveteaubois.com\/fr\/groupe\/contacts-professionnels#webpage","url":"https:\/\/www.piveteaubois.com\/fr\/groupe\/contacts-professionnels","name":"Contactez les \u00e9quipes commerciales en France et \u00e0 l'international I Piveteaubois","isPartOf":{"@id":"https:\/\/www.piveteaubois.com\/fr\/#website"},"primaryImageOfPage":{"@id":"https:\/\/www.piveteaubois.com\/fr\/groupe\/contacts-professionnels#primaryimage"},"datePublished":"2018-06-04T08:15:24+00:00","dateModified":"2025-06-10T12:03:39+00:00","description":"Sur place ou \u00e0 distance, nos \u00e9quipes commerciales accompagnent les professionnels dans le choix des produits bois adapt\u00e9s \u00e0 leur projet.","breadcrumb":{"@id":"https:\/\/www.piveteaubois.com\/fr\/groupe\/contacts-professionnels#breadcrumb"},"inLanguage":"fr-FR","potentialAction":[{"@type":"ReadAction","target":["https:\/\/www.piveteaubois.com\/fr\/groupe\/contacts-professionnels"]}]},{"@type":"BreadcrumbList","@id":"https:\/\/www.piveteaubois.com\/fr\/groupe\/contacts-professionnels#breadcrumb","itemListElement":[{"@type":"ListItem","position":1,"name":"Accueil","item":"https:\/\/www.piveteaubois.com\/fr"},{"@type":"ListItem","position":2,"name":"L&rsquo;entreprise","item":"https:\/\/www.piveteaubois.com\/fr\/groupe"},{"@type":"ListItem","position":3,"name":"Une \u00e9quipe commerciale au service des professionnels"}]}]}},"_links":{"self":[{"href":"https:\/\/www.piveteaubois.com\/fr\/wp-json\/wp\/v2\/pages\/3304"}],"collection":[{"href":"https:\/\/www.piveteaubois.com\/fr\/wp-json\/wp\/v2\/pages"}],"about":[{"href":"https:\/\/www.piveteaubois.com\/fr\/wp-json\/wp\/v2\/types\/page"}],"author":[{"embeddable":true,"href":"https:\/\/www.piveteaubois.com\/fr\/wp-json\/wp\/v2\/users\/2"}],"replies":[{"embeddable":true,"href":"https:\/\/www.piveteaubois.com\/fr\/wp-json\/wp\/v2\/comments?post=3304"}],"version-history":[{"count":22,"href":"https:\/\/www.piveteaubois.com\/fr\/wp-json\/wp\/v2\/pages\/3304\/revisions"}],"predecessor-version":[{"id":7215,"href":"https:\/\/www.piveteaubois.com\/fr\/wp-json\/wp\/v2\/pages\/3304\/revisions\/7215"}],"up":[{"embeddable":true,"href":"https:\/\/www.piveteaubois.com\/fr\/wp-json\/wp\/v2\/pages\/260"}],"wp:featuredmedia":[{"embeddable":true,"href":"https:\/\/www.piveteaubois.com\/fr\/wp-json\/wp\/v2\/media\/4245"}],"wp:attachment":[{"href":"https:\/\/www.piveteaubois.com\/fr\/wp-json\/wp\/v2\/media?parent=3304"}],"curies":[{"name":"wp","href":"https:\/\/api.w.org\/{rel}","templated":true}]}}