{"id":334,"date":"2015-04-15T20:32:01","date_gmt":"2015-04-15T19:32:01","guid":{"rendered":"http:\/\/piveteaubois.pl8.tsjm.fr\/?page_id=334"},"modified":"2022-06-01T13:29:33","modified_gmt":"2022-06-01T12:29:33","slug":"sites-de-production","status":"publish","type":"page","link":"https:\/\/www.piveteaubois.com\/fr\/groupe\/sites-de-production","title":{"rendered":"Nos sites de production"},"content":{"rendered":"<p>Nous d\u00e9veloppons nos activit\u00e9s de 1\u00e8re et 2\u00e8me transformation du bois au sein de 3 sites de production.<\/p>\n<ul>\n<li>PIVETEAU en <strong>Vend\u00e9e<\/strong> \u2013 sp\u00e9cialiste du Pin et du Douglas<\/li>\n<li>FARGES\u00a0en <strong>Corr\u00e8ze<\/strong> \u2013 sp\u00e9cialiste de l\u2019Epic\u00e9a, Douglas et M\u00e9l\u00e8ze<\/li>\n<li>SYLVA\u00a0en <strong>Pologne<\/strong> \u2013 sp\u00e9cialiste du Pin<\/li>\n<\/ul>\n<h2>Des savoir-faire 100% int\u00e9gr\u00e9s<\/h2>\n<p>De la s\u00e9lection des bois \u00e0 la livraison en passant par les op\u00e9rations de sciage, s\u00e9chage, collage, rabotage, finition, usinage, montage ou encore impr\u00e9gnation, nous contr\u00f4lons toutes les \u00e9tapes de fabrication de A \u00e0 Z.<br \/>\nDans une d\u00e9marche de ma\u00eetrise totale de la qualit\u00e9, nous avons int\u00e9gr\u00e9 tous les m\u00e9tiers du bois pour vous accompagner : designers, charg\u00e9s d\u2019affaires, charg\u00e9s d\u2019\u00e9tudes, acheteurs forestiers, ateliers de production, responsables industrie.<br \/>\nNous transformons au global 700 000m3 de bois et 200 000 tonnes de granul\u00e9s de bois (chiffres 2014).<\/p>\n<h2>PIVETEAUBOIS, durablement responsable<\/h2>\n<p>L\u2019\u00e9cologie est dans notre nature. Le bois est une ressource trop pr\u00e9cieuse pour \u00eatre gaspill\u00e9e. Chez PIVETEAUBOIS nous valorisons 100% de l\u2019arbre. Le bois non utilis\u00e9 est ainsi transform\u00e9 en \u00e9nergie verte ou en granul\u00e9s Pellets.<\/p>\n<p>Dans cette m\u00eame d\u00e9marche durable, nous recueillons l\u2019eau de pluie pour l\u2019impr\u00e9gnation, trions tous nos d\u00e9chets, r\u00e9duisons l\u2019utilisation de produits de traitement et optimisons nos transports afin d\u2019en limiter l\u2019impact sur l\u2019environnement.<br \/>\nUne entreprise exemplaire dans sa fili\u00e8re. Chez PIVETEAUBOIS nous faisons tout pour rendre au bois ce qu\u2019il nous a apport\u00e9. Nous sommes totalement investis dans les interprofessions et associations de promotion du mat\u00e9riau sous toutes ses formes. Mieux : nous aidons \u00e0 l\u2019\u00e9laboration des normes produits, \u00e0 la r\u00e9daction des documents techniques (DTU) et mettons m\u00eame notre exp\u00e9rience \u00e0 disposition des f\u00e9d\u00e9rations de professionnels.<\/p>\n<p>Nous sommes pr\u00e9sents \u00e0 tous les \u00e9v\u00e9nements majeurs de la profession autant localement qu\u2019internationalement.<\/p>\n<p style=\"text-align: center;\"><strong>D\u00e9couvrez notre entreprise dans la vid\u00e9o ci-dessous :<\/strong><a href=\"https:\/\/www.youtube.com\/watch?v=R8Fiqng4c-4&amp;t=1s\" target=\"_blank\" rel=\"noopener noreferrer\"><img loading=\"lazy\" class=\"size-full wp-image-2726 aligncenter\" src=\"\/wp-content\/uploads\/2018\/02\/video-de-presentation-piveteaubois.png\" alt=\"\" width=\"310\" height=\"155\" \/><\/a><\/p>\n","protected":false},"excerpt":{"rendered":"<p>Nous d\u00e9veloppons nos activit\u00e9s de 1\u00e8re et 2\u00e8me transformation du bois au sein de 3 sites de production. PIVETEAU en Vend\u00e9e \u2013 sp\u00e9cialiste du Pin et du Douglas FARGES\u00a0en Corr\u00e8ze \u2013 sp\u00e9cialiste de l\u2019Epic\u00e9a, Douglas et M\u00e9l\u00e8ze SYLVA\u00a0en Pologne \u2013 sp\u00e9cialiste du Pin Des savoir-faire 100% int\u00e9gr\u00e9s De la s\u00e9lection des bois \u00e0 la livraison [&hellip;]<\/p>\n","protected":false},"author":2,"featured_media":444,"parent":260,"menu_order":3,"comment_status":"closed","ping_status":"open","template":"","meta":[],"acf":[],"yoast_head":"<!-- This site is optimized with the Yoast SEO plugin v18.4.1 - https:\/\/yoast.com\/wordpress\/plugins\/seo\/ -->\n<title>Les sites de production et notre savoir faire I Piveteaubois<\/title>\n<meta name=\"description\" content=\"Nous d\u00e9veloppons nos activit\u00e9s de 1\u00e8re et 2\u00e8me transformation du bois au sein de 3 sites de production. Nous valorisons 100% de l\u2019arbre.\" \/>\n<meta name=\"robots\" content=\"index, follow, max-snippet:-1, max-image-preview:large, max-video-preview:-1\" \/>\n<link rel=\"canonical\" href=\"https:\/\/www.piveteaubois.com\/fr\/groupe\/sites-de-production\" \/>\n<meta property=\"og:locale\" content=\"fr_FR\" \/>\n<meta property=\"og:type\" content=\"article\" \/>\n<meta property=\"og:title\" content=\"Les sites de production et notre savoir faire I Piveteaubois\" \/>\n<meta property=\"og:description\" content=\"Nous d\u00e9veloppons nos activit\u00e9s de 1\u00e8re et 2\u00e8me transformation du bois au sein de 3 sites de production. Nous valorisons 100% de l\u2019arbre.\" \/>\n<meta property=\"og:url\" content=\"https:\/\/www.piveteaubois.com\/fr\/groupe\/sites-de-production\" \/>\n<meta property=\"og:site_name\" content=\"PiveteauBois\" \/>\n<meta property=\"article:modified_time\" content=\"2022-06-01T12:29:33+00:00\" \/>\n<meta property=\"og:image\" content=\"https:\/\/www.piveteaubois.com\/wp-content\/uploads\/2015\/04\/PIV13-USINE-STE-FLO-207.jpg\" \/>\n\t<meta property=\"og:image:width\" content=\"800\" \/>\n\t<meta property=\"og:image:height\" content=\"1011\" \/>\n\t<meta property=\"og:image:type\" content=\"image\/jpeg\" \/>\n<meta name=\"twitter:card\" content=\"summary\" \/>\n<meta name=\"twitter:label1\" content=\"Dur\u00e9e de lecture estim\u00e9e\" \/>\n\t<meta name=\"twitter:data1\" content=\"2 minutes\" \/>\n<script type=\"application\/ld+json\" class=\"yoast-schema-graph\">{\"@context\":\"https:\/\/schema.org\",\"@graph\":[{\"@type\":\"WebSite\",\"@id\":\"https:\/\/www.piveteaubois.com\/fr\/#website\",\"url\":\"https:\/\/www.piveteaubois.com\/fr\/\",\"name\":\"PiveteauBois\",\"description\":\"Piveteaubois sp\u00e9cialiste du bois depuis plus de 75 ans\",\"potentialAction\":[{\"@type\":\"SearchAction\",\"target\":{\"@type\":\"EntryPoint\",\"urlTemplate\":\"https:\/\/www.piveteaubois.com\/fr\/?s={search_term_string}\"},\"query-input\":\"required name=search_term_string\"}],\"inLanguage\":\"fr-FR\"},{\"@type\":\"ImageObject\",\"@id\":\"https:\/\/www.piveteaubois.com\/fr\/groupe\/sites-de-production#primaryimage\",\"inLanguage\":\"fr-FR\",\"url\":\"https:\/\/www.piveteaubois.com\/wp-content\/uploads\/2015\/04\/PIV13-USINE-STE-FLO-207.jpg\",\"contentUrl\":\"https:\/\/www.piveteaubois.com\/wp-content\/uploads\/2015\/04\/PIV13-USINE-STE-FLO-207.jpg\",\"width\":800,\"height\":1011,\"caption\":\"Site de production de l'entreprise Piveteaubois\"},{\"@type\":\"WebPage\",\"@id\":\"https:\/\/www.piveteaubois.com\/fr\/groupe\/sites-de-production#webpage\",\"url\":\"https:\/\/www.piveteaubois.com\/fr\/groupe\/sites-de-production\",\"name\":\"Les sites de production et notre savoir faire I Piveteaubois\",\"isPartOf\":{\"@id\":\"https:\/\/www.piveteaubois.com\/fr\/#website\"},\"primaryImageOfPage\":{\"@id\":\"https:\/\/www.piveteaubois.com\/fr\/groupe\/sites-de-production#primaryimage\"},\"datePublished\":\"2015-04-15T19:32:01+00:00\",\"dateModified\":\"2022-06-01T12:29:33+00:00\",\"description\":\"Nous d\u00e9veloppons nos activit\u00e9s de 1\u00e8re et 2\u00e8me transformation du bois au sein de 3 sites de production. Nous valorisons 100% de l\u2019arbre.\",\"breadcrumb\":{\"@id\":\"https:\/\/www.piveteaubois.com\/fr\/groupe\/sites-de-production#breadcrumb\"},\"inLanguage\":\"fr-FR\",\"potentialAction\":[{\"@type\":\"ReadAction\",\"target\":[\"https:\/\/www.piveteaubois.com\/fr\/groupe\/sites-de-production\"]}]},{\"@type\":\"BreadcrumbList\",\"@id\":\"https:\/\/www.piveteaubois.com\/fr\/groupe\/sites-de-production#breadcrumb\",\"itemListElement\":[{\"@type\":\"ListItem\",\"position\":1,\"name\":\"Accueil\",\"item\":\"https:\/\/www.piveteaubois.com\/fr\"},{\"@type\":\"ListItem\",\"position\":2,\"name\":\"L&rsquo;entreprise\",\"item\":\"https:\/\/www.piveteaubois.com\/fr\/groupe\"},{\"@type\":\"ListItem\",\"position\":3,\"name\":\"Nos sites de production\"}]}]}<\/script>\n<!-- \/ Yoast SEO plugin. -->","yoast_head_json":{"title":"Les sites de production et notre savoir faire I Piveteaubois","description":"Nous d\u00e9veloppons nos activit\u00e9s de 1\u00e8re et 2\u00e8me transformation du bois au sein de 3 sites de production. Nous valorisons 100% de l\u2019arbre.","robots":{"index":"index","follow":"follow","max-snippet":"max-snippet:-1","max-image-preview":"max-image-preview:large","max-video-preview":"max-video-preview:-1"},"canonical":"https:\/\/www.piveteaubois.com\/fr\/groupe\/sites-de-production","og_locale":"fr_FR","og_type":"article","og_title":"Les sites de production et notre savoir faire I Piveteaubois","og_description":"Nous d\u00e9veloppons nos activit\u00e9s de 1\u00e8re et 2\u00e8me transformation du bois au sein de 3 sites de production. Nous valorisons 100% de l\u2019arbre.","og_url":"https:\/\/www.piveteaubois.com\/fr\/groupe\/sites-de-production","og_site_name":"PiveteauBois","article_modified_time":"2022-06-01T12:29:33+00:00","og_image":[{"width":800,"height":1011,"url":"https:\/\/www.piveteaubois.com\/wp-content\/uploads\/2015\/04\/PIV13-USINE-STE-FLO-207.jpg","type":"image\/jpeg"}],"twitter_card":"summary","twitter_misc":{"Dur\u00e9e de lecture estim\u00e9e":"2 minutes"},"schema":{"@context":"https:\/\/schema.org","@graph":[{"@type":"WebSite","@id":"https:\/\/www.piveteaubois.com\/fr\/#website","url":"https:\/\/www.piveteaubois.com\/fr\/","name":"PiveteauBois","description":"Piveteaubois sp\u00e9cialiste du bois depuis plus de 75 ans","potentialAction":[{"@type":"SearchAction","target":{"@type":"EntryPoint","urlTemplate":"https:\/\/www.piveteaubois.com\/fr\/?s={search_term_string}"},"query-input":"required name=search_term_string"}],"inLanguage":"fr-FR"},{"@type":"ImageObject","@id":"https:\/\/www.piveteaubois.com\/fr\/groupe\/sites-de-production#primaryimage","inLanguage":"fr-FR","url":"https:\/\/www.piveteaubois.com\/wp-content\/uploads\/2015\/04\/PIV13-USINE-STE-FLO-207.jpg","contentUrl":"https:\/\/www.piveteaubois.com\/wp-content\/uploads\/2015\/04\/PIV13-USINE-STE-FLO-207.jpg","width":800,"height":1011,"caption":"Site de production de l'entreprise Piveteaubois"},{"@type":"WebPage","@id":"https:\/\/www.piveteaubois.com\/fr\/groupe\/sites-de-production#webpage","url":"https:\/\/www.piveteaubois.com\/fr\/groupe\/sites-de-production","name":"Les sites de production et notre savoir faire I Piveteaubois","isPartOf":{"@id":"https:\/\/www.piveteaubois.com\/fr\/#website"},"primaryImageOfPage":{"@id":"https:\/\/www.piveteaubois.com\/fr\/groupe\/sites-de-production#primaryimage"},"datePublished":"2015-04-15T19:32:01+00:00","dateModified":"2022-06-01T12:29:33+00:00","description":"Nous d\u00e9veloppons nos activit\u00e9s de 1\u00e8re et 2\u00e8me transformation du bois au sein de 3 sites de production. Nous valorisons 100% de l\u2019arbre.","breadcrumb":{"@id":"https:\/\/www.piveteaubois.com\/fr\/groupe\/sites-de-production#breadcrumb"},"inLanguage":"fr-FR","potentialAction":[{"@type":"ReadAction","target":["https:\/\/www.piveteaubois.com\/fr\/groupe\/sites-de-production"]}]},{"@type":"BreadcrumbList","@id":"https:\/\/www.piveteaubois.com\/fr\/groupe\/sites-de-production#breadcrumb","itemListElement":[{"@type":"ListItem","position":1,"name":"Accueil","item":"https:\/\/www.piveteaubois.com\/fr"},{"@type":"ListItem","position":2,"name":"L&rsquo;entreprise","item":"https:\/\/www.piveteaubois.com\/fr\/groupe"},{"@type":"ListItem","position":3,"name":"Nos sites de production"}]}]}},"_links":{"self":[{"href":"https:\/\/www.piveteaubois.com\/fr\/wp-json\/wp\/v2\/pages\/334"}],"collection":[{"href":"https:\/\/www.piveteaubois.com\/fr\/wp-json\/wp\/v2\/pages"}],"about":[{"href":"https:\/\/www.piveteaubois.com\/fr\/wp-json\/wp\/v2\/types\/page"}],"author":[{"embeddable":true,"href":"https:\/\/www.piveteaubois.com\/fr\/wp-json\/wp\/v2\/users\/2"}],"replies":[{"embeddable":true,"href":"https:\/\/www.piveteaubois.com\/fr\/wp-json\/wp\/v2\/comments?post=334"}],"version-history":[{"count":14,"href":"https:\/\/www.piveteaubois.com\/fr\/wp-json\/wp\/v2\/pages\/334\/revisions"}],"predecessor-version":[{"id":5216,"href":"https:\/\/www.piveteaubois.com\/fr\/wp-json\/wp\/v2\/pages\/334\/revisions\/5216"}],"up":[{"embeddable":true,"href":"https:\/\/www.piveteaubois.com\/fr\/wp-json\/wp\/v2\/pages\/260"}],"wp:featuredmedia":[{"embeddable":true,"href":"https:\/\/www.piveteaubois.com\/fr\/wp-json\/wp\/v2\/media\/444"}],"wp:attachment":[{"href":"https:\/\/www.piveteaubois.com\/fr\/wp-json\/wp\/v2\/media?parent=334"}],"curies":[{"name":"wp","href":"https:\/\/api.w.org\/{rel}","templated":true}]}}