{"id":345,"date":"2015-04-16T17:53:50","date_gmt":"2015-04-16T16:53:50","guid":{"rendered":"http:\/\/piveteaubois.pl8.tsjm.fr\/?page_id=345"},"modified":"2025-02-25T16:42:20","modified_gmt":"2025-02-25T15:42:20","slug":"essences","status":"publish","type":"page","link":"https:\/\/www.piveteaubois.com\/fr\/essences","title":{"rendered":"Nos essences de bois"},"content":{"rendered":"<h2>Favoriser les essences locales<\/h2>\n<p>Par \u00e9thique comme par conviction, PIVETEAUBOIS donne depuis toujours sa pr\u00e9f\u00e9rence aux bois d\u2019origines locales. L\u2019entreprise ma\u00eetrise ainsi totalement la qualit\u00e9 de ses produits tout en contribuant \u00e0 la r\u00e9g\u00e9n\u00e9ration des for\u00eats et \u00e0 la pr\u00e9servation de la nature. Nous utilisons l\u2019essence la plus adapt\u00e9e parmi le Pin, le Douglas, le M\u00e9l\u00e8ze et l\u2019Epic\u00e9a. En fonction de leur r\u00e9sistance naturelle, elles sont trait\u00e9es ou non.<\/p>\n<p>Nous s\u00e9lectionnons les meilleurs r\u00e9sineux dans les for\u00eats locales \u00e9co-certifi\u00e9es PEFC et FSC : Pin, Douglas, M\u00e9l\u00e8ze, Epic\u00e9a.<\/p>\n<h2><img loading=\"lazy\" class=\"alignleft wp-image-453 size-full\" src=\"http:\/\/www.piveteaubois.com\/wp-content\/uploads\/2015\/04\/Pin.jpg\" alt=\"Pin\" width=\"150\" height=\"150\">Le PIN<\/h2>\n<p>Essence originaire de France ou de Pologne, caract\u00e9ris\u00e9e par un c\u0153ur rouge brun\u00e2tre naturellement durable et un aubier clair et non durable mais tr\u00e8s impr\u00e9gnable. Tr\u00e8s bonnes aptitudes au traitement (classe 4) et r\u00e9sistance m\u00e9canique \u00e9lev\u00e9e. Domaines d\u2019emplois : am\u00e9nagements ext\u00e9rieurs, structures, menuiseries int\u00e9rieures et ext\u00e9rieures, bardages et terrasses.<\/p>\n<p>&nbsp;<\/p>\n<h2><img loading=\"lazy\" class=\"alignright wp-image-451 size-full\" src=\"http:\/\/www.piveteaubois.com\/wp-content\/uploads\/2015\/04\/Douglas.jpg\" alt=\"Douglas\" width=\"150\" height=\"150\"><br \/>\nLe DOUGLAS<\/h2>\n<p>Essence originaire de France dont leur c\u0153ur rose saumon\u00e9 est naturellement durable et l\u2019aubier, non durable, moyennement impr\u00e9gnable. Sa forte proportion de c\u0153ur et sa tr\u00e8s bonne r\u00e9sistance m\u00e9canique en font l\u2019essence de choix pour les structures bois. Domaines d\u2019emplois : structures, menuiseries int\u00e9rieures et ext\u00e9rieures, bardages et terrasses et am\u00e9nagements ext\u00e9rieurs.<\/p>\n<p>&nbsp;<\/p>\n<h2><img loading=\"lazy\" class=\"alignleft wp-image-456 size-full\" src=\"http:\/\/www.piveteaubois.com\/wp-content\/uploads\/2015\/04\/Meleze.jpg\" alt=\"Meleze\" width=\"150\" height=\"150\">Le MELEZE<\/h2>\n<p>Essence originaire de France identifiable \u00e0 son c\u0153ur brun dor\u00e9, naturellement durable et \u00e0 sa faible proportion d\u2019aubier. Son grain fin et sa bonne r\u00e9sistance m\u00e9canique en font une essence particuli\u00e8rement appr\u00e9ci\u00e9e pour les rev\u00eatements ext\u00e9rieurs et les structures. Domaines d\u2019emplois : structures et bardages.<\/p>\n<p>&nbsp;<\/p>\n<h2><img loading=\"lazy\" class=\"alignright wp-image-458 size-full\" src=\"http:\/\/www.piveteaubois.com\/wp-content\/uploads\/2015\/04\/Epicea.jpg\" alt=\"Epicea\" width=\"150\" height=\"150\"><br \/>\nL\u2019EPICEA<\/h2>\n<p>Essence originaire de France dont le c\u0153ur blanc cr\u00e8me est un peu distinct de l\u2019aubier. Essence peu durable et non impr\u00e9gnable pr\u00e9sentant une bonne r\u00e9sistance m\u00e9canique. Domaines d\u2019emplois : structures, menuiseries int\u00e9rieures, bardages et terrasses.<\/p>\n<p style=\"text-align: center;\"><strong>D\u00e9couvrez notre entreprise<\/strong><a href=\"https:\/\/www.youtube.com\/watch?v=R8Fiqng4c-4&amp;t=1s\" target=\"_blank\" rel=\"noopener noreferrer\"><img loading=\"lazy\" class=\"size-full wp-image-2726 aligncenter\" src=\"\/wp-content\/uploads\/2018\/02\/video-de-presentation-piveteaubois.png\" alt=\"\" width=\"310\" height=\"155\"><\/a><\/p>\n","protected":false},"excerpt":{"rendered":"<p>Favoriser les essences locales Par \u00e9thique comme par conviction, PIVETEAUBOIS donne depuis toujours sa pr\u00e9f\u00e9rence aux bois d\u2019origines locales. L\u2019entreprise ma\u00eetrise ainsi totalement la qualit\u00e9 de ses produits tout en contribuant \u00e0 la r\u00e9g\u00e9n\u00e9ration des for\u00eats et \u00e0 la pr\u00e9servation de la nature. Nous utilisons l\u2019essence la plus adapt\u00e9e parmi le Pin, le Douglas, le [&hellip;]<\/p>\n","protected":false},"author":2,"featured_media":537,"parent":0,"menu_order":1,"comment_status":"closed","ping_status":"open","template":"","meta":[],"acf":[],"yoast_head":"<!-- This site is optimized with the Yoast SEO plugin v18.4.1 - https:\/\/yoast.com\/wordpress\/plugins\/seo\/ -->\n<title>Les essences : Nous s\u00e9lectionnons les meilleurs r\u00e9sineux dans les for\u00eats locales \u00e9co-certifi\u00e9es PEFC et FSC : Pin, Douglas, M\u00e9l\u00e8ze, Epic\u00e9a I Piveteaubois<\/title>\n<meta name=\"description\" content=\"Nous s\u00e9lectionnons les meilleurs r\u00e9sineux dans les for\u00eats locales \u00e9co-certifi\u00e9es PEFC et FSC, nos essences : Pin, Douglas, M\u00e9l\u00e8ze, Epic\u00e9a.\" \/>\n<meta name=\"robots\" content=\"index, follow, max-snippet:-1, max-image-preview:large, max-video-preview:-1\" \/>\n<link rel=\"canonical\" href=\"https:\/\/www.piveteaubois.com\/fr\/essences\" \/>\n<meta property=\"og:locale\" content=\"fr_FR\" \/>\n<meta property=\"og:type\" content=\"article\" \/>\n<meta property=\"og:title\" content=\"Les essences : Nous s\u00e9lectionnons les meilleurs r\u00e9sineux dans les for\u00eats locales \u00e9co-certifi\u00e9es PEFC et FSC : Pin, Douglas, M\u00e9l\u00e8ze, Epic\u00e9a I Piveteaubois\" \/>\n<meta property=\"og:description\" content=\"Nous s\u00e9lectionnons les meilleurs r\u00e9sineux dans les for\u00eats locales \u00e9co-certifi\u00e9es PEFC et FSC, nos essences : Pin, Douglas, M\u00e9l\u00e8ze, Epic\u00e9a.\" \/>\n<meta property=\"og:url\" content=\"https:\/\/www.piveteaubois.com\/fr\/essences\" \/>\n<meta property=\"og:site_name\" content=\"PiveteauBois\" \/>\n<meta property=\"article:modified_time\" content=\"2025-02-25T15:42:20+00:00\" \/>\n<meta property=\"og:image\" content=\"https:\/\/www.piveteaubois.com\/wp-content\/uploads\/2015\/04\/Image_gauche_essence.png\" \/>\n\t<meta property=\"og:image:width\" content=\"524\" \/>\n\t<meta property=\"og:image:height\" content=\"818\" \/>\n\t<meta property=\"og:image:type\" content=\"image\/png\" \/>\n<meta name=\"twitter:card\" content=\"summary\" \/>\n<meta name=\"twitter:label1\" content=\"Dur\u00e9e de lecture estim\u00e9e\" \/>\n\t<meta name=\"twitter:data1\" content=\"3 minutes\" \/>\n<script type=\"application\/ld+json\" class=\"yoast-schema-graph\">{\"@context\":\"https:\/\/schema.org\",\"@graph\":[{\"@type\":\"WebSite\",\"@id\":\"https:\/\/www.piveteaubois.com\/fr\/#website\",\"url\":\"https:\/\/www.piveteaubois.com\/fr\/\",\"name\":\"PiveteauBois\",\"description\":\"Piveteaubois sp\u00e9cialiste du bois depuis plus de 75 ans\",\"potentialAction\":[{\"@type\":\"SearchAction\",\"target\":{\"@type\":\"EntryPoint\",\"urlTemplate\":\"https:\/\/www.piveteaubois.com\/fr\/?s={search_term_string}\"},\"query-input\":\"required name=search_term_string\"}],\"inLanguage\":\"fr-FR\"},{\"@type\":\"ImageObject\",\"@id\":\"https:\/\/www.piveteaubois.com\/fr\/essences#primaryimage\",\"inLanguage\":\"fr-FR\",\"url\":\"https:\/\/www.piveteaubois.com\/wp-content\/uploads\/2015\/04\/Image_gauche_essence.png\",\"contentUrl\":\"https:\/\/www.piveteaubois.com\/wp-content\/uploads\/2015\/04\/Image_gauche_essence.png\",\"width\":524,\"height\":818},{\"@type\":\"WebPage\",\"@id\":\"https:\/\/www.piveteaubois.com\/fr\/essences#webpage\",\"url\":\"https:\/\/www.piveteaubois.com\/fr\/essences\",\"name\":\"Les essences : Nous s\u00e9lectionnons les meilleurs r\u00e9sineux dans les for\u00eats locales \u00e9co-certifi\u00e9es PEFC et FSC : Pin, Douglas, M\u00e9l\u00e8ze, Epic\u00e9a I Piveteaubois\",\"isPartOf\":{\"@id\":\"https:\/\/www.piveteaubois.com\/fr\/#website\"},\"primaryImageOfPage\":{\"@id\":\"https:\/\/www.piveteaubois.com\/fr\/essences#primaryimage\"},\"datePublished\":\"2015-04-16T16:53:50+00:00\",\"dateModified\":\"2025-02-25T15:42:20+00:00\",\"description\":\"Nous s\u00e9lectionnons les meilleurs r\u00e9sineux dans les for\u00eats locales \u00e9co-certifi\u00e9es PEFC et FSC, nos essences : Pin, Douglas, M\u00e9l\u00e8ze, Epic\u00e9a.\",\"breadcrumb\":{\"@id\":\"https:\/\/www.piveteaubois.com\/fr\/essences#breadcrumb\"},\"inLanguage\":\"fr-FR\",\"potentialAction\":[{\"@type\":\"ReadAction\",\"target\":[\"https:\/\/www.piveteaubois.com\/fr\/essences\"]}]},{\"@type\":\"BreadcrumbList\",\"@id\":\"https:\/\/www.piveteaubois.com\/fr\/essences#breadcrumb\",\"itemListElement\":[{\"@type\":\"ListItem\",\"position\":1,\"name\":\"Accueil\",\"item\":\"https:\/\/www.piveteaubois.com\/fr\"},{\"@type\":\"ListItem\",\"position\":2,\"name\":\"Nos essences de bois\"}]}]}<\/script>\n<!-- \/ Yoast SEO plugin. -->","yoast_head_json":{"title":"Les essences : Nous s\u00e9lectionnons les meilleurs r\u00e9sineux dans les for\u00eats locales \u00e9co-certifi\u00e9es PEFC et FSC : Pin, Douglas, M\u00e9l\u00e8ze, Epic\u00e9a I Piveteaubois","description":"Nous s\u00e9lectionnons les meilleurs r\u00e9sineux dans les for\u00eats locales \u00e9co-certifi\u00e9es PEFC et FSC, nos essences : Pin, Douglas, M\u00e9l\u00e8ze, Epic\u00e9a.","robots":{"index":"index","follow":"follow","max-snippet":"max-snippet:-1","max-image-preview":"max-image-preview:large","max-video-preview":"max-video-preview:-1"},"canonical":"https:\/\/www.piveteaubois.com\/fr\/essences","og_locale":"fr_FR","og_type":"article","og_title":"Les essences : Nous s\u00e9lectionnons les meilleurs r\u00e9sineux dans les for\u00eats locales \u00e9co-certifi\u00e9es PEFC et FSC : Pin, Douglas, M\u00e9l\u00e8ze, Epic\u00e9a I Piveteaubois","og_description":"Nous s\u00e9lectionnons les meilleurs r\u00e9sineux dans les for\u00eats locales \u00e9co-certifi\u00e9es PEFC et FSC, nos essences : Pin, Douglas, M\u00e9l\u00e8ze, Epic\u00e9a.","og_url":"https:\/\/www.piveteaubois.com\/fr\/essences","og_site_name":"PiveteauBois","article_modified_time":"2025-02-25T15:42:20+00:00","og_image":[{"width":524,"height":818,"url":"https:\/\/www.piveteaubois.com\/wp-content\/uploads\/2015\/04\/Image_gauche_essence.png","type":"image\/png"}],"twitter_card":"summary","twitter_misc":{"Dur\u00e9e de lecture estim\u00e9e":"3 minutes"},"schema":{"@context":"https:\/\/schema.org","@graph":[{"@type":"WebSite","@id":"https:\/\/www.piveteaubois.com\/fr\/#website","url":"https:\/\/www.piveteaubois.com\/fr\/","name":"PiveteauBois","description":"Piveteaubois sp\u00e9cialiste du bois depuis plus de 75 ans","potentialAction":[{"@type":"SearchAction","target":{"@type":"EntryPoint","urlTemplate":"https:\/\/www.piveteaubois.com\/fr\/?s={search_term_string}"},"query-input":"required name=search_term_string"}],"inLanguage":"fr-FR"},{"@type":"ImageObject","@id":"https:\/\/www.piveteaubois.com\/fr\/essences#primaryimage","inLanguage":"fr-FR","url":"https:\/\/www.piveteaubois.com\/wp-content\/uploads\/2015\/04\/Image_gauche_essence.png","contentUrl":"https:\/\/www.piveteaubois.com\/wp-content\/uploads\/2015\/04\/Image_gauche_essence.png","width":524,"height":818},{"@type":"WebPage","@id":"https:\/\/www.piveteaubois.com\/fr\/essences#webpage","url":"https:\/\/www.piveteaubois.com\/fr\/essences","name":"Les essences : Nous s\u00e9lectionnons les meilleurs r\u00e9sineux dans les for\u00eats locales \u00e9co-certifi\u00e9es PEFC et FSC : Pin, Douglas, M\u00e9l\u00e8ze, Epic\u00e9a I Piveteaubois","isPartOf":{"@id":"https:\/\/www.piveteaubois.com\/fr\/#website"},"primaryImageOfPage":{"@id":"https:\/\/www.piveteaubois.com\/fr\/essences#primaryimage"},"datePublished":"2015-04-16T16:53:50+00:00","dateModified":"2025-02-25T15:42:20+00:00","description":"Nous s\u00e9lectionnons les meilleurs r\u00e9sineux dans les for\u00eats locales \u00e9co-certifi\u00e9es PEFC et FSC, nos essences : Pin, Douglas, M\u00e9l\u00e8ze, Epic\u00e9a.","breadcrumb":{"@id":"https:\/\/www.piveteaubois.com\/fr\/essences#breadcrumb"},"inLanguage":"fr-FR","potentialAction":[{"@type":"ReadAction","target":["https:\/\/www.piveteaubois.com\/fr\/essences"]}]},{"@type":"BreadcrumbList","@id":"https:\/\/www.piveteaubois.com\/fr\/essences#breadcrumb","itemListElement":[{"@type":"ListItem","position":1,"name":"Accueil","item":"https:\/\/www.piveteaubois.com\/fr"},{"@type":"ListItem","position":2,"name":"Nos essences de bois"}]}]}},"_links":{"self":[{"href":"https:\/\/www.piveteaubois.com\/fr\/wp-json\/wp\/v2\/pages\/345"}],"collection":[{"href":"https:\/\/www.piveteaubois.com\/fr\/wp-json\/wp\/v2\/pages"}],"about":[{"href":"https:\/\/www.piveteaubois.com\/fr\/wp-json\/wp\/v2\/types\/page"}],"author":[{"embeddable":true,"href":"https:\/\/www.piveteaubois.com\/fr\/wp-json\/wp\/v2\/users\/2"}],"replies":[{"embeddable":true,"href":"https:\/\/www.piveteaubois.com\/fr\/wp-json\/wp\/v2\/comments?post=345"}],"version-history":[{"count":19,"href":"https:\/\/www.piveteaubois.com\/fr\/wp-json\/wp\/v2\/pages\/345\/revisions"}],"predecessor-version":[{"id":4673,"href":"https:\/\/www.piveteaubois.com\/fr\/wp-json\/wp\/v2\/pages\/345\/revisions\/4673"}],"wp:featuredmedia":[{"embeddable":true,"href":"https:\/\/www.piveteaubois.com\/fr\/wp-json\/wp\/v2\/media\/537"}],"wp:attachment":[{"href":"https:\/\/www.piveteaubois.com\/fr\/wp-json\/wp\/v2\/media?parent=345"}],"curies":[{"name":"wp","href":"https:\/\/api.w.org\/{rel}","templated":true}]}}