{"id":3807,"date":"2019-10-17T14:07:40","date_gmt":"2019-10-17T13:07:40","guid":{"rendered":"http:\/\/www.piveteaubois.com\/?page_id=3807"},"modified":"2025-11-27T18:18:39","modified_gmt":"2025-11-27T17:18:39","slug":"au-service-des-prescripteurs","status":"publish","type":"page","link":"https:\/\/www.piveteaubois.com\/fr\/nos-expertises\/au-service-des-prescripteurs","title":{"rendered":"CONSEILS POUR LES PRESCRIPTEURS"},"content":{"rendered":"<div style=\"font-family: Gotham, 'Helvetica Neue', Helvetica, Arial, sans-serif; font-weight: 300; margin-top: -10px;\">\n<div class=\"wrapper\">\n<div class=\"single_concepteur_block\">\n<div class=\"single_concept_title_green_lp\">\n<h2 class=\"\">Un accompagnement complet pour vos conceptions Bois avec PIVETEAUBOIS<\/h2>\n<\/div>\n<div class=\"single_concepteur_description\">\n<p style=\"font-family: Gotham, 'Helvetica Neue', Helvetica, Arial, sans-serif;\">Que vous soyez en qu\u00eate d\u2019une meilleure compr\u00e9hension des fili\u00e8res et essences, d\u2019un accompagnement sur les r\u00e9glementations ou d\u2019une mise en relation avec des partenaires, nous vous guidons \u00e0 chaque \u00e9tape de vos projets avec du bois. Gr\u00e2ce \u00e0 un suivi rigoureux et personnalis\u00e9, nous vous aidons \u00e0 concr\u00e9tiser vos ambitions pour des constructions durables et performantes.<\/p>\n<p style=\"text-align: center; margin-top: 20px;\"><a href=\"\/wp-content\/uploads\/2025\/02\/schema-accompagnement-projets-bois-service-precription-piveteaubois.png\"><img loading=\"lazy\" class=\"aligncenter wp-image-3946 size-full\" src=\"\/wp-content\/uploads\/2025\/02\/schema-accompagnement-projets-bois-service-precription-piveteaubois.png\" alt=\"Sch\u00e9ma des services propos\u00e9s par le service Prescription Expert Bois de PIVETEAUBOIS\" width=\"600\" height=\"600\" \/><\/a><\/p>\n<p>\u00a0<\/p>\n<p style=\"font-family: Gotham, 'Helvetica Neue', Helvetica, Arial, sans-serif;\">Nous collaborons \u00e9troitement avec les am\u00e9nageurs, la ma\u00eetrise d\u2019ouvrage, les architectes, promoteurs, ma\u00eetres d\u2019\u0153uvre, \u00e9conomistes, et bureaux d\u2019\u00e9tudes pour les accompagner, d\u00e8s les phases initiales, des solutions bois optimales et adapt\u00e9es \u00e0 leurs projets.<br \/>L\u2019infographie ci-dessus met en lumi\u00e8re l\u2019ensemble des solutions et expertises offertes par <strong style=\"font-weight: bolder;\">le service Prescription de PIVETEAUBOIS<\/strong>.<\/p>\n<\/div>\n<\/div>\n<div id=\"carte\" class=\"single_concepteur_block\">\n<div class=\"single_concept_title_brun_lp\">\n<h2 class=\"\">D\u00e9couvrez nos \u00e9quipes de <span data-olk-copy-source=\"MessageBody\">Charg\u00e9s de prescription<\/span> r\u00e9gionaux<\/h2>\n<\/div>\n<div class=\"single_concepteur_description\">\n<p style=\"font-family: Gotham, 'Helvetica Neue', Helvetica, Arial, sans-serif;\">Chez PIVETEAUBOIS, nos <span data-olk-copy-source=\"MessageBody\">Charg\u00e9s de prescription<\/span> r\u00e9gionaux sont \u00e0 votre disposition pour vous accompagner dans tous vos projets bois. R\u00e9partis sur l\u2019ensemble du territoire, ces experts vous offrent un service de proximit\u00e9 adapt\u00e9 \u00e0 vos besoins. Identifiez votre interlocuteur local en consultant la carte ci-dessous :<\/p>\n<p>\u00a0<\/p>\n<p style=\"text-align: center; margin-top: 20px;\"><img loading=\"lazy\" class=\"aligncenter wp-image-3946 size-full\" src=\"\/wp-content\/uploads\/2025\/02\/prescripteurs-concepteurs-piveteaubois-decoupe-par-secteur-france.png\" alt=\"Equipe des prescripteurs concepteurs de Piveteaubois\" usemap=\"#Map\" width=\"870\" height=\"972\" border=\"0\" \/><\/p>\n<map name=\"Map\"> \n<area coords=\"121,132,305,150\" shape=\"rect\" href=\"mailto:paul.andrier@piveteau.com\" \/>\n \n<area coords=\"580,124,806,141\" shape=\"rect\" href=\"mailto:mustapha.bialatne@piveteau.com\" \/>\n \n<area coords=\"4,520,204,540\" shape=\"rect\" href=\"mailto:patrice.picoury@piveteau.com\" \/>\n \n<area coords=\"676,516,866,532\" shape=\"rect\" href=\"mailto:adrien.guillot@piveteau.com\" \/>\n \n<area coords=\"386,880,616,900\" shape=\"rect\" href=\"mailto:quentin.debarbouille@piveteau.com\" \/>\n \n<area coords=\"67,955,257,981\" shape=\"rect\" href=\"mailto:gwenole.lees@piveteau.com\" \/>\n \n<area coords=\"159,155,266,172\" shape=\"rect\" href=\"tel:0633618458\" \/>\n \n<area coords=\"636,144,746,165\" shape=\"rect\" href=\"tel:0675990654\" \/>\n \n<area coords=\"55,541,154,559\" shape=\"rect\" href=\"tel:0680181491\" \/>\n \n<area coords=\"714,534,827,557\" shape=\"rect\" href=\"tel:0674028264\" \/>\n \n<area coords=\"444,902,556,922\" shape=\"rect\" href=\"tel:0607250453\" \/>\n <\/map>\n<p>\u00a0<\/p>\n<\/div>\n<\/div>\n<div class=\"single_concepteur_block\">\n<div class=\"single_concept_title_green_lp\">\n<h2 class=\"\">D\u00e9couvrez nos r\u00e9alisations de r\u00e9f\u00e9rence<\/h2>\n<\/div>\n<div class=\"single_concepteur_description\">\n<p style=\"font-family: Gotham, 'Helvetica Neue', Helvetica, Arial, sans-serif;\">Explorez une multitude de projets architecturaux (logements, \u00e9quipements publics, centres commerciaux, lyc\u00e9es) con\u00e7us avec les produits PIVETEAUBOIS, auxquels notre \u00e9quipe de prescripteurs a contribu\u00e9, ainsi que les solutions bois PIVETEAUBOIS qui ont \u00e9t\u00e9 s\u00e9lectionn\u00e9es, en vous rendant sur la carte dynamique de notre partenaire Share is More ci-dessous.<\/p>\n<p>\u00a0<\/p>\n<p><iframe loading=\"lazy\" src=\"https:\/\/shareismore.com\/iframe\/map?agency=5dbf4b21-514c-11ee-bb52-0242ac120002&amp;map_only=true&amp;search=&amp;mode=modeMap&amp;lat=45.81014494848219&amp;lng=-0.006023927707275334&amp;zoom=4.417561553765236\" name=\"sim\" width=\"100%\" height=\"600px\"><\/iframe><\/p>\n<\/div>\n<\/div>\n<div class=\"single_concepteur_block\">\n<div class=\"single_concept_title_brun_lp\">\n<h2 class=\"\">Catalogues, guides techniques et \u00e9chantillons<\/h2>\n<\/div>\n<div class=\"single_concepteur_description\">\n<div class=\"wp-block-group__inner-container\">\n<div class=\"wp-block-columns\">\n<div class=\"wp-block-column is-vertically-aligned-top\" style=\"flex-basis: 80%; text-align: center;\">\n<div class=\"wp-block-columns\" style=\"margin-left: 75px;\">\n<div class=\"wp-block-column\">\n<figure class=\"\" style=\"margin-left: -15px;\"><img src=\"\/wp-content\/uploads\/2024\/05\/demandez-les-catalogues-produits-piveteaubois-004.png\" alt=\"Consultez en ligne les catalogues et guides\" height=\"194\" \/><\/figure>\n<p style=\"margin-bottom: -25px;\"><a href=\"\/fr\/nos-produits\/catalogues\"><img loading=\"lazy\" src=\"\/wp-content\/uploads\/2025\/02\/bouton-catalogues-et-guides.png\" alt=\"Consultez en ligne les catalogues et guides\" width=\"327\" height=\"28\" \/><\/a><\/p>\n<\/div>\n<div class=\"wp-block-column\">\n<figure class=\"\" style=\"margin-left: -5px;\"><img loading=\"lazy\" src=\"\/wp-content\/uploads\/2025\/04\/demandez-les-echantillons-produits-piveteaubois-007.png\" alt=\"Demandez vos catalogues papier et \u00e9chantillons\" width=\"373\" height=\"194\" \/><\/figure>\n<p style=\"margin-bottom: -25px;\"><a href=\"\/fr\/formulaire-de-demande-dinformation-prescription\"><img loading=\"lazy\" src=\"\/wp-content\/uploads\/2025\/02\/bouton-catalogues-en-papier.png\" alt=\"Demandez vos catalogues papier et \u00e9chantillons\" width=\"361\" height=\"28\" \/><\/a><\/p>\n<\/div>\n<\/div>\n<\/div>\n<\/div>\n<\/div>\n<\/div>\n<\/div>\n<div class=\"single_concepteur_block\">\n<div class=\"single_concept_title_green_lp\">\n<h2 class=\"\">Contactez nos prescripteurs et donnez vie \u00e0 votre projet bois<\/h2>\n<\/div>\n<div class=\"single_concepteur_description\">\n<p style=\"font-family: Gotham, 'Helvetica Neue', Helvetica, Arial, sans-serif;\">Une question ? Un besoin sp\u00e9cifique ? Nos charg\u00e9s de prescription vous recontactent rapidement.<\/p>\n<div style=\"text-align: left; margin-left: 240px; margin-top: 25px;\">\n<p><a href=\"\/fr\/formulaire-de-demande-dinformation-prescription\"><img loading=\"lazy\" src=\"\/wp-content\/uploads\/2025\/02\/bouton-experts.png\" alt=\"Parlez de votre projet \u00e0 nos experts !\" width=\"327\" height=\"28\" \/><\/a><\/p>\n<p>\u00a0<\/p>\n<\/div>\n<\/div>\n<\/div>\n<\/div>\n<\/div>\n\n\n<p><\/p>\n","protected":false},"excerpt":{"rendered":"<p>Un accompagnement complet pour vos conceptions Bois avec PIVETEAUBOIS Que vous soyez en qu\u00eate d\u2019une meilleure compr\u00e9hension des fili\u00e8res et essences, d\u2019un accompagnement sur les r\u00e9glementations ou d\u2019une mise en relation avec des partenaires, nous vous guidons \u00e0 chaque \u00e9tape de vos projets avec du bois. Gr\u00e2ce \u00e0 un suivi rigoureux et personnalis\u00e9, nous vous [&hellip;]<\/p>\n","protected":false},"author":2,"featured_media":6728,"parent":6559,"menu_order":0,"comment_status":"closed","ping_status":"closed","template":"templates\/product-range.php","meta":[],"acf":[],"yoast_head":"<!-- This site is optimized with the Yoast SEO plugin v18.4.1 - https:\/\/yoast.com\/wordpress\/plugins\/seo\/ -->\n<title>Conseils pour les prescripteurs I Piveteaubois<\/title>\n<meta name=\"description\" content=\"Architectes, ma\u00eetres d\u2019oeuvre, \u00e9conomistes &amp; bureaux d\u2019\u00e9tudes : notre service de prescription vous accompagne dans la conception d\u2019ouvrages en bois.\" \/>\n<meta name=\"robots\" content=\"index, follow, max-snippet:-1, max-image-preview:large, max-video-preview:-1\" \/>\n<link rel=\"canonical\" href=\"https:\/\/www.piveteaubois.com\/fr\/nos-expertises\/au-service-des-prescripteurs\" \/>\n<meta property=\"og:locale\" content=\"fr_FR\" \/>\n<meta property=\"og:type\" content=\"article\" \/>\n<meta property=\"og:title\" content=\"Conseils pour les prescripteurs I Piveteaubois\" \/>\n<meta property=\"og:description\" content=\"Architectes, ma\u00eetres d\u2019oeuvre, \u00e9conomistes &amp; bureaux d\u2019\u00e9tudes : notre service de prescription vous accompagne dans la conception d\u2019ouvrages en bois.\" \/>\n<meta property=\"og:url\" content=\"https:\/\/www.piveteaubois.com\/fr\/nos-expertises\/au-service-des-prescripteurs\" \/>\n<meta property=\"og:site_name\" content=\"PiveteauBois\" \/>\n<meta property=\"article:modified_time\" content=\"2025-11-27T17:18:39+00:00\" \/>\n<meta property=\"og:image\" content=\"https:\/\/www.piveteaubois.com\/wp-content\/uploads\/2025\/02\/prescripteurs-architectes-maitres-d-oeuvre-contactez-piveteaubois.jpg\" \/>\n\t<meta property=\"og:image:width\" content=\"2100\" \/>\n\t<meta property=\"og:image:height\" content=\"410\" \/>\n\t<meta property=\"og:image:type\" content=\"image\/jpeg\" \/>\n<meta name=\"twitter:card\" content=\"summary\" \/>\n<meta name=\"twitter:label1\" content=\"Dur\u00e9e de lecture estim\u00e9e\" \/>\n\t<meta name=\"twitter:data1\" content=\"3 minutes\" \/>\n<script type=\"application\/ld+json\" class=\"yoast-schema-graph\">{\"@context\":\"https:\/\/schema.org\",\"@graph\":[{\"@type\":\"WebSite\",\"@id\":\"https:\/\/www.piveteaubois.com\/fr\/#website\",\"url\":\"https:\/\/www.piveteaubois.com\/fr\/\",\"name\":\"PiveteauBois\",\"description\":\"Piveteaubois sp\u00e9cialiste du bois depuis plus de 75 ans\",\"potentialAction\":[{\"@type\":\"SearchAction\",\"target\":{\"@type\":\"EntryPoint\",\"urlTemplate\":\"https:\/\/www.piveteaubois.com\/fr\/?s={search_term_string}\"},\"query-input\":\"required name=search_term_string\"}],\"inLanguage\":\"fr-FR\"},{\"@type\":\"ImageObject\",\"@id\":\"https:\/\/www.piveteaubois.com\/fr\/nos-expertises\/au-service-des-prescripteurs#primaryimage\",\"inLanguage\":\"fr-FR\",\"url\":\"https:\/\/www.piveteaubois.com\/wp-content\/uploads\/2025\/02\/prescripteurs-architectes-maitres-d-oeuvre-contactez-piveteaubois.jpg\",\"contentUrl\":\"https:\/\/www.piveteaubois.com\/wp-content\/uploads\/2025\/02\/prescripteurs-architectes-maitres-d-oeuvre-contactez-piveteaubois.jpg\",\"width\":2100,\"height\":410},{\"@type\":\"WebPage\",\"@id\":\"https:\/\/www.piveteaubois.com\/fr\/nos-expertises\/au-service-des-prescripteurs#webpage\",\"url\":\"https:\/\/www.piveteaubois.com\/fr\/nos-expertises\/au-service-des-prescripteurs\",\"name\":\"Conseils pour les prescripteurs I Piveteaubois\",\"isPartOf\":{\"@id\":\"https:\/\/www.piveteaubois.com\/fr\/#website\"},\"primaryImageOfPage\":{\"@id\":\"https:\/\/www.piveteaubois.com\/fr\/nos-expertises\/au-service-des-prescripteurs#primaryimage\"},\"datePublished\":\"2019-10-17T13:07:40+00:00\",\"dateModified\":\"2025-11-27T17:18:39+00:00\",\"description\":\"Architectes, ma\u00eetres d\u2019oeuvre, \u00e9conomistes & bureaux d\u2019\u00e9tudes : notre service de prescription vous accompagne dans la conception d\u2019ouvrages en bois.\",\"breadcrumb\":{\"@id\":\"https:\/\/www.piveteaubois.com\/fr\/nos-expertises\/au-service-des-prescripteurs#breadcrumb\"},\"inLanguage\":\"fr-FR\",\"potentialAction\":[{\"@type\":\"ReadAction\",\"target\":[\"https:\/\/www.piveteaubois.com\/fr\/nos-expertises\/au-service-des-prescripteurs\"]}]},{\"@type\":\"BreadcrumbList\",\"@id\":\"https:\/\/www.piveteaubois.com\/fr\/nos-expertises\/au-service-des-prescripteurs#breadcrumb\",\"itemListElement\":[{\"@type\":\"ListItem\",\"position\":1,\"name\":\"Accueil\",\"item\":\"https:\/\/www.piveteaubois.com\/fr\"},{\"@type\":\"ListItem\",\"position\":2,\"name\":\"NOS EXPERTISES\",\"item\":\"https:\/\/www.piveteaubois.com\/fr\/nos-expertises\"},{\"@type\":\"ListItem\",\"position\":3,\"name\":\"CONSEILS POUR LES PRESCRIPTEURS\"}]}]}<\/script>\n<!-- \/ Yoast SEO plugin. -->","yoast_head_json":{"title":"Conseils pour les prescripteurs I Piveteaubois","description":"Architectes, ma\u00eetres d\u2019oeuvre, \u00e9conomistes & bureaux d\u2019\u00e9tudes : notre service de prescription vous accompagne dans la conception d\u2019ouvrages en bois.","robots":{"index":"index","follow":"follow","max-snippet":"max-snippet:-1","max-image-preview":"max-image-preview:large","max-video-preview":"max-video-preview:-1"},"canonical":"https:\/\/www.piveteaubois.com\/fr\/nos-expertises\/au-service-des-prescripteurs","og_locale":"fr_FR","og_type":"article","og_title":"Conseils pour les prescripteurs I Piveteaubois","og_description":"Architectes, ma\u00eetres d\u2019oeuvre, \u00e9conomistes & bureaux d\u2019\u00e9tudes : notre service de prescription vous accompagne dans la conception d\u2019ouvrages en bois.","og_url":"https:\/\/www.piveteaubois.com\/fr\/nos-expertises\/au-service-des-prescripteurs","og_site_name":"PiveteauBois","article_modified_time":"2025-11-27T17:18:39+00:00","og_image":[{"width":2100,"height":410,"url":"https:\/\/www.piveteaubois.com\/wp-content\/uploads\/2025\/02\/prescripteurs-architectes-maitres-d-oeuvre-contactez-piveteaubois.jpg","type":"image\/jpeg"}],"twitter_card":"summary","twitter_misc":{"Dur\u00e9e de lecture estim\u00e9e":"3 minutes"},"schema":{"@context":"https:\/\/schema.org","@graph":[{"@type":"WebSite","@id":"https:\/\/www.piveteaubois.com\/fr\/#website","url":"https:\/\/www.piveteaubois.com\/fr\/","name":"PiveteauBois","description":"Piveteaubois sp\u00e9cialiste du bois depuis plus de 75 ans","potentialAction":[{"@type":"SearchAction","target":{"@type":"EntryPoint","urlTemplate":"https:\/\/www.piveteaubois.com\/fr\/?s={search_term_string}"},"query-input":"required name=search_term_string"}],"inLanguage":"fr-FR"},{"@type":"ImageObject","@id":"https:\/\/www.piveteaubois.com\/fr\/nos-expertises\/au-service-des-prescripteurs#primaryimage","inLanguage":"fr-FR","url":"https:\/\/www.piveteaubois.com\/wp-content\/uploads\/2025\/02\/prescripteurs-architectes-maitres-d-oeuvre-contactez-piveteaubois.jpg","contentUrl":"https:\/\/www.piveteaubois.com\/wp-content\/uploads\/2025\/02\/prescripteurs-architectes-maitres-d-oeuvre-contactez-piveteaubois.jpg","width":2100,"height":410},{"@type":"WebPage","@id":"https:\/\/www.piveteaubois.com\/fr\/nos-expertises\/au-service-des-prescripteurs#webpage","url":"https:\/\/www.piveteaubois.com\/fr\/nos-expertises\/au-service-des-prescripteurs","name":"Conseils pour les prescripteurs I Piveteaubois","isPartOf":{"@id":"https:\/\/www.piveteaubois.com\/fr\/#website"},"primaryImageOfPage":{"@id":"https:\/\/www.piveteaubois.com\/fr\/nos-expertises\/au-service-des-prescripteurs#primaryimage"},"datePublished":"2019-10-17T13:07:40+00:00","dateModified":"2025-11-27T17:18:39+00:00","description":"Architectes, ma\u00eetres d\u2019oeuvre, \u00e9conomistes & bureaux d\u2019\u00e9tudes : notre service de prescription vous accompagne dans la conception d\u2019ouvrages en bois.","breadcrumb":{"@id":"https:\/\/www.piveteaubois.com\/fr\/nos-expertises\/au-service-des-prescripteurs#breadcrumb"},"inLanguage":"fr-FR","potentialAction":[{"@type":"ReadAction","target":["https:\/\/www.piveteaubois.com\/fr\/nos-expertises\/au-service-des-prescripteurs"]}]},{"@type":"BreadcrumbList","@id":"https:\/\/www.piveteaubois.com\/fr\/nos-expertises\/au-service-des-prescripteurs#breadcrumb","itemListElement":[{"@type":"ListItem","position":1,"name":"Accueil","item":"https:\/\/www.piveteaubois.com\/fr"},{"@type":"ListItem","position":2,"name":"NOS EXPERTISES","item":"https:\/\/www.piveteaubois.com\/fr\/nos-expertises"},{"@type":"ListItem","position":3,"name":"CONSEILS POUR LES PRESCRIPTEURS"}]}]}},"_links":{"self":[{"href":"https:\/\/www.piveteaubois.com\/fr\/wp-json\/wp\/v2\/pages\/3807"}],"collection":[{"href":"https:\/\/www.piveteaubois.com\/fr\/wp-json\/wp\/v2\/pages"}],"about":[{"href":"https:\/\/www.piveteaubois.com\/fr\/wp-json\/wp\/v2\/types\/page"}],"author":[{"embeddable":true,"href":"https:\/\/www.piveteaubois.com\/fr\/wp-json\/wp\/v2\/users\/2"}],"replies":[{"embeddable":true,"href":"https:\/\/www.piveteaubois.com\/fr\/wp-json\/wp\/v2\/comments?post=3807"}],"version-history":[{"count":199,"href":"https:\/\/www.piveteaubois.com\/fr\/wp-json\/wp\/v2\/pages\/3807\/revisions"}],"predecessor-version":[{"id":7570,"href":"https:\/\/www.piveteaubois.com\/fr\/wp-json\/wp\/v2\/pages\/3807\/revisions\/7570"}],"up":[{"embeddable":true,"href":"https:\/\/www.piveteaubois.com\/fr\/wp-json\/wp\/v2\/pages\/6559"}],"wp:featuredmedia":[{"embeddable":true,"href":"https:\/\/www.piveteaubois.com\/fr\/wp-json\/wp\/v2\/media\/6728"}],"wp:attachment":[{"href":"https:\/\/www.piveteaubois.com\/fr\/wp-json\/wp\/v2\/media?parent=3807"}],"curies":[{"name":"wp","href":"https:\/\/api.w.org\/{rel}","templated":true}]}}