{"id":4309,"date":"2020-12-03T15:00:29","date_gmt":"2020-12-03T14:00:29","guid":{"rendered":"http:\/\/www.piveteaubois.com\/?page_id=4309"},"modified":"2026-02-06T16:21:23","modified_gmt":"2026-02-06T15:21:23","slug":"bois-de-france","status":"publish","type":"page","link":"https:\/\/www.piveteaubois.com\/fr\/bois-de-france","title":{"rendered":"Bois de France"},"content":{"rendered":"<h2>Avec Bois de France<\/h2>\n<h3>La promesse d\u2019une consommation responsable et citoyenne<\/h3>\n<p>La marque \u00ab\u2009Bois de France\u2009\u00bb est un nouveau label pour promouvoir les produits issus de for\u00eats fran\u00e7aises. Pour l\u2019obtenir, les bois sci\u00e9s doivent, tout d\u2019abord, \u00eatre issus de for\u00eats fran\u00e7aises. Puis la transformation et l\u2019assemblage de la mati\u00e8re jusqu\u2019au produit fini sont \u00e9galement effectu\u00e9s en France.<\/p>\n<p>En France, PIVETEAUBOIS s\u2019est engag\u00e9 pour ses scieries, \u00e0 s\u2019approvisionner \u00e0 95 % minimum en bois issus de for\u00eats fran\u00e7aises, dans le cadre de ses certifications sous le n\u00b0 BF 0019.<\/p>\n<h3>Un enjeu environnemental, soci\u00e9tal et \u00e9conomique<\/h3>\n<p>La fili\u00e8re for\u00eat-bois fran\u00e7aise, qui compense \u00e0 elle seule pr\u00e8s de 20 % des \u00e9missions nationales de CO2, a un r\u00f4le de premi\u00e8re importance \u00e0 jouer dans l\u2019att\u00e9nuation des effets du changement climatique. Le bois et les produits fabriqu\u00e9s \u00e0 partir de bois sont des composants importants de la lutte contre le r\u00e9chauffement climatique. En privil\u00e9giant cette \u00e9conomie, nous finan\u00e7ons et entretenons la for\u00eat fran\u00e7aise pour qu&rsquo;elle assure son r\u00f4le environnemental (stockage du CO2, maintien de la biodiversit\u00e9).<\/p>\n<p>En adoptant un circuit court de valorisation, l\u2019empreinte carbone est diminu\u00e9e. La fili\u00e8re est ainsi au c\u0153ur de l\u2019\u00e9conomie circulaire sollicit\u00e9e par les consommateurs.<\/p>\n<p>Avec la transformation de nos bois, nous maintenons un tissu d\u2019entreprises rurales qui font vivre nos territoires. L\u2019utilisation du bois fran\u00e7ais dans la construction, l\u2019am\u00e9nagement int\u00e9rieur et ext\u00e9rieur mobilise un nombre important d\u2019acteurs avec leur savoir-faire : exploitants forestiers, scieurs, charpentiers, menuisiers, bureaux d\u2019\u00e9tudes bois\u2026<\/p>\n<p>Il est essentiel de redonner de la comp\u00e9titivit\u00e9 \u00e0 la fili\u00e8re foresti\u00e8re fran\u00e7aise et valoriser la performance de la sylviculture du pays en privil\u00e9giant Bois de France.<\/p>\n","protected":false},"excerpt":{"rendered":"<p>Avec Bois de France La promesse d\u2019une consommation responsable et citoyenne La marque \u00ab\u2009Bois de France\u2009\u00bb est un nouveau label pour promouvoir les produits issus de for\u00eats fran\u00e7aises. Pour l\u2019obtenir, les bois sci\u00e9s doivent, tout d\u2019abord, \u00eatre issus de for\u00eats fran\u00e7aises. Puis la transformation et l\u2019assemblage de la mati\u00e8re jusqu\u2019au produit fini sont \u00e9galement effectu\u00e9s [&hellip;]<\/p>\n","protected":false},"author":2,"featured_media":4316,"parent":0,"menu_order":1,"comment_status":"closed","ping_status":"closed","template":"","meta":[],"acf":[],"yoast_head":"<!-- This site is optimized with the Yoast SEO plugin v18.4.1 - https:\/\/yoast.com\/wordpress\/plugins\/seo\/ -->\n<title>La promesse d\u2019une consommation responsable et citoyenne I Piveteaubois<\/title>\n<meta name=\"description\" content=\"La marque \u00ab\u2009Bois de France\u2009\u00bb est un nouveau label pour promouvoir les produits issus de for\u00eats fran\u00e7aises.\" \/>\n<meta name=\"robots\" content=\"index, follow, max-snippet:-1, max-image-preview:large, max-video-preview:-1\" \/>\n<link rel=\"canonical\" href=\"https:\/\/www.piveteaubois.com\/fr\/bois-de-france\" \/>\n<meta property=\"og:locale\" content=\"fr_FR\" \/>\n<meta property=\"og:type\" content=\"article\" \/>\n<meta property=\"og:title\" content=\"La promesse d\u2019une consommation responsable et citoyenne I Piveteaubois\" \/>\n<meta property=\"og:description\" content=\"La marque \u00ab\u2009Bois de France\u2009\u00bb est un nouveau label pour promouvoir les produits issus de for\u00eats fran\u00e7aises.\" \/>\n<meta property=\"og:url\" content=\"https:\/\/www.piveteaubois.com\/fr\/bois-de-france\" \/>\n<meta property=\"og:site_name\" content=\"PiveteauBois\" \/>\n<meta property=\"article:modified_time\" content=\"2026-02-06T15:21:23+00:00\" \/>\n<meta property=\"og:image\" content=\"https:\/\/www.piveteaubois.com\/wp-content\/uploads\/2020\/12\/engagement-piveteaubois-bois-de-france-004.jpg\" \/>\n\t<meta property=\"og:image:width\" content=\"262\" \/>\n\t<meta property=\"og:image:height\" content=\"224\" \/>\n\t<meta property=\"og:image:type\" content=\"image\/jpeg\" \/>\n<meta name=\"twitter:card\" content=\"summary\" \/>\n<meta name=\"twitter:label1\" content=\"Dur\u00e9e de lecture estim\u00e9e\" \/>\n\t<meta name=\"twitter:data1\" content=\"2 minutes\" \/>\n<script type=\"application\/ld+json\" class=\"yoast-schema-graph\">{\"@context\":\"https:\/\/schema.org\",\"@graph\":[{\"@type\":\"WebSite\",\"@id\":\"https:\/\/www.piveteaubois.com\/fr\/#website\",\"url\":\"https:\/\/www.piveteaubois.com\/fr\/\",\"name\":\"PiveteauBois\",\"description\":\"Piveteaubois sp\u00e9cialiste du bois depuis plus de 75 ans\",\"potentialAction\":[{\"@type\":\"SearchAction\",\"target\":{\"@type\":\"EntryPoint\",\"urlTemplate\":\"https:\/\/www.piveteaubois.com\/fr\/?s={search_term_string}\"},\"query-input\":\"required name=search_term_string\"}],\"inLanguage\":\"fr-FR\"},{\"@type\":\"ImageObject\",\"@id\":\"https:\/\/www.piveteaubois.com\/fr\/bois-de-france#primaryimage\",\"inLanguage\":\"fr-FR\",\"url\":\"https:\/\/www.piveteaubois.com\/wp-content\/uploads\/2020\/12\/engagement-piveteaubois-bois-de-france-004.jpg\",\"contentUrl\":\"https:\/\/www.piveteaubois.com\/wp-content\/uploads\/2020\/12\/engagement-piveteaubois-bois-de-france-004.jpg\",\"width\":262,\"height\":224},{\"@type\":\"WebPage\",\"@id\":\"https:\/\/www.piveteaubois.com\/fr\/bois-de-france#webpage\",\"url\":\"https:\/\/www.piveteaubois.com\/fr\/bois-de-france\",\"name\":\"La promesse d\u2019une consommation responsable et citoyenne I Piveteaubois\",\"isPartOf\":{\"@id\":\"https:\/\/www.piveteaubois.com\/fr\/#website\"},\"primaryImageOfPage\":{\"@id\":\"https:\/\/www.piveteaubois.com\/fr\/bois-de-france#primaryimage\"},\"datePublished\":\"2020-12-03T14:00:29+00:00\",\"dateModified\":\"2026-02-06T15:21:23+00:00\",\"description\":\"La marque \u00ab\u2009Bois de France\u2009\u00bb est un nouveau label pour promouvoir les produits issus de for\u00eats fran\u00e7aises.\",\"breadcrumb\":{\"@id\":\"https:\/\/www.piveteaubois.com\/fr\/bois-de-france#breadcrumb\"},\"inLanguage\":\"fr-FR\",\"potentialAction\":[{\"@type\":\"ReadAction\",\"target\":[\"https:\/\/www.piveteaubois.com\/fr\/bois-de-france\"]}]},{\"@type\":\"BreadcrumbList\",\"@id\":\"https:\/\/www.piveteaubois.com\/fr\/bois-de-france#breadcrumb\",\"itemListElement\":[{\"@type\":\"ListItem\",\"position\":1,\"name\":\"Accueil\",\"item\":\"https:\/\/www.piveteaubois.com\/fr\"},{\"@type\":\"ListItem\",\"position\":2,\"name\":\"Bois de France\"}]}]}<\/script>\n<!-- \/ Yoast SEO plugin. -->","yoast_head_json":{"title":"La promesse d\u2019une consommation responsable et citoyenne I Piveteaubois","description":"La marque \u00ab\u2009Bois de France\u2009\u00bb est un nouveau label pour promouvoir les produits issus de for\u00eats fran\u00e7aises.","robots":{"index":"index","follow":"follow","max-snippet":"max-snippet:-1","max-image-preview":"max-image-preview:large","max-video-preview":"max-video-preview:-1"},"canonical":"https:\/\/www.piveteaubois.com\/fr\/bois-de-france","og_locale":"fr_FR","og_type":"article","og_title":"La promesse d\u2019une consommation responsable et citoyenne I Piveteaubois","og_description":"La marque \u00ab\u2009Bois de France\u2009\u00bb est un nouveau label pour promouvoir les produits issus de for\u00eats fran\u00e7aises.","og_url":"https:\/\/www.piveteaubois.com\/fr\/bois-de-france","og_site_name":"PiveteauBois","article_modified_time":"2026-02-06T15:21:23+00:00","og_image":[{"width":262,"height":224,"url":"https:\/\/www.piveteaubois.com\/wp-content\/uploads\/2020\/12\/engagement-piveteaubois-bois-de-france-004.jpg","type":"image\/jpeg"}],"twitter_card":"summary","twitter_misc":{"Dur\u00e9e de lecture estim\u00e9e":"2 minutes"},"schema":{"@context":"https:\/\/schema.org","@graph":[{"@type":"WebSite","@id":"https:\/\/www.piveteaubois.com\/fr\/#website","url":"https:\/\/www.piveteaubois.com\/fr\/","name":"PiveteauBois","description":"Piveteaubois sp\u00e9cialiste du bois depuis plus de 75 ans","potentialAction":[{"@type":"SearchAction","target":{"@type":"EntryPoint","urlTemplate":"https:\/\/www.piveteaubois.com\/fr\/?s={search_term_string}"},"query-input":"required name=search_term_string"}],"inLanguage":"fr-FR"},{"@type":"ImageObject","@id":"https:\/\/www.piveteaubois.com\/fr\/bois-de-france#primaryimage","inLanguage":"fr-FR","url":"https:\/\/www.piveteaubois.com\/wp-content\/uploads\/2020\/12\/engagement-piveteaubois-bois-de-france-004.jpg","contentUrl":"https:\/\/www.piveteaubois.com\/wp-content\/uploads\/2020\/12\/engagement-piveteaubois-bois-de-france-004.jpg","width":262,"height":224},{"@type":"WebPage","@id":"https:\/\/www.piveteaubois.com\/fr\/bois-de-france#webpage","url":"https:\/\/www.piveteaubois.com\/fr\/bois-de-france","name":"La promesse d\u2019une consommation responsable et citoyenne I Piveteaubois","isPartOf":{"@id":"https:\/\/www.piveteaubois.com\/fr\/#website"},"primaryImageOfPage":{"@id":"https:\/\/www.piveteaubois.com\/fr\/bois-de-france#primaryimage"},"datePublished":"2020-12-03T14:00:29+00:00","dateModified":"2026-02-06T15:21:23+00:00","description":"La marque \u00ab\u2009Bois de France\u2009\u00bb est un nouveau label pour promouvoir les produits issus de for\u00eats fran\u00e7aises.","breadcrumb":{"@id":"https:\/\/www.piveteaubois.com\/fr\/bois-de-france#breadcrumb"},"inLanguage":"fr-FR","potentialAction":[{"@type":"ReadAction","target":["https:\/\/www.piveteaubois.com\/fr\/bois-de-france"]}]},{"@type":"BreadcrumbList","@id":"https:\/\/www.piveteaubois.com\/fr\/bois-de-france#breadcrumb","itemListElement":[{"@type":"ListItem","position":1,"name":"Accueil","item":"https:\/\/www.piveteaubois.com\/fr"},{"@type":"ListItem","position":2,"name":"Bois de France"}]}]}},"_links":{"self":[{"href":"https:\/\/www.piveteaubois.com\/fr\/wp-json\/wp\/v2\/pages\/4309"}],"collection":[{"href":"https:\/\/www.piveteaubois.com\/fr\/wp-json\/wp\/v2\/pages"}],"about":[{"href":"https:\/\/www.piveteaubois.com\/fr\/wp-json\/wp\/v2\/types\/page"}],"author":[{"embeddable":true,"href":"https:\/\/www.piveteaubois.com\/fr\/wp-json\/wp\/v2\/users\/2"}],"replies":[{"embeddable":true,"href":"https:\/\/www.piveteaubois.com\/fr\/wp-json\/wp\/v2\/comments?post=4309"}],"version-history":[{"count":9,"href":"https:\/\/www.piveteaubois.com\/fr\/wp-json\/wp\/v2\/pages\/4309\/revisions"}],"predecessor-version":[{"id":7765,"href":"https:\/\/www.piveteaubois.com\/fr\/wp-json\/wp\/v2\/pages\/4309\/revisions\/7765"}],"wp:featuredmedia":[{"embeddable":true,"href":"https:\/\/www.piveteaubois.com\/fr\/wp-json\/wp\/v2\/media\/4316"}],"wp:attachment":[{"href":"https:\/\/www.piveteaubois.com\/fr\/wp-json\/wp\/v2\/media?parent=4309"}],"curies":[{"name":"wp","href":"https:\/\/api.w.org\/{rel}","templated":true}]}}