{"id":45,"date":"2015-03-23T17:41:51","date_gmt":"2015-03-23T16:41:51","guid":{"rendered":"http:\/\/preprod.piveteaubois.com\/\/?page_id=45"},"modified":"2025-05-07T09:49:09","modified_gmt":"2025-05-07T08:49:09","slug":"accueil","status":"publish","type":"page","link":"https:\/\/www.piveteaubois.com\/fr","title":{"rendered":"Accueil"},"content":{"rendered":"<h1>Industriel fran\u00e7ais, fabricant de solutions bois pour la construction, l&rsquo;am\u00e9nagement ext\u00e9rieur et le bois \u00e9nergie depuis 1948.<\/h1>\n","protected":false},"excerpt":{"rendered":"<p>Industriel fran\u00e7ais, fabricant de solutions bois pour la construction, l&rsquo;am\u00e9nagement ext\u00e9rieur et le bois \u00e9nergie depuis 1948.<\/p>\n","protected":false},"author":2,"featured_media":0,"parent":0,"menu_order":0,"comment_status":"closed","ping_status":"open","template":"","meta":[],"acf":[],"yoast_head":"<!-- This site is optimized with the Yoast SEO plugin v18.4.1 - https:\/\/yoast.com\/wordpress\/plugins\/seo\/ -->\n<title>Piveteaubois, fabricant de solutions bois depuis + de 75 ans I Piveteaubois<\/title>\n<meta name=\"description\" content=\"Piveteaubois est un industriel, fabricant fran\u00e7ais de produits en bois pour la construction, l&#039;am\u00e9nagement ext\u00e9rieur et le bois \u00e9nergie.\" \/>\n<meta name=\"robots\" content=\"index, follow, max-snippet:-1, max-image-preview:large, max-video-preview:-1\" \/>\n<link rel=\"canonical\" href=\"https:\/\/www.piveteaubois.com\/fr\" \/>\n<meta property=\"og:locale\" content=\"fr_FR\" \/>\n<meta property=\"og:type\" content=\"article\" \/>\n<meta property=\"og:title\" content=\"Piveteaubois sp\u00e9cialiste du bois depuis plus de 65 ans\" \/>\n<meta property=\"og:description\" content=\"PIVETEAUBOIS est fabricant fran\u00e7ais de solutions bois. Partenaire privil\u00e9gi\u00e9 pour la construction l\u2019am\u00e9nagement ext\u00e9rieur et le bois \u00e9nergie.\" \/>\n<meta property=\"og:url\" content=\"https:\/\/www.piveteaubois.com\/fr\" \/>\n<meta property=\"og:site_name\" content=\"PiveteauBois\" \/>\n<meta property=\"article:modified_time\" content=\"2025-05-07T08:49:09+00:00\" \/>\n<meta name=\"twitter:card\" content=\"summary\" \/>\n<meta name=\"twitter:label1\" content=\"Dur\u00e9e de lecture estim\u00e9e\" \/>\n\t<meta name=\"twitter:data1\" content=\"1 minute\" \/>\n<script type=\"application\/ld+json\" class=\"yoast-schema-graph\">{\"@context\":\"https:\/\/schema.org\",\"@graph\":[{\"@type\":\"WebSite\",\"@id\":\"https:\/\/www.piveteaubois.com\/fr\/#website\",\"url\":\"https:\/\/www.piveteaubois.com\/fr\/\",\"name\":\"PiveteauBois\",\"description\":\"Piveteaubois sp\u00e9cialiste du bois depuis plus de 75 ans\",\"potentialAction\":[{\"@type\":\"SearchAction\",\"target\":{\"@type\":\"EntryPoint\",\"urlTemplate\":\"https:\/\/www.piveteaubois.com\/fr\/?s={search_term_string}\"},\"query-input\":\"required name=search_term_string\"}],\"inLanguage\":\"fr-FR\"},{\"@type\":\"WebPage\",\"@id\":\"https:\/\/www.piveteaubois.com\/fr#webpage\",\"url\":\"https:\/\/www.piveteaubois.com\/fr\",\"name\":\"Piveteaubois, fabricant de solutions bois depuis + de 75 ans I Piveteaubois\",\"isPartOf\":{\"@id\":\"https:\/\/www.piveteaubois.com\/fr\/#website\"},\"datePublished\":\"2015-03-23T16:41:51+00:00\",\"dateModified\":\"2025-05-07T08:49:09+00:00\",\"description\":\"Piveteaubois est un industriel, fabricant fran\u00e7ais de produits en bois pour la construction, l'am\u00e9nagement ext\u00e9rieur et le bois \u00e9nergie.\",\"breadcrumb\":{\"@id\":\"https:\/\/www.piveteaubois.com\/fr#breadcrumb\"},\"inLanguage\":\"fr-FR\",\"potentialAction\":[{\"@type\":\"ReadAction\",\"target\":[\"https:\/\/www.piveteaubois.com\/fr\"]}]},{\"@type\":\"BreadcrumbList\",\"@id\":\"https:\/\/www.piveteaubois.com\/fr#breadcrumb\",\"itemListElement\":[{\"@type\":\"ListItem\",\"position\":1,\"name\":\"Accueil\",\"item\":\"https:\/\/www.piveteaubois.com\/fr\"},{\"@type\":\"ListItem\",\"position\":2,\"name\":\"Accueil\"}]}]}<\/script>\n<!-- \/ Yoast SEO plugin. -->","yoast_head_json":{"title":"Piveteaubois, fabricant de solutions bois depuis + de 75 ans I Piveteaubois","description":"Piveteaubois est un industriel, fabricant fran\u00e7ais de produits en bois pour la construction, l'am\u00e9nagement ext\u00e9rieur et le bois \u00e9nergie.","robots":{"index":"index","follow":"follow","max-snippet":"max-snippet:-1","max-image-preview":"max-image-preview:large","max-video-preview":"max-video-preview:-1"},"canonical":"https:\/\/www.piveteaubois.com\/fr","og_locale":"fr_FR","og_type":"article","og_title":"Piveteaubois sp\u00e9cialiste du bois depuis plus de 65 ans","og_description":"PIVETEAUBOIS est fabricant fran\u00e7ais de solutions bois. Partenaire privil\u00e9gi\u00e9 pour la construction l\u2019am\u00e9nagement ext\u00e9rieur et le bois \u00e9nergie.","og_url":"https:\/\/www.piveteaubois.com\/fr","og_site_name":"PiveteauBois","article_modified_time":"2025-05-07T08:49:09+00:00","twitter_card":"summary","twitter_misc":{"Dur\u00e9e de lecture estim\u00e9e":"1 minute"},"schema":{"@context":"https:\/\/schema.org","@graph":[{"@type":"WebSite","@id":"https:\/\/www.piveteaubois.com\/fr\/#website","url":"https:\/\/www.piveteaubois.com\/fr\/","name":"PiveteauBois","description":"Piveteaubois sp\u00e9cialiste du bois depuis plus de 75 ans","potentialAction":[{"@type":"SearchAction","target":{"@type":"EntryPoint","urlTemplate":"https:\/\/www.piveteaubois.com\/fr\/?s={search_term_string}"},"query-input":"required name=search_term_string"}],"inLanguage":"fr-FR"},{"@type":"WebPage","@id":"https:\/\/www.piveteaubois.com\/fr#webpage","url":"https:\/\/www.piveteaubois.com\/fr","name":"Piveteaubois, fabricant de solutions bois depuis + de 75 ans I Piveteaubois","isPartOf":{"@id":"https:\/\/www.piveteaubois.com\/fr\/#website"},"datePublished":"2015-03-23T16:41:51+00:00","dateModified":"2025-05-07T08:49:09+00:00","description":"Piveteaubois est un industriel, fabricant fran\u00e7ais de produits en bois pour la construction, l'am\u00e9nagement ext\u00e9rieur et le bois \u00e9nergie.","breadcrumb":{"@id":"https:\/\/www.piveteaubois.com\/fr#breadcrumb"},"inLanguage":"fr-FR","potentialAction":[{"@type":"ReadAction","target":["https:\/\/www.piveteaubois.com\/fr"]}]},{"@type":"BreadcrumbList","@id":"https:\/\/www.piveteaubois.com\/fr#breadcrumb","itemListElement":[{"@type":"ListItem","position":1,"name":"Accueil","item":"https:\/\/www.piveteaubois.com\/fr"},{"@type":"ListItem","position":2,"name":"Accueil"}]}]}},"_links":{"self":[{"href":"https:\/\/www.piveteaubois.com\/fr\/wp-json\/wp\/v2\/pages\/45"}],"collection":[{"href":"https:\/\/www.piveteaubois.com\/fr\/wp-json\/wp\/v2\/pages"}],"about":[{"href":"https:\/\/www.piveteaubois.com\/fr\/wp-json\/wp\/v2\/types\/page"}],"author":[{"embeddable":true,"href":"https:\/\/www.piveteaubois.com\/fr\/wp-json\/wp\/v2\/users\/2"}],"replies":[{"embeddable":true,"href":"https:\/\/www.piveteaubois.com\/fr\/wp-json\/wp\/v2\/comments?post=45"}],"version-history":[{"count":8,"href":"https:\/\/www.piveteaubois.com\/fr\/wp-json\/wp\/v2\/pages\/45\/revisions"}],"predecessor-version":[{"id":4941,"href":"https:\/\/www.piveteaubois.com\/fr\/wp-json\/wp\/v2\/pages\/45\/revisions\/4941"}],"wp:attachment":[{"href":"https:\/\/www.piveteaubois.com\/fr\/wp-json\/wp\/v2\/media?parent=45"}],"curies":[{"name":"wp","href":"https:\/\/api.w.org\/{rel}","templated":true}]}}