{"id":4532,"date":"2021-06-01T15:28:24","date_gmt":"2021-06-01T14:28:24","guid":{"rendered":"http:\/\/www.piveteaubois.com\/?page_id=4532"},"modified":"2024-04-05T13:24:43","modified_gmt":"2024-04-05T12:24:43","slug":"nos-engagements","status":"publish","type":"page","link":"https:\/\/www.piveteaubois.com\/fr\/groupe\/nos-engagements","title":{"rendered":"Nos engagements"},"content":{"rendered":"<p>Nos projets, nos d\u00e9cisions, nos engagements viennent nourrir la mission d&rsquo;entreprise \u00ab\u00a0Construire un monde durable pour les g\u00e9n\u00e9rations futures\u00a0\u00bb.<\/p>\n<ul class=\"page-children-list\">\n<li class=\"hlist clear style-test-nos-engagement\">\n<div class=\"thumbnail\"><img loading=\"lazy\" class=\"attachment-post-thumbnail size-post-thumbnail wp-post-image\" src=\"\/wp-content\/uploads\/2024\/03\/nos-engagements-transparence-et-dialogue-piveteaubois-02.jpg\" alt=\"\" width=\"229\" height=\"155\" \/><\/div>\n<div class=\"block-right hlist clear\">\n<div class=\"summary green\">\n<h2>Transparence et Dialogue<\/h2>\n<p>Nos engagements en mati\u00e8re d&rsquo;information, de dialogue, de suivi et de transparence.<br \/>\n<a href=\"\/fr\/nos-engagements-en-matiere-dinformation-de-dialogue-de-suivi-et-de-transparence\"><img class=\"beveled-button\" src=\"\/wp-content\/uploads\/2021\/06\/bouton-decouvrir-piveteaubois.png\" \/><\/a><\/p>\n<\/div>\n<\/div>\n<\/li>\n<li class=\"hlist clear style-bois-de-france\">\n<div class=\"thumbnail\"><img loading=\"lazy\" class=\"attachment-post-thumbnail size-post-thumbnail wp-post-image\" src=\"\/wp-content\/uploads\/2024\/04\/piveteaubois-engagements-ethiques-06.jpg\" sizes=\"(max-width: 262px) 100vw, 262px\" srcset=\"\/wp-content\/uploads\/2024\/04\/piveteaubois-engagements-ethiques-06.jpg 262w, \/wp-content\/uploads\/2024\/03\/piveteaubois-engagements-ethiques-05.jpg 154w\" alt=\"\" width=\"262\" height=\"224\" \/><\/div>\n<div class=\"block-right hlist clear\">\n<div class=\"summary green\">\n<h2>Engagements \u00e9thiques<\/h2>\n<p>Le Groupe PIVETEAUBOIS met \u00e0 la disposition de tous les salari\u00e9s, ainsi qu\u2019\u00e0 tous les partenaires du Groupe (fournisseurs, clients ou sous-traitants) son propre dispositif d\u2019alerte interne leur permettant d\u2019\u00e9mettre un signalement sur des comportements contraires au Code de Conduite Anticorruption ou contraires \u00e0 des lois et r\u00e9glementations en vigueur.<\/p>\n<p><a href=\"\/fr\/dispositif-dalerte\"><img class=\"beveled-button\" src=\"\/wp-content\/uploads\/2021\/06\/bouton-decouvrir-piveteaubois.png\" \/><\/a><\/p>\n<\/div>\n<\/div>\n<\/li>\n<li class=\"hlist clear style-test-nos-engagement\">\n<div class=\"thumbnail\"><img loading=\"lazy\" class=\"attachment-post-thumbnail size-post-thumbnail wp-post-image\" src=\"\/wp-content\/uploads\/2021\/06\/nos-engagements-vie-au-travail-et-egalite-piveteaubois.jpg\" alt=\"\" width=\"229\" height=\"155\" \/><\/div>\n<div class=\"block-right hlist clear\">\n<div class=\"summary green\">\n<h2>L&rsquo;\u00e9galit\u00e9 pro et qualit\u00e9 de vie au travail<\/h2>\n<p>Chez Piveteaubois, \u00e0 travers nos pratiques RH, nous favorisons le d\u00e9veloppement des comp\u00e9tences de nos collaborateurs, l&rsquo;\u00e9galit\u00e9 professionnelle et la qualit\u00e9 de vie au travail.<br \/>\n<a href=\"\/fr\/egalite-professionnelle-qualite-de-vie-travail\"><img class=\"beveled-button\" src=\"\/wp-content\/uploads\/2021\/06\/bouton-decouvrir-piveteaubois.png\" \/><\/a><\/p>\n<\/div>\n<\/div>\n<\/li>\n<li class=\"hlist clear style-bois-de-france\">\n<div class=\"thumbnail\"><img loading=\"lazy\" class=\"attachment-post-thumbnail size-post-thumbnail wp-post-image\" src=\"\/wp-content\/uploads\/2020\/12\/engagement-piveteaubois-bois-de-france-004.jpg\" sizes=\"(max-width: 262px) 100vw, 262px\" srcset=\"\/wp-content\/uploads\/2020\/12\/engagement-piveteaubois-bois-de-france-004.jpg 262w, \/wp-content\/uploads\/2020\/12\/engagement-piveteaubois-bois-de-france-004-154x132.jpg 154w\" alt=\"\" width=\"262\" height=\"224\" \/><\/div>\n<div class=\"block-right hlist clear\">\n<div class=\"summary green\">\n<h2>bois de france<\/h2>\n<p>Avec Bois de France La promesse d\u2019une consommation responsable et citoyenne. La marque \u00abBois de France\u00bb est un nouveau label pour promouvoir les produits issus de for\u00eats fran\u00e7aises.<\/p>\n<p><a href=\"\/fr\/groupe\/bois-de-france\"><img class=\"beveled-button\" src=\"\/wp-content\/uploads\/2021\/06\/bouton-decouvrir-piveteaubois.png\" \/><\/a><\/p>\n<\/div>\n<\/div>\n<\/li>\n<\/ul>\n","protected":false},"excerpt":{"rendered":"<p>Nos projets, nos d\u00e9cisions, nos engagements viennent nourrir la mission d&rsquo;entreprise \u00ab\u00a0Construire un monde durable pour les g\u00e9n\u00e9rations futures\u00a0\u00bb.<\/p>\n","protected":false},"author":2,"featured_media":4538,"parent":260,"menu_order":2,"comment_status":"closed","ping_status":"closed","template":"templates\/product-range.php","meta":[],"acf":[],"yoast_head":"<!-- This site is optimized with the Yoast SEO plugin v18.4.1 - https:\/\/yoast.com\/wordpress\/plugins\/seo\/ -->\n<title>Nos engagements I Piveteaubois<\/title>\n<meta name=\"description\" content=\"Nos projets, nos d\u00e9cisions, nos engagements viennent nourrir la mission d\u2019entreprise \u00ab Construire un monde durable pour les g\u00e9n\u00e9rations futures \u00bb.\" \/>\n<meta name=\"robots\" content=\"index, follow, max-snippet:-1, max-image-preview:large, max-video-preview:-1\" \/>\n<link rel=\"canonical\" href=\"https:\/\/www.piveteaubois.com\/fr\/groupe\/nos-engagements\" \/>\n<meta property=\"og:locale\" content=\"fr_FR\" \/>\n<meta property=\"og:type\" content=\"article\" \/>\n<meta property=\"og:title\" content=\"Nos engagements I Piveteaubois\" \/>\n<meta property=\"og:description\" content=\"Nos projets, nos d\u00e9cisions, nos engagements viennent nourrir la mission d\u2019entreprise \u00ab Construire un monde durable pour les g\u00e9n\u00e9rations futures \u00bb.\" \/>\n<meta property=\"og:url\" content=\"https:\/\/www.piveteaubois.com\/fr\/groupe\/nos-engagements\" \/>\n<meta property=\"og:site_name\" content=\"PiveteauBois\" \/>\n<meta property=\"article:modified_time\" content=\"2024-04-05T12:24:43+00:00\" \/>\n<meta property=\"og:image\" content=\"https:\/\/www.piveteaubois.com\/wp-content\/uploads\/2021\/06\/foret-1.jpg\" \/>\n\t<meta property=\"og:image:width\" content=\"1600\" \/>\n\t<meta property=\"og:image:height\" content=\"410\" \/>\n\t<meta property=\"og:image:type\" content=\"image\/jpeg\" \/>\n<meta name=\"twitter:card\" content=\"summary\" \/>\n<meta name=\"twitter:label1\" content=\"Dur\u00e9e de lecture estim\u00e9e\" \/>\n\t<meta name=\"twitter:data1\" content=\"3 minutes\" \/>\n<script type=\"application\/ld+json\" class=\"yoast-schema-graph\">{\"@context\":\"https:\/\/schema.org\",\"@graph\":[{\"@type\":\"WebSite\",\"@id\":\"https:\/\/www.piveteaubois.com\/fr\/#website\",\"url\":\"https:\/\/www.piveteaubois.com\/fr\/\",\"name\":\"PiveteauBois\",\"description\":\"Piveteaubois sp\u00e9cialiste du bois depuis plus de 75 ans\",\"potentialAction\":[{\"@type\":\"SearchAction\",\"target\":{\"@type\":\"EntryPoint\",\"urlTemplate\":\"https:\/\/www.piveteaubois.com\/fr\/?s={search_term_string}\"},\"query-input\":\"required name=search_term_string\"}],\"inLanguage\":\"fr-FR\"},{\"@type\":\"ImageObject\",\"@id\":\"https:\/\/www.piveteaubois.com\/fr\/groupe\/nos-engagements#primaryimage\",\"inLanguage\":\"fr-FR\",\"url\":\"https:\/\/www.piveteaubois.com\/wp-content\/uploads\/2021\/06\/foret-1.jpg\",\"contentUrl\":\"https:\/\/www.piveteaubois.com\/wp-content\/uploads\/2021\/06\/foret-1.jpg\",\"width\":1600,\"height\":410},{\"@type\":\"WebPage\",\"@id\":\"https:\/\/www.piveteaubois.com\/fr\/groupe\/nos-engagements#webpage\",\"url\":\"https:\/\/www.piveteaubois.com\/fr\/groupe\/nos-engagements\",\"name\":\"Nos engagements I Piveteaubois\",\"isPartOf\":{\"@id\":\"https:\/\/www.piveteaubois.com\/fr\/#website\"},\"primaryImageOfPage\":{\"@id\":\"https:\/\/www.piveteaubois.com\/fr\/groupe\/nos-engagements#primaryimage\"},\"datePublished\":\"2021-06-01T14:28:24+00:00\",\"dateModified\":\"2024-04-05T12:24:43+00:00\",\"description\":\"Nos projets, nos d\u00e9cisions, nos engagements viennent nourrir la mission d\u2019entreprise \u00ab Construire un monde durable pour les g\u00e9n\u00e9rations futures \u00bb.\",\"breadcrumb\":{\"@id\":\"https:\/\/www.piveteaubois.com\/fr\/groupe\/nos-engagements#breadcrumb\"},\"inLanguage\":\"fr-FR\",\"potentialAction\":[{\"@type\":\"ReadAction\",\"target\":[\"https:\/\/www.piveteaubois.com\/fr\/groupe\/nos-engagements\"]}]},{\"@type\":\"BreadcrumbList\",\"@id\":\"https:\/\/www.piveteaubois.com\/fr\/groupe\/nos-engagements#breadcrumb\",\"itemListElement\":[{\"@type\":\"ListItem\",\"position\":1,\"name\":\"Accueil\",\"item\":\"https:\/\/www.piveteaubois.com\/fr\"},{\"@type\":\"ListItem\",\"position\":2,\"name\":\"L&rsquo;entreprise\",\"item\":\"https:\/\/www.piveteaubois.com\/fr\/groupe\"},{\"@type\":\"ListItem\",\"position\":3,\"name\":\"Nos engagements\"}]}]}<\/script>\n<!-- \/ Yoast SEO plugin. -->","yoast_head_json":{"title":"Nos engagements I Piveteaubois","description":"Nos projets, nos d\u00e9cisions, nos engagements viennent nourrir la mission d\u2019entreprise \u00ab Construire un monde durable pour les g\u00e9n\u00e9rations futures \u00bb.","robots":{"index":"index","follow":"follow","max-snippet":"max-snippet:-1","max-image-preview":"max-image-preview:large","max-video-preview":"max-video-preview:-1"},"canonical":"https:\/\/www.piveteaubois.com\/fr\/groupe\/nos-engagements","og_locale":"fr_FR","og_type":"article","og_title":"Nos engagements I Piveteaubois","og_description":"Nos projets, nos d\u00e9cisions, nos engagements viennent nourrir la mission d\u2019entreprise \u00ab Construire un monde durable pour les g\u00e9n\u00e9rations futures \u00bb.","og_url":"https:\/\/www.piveteaubois.com\/fr\/groupe\/nos-engagements","og_site_name":"PiveteauBois","article_modified_time":"2024-04-05T12:24:43+00:00","og_image":[{"width":1600,"height":410,"url":"https:\/\/www.piveteaubois.com\/wp-content\/uploads\/2021\/06\/foret-1.jpg","type":"image\/jpeg"}],"twitter_card":"summary","twitter_misc":{"Dur\u00e9e de lecture estim\u00e9e":"3 minutes"},"schema":{"@context":"https:\/\/schema.org","@graph":[{"@type":"WebSite","@id":"https:\/\/www.piveteaubois.com\/fr\/#website","url":"https:\/\/www.piveteaubois.com\/fr\/","name":"PiveteauBois","description":"Piveteaubois sp\u00e9cialiste du bois depuis plus de 75 ans","potentialAction":[{"@type":"SearchAction","target":{"@type":"EntryPoint","urlTemplate":"https:\/\/www.piveteaubois.com\/fr\/?s={search_term_string}"},"query-input":"required name=search_term_string"}],"inLanguage":"fr-FR"},{"@type":"ImageObject","@id":"https:\/\/www.piveteaubois.com\/fr\/groupe\/nos-engagements#primaryimage","inLanguage":"fr-FR","url":"https:\/\/www.piveteaubois.com\/wp-content\/uploads\/2021\/06\/foret-1.jpg","contentUrl":"https:\/\/www.piveteaubois.com\/wp-content\/uploads\/2021\/06\/foret-1.jpg","width":1600,"height":410},{"@type":"WebPage","@id":"https:\/\/www.piveteaubois.com\/fr\/groupe\/nos-engagements#webpage","url":"https:\/\/www.piveteaubois.com\/fr\/groupe\/nos-engagements","name":"Nos engagements I Piveteaubois","isPartOf":{"@id":"https:\/\/www.piveteaubois.com\/fr\/#website"},"primaryImageOfPage":{"@id":"https:\/\/www.piveteaubois.com\/fr\/groupe\/nos-engagements#primaryimage"},"datePublished":"2021-06-01T14:28:24+00:00","dateModified":"2024-04-05T12:24:43+00:00","description":"Nos projets, nos d\u00e9cisions, nos engagements viennent nourrir la mission d\u2019entreprise \u00ab Construire un monde durable pour les g\u00e9n\u00e9rations futures \u00bb.","breadcrumb":{"@id":"https:\/\/www.piveteaubois.com\/fr\/groupe\/nos-engagements#breadcrumb"},"inLanguage":"fr-FR","potentialAction":[{"@type":"ReadAction","target":["https:\/\/www.piveteaubois.com\/fr\/groupe\/nos-engagements"]}]},{"@type":"BreadcrumbList","@id":"https:\/\/www.piveteaubois.com\/fr\/groupe\/nos-engagements#breadcrumb","itemListElement":[{"@type":"ListItem","position":1,"name":"Accueil","item":"https:\/\/www.piveteaubois.com\/fr"},{"@type":"ListItem","position":2,"name":"L&rsquo;entreprise","item":"https:\/\/www.piveteaubois.com\/fr\/groupe"},{"@type":"ListItem","position":3,"name":"Nos engagements"}]}]}},"_links":{"self":[{"href":"https:\/\/www.piveteaubois.com\/fr\/wp-json\/wp\/v2\/pages\/4532"}],"collection":[{"href":"https:\/\/www.piveteaubois.com\/fr\/wp-json\/wp\/v2\/pages"}],"about":[{"href":"https:\/\/www.piveteaubois.com\/fr\/wp-json\/wp\/v2\/types\/page"}],"author":[{"embeddable":true,"href":"https:\/\/www.piveteaubois.com\/fr\/wp-json\/wp\/v2\/users\/2"}],"replies":[{"embeddable":true,"href":"https:\/\/www.piveteaubois.com\/fr\/wp-json\/wp\/v2\/comments?post=4532"}],"version-history":[{"count":14,"href":"https:\/\/www.piveteaubois.com\/fr\/wp-json\/wp\/v2\/pages\/4532\/revisions"}],"predecessor-version":[{"id":6228,"href":"https:\/\/www.piveteaubois.com\/fr\/wp-json\/wp\/v2\/pages\/4532\/revisions\/6228"}],"up":[{"embeddable":true,"href":"https:\/\/www.piveteaubois.com\/fr\/wp-json\/wp\/v2\/pages\/260"}],"wp:featuredmedia":[{"embeddable":true,"href":"https:\/\/www.piveteaubois.com\/fr\/wp-json\/wp\/v2\/media\/4538"}],"wp:attachment":[{"href":"https:\/\/www.piveteaubois.com\/fr\/wp-json\/wp\/v2\/media?parent=4532"}],"curies":[{"name":"wp","href":"https:\/\/api.w.org\/{rel}","templated":true}]}}