{"id":4650,"date":"2021-09-29T11:12:49","date_gmt":"2021-09-29T10:12:49","guid":{"rendered":"https:\/\/www.piveteaubois.com\/?page_id=4650"},"modified":"2025-08-29T16:37:25","modified_gmt":"2025-08-29T15:37:25","slug":"clt-bois-cross-laminated-timber-sur-mesure-hexapli","status":"publish","type":"page","link":"https:\/\/www.piveteaubois.com\/fr\/nos-produits\/clt-bois-cross-laminated-timber-sur-mesure-hexapli","title":{"rendered":"HEXAPLI, LE CLT SUR-MESURE : UN PRODUIT BOIS QUI D\u00c9CARBONE POUR VOS PROJETS DE CONSTRUCTION"},"content":{"rendered":"\n<h2><strong>PANNEAUX CLT HEXAPLI : UNE SOLUTION STRUCTURELLE DURABLE ET \u00c9COLOGIQUE<\/strong><\/h2>\n\n\n\n<p><\/p>\n\n\n\n<p>Les panneaux CLT, \u00e9galement nomm\u00e9s Cross Laminated Timber, HEXAPLI de PIVETEAUBOIS sont des panneaux en bois massif \u00e0 usage structurel destin\u00e9s \u00e0 la construction.<\/p>\n\n\n\n<p>Fabriqu\u00e9s \u00e0 partir de sciages r\u00e9sineux fran\u00e7ais, les panneaux sont constitu\u00e9s de 3 \u00e0 9 couches de bois crois\u00e9es et coll\u00e9es entre elles afin d\u2019atteindre l\u2019\u00e9paisseur d\u00e9sir\u00e9e. Les colles utilis\u00e9es sont certifi\u00e9es pour un usage structurel. Ils sont sans formald\u00e9hyde ni COV (compos\u00e9s organiques volatils) et sans impact sur la qualit\u00e9 de l\u2019air int\u00e9rieur du b\u00e2timent.<\/p>\n\n\n\n<p>Du fait de leur structure en plis crois\u00e9s, ces \u00e9l\u00e9ments de grand format se distinguent par une tr\u00e8s forte rigidit\u00e9, une transmission des efforts dans les deux directions et une excellente stabilit\u00e9 dimensionnelle pour assurer support de charge et contreventement.<\/p>\n\n\n\n<p><\/p>\n\n\n\n<h2><strong>UNE SOLUTION BOIS EFFICACE ET FLEXIBLE POUR TOUS VOS PROJETS<\/strong><\/h2>\n\n\n\n<p><\/p>\n\n\n\n<p>Flexibles et totalement compatibles avec d\u2019autres mat\u00e9riaux et syst\u00e8mes constructifs, les panneaux CLT bois HEXAPLI de PIVETEAUBOIS s\u2019affirment comme une solution bois efficace pour toutes les constructions et r\u00e9novations. Leurs propri\u00e9t\u00e9s exceptionnelles offrent une parfaite libert\u00e9 aux concepteurs de b\u00e2timents. La pr\u00e9fabrication et l\u2019usinage des panneaux HEXAPLI garantissent une mise en \u0153uvre rapide et soign\u00e9e sur chantier en construction hors-site.<\/p>\n\n\n\n<p><\/p>\n\n\n\n<div class=\"wp-block-columns are-vertically-aligned-center\">\n<div class=\"wp-block-column is-vertically-aligned-center\" style=\"flex-basis:80%\">\n<p>Le CLT Hexapli de Piveteaubois mise en \u0153uvre dans un b\u00e2timent soumis \u00e0 la RE2020 poss\u00e8de l\u2019impact carbone dynamique le plus bas du march\u00e9, principalement en raison de l\u2019utilisation du Pin, un bois \u00e0 forte densit\u00e9 qui augmente la capacit\u00e9 de stockage du carbone. Sa fabrication en France \u00e0 partir de bois locaux issus de for\u00eats fran\u00e7aises permet \u00e9galement de justifier son impact carbone exceptionnel. Tous les r\u00e9sultats sont \u00e0 retrouver sur sa FDES (Fiche de D\u00e9claration Environnementale et Sanitaire) disponible sur inies.fr et sur <a href=\"https:\/\/www.calameo.com\/read\/0051557951518eab10a2e?authid=ppfJfCEwd9V3\">notre guide FDES<\/a>.<\/p>\n<\/div>\n\n\n\n<div class=\"wp-block-column is-vertically-aligned-center\" style=\"flex-basis:33.33%\">\n<div style=\"text-align: left;\"><img loading=\"lazy\" class=\"wp-image-5031\" title=\"FDES\" src=\"\/wp-content\/uploads\/2024\/11\/fdes-verifies-ines-piveteaubois.png\" alt=\"FDES\" width=\"125\" height=\"auto\"><\/div>\n<p>&nbsp;<\/p>\n<\/div>\n<\/div>\n\n\n\n<p><\/p>\n\n\n\n<h2><strong>DANS QUELS CAS UTILISER LE CLT HEXAPLI&nbsp;DE PIVETEAUBOIS ?<\/strong><\/h2>\n\n\n\n<p><\/p>\n\n\n\n<p>Les panneaux CLT HEXAPLI de PIVETEAUBOIS peuvent \u00eatre utilis\u00e9s pour des \u00e9l\u00e9ments structurels destin\u00e9s \u00e0 tous types de projets de construction : bureaux, b\u00e2timents industriels, logements collectifs, logements individuels, etc.&nbsp;:<\/p>\n\n\n\n<ul><li>en horizontal&nbsp;: plancher, toiture terrasse, support d\u2019\u00e9tanch\u00e9it\u00e9<\/li><li>en vertical&nbsp;: mur, refend, contreventement<\/li><\/ul>\n\n\n\n<p>La destination des panneaux HEXAPLI doit \u00eatre conforme aux usages sp\u00e9cifi\u00e9s dans son Avis Technique HEXAPLI 3.3 18-958 dans sa version en vigueur sur le site du CCFAT.<\/p>\n\n\n\n<img loading=\"lazy\" src=\"\/wp-content\/uploads\/2024\/11\/clt-bois-cross-laminated-timber-piveteaubois-lycee-colette-le-bret-aizenay-vendee-02.jpg\" alt=\"CLT bois cross Laminated Timber Piveteaubois lyc\u00e9e Colette le bret Aizenay Vend\u00e9e\" class=\"wp-image-5031\" width=\"540\" height=\"auto\" title=\"CLT bois cross Laminated Timber Piveteaubois lyc\u00e9e Colette le bret Aizenay Vend\u00e9e\"><br><br>\n\n\n\n<p><\/p>\n\n\n\n<h2><strong>POURQUOI UTILISER LE CLT HEXAPLI DE PIVETEAUBOIS&nbsp;?<\/strong><\/h2>\n\n\n\n<p><\/p>\n\n\n\n<p>En utilisant les panneaux CLT HEXAPLI sur-mesure de PIVETEAUBOIS, vous b\u00e9n\u00e9ficiez de multiples avantages :<\/p>\n\n\n\n<p>\u2713 Fabrication avec des sciages pin, epic\u00e9a et douglas visible et non visible de France<br>\u2713 Solution bas carbone avec fiche FDES disponible sur www.inies.com et performance de l&rsquo;impact carbone dynamique le plus bas du march\u00e9.<br>\u2713 Produit sous Avis Technique fran\u00e7ais et sous ETA (Evaluation technique Europ\u00e9enne) avec marquage CE<br>\u2713 Tr\u00e8s forte rigidit\u00e9, transmission des efforts dans les deux directions et excellente stabilit\u00e9 dimensionnelle<br>\u2713 Fabrication sur-mesure des panneaux en tr\u00e8s grands formats usin\u00e9s pour optimiser les temps de pose sur chantier<br>\u2713 En pose horizontale, \u00e9paisseur des complexes r\u00e9duits<br>\u2713 Possibilit\u00e9 de face visible en \u00e9pic\u00e9a pour garder le mat\u00e9riaux apparent<br>\u2713 En option: syst\u00e8me parka (hydrofuge) appliqu\u00e9 en usine<\/p>\n\n\n\n<p><\/p>\n\n\n\n<h2><strong>CLT HEXAPLI DE PIVETEAUBOIS : UNE SOLUTION LOCALE 100% FRAN\u00c7AISE<\/strong><\/h2>\n\n\n\n<p><\/p>\n\n\n\n<div class=\"wp-block-columns are-vertically-aligned-center\">\n<div class=\"wp-block-column is-vertically-aligned-center\" style=\"flex-basis:33.33%\">\n<div style=\"text-align: right\"><img loading=\"lazy\" src=\"\/wp-content\/uploads\/2024\/11\/bois-de-france-01.jpg\" alt=\"Bois de France CLT bois Hexapli Piveteaubois\" class=\"wp-image-5031\" width=\"75\" height=\"auto\" title=\"Bois de France CLT bois Hexapli Piveteaubois\"><\/div>\n<\/div>\n\n\n\n<div class=\"wp-block-column is-vertically-aligned-center\" style=\"flex-basis:85%\">\n<p><\/p>\n\n\n\n<p>Une solution 100% fran\u00e7aise dont les bois sont issus de for\u00eats locales g\u00e9r\u00e9es durablement et fabriqu\u00e9e dans notre usine Vend\u00e9enne pour optimiser l\u2019impact carbone de vos chantiers. Fabrication dans notre usine au Label bois de France..<br>D\u00e9couvrez en vid\u00e9o les r\u00e9alisations, la fabrication et l\u2019accompagnement de ProjetsBois sur <a href=\"https:\/\/www.youtube.com\/watch?v=P2L1nixsqNk\">notre vid\u00e9o.<\/a><br><br><\/p>\n<\/div>\n<\/div>\n\n\n\n<p><\/p>\n\n\n\n<h2>COMMENT EST FABRIQU\u00c9 LE CLT SUR-MESURE HEXAPLI&nbsp;DE PIVETEAUBOIS ?<\/h2>\n\n\n\n<p><\/p>\n\n\n\n<div class=\"wp-block-columns\">\n<div class=\"wp-block-column is-vertically-aligned-center\" style=\"flex-basis:75%\">\n<p>PIVETEAUBOIS a investi en 2019 dans un outil industriel de pointe pour fabriquer jusqu\u2019\u00e0 50 000 m3 de panneaux en CLT sur-mesure HEXAPLI de grands formats et <a href=\"https:\/\/www.piveteaubois.com\/fr\/nos-produits\/nos-produits-clt-hexakit\">CLT standard HEXAKIT<\/a>. Les sciages secs tri\u00e9s par scanner au rayon X sont about\u00e9s puis coll\u00e9s en plis crois\u00e9s sous presse hydraulique \u00e0 haute pression (6 bars).<\/p>\n<\/div>\n\n\n\n<div class=\"wp-block-column is-vertically-aligned-center\" style=\"flex-basis:33.33%\">\n<div style=\"text-align: left\"><img loading=\"lazy\" src=\"\/wp-content\/uploads\/2024\/11\/fabrication-clt-bois-piveteaubois-vendee-france.jpg\" alt=\"Fabrication du CLT sur-mesure\" class=\"wp-image-5031\" width=\"125\" height=\"auto\" title=\"Fabrication du CLT sur-mesure\"><\/div><br>\n<\/div>\n<\/div>\n\n\n\n<h2><strong>USINAGE DE HAUTE PR\u00c9CISION DES PANNEAUX CLT<\/strong><\/h2>\n\n\n\n<p><\/p>\n\n\n\n<p>Pour vos r\u00e9alisations, nous usinons des produits sur-mesure gr\u00e2ce \u00e0 nos centres d\u2019usinages 5 axes permettant les d\u00e9lignages, per\u00e7ages, coupes \u00e0 longueur, entaillages, d\u00e9tourages (toutes nos prestations \u00e0 d\u00e9couvrir dans le Guide d&rsquo;usinage Hexapli, le CLT Sur-mesure)&#8230; Sur la base de la maquette num\u00e9rique des plans d\u00e9finitifs transmis par nos clients ou les partenaires du projet, nous r\u00e9alisons tous les usinages et coupes n\u00e9cessaires \u00e0 l\u2019assemblage des pi\u00e8ces sur chantier. <\/p>\n\n\n\n<div class=\"wp-block-columns\">\n<div class=\"wp-block-column is-vertically-aligned-center\">\n<img loading=\"lazy\" src=\"\/wp-content\/uploads\/2024\/11\/taille-de-panneau-clt-bois-fabricant-clt-piveteaubois-01.jpg\" alt=\"Taille de panneau CLT bois fabricant CLT Piveteaubois\" class=\"wp-image-5031\" width=\"250\" height=\"auto\" title=\"Taille de panneau CLT bois fabricant CLT Piveteaubois\">\n<\/div>\n\n\n\n<div class=\"wp-block-column is-vertically-aligned-center\">\n<img loading=\"lazy\" src=\"\/wp-content\/uploads\/2024\/11\/panneau-clt-bois-usine-fabricant-clt-piveteaubois-01.jpg\" alt=\"Panneau CLT bois usin\u00e9 fabricant CLT Piveteaubois\" class=\"wp-image-5031\" width=\"250\" height=\"auto\" title=\"Panneau CLT bois usin\u00e9 fabricant CLT Piveteaubois\">\n<\/div>\n<\/div>\n\n\n\n<p><\/p>\n\n\n\n<h2><strong>GUIDES TECHNIQUES D\u2019USINAGE CLT ET LAMWOOD<\/strong> <strong>SERVICES<\/strong><\/h2>\n\n\n\n<p><\/p>\n\n\n\n<p>D\u00e9couvrez nos guides techniques d\u2019usinages des panneaux CLT et Lamwood services d\u2019usinages des poutres lamell\u00e9 coll\u00e9&nbsp;:<\/p>\n\n\n\n<div class=\"wp-block-columns\">\n<div class=\"wp-block-column\">\n<div style=\"text-align:center\"><img loading=\"lazy\" src=\"\/wp-content\/uploads\/2024\/11\/guide-usinage-panneaux-clt-cross-laminated-timber-fabricant-clt-bois-piveteaubois.png\" alt=\"Guide usinage panneaux CLT cross laminated timber fabricant CLT bois Piveteaubois\" class=\"wp-image-5031\" width=\"200\" height=\"auto\" title=\"Guide usinage panneaux CLT cross laminated timber fabricant CLT bois Piveteaubois\" style=\"text-align:center\"><\/div>\n\n\n\n<p class=\"has-text-align-center\">GUIDE TECHNIQUE<br><strong>USINAGE CLT SUR-MESURE<\/strong><\/p>\n\n\n\n<div style=\"text-align:center\"><a href=\"https:\/\/www.calameo.com\/read\/005155795fb62e5e18ea9?authid=ec0KncavQVPX\" target=\"_blank\" rel=\"noopener\"><img src=\"\/wp-content\/uploads\/2017\/04\/bouton-voir-le-guide.png\" alt=\"\" class=\"wp-image-5031\" title=\"\"><\/a><\/div>\n\n\n\n<p><\/p>\n<\/div>\n\n\n\n<div class=\"wp-block-column\">\n<div style=\"text-align:center\"><img loading=\"lazy\" src=\"\/wp-content\/uploads\/2024\/11\/guide-technique-usinage-du-bois-lamelle-colle-lamwood-service-fabricant-bois-piveteaubois-01.png\" alt=\"Guide technique usinage du bois lamell\u00e9 coll\u00e9 Lamwood service fabricant bois Piveteaubois\" class=\"wp-image-5031\" width=\"200\" height=\"auto\" title=\"Guide technique usinage du bois lamell\u00e9 coll\u00e9 Lamwood service fabricant bois Piveteaubois\"><\/div>\n\n\n\n<p class=\"has-text-align-center\"> GUIDE TECHNIQUE<br><strong>USINAGE DES BOIS COLL\u00c9S<\/strong><\/p>\n\n\n\n<div style=\"text-align:center\"><a href=\"https:\/\/www.calameo.com\/read\/005155795b93bdda709bd?authid=VjTBRArGeLUU\" target=\"_blank\" rel=\"noopener\"><img src=\"\/wp-content\/uploads\/2017\/04\/bouton-voir-le-guide.png\" alt=\"\" class=\"wp-image-5031\" title=\"\"><\/a><\/div>\n<\/div>\n<\/div>\n\n\n\n<h2><strong>PROTECTION HYDROFUGE PARKA DES PANNEAUX CLT HEXAPLI<\/strong><\/h2>\n\n\n\n<p><\/p>\n\n\n\n<p>La gestion de l\u2019humidit\u00e9 est indispensable pendant la phase chantier d\u2019une construction en bois pour garantir la conformit\u00e9 \u00e0 la r\u00e9ception et la p\u00e9rennit\u00e9 de l\u2019ouvrage.<br>La protection hydrofuge PARKA prot\u00e8ge le chantier contre les salissures et limite de plus de 50% la reprise d\u2019humidit\u00e9 des panneaux. En fin de chantier, le nettoyage des surfaces est beaucoup plus rapide qu\u2019un pon\u00e7age d\u2019un bois non prot\u00e9g\u00e9.<\/p>\n\n\n\n<p><\/p>\n\n\n\n<img loading=\"lazy\" src=\"\/wp-content\/uploads\/2024\/11\/parka-protection-hydrofuge-des-panneaux-clt-piveteaubois.jpg\" alt=\"Parka protection hydrofuge des panneaux CLT\" class=\"wp-image-5031\" width=\"540\" height=\"auto\" title=\"Parka protection hydrofuge des panneaux CLT\"><br><br>\n\n\n\n<p>D\u00e9couvrez les <a href=\"https:\/\/www.youtube.com\/watch?v=Im00fzavLCk\">b\u00e9n\u00e9fices de la protection PARKA en vid\u00e9o<\/a>.<\/p>\n\n\n\n<h2><strong>TRANSPORT, LEVAGE ET MISE EN \u0152UVRE DES PANNEAUX CLT<\/strong><\/h2>\n\n\n\n<p><\/p>\n\n\n\n<p>Selon la maquette num\u00e9rique et le plan de production, nous optimisons les plans de chargement des livraisons pour vous livrer les bonnes pi\u00e8ces num\u00e9rot\u00e9es individuellement au bon moment en tenant compte de vos contraintes et phasages de chantiers.<\/p>\n\n\n\n<img loading=\"lazy\" src=\"\/wp-content\/uploads\/2024\/11\/camion-livraison-sur-chantier-de-panneaux-clt-bois-piveteaubois.jpg\" alt=\"Camion de livraison sur chantier de panneaux CLT bois Piveteaubois\" class=\"wp-image-5031\" width=\"540\" height=\"auto\" title=\"Camion de livraison sur chantier de panneaux CLT bois Piveteaubois\"><br><br>\n\n\n\n<p><\/p>\n\n\n\n<img loading=\"lazy\" src=\"\/wp-content\/uploads\/2024\/11\/levage-et-mise-en-oeuvre-sur-chantier-des-panneaux-clt-en-bois-1.png\" alt=\"Levage et mise en \u0153uvre sur chantier des panneaux CLT en bois\" class=\"wp-image-5031\" width=\"540\" height=\"auto\" title=\"Levage et mise en \u0153uvre sur chantier des panneaux CLT en bois\"><br><br>\n\n\n\n<p><\/p>\n\n\n\n<h2><strong>GUIDE TECHNIQUE POUR LE TRANSPORT ET LEVAGE DES PANNEAUX CLT<\/strong><\/h2>\n\n\n\n<p><\/p>\n\n\n\n<p>D\u00e9couvrez notre guide technique avec tous les conseils pour les \u00e9quipes de chantier pour le transport, levage en toute s\u00e9curit\u00e9 et les recommandations de protection des panneaux CLT en phase chantier.<\/p>\n\n\n\n<div style=\"text-align:center\"><img loading=\"lazy\" src=\"\/wp-content\/uploads\/2024\/11\/guide-manutention-levage-et-pose-panneaux-clt-cross-laminated-timber-fabricant-clt-bois-piveteaubois.png\" alt=\"Guide manutention levage et pose panneaux CLT cross laminated timber fabricant CLT bois Piveteaubois \" class=\"wp-image-5031\" width=\"200\" height=\"auto\" title=\"Guide manutention levage et pose panneaux CLT cross laminated timber fabricant CLT bois Piveteaubois \" style=\"text-align:center\"><\/div>\n\n\n\n<p class=\"has-text-align-center\">GUIDE TEC GUIDE TECHNIQUE<br><strong>MANUTENTION, LEVAGE &amp; POSE CLT <\/strong> <\/p>\n\n\n\n<div style=\"text-align:center\"><a href=\"https:\/\/www.calameo.com\/read\/005155795e8f9a358ba2d?authid=Xnh0JetSi3px\" target=\"_blank\" rel=\"noopener\"><img src=\"\/wp-content\/uploads\/2017\/04\/bouton-voir-le-guide.png\" alt=\"\" class=\"wp-image-5031\" title=\"\"><\/a><\/div>\n\n\n\n<p><\/p>\n\n\n\n<h2>BESOIN DE CONSEILS ? CONTACTEZ-NOUS !<\/h2>\n\n\n\n<p>Vous \u00eates un industriel, un architecte, un ma\u00eetre d&rsquo;\u0153uvre, un n\u00e9goce ou vous travaillez \u00e0 l&rsquo;international ou au service de la LISA\/GSB, discutons de votre projet bois ensemble ! Contactez-nous en compl\u00e9tant le formulaire ci-dessous et vous serez recontact\u00e9 par notre \u00e9quipe commerciale : <\/p>\n\n\n\n<iframe loading=\"lazy\" src=\"https:\/\/web.piveteaubois.com\/piveteauboiscom-ak3uq\/pages\/2bs3a4okeesiqanomgmga.html\" allowtransparency=\"true\" width=\"100%\" height=\"1550px\" type=\"text\/html\" frameborder=\"0\" style=\"border:0\"><\/iframe>\n","protected":false},"excerpt":{"rendered":"<p>D\u00e9couvrez le panneau CLT bois sur-mesure HEXAPLI pour decarboner vos projets de construction.<\/p>\n","protected":false},"author":2,"featured_media":6640,"parent":315,"menu_order":4,"comment_status":"closed","ping_status":"closed","template":"","meta":[],"acf":[],"yoast_head":"<!-- This site is optimized with the Yoast SEO plugin v18.4.1 - https:\/\/yoast.com\/wordpress\/plugins\/seo\/ -->\n<title>HEXAPLI : Le CLT bois sur-mesure de la construction<\/title>\n<meta name=\"description\" content=\"D\u00e9couvrez le panneau CLT bois sur-mesure HEXAPLI pour decarboner vos projets de construction.\" \/>\n<meta name=\"robots\" content=\"index, follow, max-snippet:-1, max-image-preview:large, max-video-preview:-1\" \/>\n<link rel=\"canonical\" href=\"https:\/\/www.piveteaubois.com\/fr\/nos-produits\/clt-bois-cross-laminated-timber-sur-mesure-hexapli\" \/>\n<meta property=\"og:locale\" content=\"fr_FR\" \/>\n<meta property=\"og:type\" content=\"article\" \/>\n<meta property=\"og:title\" content=\"HEXAPLI : Le CLT bois sur-mesure de la construction\" \/>\n<meta property=\"og:description\" content=\"D\u00e9couvrez le panneau CLT bois sur-mesure HEXAPLI pour decarboner vos projets de construction.\" \/>\n<meta property=\"og:url\" content=\"https:\/\/www.piveteaubois.com\/fr\/nos-produits\/clt-bois-cross-laminated-timber-sur-mesure-hexapli\" \/>\n<meta property=\"og:site_name\" content=\"PiveteauBois\" \/>\n<meta property=\"article:modified_time\" content=\"2025-08-29T15:37:25+00:00\" \/>\n<meta property=\"og:image\" content=\"https:\/\/www.piveteaubois.com\/wp-content\/uploads\/2024\/11\/maison-alfort-onf-piveteaubois-01.jpg\" \/>\n\t<meta property=\"og:image:width\" content=\"1900\" \/>\n\t<meta property=\"og:image:height\" content=\"410\" \/>\n\t<meta property=\"og:image:type\" content=\"image\/jpeg\" \/>\n<meta name=\"twitter:card\" content=\"summary\" \/>\n<meta name=\"twitter:label1\" content=\"Dur\u00e9e de lecture estim\u00e9e\" \/>\n\t<meta name=\"twitter:data1\" content=\"8 minutes\" \/>\n<script type=\"application\/ld+json\" class=\"yoast-schema-graph\">{\"@context\":\"https:\/\/schema.org\",\"@graph\":[{\"@type\":\"WebSite\",\"@id\":\"https:\/\/www.piveteaubois.com\/fr\/#website\",\"url\":\"https:\/\/www.piveteaubois.com\/fr\/\",\"name\":\"PiveteauBois\",\"description\":\"Piveteaubois sp\u00e9cialiste du bois depuis plus de 75 ans\",\"potentialAction\":[{\"@type\":\"SearchAction\",\"target\":{\"@type\":\"EntryPoint\",\"urlTemplate\":\"https:\/\/www.piveteaubois.com\/fr\/?s={search_term_string}\"},\"query-input\":\"required name=search_term_string\"}],\"inLanguage\":\"fr-FR\"},{\"@type\":\"ImageObject\",\"@id\":\"https:\/\/www.piveteaubois.com\/fr\/nos-produits\/clt-bois-cross-laminated-timber-sur-mesure-hexapli#primaryimage\",\"inLanguage\":\"fr-FR\",\"url\":\"https:\/\/www.piveteaubois.com\/wp-content\/uploads\/2024\/11\/maison-alfort-onf-piveteaubois-01.jpg\",\"contentUrl\":\"https:\/\/www.piveteaubois.com\/wp-content\/uploads\/2024\/11\/maison-alfort-onf-piveteaubois-01.jpg\",\"width\":1900,\"height\":410},{\"@type\":\"WebPage\",\"@id\":\"https:\/\/www.piveteaubois.com\/fr\/nos-produits\/clt-bois-cross-laminated-timber-sur-mesure-hexapli#webpage\",\"url\":\"https:\/\/www.piveteaubois.com\/fr\/nos-produits\/clt-bois-cross-laminated-timber-sur-mesure-hexapli\",\"name\":\"HEXAPLI : Le CLT bois sur-mesure de la construction\",\"isPartOf\":{\"@id\":\"https:\/\/www.piveteaubois.com\/fr\/#website\"},\"primaryImageOfPage\":{\"@id\":\"https:\/\/www.piveteaubois.com\/fr\/nos-produits\/clt-bois-cross-laminated-timber-sur-mesure-hexapli#primaryimage\"},\"datePublished\":\"2021-09-29T10:12:49+00:00\",\"dateModified\":\"2025-08-29T15:37:25+00:00\",\"description\":\"D\u00e9couvrez le panneau CLT bois sur-mesure HEXAPLI pour decarboner vos projets de construction.\",\"breadcrumb\":{\"@id\":\"https:\/\/www.piveteaubois.com\/fr\/nos-produits\/clt-bois-cross-laminated-timber-sur-mesure-hexapli#breadcrumb\"},\"inLanguage\":\"fr-FR\",\"potentialAction\":[{\"@type\":\"ReadAction\",\"target\":[\"https:\/\/www.piveteaubois.com\/fr\/nos-produits\/clt-bois-cross-laminated-timber-sur-mesure-hexapli\"]}]},{\"@type\":\"BreadcrumbList\",\"@id\":\"https:\/\/www.piveteaubois.com\/fr\/nos-produits\/clt-bois-cross-laminated-timber-sur-mesure-hexapli#breadcrumb\",\"itemListElement\":[{\"@type\":\"ListItem\",\"position\":1,\"name\":\"Accueil\",\"item\":\"https:\/\/www.piveteaubois.com\/fr\"},{\"@type\":\"ListItem\",\"position\":2,\"name\":\"Nos produits\",\"item\":\"https:\/\/www.piveteaubois.com\/fr\/nos-produits\"},{\"@type\":\"ListItem\",\"position\":3,\"name\":\"HEXAPLI, LE CLT SUR-MESURE : UN PRODUIT BOIS QUI D\u00c9CARBONE POUR VOS PROJETS DE CONSTRUCTION\"}]}]}<\/script>\n<!-- \/ Yoast SEO plugin. -->","yoast_head_json":{"title":"HEXAPLI : Le CLT bois sur-mesure de la construction","description":"D\u00e9couvrez le panneau CLT bois sur-mesure HEXAPLI pour decarboner vos projets de construction.","robots":{"index":"index","follow":"follow","max-snippet":"max-snippet:-1","max-image-preview":"max-image-preview:large","max-video-preview":"max-video-preview:-1"},"canonical":"https:\/\/www.piveteaubois.com\/fr\/nos-produits\/clt-bois-cross-laminated-timber-sur-mesure-hexapli","og_locale":"fr_FR","og_type":"article","og_title":"HEXAPLI : Le CLT bois sur-mesure de la construction","og_description":"D\u00e9couvrez le panneau CLT bois sur-mesure HEXAPLI pour decarboner vos projets de construction.","og_url":"https:\/\/www.piveteaubois.com\/fr\/nos-produits\/clt-bois-cross-laminated-timber-sur-mesure-hexapli","og_site_name":"PiveteauBois","article_modified_time":"2025-08-29T15:37:25+00:00","og_image":[{"width":1900,"height":410,"url":"https:\/\/www.piveteaubois.com\/wp-content\/uploads\/2024\/11\/maison-alfort-onf-piveteaubois-01.jpg","type":"image\/jpeg"}],"twitter_card":"summary","twitter_misc":{"Dur\u00e9e de lecture estim\u00e9e":"8 minutes"},"schema":{"@context":"https:\/\/schema.org","@graph":[{"@type":"WebSite","@id":"https:\/\/www.piveteaubois.com\/fr\/#website","url":"https:\/\/www.piveteaubois.com\/fr\/","name":"PiveteauBois","description":"Piveteaubois sp\u00e9cialiste du bois depuis plus de 75 ans","potentialAction":[{"@type":"SearchAction","target":{"@type":"EntryPoint","urlTemplate":"https:\/\/www.piveteaubois.com\/fr\/?s={search_term_string}"},"query-input":"required name=search_term_string"}],"inLanguage":"fr-FR"},{"@type":"ImageObject","@id":"https:\/\/www.piveteaubois.com\/fr\/nos-produits\/clt-bois-cross-laminated-timber-sur-mesure-hexapli#primaryimage","inLanguage":"fr-FR","url":"https:\/\/www.piveteaubois.com\/wp-content\/uploads\/2024\/11\/maison-alfort-onf-piveteaubois-01.jpg","contentUrl":"https:\/\/www.piveteaubois.com\/wp-content\/uploads\/2024\/11\/maison-alfort-onf-piveteaubois-01.jpg","width":1900,"height":410},{"@type":"WebPage","@id":"https:\/\/www.piveteaubois.com\/fr\/nos-produits\/clt-bois-cross-laminated-timber-sur-mesure-hexapli#webpage","url":"https:\/\/www.piveteaubois.com\/fr\/nos-produits\/clt-bois-cross-laminated-timber-sur-mesure-hexapli","name":"HEXAPLI : Le CLT bois sur-mesure de la construction","isPartOf":{"@id":"https:\/\/www.piveteaubois.com\/fr\/#website"},"primaryImageOfPage":{"@id":"https:\/\/www.piveteaubois.com\/fr\/nos-produits\/clt-bois-cross-laminated-timber-sur-mesure-hexapli#primaryimage"},"datePublished":"2021-09-29T10:12:49+00:00","dateModified":"2025-08-29T15:37:25+00:00","description":"D\u00e9couvrez le panneau CLT bois sur-mesure HEXAPLI pour decarboner vos projets de construction.","breadcrumb":{"@id":"https:\/\/www.piveteaubois.com\/fr\/nos-produits\/clt-bois-cross-laminated-timber-sur-mesure-hexapli#breadcrumb"},"inLanguage":"fr-FR","potentialAction":[{"@type":"ReadAction","target":["https:\/\/www.piveteaubois.com\/fr\/nos-produits\/clt-bois-cross-laminated-timber-sur-mesure-hexapli"]}]},{"@type":"BreadcrumbList","@id":"https:\/\/www.piveteaubois.com\/fr\/nos-produits\/clt-bois-cross-laminated-timber-sur-mesure-hexapli#breadcrumb","itemListElement":[{"@type":"ListItem","position":1,"name":"Accueil","item":"https:\/\/www.piveteaubois.com\/fr"},{"@type":"ListItem","position":2,"name":"Nos produits","item":"https:\/\/www.piveteaubois.com\/fr\/nos-produits"},{"@type":"ListItem","position":3,"name":"HEXAPLI, LE CLT SUR-MESURE : UN PRODUIT BOIS QUI D\u00c9CARBONE POUR VOS PROJETS DE CONSTRUCTION"}]}]}},"_links":{"self":[{"href":"https:\/\/www.piveteaubois.com\/fr\/wp-json\/wp\/v2\/pages\/4650"}],"collection":[{"href":"https:\/\/www.piveteaubois.com\/fr\/wp-json\/wp\/v2\/pages"}],"about":[{"href":"https:\/\/www.piveteaubois.com\/fr\/wp-json\/wp\/v2\/types\/page"}],"author":[{"embeddable":true,"href":"https:\/\/www.piveteaubois.com\/fr\/wp-json\/wp\/v2\/users\/2"}],"replies":[{"embeddable":true,"href":"https:\/\/www.piveteaubois.com\/fr\/wp-json\/wp\/v2\/comments?post=4650"}],"version-history":[{"count":46,"href":"https:\/\/www.piveteaubois.com\/fr\/wp-json\/wp\/v2\/pages\/4650\/revisions"}],"predecessor-version":[{"id":7105,"href":"https:\/\/www.piveteaubois.com\/fr\/wp-json\/wp\/v2\/pages\/4650\/revisions\/7105"}],"up":[{"embeddable":true,"href":"https:\/\/www.piveteaubois.com\/fr\/wp-json\/wp\/v2\/pages\/315"}],"wp:featuredmedia":[{"embeddable":true,"href":"https:\/\/www.piveteaubois.com\/fr\/wp-json\/wp\/v2\/media\/6640"}],"wp:attachment":[{"href":"https:\/\/www.piveteaubois.com\/fr\/wp-json\/wp\/v2\/media?parent=4650"}],"curies":[{"name":"wp","href":"https:\/\/api.w.org\/{rel}","templated":true}]}}