{"id":4844,"date":"2021-11-08T11:36:28","date_gmt":"2021-11-08T10:36:28","guid":{"rendered":"https:\/\/www.piveteaubois.com\/?page_id=4844"},"modified":"2022-06-17T09:29:29","modified_gmt":"2022-06-17T08:29:29","slug":"politique-de-confidentialite-et-de-gestion-des-donnees","status":"publish","type":"page","link":"https:\/\/www.piveteaubois.com\/fr\/politique-de-confidentialite-et-de-gestion-des-donnees","title":{"rendered":"Politique de confidentialit\u00e9 et de gestion des donn\u00e9es"},"content":{"rendered":"\n<p>Dans le cadre des relations commerciales que notre Soci\u00e9t\u00e9 entretient avec ses Clients, notre Soci\u00e9t\u00e9 est amen\u00e9e \u00e0 recueillir et \u00e0 traiter des donn\u00e9es personnelles. La pr\u00e9sente politique de confidentialit\u00e9 et de gestion des donn\u00e9es (ci-apr\u00e8s la&nbsp;\u00ab&nbsp;Politique de Gestion des Donn\u00e9es&nbsp;\u00bb) a pour objectif de vous expliquer les conditions et modalit\u00e9s du traitement effectu\u00e9.<\/p>\n\n\n\n<h2>I &#8211; Identit\u00e9 du Responsable de traitement<\/h2>\n\n\n\n<p><\/p>\n\n\n\n<p><strong>Le responsable de traitement<\/strong> : <strong>PIVETEAU BOIS<\/strong>, Soci\u00e9t\u00e9 par actions simplifi\u00e9e au capital de 2&nbsp;000&nbsp;000 d\u2019euros, dont le si\u00e8ge social est situ\u00e9e au lieudit La Vall\u00e9e, Sainte Florence, 85140 ESSARTS EN BOCAGE, immatricul\u00e9e au RCS de La Roche sur Yon sous le num\u00e9ro 547&nbsp;250&nbsp;100.<\/p>\n\n\n\n<p><strong>Coordonn\u00e9es du D\u00e9l\u00e9gu\u00e9 \u00e0 la Protection des Donn\u00e9es&nbsp;(DPO)&nbsp;<\/strong>:<\/p>\n\n\n\n<div class=\"wp-block-columns\">\n<div class=\"wp-block-column\">\n<p>&#8211; <strong>Email&nbsp;:<\/strong><br><a href=\"mailto:dpo@piveteaubois.com\">dpo@piveteaubois.com<\/a><\/p>\n<\/div>\n\n\n\n<div class=\"wp-block-column\">\n<p><strong>&#8211; Par courrier postal&nbsp;:<\/strong><br><strong>PIVETEAU BOIS<\/strong><br>DPO<br>La Vall\u00e9e Sainte Florence<br>85140 ESSARTS EN BOCAGE<\/p>\n<\/div>\n<\/div>\n\n\n\n<h2>II &#8211; DEFINITIONS<\/h2>\n\n\n\n<p><\/p>\n\n\n\n<p><strong>Soci\u00e9t\u00e9&nbsp;:<\/strong> &nbsp;&nbsp;&nbsp;&nbsp;&nbsp;&nbsp;&nbsp;&nbsp;&nbsp;&nbsp; d\u00e9signe la Soci\u00e9t\u00e9 PIVETEAU BOIS ( RCS 547&nbsp;250&nbsp;100 )<br><strong>Client&nbsp;<\/strong>: &nbsp;&nbsp;&nbsp;&nbsp;&nbsp;&nbsp;&nbsp;&nbsp;&nbsp;&nbsp;&nbsp;&nbsp;&nbsp; d\u00e9signe toute personne physique ou morale ayant une relation commerciale avec la Soci\u00e9t\u00e9<br><strong>Donn\u00e9es<\/strong>&nbsp;: &nbsp;&nbsp;&nbsp;&nbsp;&nbsp;&nbsp;&nbsp;&nbsp; a le sens d\u00e9fini \u00e0 l\u2019article IV de la Politique de Gestion des Donn\u00e9es<\/p>\n\n\n\n<h2>III &#8211; CHAMP D\u2019APPLICATION<\/h2>\n\n\n\n<p><\/p>\n\n\n\n<p>La Politique de Gestion des Donn\u00e9es s\u2019applique \u00e0 l\u2019utilisation qui est faite de vos donn\u00e9es dans les situations suivantes&nbsp;:<\/p>\n\n\n\n<ul id=\"GESTION-COOKIES\"><li>Lors de votre navigation sur notre site internet par l\u2019utilisation des cookies. Voir Article <strong><a href=\"#useful-hint\">VIII GESTION DES COOKIES<\/a><\/strong><\/li><li>Pour toute commande ou demande de devis sur notre Site internet ou aupr\u00e8s de l\u2019un de nos commerciaux.<\/li><\/ul>\n\n\n\n<h2>IV &#8211; QUELS TYPES DE DONN\u00e9ES SONT TRAIT\u00e9ES ET POUR QUELLES FINALIT\u00e9ES ?<\/h2>\n\n\n\n<p><\/p>\n\n\n\n<p>Notre Soci\u00e9t\u00e9 est amen\u00e9e \u00e0 collecter les informations suivantes&nbsp;: Civilit\u00e9, Nom, Pr\u00e9nom, Adresse e-mail, RIB, adresse postale, coordonn\u00e9es bancaires, num\u00e9ro de carte bancaire. (ci-apr\u00e8s d\u00e9sign\u00e9es les \u00ab&nbsp;Donn\u00e9es&nbsp;\u00bb)<br>Pour les finalit\u00e9s suivantes&nbsp;:<br><br><strong>\u2192<\/strong> Gestion des commandes et des livraisons<br><strong>\u2192<\/strong> Gestion de la facturation et recouvrement des cr\u00e9ances en cas d\u2019impay\u00e9<br><strong>\u2192<\/strong> Gestion du service apr\u00e8s-vente et des \u00e9ventuels contentieux<br><br>Sous r\u00e9serve de recueillir votre autorisation, notre Soci\u00e9t\u00e9 pourra \u00e9galement traiter votre adresse e-mail dans le but de communiquer des informations des produits et offres.<\/p>\n\n\n\n<h2>V &#8211; PENDANT COMBIEN DE TEMPS ?<\/h2>\n\n\n\n<p><\/p>\n\n\n\n<p>Notre Soci\u00e9t\u00e9 conserve vos donn\u00e9es pendant <strong>une dur\u00e9e de 3 ans \u00e0 compter de notre dernier contact<\/strong> <strong>commercial<\/strong> (derni\u00e8re commande ou devis ), \u00e0 l\u2019exception de certains documents commerciaux, tels que factures, confirmations de commande ou bons de livraison que nous pouvons garder pendant une dur\u00e9e de 20 ans \u00e0 compter de la livraison des produits pour les besoins de la mise en \u0153uvre de nos garanties commerciales ou pour r\u00e9pondre \u00e0 certaines de nos obligations l\u00e9gales ou r\u00e8glementaires, et le cas \u00e9ch\u00e9ant, pendant toute la dur\u00e9e des contentieux et jusqu\u2019\u00e0 \u00e9puisement des voies de recours.<\/p>\n\n\n\n<h2>VI &#8211; DESTINATAIRES DES DONN\u00e9ES ET TRANSFERT DES DONN\u00e9S AU SEIN DE L\u2019UNION EUROPEENNE<\/h2>\n\n\n\n<p><\/p>\n\n\n\n<p>Les Donn\u00e9es ne sont transf\u00e9r\u00e9es qu\u2019aux destinataires strictement n\u00e9cessaires au traitement de celles-ci conform\u00e9ment \u00e0 leurs finalit\u00e9s respectives et en particulier aux destinataires suivants&nbsp;:<br><br>&#8211; Personnel habilit\u00e9 de la Soci\u00e9t\u00e9 ou des autres Soci\u00e9t\u00e9s du groupe dont elle fait partie&nbsp;;<br>&#8211; Prestataires de services (tels que les prestataires des services de paiement, de recouvrement ou encore de transport)&nbsp;;<br>&#8211; Conseils de la Soci\u00e9t\u00e9 soumis au secret professionnel (tels que les avocats, expert comptables, autorit\u00e9s judiciaires ou administratives).<br><br>La plupart des donn\u00e9es que nous collectons sont h\u00e9berg\u00e9es en France ou au sein de l\u2019Union Europ\u00e9enne. Il arrive toutefois que certaines Donn\u00e9es soient transf\u00e9r\u00e9es en dehors de l\u2019Union Europ\u00e9enne comme par exemple aux Etats Unis. Dans un tel cas, la Soci\u00e9t\u00e9 s\u2019assure le transfert soit encadr\u00e9 par des clauses contractuelles types et\/ou par des mesures techniques et organisationnelles permettant de garantir un niveau ad\u00e9quat de Garantie conform\u00e9ment \u00e0 la r\u00e8glementation et \u00e0 la l\u00e9gislation applicable.<\/p>\n\n\n\n<h2>VII &#8211; RAPPEL DE VOS DROITS<\/h2>\n\n\n\n<p><\/p>\n\n\n\n<p>Nous vous rappelons que vous disposez des droits suivants, conform\u00e9ment au r\u00e8glement g\u00e9n\u00e9ral sur la protection des donn\u00e9es n\u00b0 2016\/679&nbsp;:<\/p>\n\n\n\n<div style=\"display: flex;align-items: baseline;\">&#x25fe; <h3><span style=\"font-weight: 500;\">un droit d\u2019acc\u00e8s \u00e0 vos donn\u00e9es personnelles :<\/span><\/h3><\/div>\n\n\n\n<p>Ce droit vous permet de demander au responsable de traitement une copie de toutes vos donn\u00e9es personnelles faisant l\u2019objet du traitement. PIVETEAU BOIS pourra exiger le paiement de frais raisonnables bas\u00e9s sur les co\u00fbts administratifs pour toute copie suppl\u00e9mentaire demand\u00e9e. Si vous pr\u00e9sentez votre demande sous forme \u00e9lectronique, les informations vous seront fournies sous forme \u00e9lectronique. Ce droit d\u2019acc\u00e8s n\u2019est valable que dans la mesure o\u00f9 il ne porte pas atteinte \u00e0 la libert\u00e9 et aux droits des autres personnes concern\u00e9es par ce traitement.<\/p>\n\n\n\n<div style=\"display: flex;align-items: baseline;\">&#x25fe; <h3><span style=\"font-weight: 500;\"> un droit de rectification : <\/span><\/h3><\/div>\n\n\n\n<p>Ce droit vous permet de demander \u00e0 PIVETEAU BOIS la rectification des donn\u00e9es qui seraient inexactes ou incompl\u00e8tes.<\/p>\n\n\n\n<div style=\"display: flex;align-items: baseline;\">&#x25fe; <h3><span style=\"font-weight: 500;\"> un droit \u00e0 l\u2019effacement : <\/span><\/h3><\/div>\n\n\n\n<p>Ce droit vous permet de demander \u00e0 PIVETEAU BOIS l\u2019effacement de vos donn\u00e9es pour l\u2019une des raisons suivantes&nbsp;:<br><br>&#8211; Lorsque le traitement n\u2019est plus n\u00e9cessaire au regard des finalit\u00e9s pour lesquelles elles ont \u00e9t\u00e9 collect\u00e9es initialement et sous r\u00e9serve que le traitement ne soit pas n\u00e9cessaire \u00e0 l\u2019ex\u00e9cution d\u2019un contrat, au respect d\u2019une obligation l\u00e9gale \u00e0 laquelle serait soumis le responsable de traitement ou pour tout autre motif autoris\u00e9 par la l\u00e9gislation ou la r\u00e8glementation.<br>&#8211; lorsque les donn\u00e9es doivent \u00eatre effac\u00e9es pour respecter une obligation l\u00e9gale \u00e0 laquelle est soumis PIVETEAU BOIS, au titre du droit fran\u00e7ais ou europ\u00e9en.<\/p>\n\n\n\n<div style=\"display: flex;align-items: baseline;\">&#x25fe; <h3><span style=\"font-weight: 500;\"> un droit \u00e0 la limitation du traitement :<\/span><\/h3><\/div>\n\n\n\n<p>Ce droit vous permet de demander au responsable du traitement de cesser temporairement le traitement.<br>Ce droit vous est ouvert dans les cas suivants&nbsp;:<br><br>&nbsp;&nbsp;&nbsp;&nbsp;&nbsp;&nbsp;&nbsp;&nbsp;&nbsp;&nbsp;&nbsp;&nbsp;&nbsp; &#8211; vous contestez l\u2019exactitude des donn\u00e9es<br>&nbsp;&nbsp;&nbsp;&nbsp;&nbsp;&nbsp;&nbsp;&nbsp;&nbsp;&nbsp;&nbsp;&nbsp;&nbsp; &#8211; le traitement n\u2019est pas autoris\u00e9 par la loi ou la r\u00e8glementation<br>&nbsp;&nbsp;&nbsp;&nbsp;&nbsp;&nbsp;&nbsp;&nbsp;&nbsp;&nbsp;&nbsp;&nbsp;&nbsp; &#8211; le responsable de traitement n\u2019a plus besoin de ces donn\u00e9es aux fins du traitement&nbsp;mais elles vous sont n\u00e9cessaires pour la constatation, l\u2019exercice ou la d\u00e9fense de droits en justice.<br><br>En cas de limitation du traitement, les donn\u00e9es concern\u00e9es ne peuvent plus faire l\u2019objet d\u2019un quelconque traitement, \u00e0 l\u2019exception de leur conservation, et sauf si vous y consentez.<br>Les donn\u00e9es faisant l\u2019objet d\u2019une limitation peuvent n\u00e9anmoins encore \u00eatre trait\u00e9es pour la constatation, l&rsquo;exercice ou la d\u00e9fense de droits en justice, ou pour la protection des droits d&rsquo;une autre personne morale ou physique, ou encore pour des motifs importants d&rsquo;int\u00e9r\u00eat public dans l\u2019Union ou l\u2019\u00c9tat membre.<\/p>\n\n\n\n<div style=\"display: flex;align-items: baseline;\">&#x25fe; <h3><span style=\"font-weight: 500;\"> droit \u00e0 la portabilit\u00e9  :<\/span><\/h3><\/div>\n\n\n\n<p>Ce droit vous permet de recevoir du responsable de traitement les donn\u00e9es que vous lui avez fournies sous un format couramment utilis\u00e9, et sous r\u00e9serve que cela ne porte pas atteinte aux droits des tiers. Ce droit permet de pouvoir transf\u00e9rer ses donn\u00e9es personnelles d\u2019un organisme \u00e0 un autre. Les donn\u00e9es personnelles peuvent ainsi \u00eatre transmises \u00e0 un nouvel organisme si ce transfert direct est techniquement possible.<br><br>Etant pr\u00e9cis\u00e9 que les donn\u00e9es figurant sur papier ne sont pas concern\u00e9es.<\/p>\n\n\n\n<div style=\"display: flex;align-items: baseline;\">&#x25fe; <h3><span style=\"font-weight: 500;\"> le droit d\u2019introduire une r\u00e9clamation aupr\u00e8s de la CNIL:<\/span><\/h3><\/div>\n\n\n\n<p><\/p>\n\n\n\n<h2 id=\"useful-hint\">VIII &#8211; <strong>GESTION DES COOKIES<\/strong><\/h2>\n\n\n\n<p><\/p>\n\n\n\n<p>Nous utilisons des cookies et recueillons des informations vous concernant sur notre site internet accessible via l\u2019adresse suivante&nbsp;: <a href=\"http:\/\/www.piveteaubois.com\">www.piveteaubois.com<\/a> (ci-apr\u00e8s le \u00ab&nbsp;Site&nbsp;\u00bb).<\/p>\n\n\n\n<p>L\u2019utilisation des cookies peut \u00eatre faite soit par notre Soci\u00e9t\u00e9 ou par des tiers dont nous utilisons les services.<\/p>\n\n\n\n<div style=\"display: flex;align-items: baseline;\">&#x25fe;<h3><span style=\"font-weight: 500;\">Qu\u2019est-ce qu\u2019un cookie ?<\/span><\/h3><\/div>\n\n\n\n<p>Il s\u2019agit de <strong>fichiers t\u00e9moins<\/strong> enregistr\u00e9s sur un ordinateur, ou un autre terminal (smartphone, tablette, objets connect\u00e9s), qui contiennent des informations recueillies notamment \u00e0 l\u2019occasion de la consultation par l\u2019utilisateur d\u2019un site internet.<\/p>\n\n\n\n<p>Ces informations sont, par la suite, accessibles de l\u2019\u00e9diteur du Site lors de connexions ult\u00e9rieures de l\u2019utilisateur au moyen du m\u00eame terminal. Elles permettent de mesurer l\u2019audience d\u2019un site mais \u00e9galement d\u2019identifier les utilisateurs, ainsi que de m\u00e9moriser leurs habitudes et pr\u00e9f\u00e9rences par exemple.<\/p>\n\n\n\n<p>L\u2019utilisation de certaines cat\u00e9gories de cookies sont soumises \u00e0 votre accord pr\u00e9alable et d\u2019autres sont strictement n\u00e9cessaires au fonctionnement du Site et doivent uniquement faire l\u2019objet d\u2019une information mais ne requi\u00e8re pas l\u2019accord de l\u2019utilisateur.<\/p>\n\n\n\n<div style=\"display: flex;align-items: baseline;\">&#x25fe;<h3><span style=\"font-weight: 500;\"> Quels sont les cookies utilis\u00e9s sur notre Site&nbsp;et dans quel but ? <\/span<\/h3><\/div>\n\n\n\n<p>Les cookies utilis\u00e9s sur notre Site sont les suivants&nbsp;:<\/p>\n\n\n\n<ol class=\"has-black-color has-text-color has-background\" style=\"background-color:#dbd0ca\"><strong>1. Les cookies ne n\u00e9cessitant pas votre consentement :<\/strong><\/ol>\n\n\n\n<p><strong>Les Cookies de fonctionnement&nbsp;<\/strong><\/p>\n\n\n\n<p>\u27a2 Ne recueillent aucune information personnelle mais uniquement des donn\u00e9es techniques, qui :<br>&#8211; sont indispensables au bon fonctionnement du Site;<br>&#8211; vous permettent de naviguer sur le Site et de passer commande de nos produits et notamment, d\u2019acc\u00e9der \u00e0 votre compte, de choisir votre magasin pr\u00e9f\u00e9r\u00e9 pour un retrait de commande en magasin ou encore, par exemple, de retrouver l\u2019historique de vos commandes et devis.<br>\u27a2 La dur\u00e9e de vie de ces cookies est de 5 jours maximum.<\/p>\n\n\n\n<ol class=\"has-black-color has-text-color has-background\" style=\"background-color:#dbd0ca\"><strong>2. Les cookies n\u00e9cessitant votre consentement :<\/strong><\/ol>\n\n\n\n<p><strong><strong>Les cookies statistiques<\/strong><\/strong><\/p>\n\n\n\n<p>\u27a2 Apportent des informations sur la fr\u00e9quentation du Site ou encore l\u2019utilisation qui en est faite via l\u2019outil Google Analytics (par exemple&nbsp;: informations relatives au nombre de pages consult\u00e9es ou encore \u00e0 la date et l\u2019heure de la consultation).<br>\u27a2 Nous permettent ainsi de r\u00e9aliser des statistiques anonymes concernant vos visites.<br>\u27a2 Ces cookies sont d\u00e9pos\u00e9s par Google.<br>\u27a2 Ne recueillent pas d\u2019informations personnelles, \u00e0 l\u2019exception de l\u2019adresse IP qui fait l\u2019objet d\u2019une anonymisation.<br>\u27a2 La dur\u00e9e de vie maximum de ces cookies est de 13 mois.<br>\u27a2 Le refus de ce type de cookie n\u2019affectera pas le fonctionnement et une utilisation normale du Site.<br>\u27a2 Les tiers ayant acc\u00e8s \u00e0 ces cookies&nbsp;sont les suivants&nbsp;: Google.<\/p>\n\n\n\n<div style=\"display: flex;align-items: baseline;\">&#x25fe;<h3><span style=\"font-weight: 500;\"> Validit\u00e9 de votre accord et dur\u00e9e de vie des cookies<\/span><\/h3><\/div>\n\n\n\n<p>La dur\u00e9e de vie des cookies varie en fonction des cookies utilis\u00e9s et ne peut exc\u00e9der 13 mois.<\/p>\n\n\n\n<p>Pour les cookies n\u00e9cessitant votre consentement, le d\u00e9p\u00f4t des cookies ne pourra \u00eatre r\u00e9alis\u00e9 qu\u2019apr\u00e8s avoir recueilli votre accord.<\/p>\n\n\n\n<p>Les donn\u00e9es seront supprim\u00e9es \u00e0 l\u2019issue des 13 mois \u00e0 compter du moment o\u00f9 vous avez donn\u00e9 votre accord ou \u00e0 chaque mise \u00e0 jour des donn\u00e9es collect\u00e9es ou de la liste des tiers ayant acc\u00e8s \u00e0 ces donn\u00e9es. Dans ce cas, un nouvel accord concernant l\u2019utilisation des cookies vous sera alors redemand\u00e9 \u00e0 votre prochaine connexion.<\/p>\n\n\n\n<div style=\"display: flex;align-items: baseline;\">&#x25fe;<h3><span style=\"font-weight: 500;\"> Vous pouvez modifier votre choix \u00e0 tout moment<\/span><\/h3><\/div>\n\n\n\n<p>Votre choix n\u2019est pas d\u00e9finitif, et qu\u2019en cas de changement d\u2019avis, vous avez la possibilit\u00e9 de modifier les choix en cliquant sur l\u2019ic\u00f4ne suivante en bas \u00e0 gauche de chaque page de notre Site&nbsp;:<\/p>\n\n\n\n<div class=\"wp-block-image\"><figure style=\"text-align:center;margin-top:-10px\"><img src=\"\/wp-content\/uploads\/2021\/11\/cookies.png\" alt=\"\" class=\"wp-image-6050\"><\/figure><\/div>\n\n\n\n<div style=\"display: flex;align-items: baseline;\">&#x25fe;<h3><span style=\"font-weight: 500;\"> Liste des tiers ayant acc\u00e8s aux cookies <\/span><\/h3><\/div>\n\n\n\n<p>Certains cookies sont utilis\u00e9s par des tiers, dont la liste figure ci-dessous :<br>&#8211; Google<\/p>\n\n\n\n<p><\/p>\n","protected":false},"excerpt":{"rendered":"<p>Dans le cadre des relations commerciales que notre Soci\u00e9t\u00e9 entretient avec ses Clients, notre Soci\u00e9t\u00e9 est amen\u00e9e \u00e0 recueillir et \u00e0 traiter des donn\u00e9es personnelles. La pr\u00e9sente politique de confidentialit\u00e9 et de gestion des donn\u00e9es (ci-apr\u00e8s la&nbsp;\u00ab&nbsp;Politique de Gestion des Donn\u00e9es&nbsp;\u00bb) a pour objectif de vous expliquer les conditions et modalit\u00e9s du traitement effectu\u00e9. I [&hellip;]<\/p>\n","protected":false},"author":2,"featured_media":0,"parent":0,"menu_order":0,"comment_status":"closed","ping_status":"closed","template":"","meta":[],"acf":[],"yoast_head":"<!-- This site is optimized with the Yoast SEO plugin v18.4.1 - https:\/\/yoast.com\/wordpress\/plugins\/seo\/ -->\n<title>Politique de confidentialit\u00e9 et de Cookies<\/title>\n<meta name=\"description\" content=\"Consultez notre politique de confidentialit\u00e9 pour savoir comment sont utilis\u00e9s les cookies sur le site piveteaubois.com et pour g\u00e9rer votre consentement \u00e0 tout moment.\" \/>\n<meta name=\"robots\" content=\"index, follow, max-snippet:-1, max-image-preview:large, max-video-preview:-1\" \/>\n<link rel=\"canonical\" href=\"https:\/\/www.piveteaubois.com\/fr\/politique-de-confidentialite-et-de-gestion-des-donnees\" \/>\n<meta property=\"og:locale\" content=\"fr_FR\" \/>\n<meta property=\"og:type\" content=\"article\" \/>\n<meta property=\"og:title\" content=\"Politique de confidentialit\u00e9 et de Cookies\" \/>\n<meta property=\"og:description\" content=\"Consultez notre politique de confidentialit\u00e9 pour savoir comment sont utilis\u00e9s les cookies sur le site piveteaubois.com et pour g\u00e9rer votre consentement \u00e0 tout moment.\" \/>\n<meta property=\"og:url\" content=\"https:\/\/www.piveteaubois.com\/fr\/politique-de-confidentialite-et-de-gestion-des-donnees\" \/>\n<meta property=\"og:site_name\" content=\"PiveteauBois\" \/>\n<meta property=\"article:modified_time\" content=\"2022-06-17T08:29:29+00:00\" \/>\n<meta property=\"og:image\" content=\"https:\/\/www.piveteaubois.com\/wp-content\/uploads\/2021\/11\/cookies.png\" \/>\n<meta name=\"twitter:card\" content=\"summary\" \/>\n<meta name=\"twitter:label1\" content=\"Dur\u00e9e de lecture estim\u00e9e\" \/>\n\t<meta name=\"twitter:data1\" content=\"9 minutes\" \/>\n<script type=\"application\/ld+json\" class=\"yoast-schema-graph\">{\"@context\":\"https:\/\/schema.org\",\"@graph\":[{\"@type\":\"WebSite\",\"@id\":\"https:\/\/www.piveteaubois.com\/fr\/#website\",\"url\":\"https:\/\/www.piveteaubois.com\/fr\/\",\"name\":\"PiveteauBois\",\"description\":\"Piveteaubois sp\u00e9cialiste du bois depuis plus de 75 ans\",\"potentialAction\":[{\"@type\":\"SearchAction\",\"target\":{\"@type\":\"EntryPoint\",\"urlTemplate\":\"https:\/\/www.piveteaubois.com\/fr\/?s={search_term_string}\"},\"query-input\":\"required name=search_term_string\"}],\"inLanguage\":\"fr-FR\"},{\"@type\":\"ImageObject\",\"@id\":\"https:\/\/www.piveteaubois.com\/fr\/politique-de-confidentialite-et-de-gestion-des-donnees#primaryimage\",\"inLanguage\":\"fr-FR\",\"url\":\"\/wp-content\/uploads\/2021\/11\/cookies.png\",\"contentUrl\":\"\/wp-content\/uploads\/2021\/11\/cookies.png\"},{\"@type\":\"WebPage\",\"@id\":\"https:\/\/www.piveteaubois.com\/fr\/politique-de-confidentialite-et-de-gestion-des-donnees#webpage\",\"url\":\"https:\/\/www.piveteaubois.com\/fr\/politique-de-confidentialite-et-de-gestion-des-donnees\",\"name\":\"Politique de confidentialit\u00e9 et de Cookies\",\"isPartOf\":{\"@id\":\"https:\/\/www.piveteaubois.com\/fr\/#website\"},\"primaryImageOfPage\":{\"@id\":\"https:\/\/www.piveteaubois.com\/fr\/politique-de-confidentialite-et-de-gestion-des-donnees#primaryimage\"},\"datePublished\":\"2021-11-08T10:36:28+00:00\",\"dateModified\":\"2022-06-17T08:29:29+00:00\",\"description\":\"Consultez notre politique de confidentialit\u00e9 pour savoir comment sont utilis\u00e9s les cookies sur le site piveteaubois.com et pour g\u00e9rer votre consentement \u00e0 tout moment.\",\"breadcrumb\":{\"@id\":\"https:\/\/www.piveteaubois.com\/fr\/politique-de-confidentialite-et-de-gestion-des-donnees#breadcrumb\"},\"inLanguage\":\"fr-FR\",\"potentialAction\":[{\"@type\":\"ReadAction\",\"target\":[\"https:\/\/www.piveteaubois.com\/fr\/politique-de-confidentialite-et-de-gestion-des-donnees\"]}]},{\"@type\":\"BreadcrumbList\",\"@id\":\"https:\/\/www.piveteaubois.com\/fr\/politique-de-confidentialite-et-de-gestion-des-donnees#breadcrumb\",\"itemListElement\":[{\"@type\":\"ListItem\",\"position\":1,\"name\":\"Accueil\",\"item\":\"https:\/\/www.piveteaubois.com\/fr\"},{\"@type\":\"ListItem\",\"position\":2,\"name\":\"Politique de confidentialit\u00e9 et de gestion des donn\u00e9es\"}]}]}<\/script>\n<!-- \/ Yoast SEO plugin. -->","yoast_head_json":{"title":"Politique de confidentialit\u00e9 et de Cookies","description":"Consultez notre politique de confidentialit\u00e9 pour savoir comment sont utilis\u00e9s les cookies sur le site piveteaubois.com et pour g\u00e9rer votre consentement \u00e0 tout moment.","robots":{"index":"index","follow":"follow","max-snippet":"max-snippet:-1","max-image-preview":"max-image-preview:large","max-video-preview":"max-video-preview:-1"},"canonical":"https:\/\/www.piveteaubois.com\/fr\/politique-de-confidentialite-et-de-gestion-des-donnees","og_locale":"fr_FR","og_type":"article","og_title":"Politique de confidentialit\u00e9 et de Cookies","og_description":"Consultez notre politique de confidentialit\u00e9 pour savoir comment sont utilis\u00e9s les cookies sur le site piveteaubois.com et pour g\u00e9rer votre consentement \u00e0 tout moment.","og_url":"https:\/\/www.piveteaubois.com\/fr\/politique-de-confidentialite-et-de-gestion-des-donnees","og_site_name":"PiveteauBois","article_modified_time":"2022-06-17T08:29:29+00:00","og_image":[{"url":"https:\/\/www.piveteaubois.com\/wp-content\/uploads\/2021\/11\/cookies.png"}],"twitter_card":"summary","twitter_misc":{"Dur\u00e9e de lecture estim\u00e9e":"9 minutes"},"schema":{"@context":"https:\/\/schema.org","@graph":[{"@type":"WebSite","@id":"https:\/\/www.piveteaubois.com\/fr\/#website","url":"https:\/\/www.piveteaubois.com\/fr\/","name":"PiveteauBois","description":"Piveteaubois sp\u00e9cialiste du bois depuis plus de 75 ans","potentialAction":[{"@type":"SearchAction","target":{"@type":"EntryPoint","urlTemplate":"https:\/\/www.piveteaubois.com\/fr\/?s={search_term_string}"},"query-input":"required name=search_term_string"}],"inLanguage":"fr-FR"},{"@type":"ImageObject","@id":"https:\/\/www.piveteaubois.com\/fr\/politique-de-confidentialite-et-de-gestion-des-donnees#primaryimage","inLanguage":"fr-FR","url":"\/wp-content\/uploads\/2021\/11\/cookies.png","contentUrl":"\/wp-content\/uploads\/2021\/11\/cookies.png"},{"@type":"WebPage","@id":"https:\/\/www.piveteaubois.com\/fr\/politique-de-confidentialite-et-de-gestion-des-donnees#webpage","url":"https:\/\/www.piveteaubois.com\/fr\/politique-de-confidentialite-et-de-gestion-des-donnees","name":"Politique de confidentialit\u00e9 et de Cookies","isPartOf":{"@id":"https:\/\/www.piveteaubois.com\/fr\/#website"},"primaryImageOfPage":{"@id":"https:\/\/www.piveteaubois.com\/fr\/politique-de-confidentialite-et-de-gestion-des-donnees#primaryimage"},"datePublished":"2021-11-08T10:36:28+00:00","dateModified":"2022-06-17T08:29:29+00:00","description":"Consultez notre politique de confidentialit\u00e9 pour savoir comment sont utilis\u00e9s les cookies sur le site piveteaubois.com et pour g\u00e9rer votre consentement \u00e0 tout moment.","breadcrumb":{"@id":"https:\/\/www.piveteaubois.com\/fr\/politique-de-confidentialite-et-de-gestion-des-donnees#breadcrumb"},"inLanguage":"fr-FR","potentialAction":[{"@type":"ReadAction","target":["https:\/\/www.piveteaubois.com\/fr\/politique-de-confidentialite-et-de-gestion-des-donnees"]}]},{"@type":"BreadcrumbList","@id":"https:\/\/www.piveteaubois.com\/fr\/politique-de-confidentialite-et-de-gestion-des-donnees#breadcrumb","itemListElement":[{"@type":"ListItem","position":1,"name":"Accueil","item":"https:\/\/www.piveteaubois.com\/fr"},{"@type":"ListItem","position":2,"name":"Politique de confidentialit\u00e9 et de gestion des donn\u00e9es"}]}]}},"_links":{"self":[{"href":"https:\/\/www.piveteaubois.com\/fr\/wp-json\/wp\/v2\/pages\/4844"}],"collection":[{"href":"https:\/\/www.piveteaubois.com\/fr\/wp-json\/wp\/v2\/pages"}],"about":[{"href":"https:\/\/www.piveteaubois.com\/fr\/wp-json\/wp\/v2\/types\/page"}],"author":[{"embeddable":true,"href":"https:\/\/www.piveteaubois.com\/fr\/wp-json\/wp\/v2\/users\/2"}],"replies":[{"embeddable":true,"href":"https:\/\/www.piveteaubois.com\/fr\/wp-json\/wp\/v2\/comments?post=4844"}],"version-history":[{"count":31,"href":"https:\/\/www.piveteaubois.com\/fr\/wp-json\/wp\/v2\/pages\/4844\/revisions"}],"predecessor-version":[{"id":5291,"href":"https:\/\/www.piveteaubois.com\/fr\/wp-json\/wp\/v2\/pages\/4844\/revisions\/5291"}],"wp:attachment":[{"href":"https:\/\/www.piveteaubois.com\/fr\/wp-json\/wp\/v2\/media?parent=4844"}],"curies":[{"name":"wp","href":"https:\/\/api.w.org\/{rel}","templated":true}]}}