{"id":494,"date":"2015-04-22T10:51:14","date_gmt":"2015-04-22T09:51:14","guid":{"rendered":"http:\/\/piveteaubois.pl8.tsjm.fr\/?page_id=494"},"modified":"2026-02-26T10:26:20","modified_gmt":"2026-02-26T09:26:20","slug":"distribution","status":"publish","type":"page","link":"https:\/\/www.piveteaubois.com\/fr\/distribution","title":{"rendered":"O\u00f9 trouver nos produits"},"content":{"rendered":"\n<p><strong>Vous \u00eates artisan ou particulier ?<\/strong><br>Retrouvez tous les points de vente du r\u00e9seau Vivre en Bois partout en France, d\u00e9di\u00e9s aux artisans et aux particuliers, et sp\u00e9cialis\u00e9 dans le mat\u00e9riau bois, pour l&rsquo;am\u00e9nagement ext\u00e9rieur et les solutions constructives.<\/p>\n\n\n\n<p><strong>\u2192<\/strong> D\u00e9couvrez les magasins et produits sur le site de <a href=\"https:\/\/www.vivreenbois.com\/?utm_source=page-distributeurs&amp;utm_medium=website-piveteaubois&amp;utm_campaign=lien-distributeurs-vivre-en-bois\">Vivre en Bois : Magasin bois pour artisans et particuliers<\/a>.<\/p>\n\n\n\n<h3>Trouvez le distributeur des produits piveteaubois le plus proche de chez vous !<\/h3>\n\n\n<div class=\"inline-form distributor-form\">\n    <form method=\"POST\">\n        <div class=\"form-item\"><select name=\"distributor_country\" id=\"distributor_country\"><option  selected=\"selected\" value=\"France M\u00e9tro\">France M\u00e9tro<\/option><option  value=\"Guadeloupe\">Guadeloupe<\/option><option  value=\"Martinique\">Martinique<\/option><option  value=\"R\u00e9union\">R\u00e9union<\/option><option  value=\"Afrique du Nord\">Afrique du Nord<\/option><option  value=\"Allemagne\">Allemagne<\/option><option  value=\"Belgique\">Belgique<\/option><option  value=\"Espagne\">Espagne<\/option><option  value=\"Italie\">Italie<\/option><option  value=\"Irlande\">Irlande<\/option><option  value=\"Japon\">Japon<\/option><option  value=\"Luxembourg\">Luxembourg<\/option><option  value=\"Pays-Bas\">Pays-Bas<\/option><option  value=\"Portugal\">Portugal<\/option><option  value=\"Royaume Uni\">Royaume Uni<\/option><option  value=\"Autres pays\">Autres pays<\/option><\/select><\/div>\n        <div class=\"form-item france-only form-title\">Num\u00e9ro de d\u00e9partement :<\/div>\n        <div class=\"form-item france-only\"><input type=\"text\" name=\"distributor_department_number\" value=\"\" \/><\/div>\n        <div class=\"form-item france-only\"><input type=\"checkbox\" name=\"distributor_show_adjacent_departments\" id=\"distributor_show_adjacent_departments\"  \/><label for=\"distributor_show_adjacent_departments\"><span><\/span>\u00c9largir aux d\u00e9partements limitrophes<\/label><\/div>\n        <div class=\"form-item\"><input type=\"submit\" value=\"Valider\" \/><\/div>\n    <\/form>\n    \n    <div class=\"distributor-result\">\n<\/div>    \n<\/div>\n\n\n\n\n<p>D\u00e9partements o\u00f9 Piveteaubois est pr\u00e9sent avec un ou plusieurs distributeurs<\/p>\n\n\n\n<figure class=\"aligncenter\"><img loading=\"lazy\" width=\"671\" height=\"558\" src=\"http:\/\/www.piveteaubois.com\/wp-content\/uploads\/2015\/04\/piveteau_siteOfficiel_carte4.png\" alt=\"\" class=\"wp-image-1040\" srcset=\"https:\/\/www.piveteaubois.com\/wp-content\/uploads\/2015\/04\/piveteau_siteOfficiel_carte4.png 671w, https:\/\/www.piveteaubois.com\/wp-content\/uploads\/2015\/04\/piveteau_siteOfficiel_carte4-300x249.png 300w\" sizes=\"(max-width: 671px) 100vw, 671px\" \/><\/figure>\n","protected":false},"excerpt":{"rendered":"<p>Vous \u00eates artisan ou particulier ?Retrouvez tous les points de vente du r\u00e9seau Vivre en Bois partout en France, d\u00e9di\u00e9s aux artisans et aux particuliers, et sp\u00e9cialis\u00e9 dans le mat\u00e9riau bois, pour l&rsquo;am\u00e9nagement ext\u00e9rieur et les solutions constructives. \u2192 D\u00e9couvrez les magasins et produits sur le site de Vivre en Bois : Magasin bois pour [&hellip;]<\/p>\n","protected":false},"author":2,"featured_media":0,"parent":0,"menu_order":0,"comment_status":"closed","ping_status":"open","template":"","meta":[],"acf":[],"yoast_head":"<!-- This site is optimized with the Yoast SEO plugin v18.4.1 - https:\/\/yoast.com\/wordpress\/plugins\/seo\/ -->\n<title>O\u00f9 trouver les produits Piveteaubois<\/title>\n<meta name=\"description\" content=\"Trouvez le distributeur des produits Piveteaubois le plus proche de chez vous.\" \/>\n<meta name=\"robots\" content=\"index, follow, max-snippet:-1, max-image-preview:large, max-video-preview:-1\" \/>\n<link rel=\"canonical\" href=\"https:\/\/www.piveteaubois.com\/fr\/distribution\" \/>\n<meta property=\"og:locale\" content=\"fr_FR\" \/>\n<meta property=\"og:type\" content=\"article\" \/>\n<meta property=\"og:title\" content=\"O\u00f9 trouver les produits Piveteaubois\" \/>\n<meta property=\"og:description\" content=\"Trouvez le distributeur des produits Piveteaubois le plus proche de chez vous.\" \/>\n<meta property=\"og:url\" content=\"https:\/\/www.piveteaubois.com\/fr\/distribution\" \/>\n<meta property=\"og:site_name\" content=\"PiveteauBois\" \/>\n<meta property=\"article:modified_time\" content=\"2026-02-26T09:26:20+00:00\" \/>\n<meta property=\"og:image\" content=\"http:\/\/www.piveteaubois.com\/wp-content\/uploads\/2015\/04\/piveteau_siteOfficiel_carte4.png\" \/>\n<meta name=\"twitter:card\" content=\"summary\" \/>\n<meta name=\"twitter:label1\" content=\"Dur\u00e9e de lecture estim\u00e9e\" \/>\n\t<meta name=\"twitter:data1\" content=\"1 minute\" \/>\n<script type=\"application\/ld+json\" class=\"yoast-schema-graph\">{\"@context\":\"https:\/\/schema.org\",\"@graph\":[{\"@type\":\"WebSite\",\"@id\":\"https:\/\/www.piveteaubois.com\/fr\/#website\",\"url\":\"https:\/\/www.piveteaubois.com\/fr\/\",\"name\":\"PiveteauBois\",\"description\":\"Piveteaubois sp\u00e9cialiste du bois depuis plus de 75 ans\",\"potentialAction\":[{\"@type\":\"SearchAction\",\"target\":{\"@type\":\"EntryPoint\",\"urlTemplate\":\"https:\/\/www.piveteaubois.com\/fr\/?s={search_term_string}\"},\"query-input\":\"required name=search_term_string\"}],\"inLanguage\":\"fr-FR\"},{\"@type\":\"ImageObject\",\"@id\":\"https:\/\/www.piveteaubois.com\/fr\/distribution#primaryimage\",\"inLanguage\":\"fr-FR\",\"url\":\"http:\/\/www.piveteaubois.com\/wp-content\/uploads\/2015\/04\/piveteau_siteOfficiel_carte4.png\",\"contentUrl\":\"http:\/\/www.piveteaubois.com\/wp-content\/uploads\/2015\/04\/piveteau_siteOfficiel_carte4.png\"},{\"@type\":\"WebPage\",\"@id\":\"https:\/\/www.piveteaubois.com\/fr\/distribution#webpage\",\"url\":\"https:\/\/www.piveteaubois.com\/fr\/distribution\",\"name\":\"O\u00f9 trouver les produits Piveteaubois\",\"isPartOf\":{\"@id\":\"https:\/\/www.piveteaubois.com\/fr\/#website\"},\"primaryImageOfPage\":{\"@id\":\"https:\/\/www.piveteaubois.com\/fr\/distribution#primaryimage\"},\"datePublished\":\"2015-04-22T09:51:14+00:00\",\"dateModified\":\"2026-02-26T09:26:20+00:00\",\"description\":\"Trouvez le distributeur des produits Piveteaubois le plus proche de chez vous.\",\"breadcrumb\":{\"@id\":\"https:\/\/www.piveteaubois.com\/fr\/distribution#breadcrumb\"},\"inLanguage\":\"fr-FR\",\"potentialAction\":[{\"@type\":\"ReadAction\",\"target\":[\"https:\/\/www.piveteaubois.com\/fr\/distribution\"]}]},{\"@type\":\"BreadcrumbList\",\"@id\":\"https:\/\/www.piveteaubois.com\/fr\/distribution#breadcrumb\",\"itemListElement\":[{\"@type\":\"ListItem\",\"position\":1,\"name\":\"Accueil\",\"item\":\"https:\/\/www.piveteaubois.com\/fr\"},{\"@type\":\"ListItem\",\"position\":2,\"name\":\"O\u00f9 trouver nos produits\"}]}]}<\/script>\n<!-- \/ Yoast SEO plugin. -->","yoast_head_json":{"title":"O\u00f9 trouver les produits Piveteaubois","description":"Trouvez le distributeur des produits Piveteaubois le plus proche de chez vous.","robots":{"index":"index","follow":"follow","max-snippet":"max-snippet:-1","max-image-preview":"max-image-preview:large","max-video-preview":"max-video-preview:-1"},"canonical":"https:\/\/www.piveteaubois.com\/fr\/distribution","og_locale":"fr_FR","og_type":"article","og_title":"O\u00f9 trouver les produits Piveteaubois","og_description":"Trouvez le distributeur des produits Piveteaubois le plus proche de chez vous.","og_url":"https:\/\/www.piveteaubois.com\/fr\/distribution","og_site_name":"PiveteauBois","article_modified_time":"2026-02-26T09:26:20+00:00","og_image":[{"url":"http:\/\/www.piveteaubois.com\/wp-content\/uploads\/2015\/04\/piveteau_siteOfficiel_carte4.png"}],"twitter_card":"summary","twitter_misc":{"Dur\u00e9e de lecture estim\u00e9e":"1 minute"},"schema":{"@context":"https:\/\/schema.org","@graph":[{"@type":"WebSite","@id":"https:\/\/www.piveteaubois.com\/fr\/#website","url":"https:\/\/www.piveteaubois.com\/fr\/","name":"PiveteauBois","description":"Piveteaubois sp\u00e9cialiste du bois depuis plus de 75 ans","potentialAction":[{"@type":"SearchAction","target":{"@type":"EntryPoint","urlTemplate":"https:\/\/www.piveteaubois.com\/fr\/?s={search_term_string}"},"query-input":"required name=search_term_string"}],"inLanguage":"fr-FR"},{"@type":"ImageObject","@id":"https:\/\/www.piveteaubois.com\/fr\/distribution#primaryimage","inLanguage":"fr-FR","url":"http:\/\/www.piveteaubois.com\/wp-content\/uploads\/2015\/04\/piveteau_siteOfficiel_carte4.png","contentUrl":"http:\/\/www.piveteaubois.com\/wp-content\/uploads\/2015\/04\/piveteau_siteOfficiel_carte4.png"},{"@type":"WebPage","@id":"https:\/\/www.piveteaubois.com\/fr\/distribution#webpage","url":"https:\/\/www.piveteaubois.com\/fr\/distribution","name":"O\u00f9 trouver les produits Piveteaubois","isPartOf":{"@id":"https:\/\/www.piveteaubois.com\/fr\/#website"},"primaryImageOfPage":{"@id":"https:\/\/www.piveteaubois.com\/fr\/distribution#primaryimage"},"datePublished":"2015-04-22T09:51:14+00:00","dateModified":"2026-02-26T09:26:20+00:00","description":"Trouvez le distributeur des produits Piveteaubois le plus proche de chez vous.","breadcrumb":{"@id":"https:\/\/www.piveteaubois.com\/fr\/distribution#breadcrumb"},"inLanguage":"fr-FR","potentialAction":[{"@type":"ReadAction","target":["https:\/\/www.piveteaubois.com\/fr\/distribution"]}]},{"@type":"BreadcrumbList","@id":"https:\/\/www.piveteaubois.com\/fr\/distribution#breadcrumb","itemListElement":[{"@type":"ListItem","position":1,"name":"Accueil","item":"https:\/\/www.piveteaubois.com\/fr"},{"@type":"ListItem","position":2,"name":"O\u00f9 trouver nos produits"}]}]}},"_links":{"self":[{"href":"https:\/\/www.piveteaubois.com\/fr\/wp-json\/wp\/v2\/pages\/494"}],"collection":[{"href":"https:\/\/www.piveteaubois.com\/fr\/wp-json\/wp\/v2\/pages"}],"about":[{"href":"https:\/\/www.piveteaubois.com\/fr\/wp-json\/wp\/v2\/types\/page"}],"author":[{"embeddable":true,"href":"https:\/\/www.piveteaubois.com\/fr\/wp-json\/wp\/v2\/users\/2"}],"replies":[{"embeddable":true,"href":"https:\/\/www.piveteaubois.com\/fr\/wp-json\/wp\/v2\/comments?post=494"}],"version-history":[{"count":48,"href":"https:\/\/www.piveteaubois.com\/fr\/wp-json\/wp\/v2\/pages\/494\/revisions"}],"predecessor-version":[{"id":7852,"href":"https:\/\/www.piveteaubois.com\/fr\/wp-json\/wp\/v2\/pages\/494\/revisions\/7852"}],"wp:attachment":[{"href":"https:\/\/www.piveteaubois.com\/fr\/wp-json\/wp\/v2\/media?parent=494"}],"curies":[{"name":"wp","href":"https:\/\/api.w.org\/{rel}","templated":true}]}}