{"id":5079,"date":"2022-06-01T09:08:05","date_gmt":"2022-06-01T08:08:05","guid":{"rendered":"https:\/\/www.piveteaubois.com\/?page_id=5079"},"modified":"2025-08-29T16:39:11","modified_gmt":"2025-08-29T15:39:11","slug":"nos-produits-clt-hexakit","status":"publish","type":"page","link":"https:\/\/www.piveteaubois.com\/fr\/nos-produits\/nos-produits-clt-hexakit","title":{"rendered":"HEXAKIT"},"content":{"rendered":"\n<h2>un nouveau concept de clt standard 100 % fran\u00e7ais POUR LA CONSTRUCTION OU LA R\u00c9NOVATION<\/h2>\n\n\n\n<p><\/p>\n\n\n\n<p>Afin de r\u00e9pondre \u00e0 vos besoins de r\u00e9activit\u00e9, PIVETEAUBOIS a d\u00e9velopp\u00e9 une gamme de panneaux standard HEXAKIT de largeur 1,20 m, compos\u00e9s d\u2019un mixte d\u2019essences et de provenance fran\u00e7aise : une face en Pin et une face visible en \u00c9pic\u00e9a.<\/p>\n\n\n\n<p>Les longueurs des panneaux sont optimis\u00e9es selon les port\u00e9es sur 2 ou 3 appuis pour des applications en plancher, mur, toiture et support d\u2019\u00e9tanch\u00e9it\u00e9. Un nouveau produit qui d\u00e9mocratise le CLT pour des constructions d\u00e9carbon\u00e9es.<\/p>\n\n\n\n<p>D\u00e9couvrez le CLT standard HEXAKIT de PIVETEAUBOIS en vid\u00e9o :<br><br><a href=\"https:\/\/youtu.be\/LdUaNsoNPyA\" onclick=\"_gaq.push(['_trackEvent', 'Video', 'clic-voir-video-Hexakit','clic-lecture-video page Hexakit',]);\" target=\"_blank\" rel=\"noopener noreferrer\"><img class=\"wp-image-4979\" src=\"\/wp-content\/uploads\/2022\/06\/video-hexakit-003.jpg\" alt=\"\"><\/a><br><\/p>\n\n\n\n<p><\/p>\n\n\n\n<h2>Comment utiliser le clt hexakit&nbsp;?<\/h2>\n\n\n\n<p><\/p>\n\n\n\n<p>Les panneaux HEXAKIT sont utilis\u00e9s pour des \u00e9l\u00e9ments structures tels que mur, refend, contreventement, plancher \u00e0 destination de tous types de projets de construction&nbsp;: maison individuelle, immeuble d\u2019habitation, bureau, b\u00e2timent industriel.<\/p>\n\n\n\n<img loading=\"lazy\" src=\"https:\/\/www.piveteaubois.com\/wp-content\/uploads\/2022\/06\/solution-clt-standard-construction-piveteaubois-002.gif\" alt=\"Comment utiliser le clt hexakit ?\" class=\"wp-image-5081\" width=\"540\" height=\"auto\">\n\n\n\n<p><\/p>\n\n\n\n<h2>Les caract\u00e9ristiques techniques<\/h2>\n\n\n\n<p><\/p>\n\n\n\n<p>Les panneaux HEXAKIT sont compos\u00e9s de 3 ou 5 plis coll\u00e9s de lamelles about\u00e9es. Les couches de bois successives sont crois\u00e9es les unes par rapport aux autres. La finition est rabot\u00e9e. Les panneaux disposent de feuillures 26 x 51 mm r\u00e9alis\u00e9es sur bords longitudinaux pour recevoir les bandes de couturage en Pin 25 x 100 mm afin de permettre d\u2019assembler deux panneaux entre eux. Fixation par vis 5 x 60 mm tous les 300 mm.<\/p>\n\n\n\n<img loading=\"lazy\" src=\"https:\/\/www.piveteaubois.com\/wp-content\/uploads\/2022\/06\/solution-clt-standard-construction-piveteaubois-002.jpg\" alt=\"Les caract\u00e9ristiques techniques du CLT Hexakit\" class=\"wp-image-5083\" width=\"540\" height=\"auto\" srcset=\"https:\/\/www.piveteaubois.com\/wp-content\/uploads\/2022\/06\/solution-clt-standard-construction-piveteaubois-002.jpg 530w, https:\/\/www.piveteaubois.com\/wp-content\/uploads\/2022\/06\/solution-clt-standard-construction-piveteaubois-002-300x146.jpg 300w\" sizes=\"(max-width: 530px) 100vw, 530px\" \/>\n\n\n\n<p><\/p>\n\n\n\n<img loading=\"lazy\" src=\"https:\/\/www.piveteaubois.com\/wp-content\/uploads\/2022\/06\/solution-clt-standard-construction-piveteaubois-004.jpg\" alt=\"Les caract\u00e9ristiques techniques du CLT Hexakit\" class=\"wp-image-5084\" width=\"540\" height=\"auto\" srcset=\"https:\/\/www.piveteaubois.com\/wp-content\/uploads\/2022\/06\/solution-clt-standard-construction-piveteaubois-004.jpg 530w, https:\/\/www.piveteaubois.com\/wp-content\/uploads\/2022\/06\/solution-clt-standard-construction-piveteaubois-004-300x83.jpg 300w\" sizes=\"(max-width: 530px) 100vw, 530px\" \/>\n\n\n\n<p>Classement structurel des lamelles : C 24 pour les plis longitudinaux et C 18 minimum pour le pli transversal. Colle : Polyur\u00e9thane (incolore et sans formald\u00e9hyde).<\/p>\n\n\n\n<h2>Pourquoi utiliser le clt hexakit&nbsp;?<\/h2>\n\n\n\n<p><\/p>\n\n\n\n<pre class=\"wp-block-code\"><code><p>En utilisant les panneaux standards CLT HEXAKIT, vous b\u00e9n\u00e9ficiez de multiples avantages :<\/p><p style=\"padding-left:35px\"><span style=\"color:#008e5c;font-weight: bold;\">\u2713<\/span> Formats standards optimis\u00e9s aux charges pour les habitations et les bureaux.\n<span style=\"color:#008e5c;font-weight: bold;\">\u2713<\/span> Temps de pose au m\u00b2 divis\u00e9 par 3.\n<span style=\"color:#008e5c;font-weight: bold;\">\u2713<\/span> Mat\u00e9riau prot\u00e9g\u00e9 des intemp\u00e9ries, de la reprise d\u2019humidit\u00e9 et des salissures lors des phases chantiers avec sa protection Parka (hydrofuge). En fin de chantier, le nettoyage des surfaces est beaucoup plus rapide qu\u2019un pon\u00e7age d\u2019un bois non prot\u00e9g\u00e9.<span style=\"color:#008e5c;font-weight: bold;\">\n\u2713<\/span> \u00c9paisseur du plancher r\u00e9duite.<span style=\"color:#008e5c;font-weight: bold;\">\n\u2713<\/span> Sous-face visible en \u00e9pic\u00e9a pour conserver un plafond bois.\n<span style=\"color:#008e5c;font-weight: bold;\">\u2713<\/span> Solution locale et bas-carbone accessible pour tous types de chantiers\n<span style=\"color:#008e5c;font-weight: bold;\">\u2713<\/span> L\u2019impact carbone dynamique le plus bas du march\u00e9 pour atteindre plus facilement le seuil 2025 de la RE2020\n<span style=\"color:#008e5c;font-weight: bold;\">\u2713 <\/span>Livraison mixable avec d\u2019autres produits Piveteaubois (ossature, blc, bma, bardage, terrasse, etc.).\n<span style=\"color:#008e5c;font-weight: bold;\">\u2713 <\/span>Produit sous Avis Technique fran\u00e7ais et sous ETA (Evaluation technique Europ\u00e9enne) avec marquage CE.\n\n<\/p><\/code><\/pre>\n\n\n\n<h2>SOLUTION LOCALE 100% FRANCAISE&nbsp;!<\/h2>\n\n\n\n<p><\/p>\n\n\n\n<div class=\"wp-block-columns\">\n<div class=\"wp-block-column\" style=\"flex-basis:20%\">\n<figure class=\"wp-block-image size-large is-resized aligncenter size-full is-style-default\"><img loading=\"lazy\" src=\"https:\/\/www.piveteaubois.com\/wp-content\/uploads\/2022\/06\/bois-de-france-001.gif\" alt=\"Bois de France\" class=\"wp-image-5087\" width=\"103\" height=\"NaN\"\/><\/figure>\n<\/div>\n\n\n\n<div class=\"wp-block-column is-vertically-aligned-center\" style=\"flex-basis:80%\">\n<p>Une solution 100% fran\u00e7aise dont les bois sont tous issus de for\u00eats locales g\u00e9r\u00e9es durablement et fabriqu\u00e9e dans notre usine Vend\u00e9enne pour optimiser l\u2019impact carbone de vos chantiers.<\/p>\n<\/div>\n<\/div>\n\n\n\n<h2>Logiciel dimensionnement<\/h2>\n\n\n\n<p><\/p>\n\n\n\n<div class=\"wp-block-columns\">\n<div class=\"wp-block-column is-vertically-aligned-bottom\" style=\"flex-basis:66.66%\">\n<p>Nous vous pr\u00e9conisons d\u2019utiliser le logiciel CLT Designer, un logiciel en ligne t\u00e9l\u00e9chargeable gratuitement, outil d\u2019aide au dimensionnement comprenant toutes les caract\u00e9ristiques de notre CLT HEXAPLI. Disponible ou param\u00e9trable \u00e9galement dans les autres logiciels.<\/p>\n<\/div>\n\n\n\n<div class=\"wp-block-column is-vertically-aligned-center\" style=\"flex-basis:33.33%\">\n<img loading=\"lazy\" src=\"https:\/\/www.piveteaubois.com\/wp-content\/uploads\/2022\/06\/CLTdesigner_Logo-300x56.png\" alt=\"CLT designer\" class=\"wp-image-5090\" width=\"147\" height=\"auto\" srcset=\"https:\/\/www.piveteaubois.com\/wp-content\/uploads\/2022\/06\/CLTdesigner_Logo-300x56.png 300w, https:\/\/www.piveteaubois.com\/wp-content\/uploads\/2022\/06\/CLTdesigner_Logo-1024x190.png 1024w, https:\/\/www.piveteaubois.com\/wp-content\/uploads\/2022\/06\/CLTdesigner_Logo-768x142.png 768w, https:\/\/www.piveteaubois.com\/wp-content\/uploads\/2022\/06\/CLTdesigner_Logo-1536x284.png 1536w, https:\/\/www.piveteaubois.com\/wp-content\/uploads\/2022\/06\/CLTdesigner_Logo-2048x379.png 2048w\" sizes=\"(max-width: 300px) 100vw, 300px\" \/>\n<\/div>\n<\/div>\n\n\n\n<h2>DES SOLUTIONS LOGISTIQUES ADAPT\u00c9ES A VOS PROJETS DE CHANTIER<\/h2>\n\n\n\n<p><\/p>\n\n\n\n<pre class=\"wp-block-code\"><code><p>PIVETEAUBOIS vous propose des solutions compl\u00e8tes :<\/p>\n<p style=\"margin-top:-15px;padding-left:35px\"><span style=\"color:#008e5c;font-weight: bold;\">\u2713<\/span> Pelletisation des panneaux avec une b\u00e2che 5 c\u00f4t\u00e9s r\u00e9utilisable. Le panneau du dessous retourn\u00e9 pour pr\u00e9server la face visible.\n<span style=\"color:#008e5c;font-weight: bold;\">\u2713<\/span> Livraison par palette compl\u00e8te mixable avec d\u2019autres produits PIVETEAUBOIS.\n<span style=\"color:#008e5c;font-weight: bold;\">\u2713<\/span> Levage des panneaux avec un syst\u00e8me complet et indissociable vis et anneau de notre partenaire <u><a href=\"https:\/\/www.simpson.fr\/fr-FR\" target=\"_blank\" rel=\"noopener\">Simpson Strong-Tie fabricant mondial de connexions pour les assemblages structurels en bois<\/a><\/u> vous permettant d\u2019intervenir sur tous types de chantiers, m\u00eame les plus difficiles d\u2019acc\u00e8s.<\/p><\/code><\/pre>\n\n\n\n<div class=\"wp-block-image\"><figure class=\"aligncenter size-full\"><img src=\"\/wp-content\/uploads\/2022\/06\/chantier-hexakit-clt-construction-piveteaubois-007.jpg\" alt=\"Sous-face en \u00c9pic\u00e9a en qualit\u00e9 visible \u2013 Cr\u00e9dit photo : Sylvain Malmouche\" class=\"wp-image-6647\"><\/figure><figcaption style=\"text-align:right;padding-right:5px\">Sous-face en \u00c9pic\u00e9a en qualit\u00e9 visible &#8211; Architecte : Vincent Hemery &#8211; IE ARCHITECTURE<br>Cr\u00e9dit photo : Sylvain Malmouche<\/figcaption><\/div>\n\n\n\n<p><\/p>\n\n\n\n<div class=\"single_concepteur_block\">\n<div class=\"single_concepteur_title_brun\">\n<h2>En savoir plus<\/h2>\n<\/div>\n<div class=\"single_concepteur_description\" style=\"padding-top:0;\">\n<div class=\"single_professionnal_contact_informations\">\n                            <div class=\"single_professionnal_contact_phone\">\n                              <a href=\"tel:0251660976\" style=\"text-decoration:none\" onclick=\"_gaq.push(['_trackEvent', 'Appel', 'clic-numero-telephone-Commercial-Hexakit','clic-telephone-content page hexakit',]);\">02 51 66 09 76<\/a>                           <\/div>\n                            <div class=\"single_professionnal_contact_mail\">\n                                <a href=\"mailto:commercial@piveteau.com\" onclick=\"_gaq.push(['_trackEvent', 'Email', 'clic-email-Hexakit','clic-email page Hexakit',]);\">commercial@piveteau.com<\/a>\n                            <\/div>\n                        <\/div>\n<\/div>\n<\/div>\n\n\n\n<h2>BESOIN DE CONSEILS ? CONTACTEZ-NOUS !<\/h2>\n\n\n\n<p>Vous \u00eates un industriel, un architecte, un ma\u00eetre d&rsquo;\u0153uvre, un n\u00e9goce ou vous travaillez \u00e0 l&rsquo;international, discutons de votre projet bois ensemble ! Contactez-nous en compl\u00e9tant le formulaire ci-dessous et vous serez recontact\u00e9 par notre \u00e9quipe commerciale : <\/p>\n\n\n\n<iframe loading=\"lazy\" src=\"https:\/\/web.piveteaubois.com\/piveteauboiscom-ak3uq\/pages\/2bs3a4okeesiqanomgmga.html\" allowtransparency=\"true\" width=\"100%\" height=\"1550px\" type=\"text\/html\" frameborder=\"0\" style=\"border:0\"><\/iframe>\n","protected":false},"excerpt":{"rendered":"<p>D\u00e9couvrez notre nouveau CLT standard HEXAKIT pour r\u00e9pondre \u00e0 vos besoins en construction et r\u00e9novation bois. <\/p>\n","protected":false},"author":2,"featured_media":5242,"parent":315,"menu_order":5,"comment_status":"closed","ping_status":"closed","template":"","meta":[],"acf":[],"yoast_head":"<!-- This site is optimized with the Yoast SEO plugin v18.4.1 - https:\/\/yoast.com\/wordpress\/plugins\/seo\/ -->\n<title>HEXAKIT : Le CLT standard de la construction bois<\/title>\n<meta name=\"description\" content=\"D\u00e9couvrez notre nouveau CLT standard HEXAKIT pour r\u00e9pondre \u00e0 vos besoins en construction et r\u00e9novation bois.\" \/>\n<meta name=\"robots\" content=\"index, follow, max-snippet:-1, max-image-preview:large, max-video-preview:-1\" \/>\n<link rel=\"canonical\" href=\"https:\/\/www.piveteaubois.com\/fr\/nos-produits\/nos-produits-clt-hexakit\" \/>\n<meta property=\"og:locale\" content=\"fr_FR\" \/>\n<meta property=\"og:type\" content=\"article\" \/>\n<meta property=\"og:title\" content=\"HEXAKIT : Le CLT standard de la construction bois\" \/>\n<meta property=\"og:description\" content=\"D\u00e9couvrez notre nouveau CLT standard HEXAKIT pour r\u00e9pondre \u00e0 vos besoins en construction et r\u00e9novation bois.\" \/>\n<meta property=\"og:url\" content=\"https:\/\/www.piveteaubois.com\/fr\/nos-produits\/nos-produits-clt-hexakit\" \/>\n<meta property=\"og:site_name\" content=\"PiveteauBois\" \/>\n<meta property=\"article:modified_time\" content=\"2025-08-29T15:39:11+00:00\" \/>\n<meta property=\"og:image\" content=\"https:\/\/www.piveteaubois.com\/wp-content\/uploads\/2022\/06\/piveteaubois-hexakit-002.jpg\" \/>\n\t<meta property=\"og:image:width\" content=\"1031\" \/>\n\t<meta property=\"og:image:height\" content=\"410\" \/>\n\t<meta property=\"og:image:type\" content=\"image\/jpeg\" \/>\n<meta name=\"twitter:card\" content=\"summary\" \/>\n<meta name=\"twitter:label1\" content=\"Dur\u00e9e de lecture estim\u00e9e\" \/>\n\t<meta name=\"twitter:data1\" content=\"5 minutes\" \/>\n<script type=\"application\/ld+json\" class=\"yoast-schema-graph\">{\"@context\":\"https:\/\/schema.org\",\"@graph\":[{\"@type\":\"WebSite\",\"@id\":\"https:\/\/www.piveteaubois.com\/fr\/#website\",\"url\":\"https:\/\/www.piveteaubois.com\/fr\/\",\"name\":\"PiveteauBois\",\"description\":\"Piveteaubois sp\u00e9cialiste du bois depuis plus de 75 ans\",\"potentialAction\":[{\"@type\":\"SearchAction\",\"target\":{\"@type\":\"EntryPoint\",\"urlTemplate\":\"https:\/\/www.piveteaubois.com\/fr\/?s={search_term_string}\"},\"query-input\":\"required name=search_term_string\"}],\"inLanguage\":\"fr-FR\"},{\"@type\":\"ImageObject\",\"@id\":\"https:\/\/www.piveteaubois.com\/fr\/nos-produits\/nos-produits-clt-hexakit#primaryimage\",\"inLanguage\":\"fr-FR\",\"url\":\"https:\/\/www.piveteaubois.com\/wp-content\/uploads\/2022\/06\/piveteaubois-hexakit-002.jpg\",\"contentUrl\":\"https:\/\/www.piveteaubois.com\/wp-content\/uploads\/2022\/06\/piveteaubois-hexakit-002.jpg\",\"width\":1031,\"height\":410},{\"@type\":\"WebPage\",\"@id\":\"https:\/\/www.piveteaubois.com\/fr\/nos-produits\/nos-produits-clt-hexakit#webpage\",\"url\":\"https:\/\/www.piveteaubois.com\/fr\/nos-produits\/nos-produits-clt-hexakit\",\"name\":\"HEXAKIT : Le CLT standard de la construction bois\",\"isPartOf\":{\"@id\":\"https:\/\/www.piveteaubois.com\/fr\/#website\"},\"primaryImageOfPage\":{\"@id\":\"https:\/\/www.piveteaubois.com\/fr\/nos-produits\/nos-produits-clt-hexakit#primaryimage\"},\"datePublished\":\"2022-06-01T08:08:05+00:00\",\"dateModified\":\"2025-08-29T15:39:11+00:00\",\"description\":\"D\u00e9couvrez notre nouveau CLT standard HEXAKIT pour r\u00e9pondre \u00e0 vos besoins en construction et r\u00e9novation bois.\",\"breadcrumb\":{\"@id\":\"https:\/\/www.piveteaubois.com\/fr\/nos-produits\/nos-produits-clt-hexakit#breadcrumb\"},\"inLanguage\":\"fr-FR\",\"potentialAction\":[{\"@type\":\"ReadAction\",\"target\":[\"https:\/\/www.piveteaubois.com\/fr\/nos-produits\/nos-produits-clt-hexakit\"]}]},{\"@type\":\"BreadcrumbList\",\"@id\":\"https:\/\/www.piveteaubois.com\/fr\/nos-produits\/nos-produits-clt-hexakit#breadcrumb\",\"itemListElement\":[{\"@type\":\"ListItem\",\"position\":1,\"name\":\"Accueil\",\"item\":\"https:\/\/www.piveteaubois.com\/fr\"},{\"@type\":\"ListItem\",\"position\":2,\"name\":\"Nos produits\",\"item\":\"https:\/\/www.piveteaubois.com\/fr\/nos-produits\"},{\"@type\":\"ListItem\",\"position\":3,\"name\":\"HEXAKIT\"}]}]}<\/script>\n<!-- \/ Yoast SEO plugin. -->","yoast_head_json":{"title":"HEXAKIT : Le CLT standard de la construction bois","description":"D\u00e9couvrez notre nouveau CLT standard HEXAKIT pour r\u00e9pondre \u00e0 vos besoins en construction et r\u00e9novation bois.","robots":{"index":"index","follow":"follow","max-snippet":"max-snippet:-1","max-image-preview":"max-image-preview:large","max-video-preview":"max-video-preview:-1"},"canonical":"https:\/\/www.piveteaubois.com\/fr\/nos-produits\/nos-produits-clt-hexakit","og_locale":"fr_FR","og_type":"article","og_title":"HEXAKIT : Le CLT standard de la construction bois","og_description":"D\u00e9couvrez notre nouveau CLT standard HEXAKIT pour r\u00e9pondre \u00e0 vos besoins en construction et r\u00e9novation bois.","og_url":"https:\/\/www.piveteaubois.com\/fr\/nos-produits\/nos-produits-clt-hexakit","og_site_name":"PiveteauBois","article_modified_time":"2025-08-29T15:39:11+00:00","og_image":[{"width":1031,"height":410,"url":"https:\/\/www.piveteaubois.com\/wp-content\/uploads\/2022\/06\/piveteaubois-hexakit-002.jpg","type":"image\/jpeg"}],"twitter_card":"summary","twitter_misc":{"Dur\u00e9e de lecture estim\u00e9e":"5 minutes"},"schema":{"@context":"https:\/\/schema.org","@graph":[{"@type":"WebSite","@id":"https:\/\/www.piveteaubois.com\/fr\/#website","url":"https:\/\/www.piveteaubois.com\/fr\/","name":"PiveteauBois","description":"Piveteaubois sp\u00e9cialiste du bois depuis plus de 75 ans","potentialAction":[{"@type":"SearchAction","target":{"@type":"EntryPoint","urlTemplate":"https:\/\/www.piveteaubois.com\/fr\/?s={search_term_string}"},"query-input":"required name=search_term_string"}],"inLanguage":"fr-FR"},{"@type":"ImageObject","@id":"https:\/\/www.piveteaubois.com\/fr\/nos-produits\/nos-produits-clt-hexakit#primaryimage","inLanguage":"fr-FR","url":"https:\/\/www.piveteaubois.com\/wp-content\/uploads\/2022\/06\/piveteaubois-hexakit-002.jpg","contentUrl":"https:\/\/www.piveteaubois.com\/wp-content\/uploads\/2022\/06\/piveteaubois-hexakit-002.jpg","width":1031,"height":410},{"@type":"WebPage","@id":"https:\/\/www.piveteaubois.com\/fr\/nos-produits\/nos-produits-clt-hexakit#webpage","url":"https:\/\/www.piveteaubois.com\/fr\/nos-produits\/nos-produits-clt-hexakit","name":"HEXAKIT : Le CLT standard de la construction bois","isPartOf":{"@id":"https:\/\/www.piveteaubois.com\/fr\/#website"},"primaryImageOfPage":{"@id":"https:\/\/www.piveteaubois.com\/fr\/nos-produits\/nos-produits-clt-hexakit#primaryimage"},"datePublished":"2022-06-01T08:08:05+00:00","dateModified":"2025-08-29T15:39:11+00:00","description":"D\u00e9couvrez notre nouveau CLT standard HEXAKIT pour r\u00e9pondre \u00e0 vos besoins en construction et r\u00e9novation bois.","breadcrumb":{"@id":"https:\/\/www.piveteaubois.com\/fr\/nos-produits\/nos-produits-clt-hexakit#breadcrumb"},"inLanguage":"fr-FR","potentialAction":[{"@type":"ReadAction","target":["https:\/\/www.piveteaubois.com\/fr\/nos-produits\/nos-produits-clt-hexakit"]}]},{"@type":"BreadcrumbList","@id":"https:\/\/www.piveteaubois.com\/fr\/nos-produits\/nos-produits-clt-hexakit#breadcrumb","itemListElement":[{"@type":"ListItem","position":1,"name":"Accueil","item":"https:\/\/www.piveteaubois.com\/fr"},{"@type":"ListItem","position":2,"name":"Nos produits","item":"https:\/\/www.piveteaubois.com\/fr\/nos-produits"},{"@type":"ListItem","position":3,"name":"HEXAKIT"}]}]}},"_links":{"self":[{"href":"https:\/\/www.piveteaubois.com\/fr\/wp-json\/wp\/v2\/pages\/5079"}],"collection":[{"href":"https:\/\/www.piveteaubois.com\/fr\/wp-json\/wp\/v2\/pages"}],"about":[{"href":"https:\/\/www.piveteaubois.com\/fr\/wp-json\/wp\/v2\/types\/page"}],"author":[{"embeddable":true,"href":"https:\/\/www.piveteaubois.com\/fr\/wp-json\/wp\/v2\/users\/2"}],"replies":[{"embeddable":true,"href":"https:\/\/www.piveteaubois.com\/fr\/wp-json\/wp\/v2\/comments?post=5079"}],"version-history":[{"count":122,"href":"https:\/\/www.piveteaubois.com\/fr\/wp-json\/wp\/v2\/pages\/5079\/revisions"}],"predecessor-version":[{"id":7107,"href":"https:\/\/www.piveteaubois.com\/fr\/wp-json\/wp\/v2\/pages\/5079\/revisions\/7107"}],"up":[{"embeddable":true,"href":"https:\/\/www.piveteaubois.com\/fr\/wp-json\/wp\/v2\/pages\/315"}],"wp:featuredmedia":[{"embeddable":true,"href":"https:\/\/www.piveteaubois.com\/fr\/wp-json\/wp\/v2\/media\/5242"}],"wp:attachment":[{"href":"https:\/\/www.piveteaubois.com\/fr\/wp-json\/wp\/v2\/media?parent=5079"}],"curies":[{"name":"wp","href":"https:\/\/api.w.org\/{rel}","templated":true}]}}