{"id":5510,"date":"2022-09-30T13:00:04","date_gmt":"2022-09-30T12:00:04","guid":{"rendered":"https:\/\/www.piveteaubois.com\/?page_id=5510"},"modified":"2026-01-16T16:27:46","modified_gmt":"2026-01-16T15:27:46","slug":"bardage-bois-largo-douglas","status":"publish","type":"page","link":"https:\/\/www.piveteaubois.com\/fr\/bardage-bois-largo-douglas","title":{"rendered":"BARDAGE BOIS LARGO"},"content":{"rendered":"\n<p>D\u00e9couvrez le bardage en bois en douglas lamell\u00e9-coll\u00e9 Largo disposant d\u2019un nouvel aspect de surface micro-stri\u00e9 unique sur le march\u00e9 permettant une meilleure durabilit\u00e9 du bardage, un grisaillement dans le temps plus homog\u00e8ne et un profil anti-goutte pour un bon \u00e9coulement de l\u2019eau.&nbsp;<\/p>\n\n\n\n<p><\/p>\n\n\n\n<h2><strong>Un bardage en bois de grande stabilit\u00e9<\/strong><\/h2>\n\n\n\n<p><\/p>\n\n\n\n<p>Le proc\u00e9d\u00e9 de lamellation de notre technologie LAMWOOD conf\u00e8re une grande stabilit\u00e9 dimensionnelle \u00e0 la lame de bardage Largo et permet de valoriser toutes les parties de l\u2019arbre dont elle est issue.<br>L\u2019\u00e9paisseur de 26 mm participe \u00e9galement \u00e0 la stabilit\u00e9 de la lame.<\/p>\n\n\n\n<p><\/p>\n\n\n\n<h2><strong>bardage grande largeur pour une esth\u00e9tique moderne<\/strong><\/h2>\n\n\n\n<p><\/p>\n\n\n\n<p>La lame de bardage Largo est une lame de grande largeur de 200mm de large avec rainure languette. La fixation se fait par 2 pointes traversantes dans la largeur, en inox annel\u00e9es. Cette lame XXL offre un rendu moderne de l\u2019habillage des b\u00e2timents et permet \u00e9galement une rapidit\u00e9 de pose du rev\u00eatement ext\u00e9rieur.<\/p>\n\n\n\n<p>Vous pourrez tout aussi bien opter pour une pose du bardage bois verticale ou pour une pose horizontale pour la r\u00e9alisation de vos projets de construction. Deux couleurs d\u2019impr\u00e9gnations sont disponibles&nbsp;: le marron ou le gris (solution de pr\u00e9-grisaillement favorisant une patine uniforme dans le temps). Ces impr\u00e9gnations color\u00e9es ont l\u2019avantage d\u2019\u00eatre sans entretien.<\/p>\n\n\n\n<div class=\"wp-block-image\"><figure class=\"aligncenter size-full\"><img src=\"\/wp-content\/uploads\/2023\/10\/profil-bardage-largo-douglas-lamwood-piveteaubois-002.jpg\" alt=\"\" class=\"wp-image-5495\"\/><\/figure><\/div>\n\n\n\n<p><\/p>\n\n\n\n<h2><strong>Pour un rendu unique, mixez les bardages<\/strong><\/h2>\n\n\n\n<p><\/p>\n\n\n\n<p>Envie d\u2019une fa\u00e7ade unique et originale&nbsp;pour votre projet ? Pour cela, mixez les bardages Largo et Legato car ils sont tous simplement compatibles.&nbsp; D\u00e9couvrez ci-dessous un exemple de rendu visuel&nbsp;:<\/p>\n\n\n\n<p><\/p>\n\n\n\n<div class=\"wp-block-image\"><figure class=\"aligncenter size-full\"><img loading=\"lazy\" width=\"536\" height=\"344\" src=\"\/wp-content\/uploads\/2022\/09\/bardage-largo-legato-douglas-lamwood-piveteaubois-002.jpg\" alt=\"\" class=\"wp-image-5496\" srcset=\"https:\/\/www.piveteaubois.com\/wp-content\/uploads\/2022\/09\/bardage-largo-legato-douglas-lamwood-piveteaubois-002.jpg 536w, https:\/\/www.piveteaubois.com\/wp-content\/uploads\/2022\/09\/bardage-largo-legato-douglas-lamwood-piveteaubois-002-300x193.jpg 300w\" sizes=\"(max-width: 536px) 100vw, 536px\" \/><\/figure><\/div>\n\n\n\n<p>D\u00e9couvrez la fiche produit du <a href=\"https:\/\/www.piveteaubois.com\/fr\/bardage-bois\/bardage-bois-legato-douglas\">bardage Legato double rainure en Douglas<\/a>.<\/p>\n\n\n\n<p><\/p>\n\n\n\n<h2><strong>L&rsquo; \u00e9tat de surface micro-stri\u00e9 du bardage Largo<\/strong><\/h2>\n\n\n\n<p><\/p>\n\n\n\n<p>B\u00e9n\u00e9ficiez d\u2019un bardage Largo d&rsquo;une qualit\u00e9 premium notamment gr\u00e2ce \u00e0 son nouvel \u00e9tat de surface micro-stri\u00e9, unique sur le march\u00e9, offrant une augmentation de la surface d&rsquo;impr\u00e9gnation color\u00e9e pour une meilleure p\u00e9n\u00e9trabilit\u00e9 et durabilit\u00e9 du bardage.<\/p>\n\n\n\n<p><\/p>\n\n\n\n<h2><strong>Les + produit<\/strong><\/h2>\n\n\n\n<p><\/p>\n\n\n\n<ul><li><strong>Rapidit\u00e9 de pose<\/strong> gr\u00e2ce \u00e0 une largeur XXL.<\/li><li><strong>Stabilit\u00e9 dimensionnelle <\/strong>gr\u00e2ce \u00e0 la<strong> lamellisation.<\/strong><\/li><li><strong>Profil compatible <\/strong>avec le<strong> bardage LEGATO.<\/strong><\/li><li><strong>Large choix de 8 saturateurs semi-transparents<\/strong>.<\/li><li><strong>Garantie jusqu\u2019\u00e0 10 ans<\/strong>.<\/li><\/ul>\n\n\n\n<p><\/p>\n\n\n\n<h2><strong>LES Caract\u00e9ristiques techniques<\/strong><\/h2>\n\n\n\n<p><\/p>\n\n\n\n<div class=\"wp-block-image\" style=\"text-align:center\"><img loading=\"lazy\" width=\"587\" height=\"77\" src=\"https:\/\/www.piveteaubois.com\/wp-content\/uploads\/2022\/09\/pictos-bardage-largo-douglas-lamwood-piveteaubois-001.gif\" alt=\"\" class=\"wp-image-5494\"><\/div>\n\n\n\n<div class=\"wp-block-image\" style=\"text-align:center\"><img loading=\"lazy\" width=\"587\" height=\"95\" src=\"\/wp-content\/uploads\/2022\/09\/impregnation-bardage-largo-douglas-lamwood-piveteaubois-001.jpg\" alt=\"\" class=\"wp-image-5492\" srcset=\"https:\/\/www.piveteaubois.com\/wp-content\/uploads\/2022\/09\/impregnation-bardage-largo-douglas-lamwood-piveteaubois-001.jpg 587w, https:\/\/www.piveteaubois.com\/wp-content\/uploads\/2022\/09\/impregnation-bardage-largo-douglas-lamwood-piveteaubois-001-300x49.jpg 300w\" sizes=\"(max-width: 587px) 100vw, 587px\" \/><\/div>\n\n\n\n<p><\/p>\n\n\n\n<style type=\"text\/css\">\n\t\n\ttable.BardageTable {\n  border: 1px solid #DBD0CA;\n  background-color: #DBD0CA;\n  width: 100%;\n  text-align: left;\n  border-collapse: collapse;\n}\ntable.bardageTable td, table.bardageTable th {\n  border: 1px solid #aa9d97;\n  padding: 6px 9px;\n}\ntable.bardageTable tbody td {\n  font-size: 12px;\n}\ntable.bardageTable tr:nth-child(even) {\n  background: #f4f5f5;\n}\n\t  <\/style>\n\n<table class=\"bardageTable\">\n<tbody>\n<tr>\n<td width=\"50%\"><strong>TECHNIQUE<\/strong>&nbsp;: Lamell\u00e9-coll\u00e9. Technologie LAMWOOD<\/td>\n<td width=\"50%\"><strong>DURABILIT\u00c9 <\/strong>: R\u00e9sistant aux termites, pourritures et insectes xylophages<\/td><\/tr>\n<tr>\n<td><strong>\u00c9TAT DE SURFACE<\/strong> : Micro-stri\u00e9, Bross\u00e9 si satur\u00e9<\/td><td><strong>MASSE SURFACIQUE<\/strong> : 13kg\/m2<\/td><\/tr>\n<tr>\n<td><strong>TYPE DE POSE<\/strong> : Verticale et horizontale<\/td><td><strong>ASSEMBLAGE EN BOUT<\/strong> : Rainure languette<\/td><\/tr>\n<tr>\n<td><strong>LARGEUR UTILE<\/strong> : 200 mm<\/td><td><strong>FIXATION<\/strong> : pointes  annel\u00e9es en Inox de longueur mini 50 mm 2 pointes sur la largeur, \u00e0 4 cm  minimum des bords de la lame.<\/td><\/tr>\n<tr>\n<td><strong>\u00c9PAISSEUR<\/strong> : 26 mm<\/td><td><strong>STOCKAGE SUR CHANTIER<\/strong> : \u00c0 l\u2019abri de l\u2019eau et des UV. Ventilation naturelle maximum.<\/td><\/tr>\n<tr>\n<td><strong>LONGUEUR<\/strong> : 4m<\/td><td><strong>HYGROM\u00c9TRIE<\/strong> : Sec s\u00e9choir avant impr\u00e9gnation, ressuy\u00e9 \u00e0 l\u2019air apr\u00e8s impr\u00e9gnation.<\/td><\/tr>\n<tr>\n<td><strong>UTILISATION<\/strong> : Jusqu\u2019en  classe d\u2019emploi 3.2 en impr\u00e9gnation color\u00e9e, jusqu\u2019en classe 3.1 en finition  saturateur<\/td><td><strong>HYGROM\u00c9TRIE \u00c0 LA POSE<\/strong> : \u00e0 contr\u00f4ler selon DTU 41.2<\/td><\/tr>\n<tr>\n<td><strong>IMPR\u00c9GNATION COLOR\u00c9E<\/strong> : Marron, Gris,<\/td><td><strong>CONCEPTION<\/strong> : Drainante au sens du FD P 20-651<\/td><\/tr>\n<tr>\n<td><strong>FINITION COULEUR<\/strong> : 8 saturateurs semi-transparent sur demande.<\/td><td><strong>CLASSEMENT AU FEU<\/strong> : DS2DO (Euroclasses)<\/td><\/tr>\n<\/tbody>\n<\/table>\n\n\n\n<p><\/p>\n\n\n\n<div class=\"wp-block-image\" style=\"text-align:center\"><img loading=\"lazy\" src=\"\/wp-content\/uploads\/2022\/10\/picto-caracteristiques-bardage-bois.png\" alt=\"\" class=\"wp-image-7119\" width=\"238\" height=\"51\"><\/div>\n\n\n\n<p><\/p>\n\n\n\n<h2><strong>CERTIFICATIONS DE L\u2019ENTREPRISE<\/strong><\/h2>\n\n\n\n<p><\/p>\n\n\n\n<div class=\"wp-block-columns are-vertically-aligned-center\">\n<div class=\"wp-block-column is-vertically-aligned-center\" style=\"flex-basis:20%\">\n<div class=\"wp-block-image\"><figure class=\"aligncenter size-large is-resized\"><img src=\"https:\/\/www.piveteaubois.com\/wp-content\/uploads\/2022\/09\/pefc-001.png\" alt=\"\" class=\"wp-image-5499\" width=\"61\"\/><\/figure><\/div>\n<\/div>\n\n\n\n<div class=\"wp-block-column is-vertically-aligned-center\" style=\"flex-basis:80%\">\n<p>Sensible \u00e0 la p\u00e9rennit\u00e9 de la ressource pour les g\u00e9n\u00e9rations futures, PIVETEAUBOIS s\u2019engage et s\u2019approvisionne aupr\u00e8s d\u2019acteurs homologu\u00e9s PEFC. Cette certification permet d\u2019assurer une gestion durable et responsable des for\u00eats fran\u00e7aises en favorisant l\u2019\u00e9quilibre entre ces dimensions environnementales, soci\u00e9tales et \u00e9conomiques.<\/p>\n<\/div>\n<\/div>\n\n\n\n<div class=\"wp-block-columns are-vertically-aligned-center\">\n<div class=\"wp-block-column is-vertically-aligned-center\" style=\"flex-basis:20%\">\n<div class=\"wp-block-image\"><figure class=\"aligncenter size-large is-resized\"><img src=\"https:\/\/www.piveteaubois.com\/wp-content\/uploads\/2022\/09\/bois-de-france-001.gif\" alt=\"\" class=\"wp-image-5498\" width=\"61\"\/><\/figure><\/div>\n<\/div>\n\n\n\n<div class=\"wp-block-column is-vertically-aligned-center\" style=\"flex-basis:66.66%\">\n<p>Avec Bois de France, la promesse d\u2019une consommation.<br>Responsable et citoyenne. La marque \u00ab Bois de France \u00bb est un label pour promouvoir les produits issus de for\u00eats fran\u00e7aises, transform\u00e9s et assembl\u00e9s en france. Piveteaubois s\u2019engage pour sa scierie Vend\u00e9enne \u00e0 s\u2019approvisionner \u00e0 80% en bois issus des for\u00eats fran\u00e7aises pour optimiser l\u2019impact carbone de vos chantiers. <\/p>\n<\/div>\n<\/div>\n","protected":false},"excerpt":{"rendered":"<p>D\u00e9couvrez le nouvel aspect de surface micro-stri\u00e9 du bardage douglas lamell\u00e9-coll\u00e9 Largo, unique sur le march\u00e9, offrant une meilleure durabilit\u00e9 de l\u2019habillage ext\u00e9rieur et une grande stabilit\u00e9 dimensionnelle gr\u00e2ce au lamell\u00e9-coll\u00e9 de notre technologie LAMWOOD. <\/p>\n","protected":false},"author":2,"featured_media":5552,"parent":0,"menu_order":0,"comment_status":"closed","ping_status":"closed","template":"","meta":[],"acf":[],"yoast_head":"<!-- This site is optimized with the Yoast SEO plugin v18.4.1 - https:\/\/yoast.com\/wordpress\/plugins\/seo\/ -->\n<title>Bardage bois Largo micro-stri\u00e9e de grande largeur<\/title>\n<meta name=\"description\" content=\"D\u00e9couvrez notre nouveau bardage en Douglas Largo de largeur XXL qui vous permettra de r\u00e9duire le temps de pose et de moderniser vos fa\u00e7ades.\" \/>\n<meta name=\"robots\" content=\"index, follow, max-snippet:-1, max-image-preview:large, max-video-preview:-1\" \/>\n<link rel=\"canonical\" href=\"https:\/\/www.piveteaubois.com\/fr\/bardage-bois-largo-douglas\" \/>\n<meta property=\"og:locale\" content=\"fr_FR\" \/>\n<meta property=\"og:type\" content=\"article\" \/>\n<meta property=\"og:title\" content=\"Bardage bois Largo micro-stri\u00e9e de grande largeur\" \/>\n<meta property=\"og:description\" content=\"D\u00e9couvrez notre nouveau bardage en Douglas Largo de largeur XXL qui vous permettra de r\u00e9duire le temps de pose et de moderniser vos fa\u00e7ades.\" \/>\n<meta property=\"og:url\" content=\"https:\/\/www.piveteaubois.com\/fr\/bardage-bois-largo-douglas\" \/>\n<meta property=\"og:site_name\" content=\"PiveteauBois\" \/>\n<meta property=\"article:modified_time\" content=\"2026-01-16T15:27:46+00:00\" \/>\n<meta property=\"og:image\" content=\"https:\/\/www.piveteaubois.com\/wp-content\/uploads\/2022\/09\/bardage-largo-douglas-lamwood-piveteaubois-014.jpg\" \/>\n\t<meta property=\"og:image:width\" content=\"229\" \/>\n\t<meta property=\"og:image:height\" content=\"155\" \/>\n\t<meta property=\"og:image:type\" content=\"image\/jpeg\" \/>\n<meta name=\"twitter:card\" content=\"summary\" \/>\n<meta name=\"twitter:label1\" content=\"Dur\u00e9e de lecture estim\u00e9e\" \/>\n\t<meta name=\"twitter:data1\" content=\"5 minutes\" \/>\n<script type=\"application\/ld+json\" class=\"yoast-schema-graph\">{\"@context\":\"https:\/\/schema.org\",\"@graph\":[{\"@type\":\"WebSite\",\"@id\":\"https:\/\/www.piveteaubois.com\/fr\/#website\",\"url\":\"https:\/\/www.piveteaubois.com\/fr\/\",\"name\":\"PiveteauBois\",\"description\":\"Piveteaubois sp\u00e9cialiste du bois depuis plus de 75 ans\",\"potentialAction\":[{\"@type\":\"SearchAction\",\"target\":{\"@type\":\"EntryPoint\",\"urlTemplate\":\"https:\/\/www.piveteaubois.com\/fr\/?s={search_term_string}\"},\"query-input\":\"required name=search_term_string\"}],\"inLanguage\":\"fr-FR\"},{\"@type\":\"ImageObject\",\"@id\":\"https:\/\/www.piveteaubois.com\/fr\/bardage-bois-largo-douglas#primaryimage\",\"inLanguage\":\"fr-FR\",\"url\":\"https:\/\/www.piveteaubois.com\/wp-content\/uploads\/2022\/09\/bardage-largo-douglas-lamwood-piveteaubois-014.jpg\",\"contentUrl\":\"https:\/\/www.piveteaubois.com\/wp-content\/uploads\/2022\/09\/bardage-largo-douglas-lamwood-piveteaubois-014.jpg\",\"width\":229,\"height\":155},{\"@type\":\"WebPage\",\"@id\":\"https:\/\/www.piveteaubois.com\/fr\/bardage-bois-largo-douglas#webpage\",\"url\":\"https:\/\/www.piveteaubois.com\/fr\/bardage-bois-largo-douglas\",\"name\":\"Bardage bois Largo micro-stri\u00e9e de grande largeur\",\"isPartOf\":{\"@id\":\"https:\/\/www.piveteaubois.com\/fr\/#website\"},\"primaryImageOfPage\":{\"@id\":\"https:\/\/www.piveteaubois.com\/fr\/bardage-bois-largo-douglas#primaryimage\"},\"datePublished\":\"2022-09-30T12:00:04+00:00\",\"dateModified\":\"2026-01-16T15:27:46+00:00\",\"description\":\"D\u00e9couvrez notre nouveau bardage en Douglas Largo de largeur XXL qui vous permettra de r\u00e9duire le temps de pose et de moderniser vos fa\u00e7ades.\",\"breadcrumb\":{\"@id\":\"https:\/\/www.piveteaubois.com\/fr\/bardage-bois-largo-douglas#breadcrumb\"},\"inLanguage\":\"fr-FR\",\"potentialAction\":[{\"@type\":\"ReadAction\",\"target\":[\"https:\/\/www.piveteaubois.com\/fr\/bardage-bois-largo-douglas\"]}]},{\"@type\":\"BreadcrumbList\",\"@id\":\"https:\/\/www.piveteaubois.com\/fr\/bardage-bois-largo-douglas#breadcrumb\",\"itemListElement\":[{\"@type\":\"ListItem\",\"position\":1,\"name\":\"Accueil\",\"item\":\"https:\/\/www.piveteaubois.com\/fr\"},{\"@type\":\"ListItem\",\"position\":2,\"name\":\"BARDAGE BOIS LARGO\"}]}]}<\/script>\n<!-- \/ Yoast SEO plugin. -->","yoast_head_json":{"title":"Bardage bois Largo micro-stri\u00e9e de grande largeur","description":"D\u00e9couvrez notre nouveau bardage en Douglas Largo de largeur XXL qui vous permettra de r\u00e9duire le temps de pose et de moderniser vos fa\u00e7ades.","robots":{"index":"index","follow":"follow","max-snippet":"max-snippet:-1","max-image-preview":"max-image-preview:large","max-video-preview":"max-video-preview:-1"},"canonical":"https:\/\/www.piveteaubois.com\/fr\/bardage-bois-largo-douglas","og_locale":"fr_FR","og_type":"article","og_title":"Bardage bois Largo micro-stri\u00e9e de grande largeur","og_description":"D\u00e9couvrez notre nouveau bardage en Douglas Largo de largeur XXL qui vous permettra de r\u00e9duire le temps de pose et de moderniser vos fa\u00e7ades.","og_url":"https:\/\/www.piveteaubois.com\/fr\/bardage-bois-largo-douglas","og_site_name":"PiveteauBois","article_modified_time":"2026-01-16T15:27:46+00:00","og_image":[{"width":229,"height":155,"url":"https:\/\/www.piveteaubois.com\/wp-content\/uploads\/2022\/09\/bardage-largo-douglas-lamwood-piveteaubois-014.jpg","type":"image\/jpeg"}],"twitter_card":"summary","twitter_misc":{"Dur\u00e9e de lecture estim\u00e9e":"5 minutes"},"schema":{"@context":"https:\/\/schema.org","@graph":[{"@type":"WebSite","@id":"https:\/\/www.piveteaubois.com\/fr\/#website","url":"https:\/\/www.piveteaubois.com\/fr\/","name":"PiveteauBois","description":"Piveteaubois sp\u00e9cialiste du bois depuis plus de 75 ans","potentialAction":[{"@type":"SearchAction","target":{"@type":"EntryPoint","urlTemplate":"https:\/\/www.piveteaubois.com\/fr\/?s={search_term_string}"},"query-input":"required name=search_term_string"}],"inLanguage":"fr-FR"},{"@type":"ImageObject","@id":"https:\/\/www.piveteaubois.com\/fr\/bardage-bois-largo-douglas#primaryimage","inLanguage":"fr-FR","url":"https:\/\/www.piveteaubois.com\/wp-content\/uploads\/2022\/09\/bardage-largo-douglas-lamwood-piveteaubois-014.jpg","contentUrl":"https:\/\/www.piveteaubois.com\/wp-content\/uploads\/2022\/09\/bardage-largo-douglas-lamwood-piveteaubois-014.jpg","width":229,"height":155},{"@type":"WebPage","@id":"https:\/\/www.piveteaubois.com\/fr\/bardage-bois-largo-douglas#webpage","url":"https:\/\/www.piveteaubois.com\/fr\/bardage-bois-largo-douglas","name":"Bardage bois Largo micro-stri\u00e9e de grande largeur","isPartOf":{"@id":"https:\/\/www.piveteaubois.com\/fr\/#website"},"primaryImageOfPage":{"@id":"https:\/\/www.piveteaubois.com\/fr\/bardage-bois-largo-douglas#primaryimage"},"datePublished":"2022-09-30T12:00:04+00:00","dateModified":"2026-01-16T15:27:46+00:00","description":"D\u00e9couvrez notre nouveau bardage en Douglas Largo de largeur XXL qui vous permettra de r\u00e9duire le temps de pose et de moderniser vos fa\u00e7ades.","breadcrumb":{"@id":"https:\/\/www.piveteaubois.com\/fr\/bardage-bois-largo-douglas#breadcrumb"},"inLanguage":"fr-FR","potentialAction":[{"@type":"ReadAction","target":["https:\/\/www.piveteaubois.com\/fr\/bardage-bois-largo-douglas"]}]},{"@type":"BreadcrumbList","@id":"https:\/\/www.piveteaubois.com\/fr\/bardage-bois-largo-douglas#breadcrumb","itemListElement":[{"@type":"ListItem","position":1,"name":"Accueil","item":"https:\/\/www.piveteaubois.com\/fr"},{"@type":"ListItem","position":2,"name":"BARDAGE BOIS LARGO"}]}]}},"_links":{"self":[{"href":"https:\/\/www.piveteaubois.com\/fr\/wp-json\/wp\/v2\/pages\/5510"}],"collection":[{"href":"https:\/\/www.piveteaubois.com\/fr\/wp-json\/wp\/v2\/pages"}],"about":[{"href":"https:\/\/www.piveteaubois.com\/fr\/wp-json\/wp\/v2\/types\/page"}],"author":[{"embeddable":true,"href":"https:\/\/www.piveteaubois.com\/fr\/wp-json\/wp\/v2\/users\/2"}],"replies":[{"embeddable":true,"href":"https:\/\/www.piveteaubois.com\/fr\/wp-json\/wp\/v2\/comments?post=5510"}],"version-history":[{"count":32,"href":"https:\/\/www.piveteaubois.com\/fr\/wp-json\/wp\/v2\/pages\/5510\/revisions"}],"predecessor-version":[{"id":7681,"href":"https:\/\/www.piveteaubois.com\/fr\/wp-json\/wp\/v2\/pages\/5510\/revisions\/7681"}],"wp:featuredmedia":[{"embeddable":true,"href":"https:\/\/www.piveteaubois.com\/fr\/wp-json\/wp\/v2\/media\/5552"}],"wp:attachment":[{"href":"https:\/\/www.piveteaubois.com\/fr\/wp-json\/wp\/v2\/media?parent=5510"}],"curies":[{"name":"wp","href":"https:\/\/api.w.org\/{rel}","templated":true}]}}