{"id":5530,"date":"2022-09-30T12:59:34","date_gmt":"2022-09-30T11:59:34","guid":{"rendered":"https:\/\/www.piveteaubois.com\/?page_id=5530"},"modified":"2026-01-16T16:29:28","modified_gmt":"2026-01-16T15:29:28","slug":"bardage-bois-legato-douglas","status":"publish","type":"page","link":"https:\/\/www.piveteaubois.com\/fr\/bardage-bois-legato-douglas","title":{"rendered":"Bardage bois Legato"},"content":{"rendered":"\n<p>Offrez du rythme \u00e0 vos fa\u00e7ades gr\u00e2ce \u00e0 notre bardage en bois en douglas lamell\u00e9-coll\u00e9 Legato. Son profil, d\u2019une largeur utile XXL de 240 mm et compos\u00e9 d&rsquo;une double rainure, apportera une touche contemporaine \u00e0 vos projets de construction ou de r\u00e9novation. Chez Piveteaubois, nous savons que votre temps est pr\u00e9cieux, c&rsquo;est pourquoi le bardage Douglas Legato de grande largeur a \u00e9t\u00e9 con\u00e7u pour vous permettre de r\u00e9duire le temps de pose de votre bardage&nbsp;: 1m\u00b2 de bardage pos\u00e9 par lame fix\u00e9e.<\/p>\n\n\n\n<p><\/p>\n\n\n\n<h2><strong>Un bardage en bois de grande stabilit\u00e9<\/strong><\/h2>\n\n\n\n<p><\/p>\n\n\n\n<p>Le proc\u00e9d\u00e9 de lamellation de notre technologie LAMWOOD conf\u00e8re une grande stabilit\u00e9 dimensionnelle \u00e0 la lame de bardage Legato et permet de valoriser toutes les parties de l\u2019arbre dont elle est issue.<\/p>\n\n\n\n<p>L\u2019\u00e9paisseur de 26 mm participe \u00e9galement \u00e0 la stabilit\u00e9 de la lame.<\/p>\n\n\n\n<p><\/p>\n\n\n\n<h2><strong>Esth\u00e9tique contemporain<\/strong><\/h2>\n\n\n\n<p><\/p>\n\n\n\n<p>La lame de bardage Legato est compos\u00e9e de 2 rainures offrant une esth\u00e9tique contemporaine que vous ne retrouverez nulle part ailleurs.<\/p>\n\n\n\n<p>Deux couleurs d\u2019impr\u00e9gnations sont disponibles&nbsp;: le marron ou le gris. Le gris est une solution de pr\u00e9-grisaillement favorisant une patine uniforme dans le temps.&nbsp; Ces impr\u00e9gnations color\u00e9es ont l\u2019avantage d\u2019\u00eatre sans entretien.<\/p>\n\n\n\n<div class=\"wp-block-image\"><figure class=\"aligncenter size-full\"><img src=\"\/wp-content\/uploads\/2023\/10\/profil-bardage-legato-douglas-lamwood-piveteaubois-008-1.jpg\" alt=\"\" class=\"wp-image-5501\"\/><\/figure><\/div>\n\n\n\n<p><\/p>\n\n\n\n<h2><strong>MIXEZ LES PROFILS DE BARDAGES Pour un rendu INCOMPARABLE<\/strong><\/h2>\n\n\n\n<p><\/p>\n\n\n\n<p>Vous souhaitez une fa\u00e7ade unique et originale pour votre projet de construction ou de r\u00e9novation ?<\/p>\n\n\n\n<p>Pour habiller votre b\u00e2timent, vous pouvez combiner la lame de bardage en Douglas Legato avec la lame de bardage en douglas Largo. Deux profils de lames enti\u00e8rement compatibles. Les fa\u00e7ades se retrouvent rythm\u00e9es par ce jeu de rainures&nbsp;!<\/p>\n\n\n\n<div class=\"wp-block-image\"><figure class=\"aligncenter size-full\"><img loading=\"lazy\" width=\"536\" height=\"344\" src=\"\/wp-content\/uploads\/2022\/09\/bardage-largo-legato-douglas-lamwood-piveteaubois-002.jpg\" alt=\"\" class=\"wp-image-5496\" srcset=\"https:\/\/www.piveteaubois.com\/wp-content\/uploads\/2022\/09\/bardage-largo-legato-douglas-lamwood-piveteaubois-002.jpg 536w, https:\/\/www.piveteaubois.com\/wp-content\/uploads\/2022\/09\/bardage-largo-legato-douglas-lamwood-piveteaubois-002-300x193.jpg 300w\" sizes=\"(max-width: 536px) 100vw, 536px\" \/><\/figure><\/div>\n\n\n\n<p>D\u00e9couvrez la fiche produit du <a href=\"https:\/\/www.piveteaubois.com\/fr\/bardage-bois\/bardage-bois-largo-douglas\">bardage Largo en Douglas<\/a>.<\/p>\n\n\n\n<p><\/p>\n\n\n\n<h2><strong>L&rsquo;\u00e9tat de surface micro-stri\u00e9 POUR CE BARDAGE \u00e0 double rainure<\/strong><\/h2>\n\n\n\n<p><\/p>\n\n\n\n<p>Gr\u00e2ce \u00e0 ce bardage bois ext\u00e9rieur, profitez d&rsquo;une qualit\u00e9 premium notamment gr\u00e2ce au nouvel \u00e9tat de surface micro-stri\u00e9, unique sur le march\u00e9, offrant&nbsp;une augmentation de la surface d&rsquo;impr\u00e9gnation color\u00e9e pour une meilleure p\u00e9n\u00e9trabilit\u00e9 et durabilit\u00e9 du bardage. Les deux rainures pr\u00e9sentes sur la surface offrent une esth\u00e9tique originale et moderne, et leur profil anti-goutte permet un bon \u00e9coulement de l&rsquo;eau et une meilleure durabilit\u00e9.<\/p>\n\n\n\n<p><\/p>\n\n\n\n<h2><strong>Les + produit<\/strong><\/h2>\n\n\n\n<p><\/p>\n\n\n\n<ul><li><strong>Rapidit\u00e9 de pose<\/strong> gr\u00e2ce \u00e0 une <strong>largeur XXL&nbsp;: 1m\u00b2 de bardage pos\u00e9 par lame fix\u00e9e.&nbsp;<\/strong><\/li><li>Qualit\u00e9 esth\u00e9tique sup\u00e9rieure \u00e0 <strong>l\u2019\u00e9tat de surface micro stri\u00e9e.<\/strong><\/li><li><strong>Stabilit\u00e9 dimensionnelle <\/strong>gr\u00e2ce \u00e0 la <strong>lamellation<\/strong>.<\/li><li><strong>Effet multi-largeur<\/strong> original en un seul profil\u00e9.<\/li><li><strong>Profil compatible <\/strong>avec le<strong> bardage LARGO.<\/strong><\/li><li>Large choix de <strong>8 saturateurs semi-transparents.<\/strong><\/li><li><strong>Garantie jusqu\u2019\u00e0 10 ans<\/strong>.<\/li><\/ul>\n\n\n\n<p><\/p>\n\n\n\n<h2><strong>LES Caract\u00e9ristiques techniques<\/strong><\/h2>\n\n\n\n<p><\/p>\n\n\n\n<div class=\"wp-block-image\" style=\"text-align:center\"><img loading=\"lazy\" width=\"587\" height=\"77\" src=\"\/wp-content\/uploads\/2022\/09\/pictos-bardage-legato-douglas-lamwood-piveteaubois-001.gif\" alt=\"\" class=\"wp-image-5500\"\/><\/div>\n\n\n\n<div class=\"wp-block-image\" style=\"text-align:center\"><img loading=\"lazy\" width=\"587\" height=\"95\" src=\"\/wp-content\/uploads\/2022\/09\/impregnation-bardage-largo-douglas-lamwood-piveteaubois-001.jpg\" alt=\"\" class=\"wp-image-5492\" srcset=\"https:\/\/www.piveteaubois.com\/wp-content\/uploads\/2022\/09\/impregnation-bardage-largo-douglas-lamwood-piveteaubois-001.jpg 587w, https:\/\/www.piveteaubois.com\/wp-content\/uploads\/2022\/09\/impregnation-bardage-largo-douglas-lamwood-piveteaubois-001-300x49.jpg 300w\" sizes=\"(max-width: 587px) 100vw, 587px\" \/><\/div>\n\n\n\n<p><\/p>\n\n\n\n<style type=\"text\/css\">\n\t\n\ttable.BardageTable {\n  border: 1px solid #DBD0CA;\n  background-color: #DBD0CA;\n  width: 100%;\n  text-align: left;\n  border-collapse: collapse;\n}\ntable.bardageTable td, table.bardageTable th {\n  border: 1px solid #aa9d97;\n  padding: 6px 9px;\n}\ntable.bardageTable tbody td {\n  font-size: 12px;\n}\ntable.bardageTable tr:nth-child(even) {\n  background: #f4f5f5;\n}\n\t  <\/style>\n\n<table class=\"bardageTable\">\n<tbody>\n<tr>\n<td width=\"50%\"><strong>TECHNIQUE<\/strong>&nbsp;: Lamell\u00e9-coll\u00e9. Technologie LAMWOOD<\/td>\n<td width=\"50%\"><strong>DURABILIT\u00c9 <\/strong>: R\u00e9sistant aux termites, pourritures et insectes xylophages<\/td><\/tr>\n<tr>\n<td><strong>\u00c9TAT DE SURFACE<\/strong> : Micro-stri\u00e9,Bross\u00e9 si satur\u00e9<\/td><td><strong>MASSE SURFACIQUE<\/strong> : 13kg\/m2<\/td><\/tr>\n<tr>\n<td><strong>TYPE DE POSE<\/strong> : Verticale et horizontale<\/td><td><strong>ASSEMBLAGE EN BOUT<\/strong> : Rainure languette<\/td><\/tr>\n<tr>\n<td><strong>LARGEUR UTILE<\/strong> : 240 mm<\/td><td><strong>FIXATION<\/strong> : pointes annel\u00e9es en Inox de longueur mini 50 mm 2 pointes sur la largeur, \u00e0 4 cm minimum des bords de la lame<\/td><\/tr>\n<tr>\n<td><strong>\u00c9PAISSEUR<\/strong> : 26 mm<\/td><td><strong>STOCKAGE SUR CHANTIER<\/strong> : \u00c0 l\u2019abri de l\u2019eau et des UV. Ventilation naturelle maximum.<\/td><\/tr>\n<tr>\n<td><strong>LONGUEUR<\/strong> : 4m<\/td><td><strong>HYGROM\u00c9TRIE<\/strong> : Sec s\u00e9choir avant impr\u00e9gnation, ressuy\u00e9 \u00e0 l\u2019air apr\u00e8s impr\u00e9gnation.<\/td><\/tr>\n<tr>\n<td><strong>UTILISATION<\/strong> : Jusqu\u2019en classe d\u2019emploi 3.2 en impr\u00e9gnation color\u00e9e, jusqu\u2019en classe 3.1 en finition saturateur<\/td><td><strong>HYGROM\u00c9TRIE \u00c0 LA POSE<\/strong> : \u00e0 contr\u00f4ler selon DTU 41.2<\/td><\/tr>\n<tr>\n<td><strong>IMPR\u00c9GNATION COLOR\u00c9E<\/strong> : Marron, Gris,<\/td><td><strong>CONCEPTION<\/strong> : Drainante au sens du FD P 20-651<\/td><\/tr>\n<tr>\n<td><strong>FINITION COULEUR<\/strong> : 8 saturateurs semi-transparent sur demande.<\/td><td><strong>CLASSEMENT AU FEU<\/strong> : DS2DO (Euroclasses)<\/td><\/tr>\n<\/tbody>\n<\/table>\n\n\n\n<p><\/p>\n\n\n\n<div class=\"wp-block-image\" style=\"text-align:center\"><img loading=\"lazy\" src=\"\/wp-content\/uploads\/2022\/10\/picto-caracteristiques-bardage-bois.png\" alt=\"\" class=\"wp-image-7119\" width=\"238\" height=\"51\"><\/div>\n\n\n\n<p><\/p>\n\n\n\n<h2><strong>CERTIFICATIONs de l\u2019entreprise<\/strong><\/h2>\n\n\n\n<p><\/p>\n\n\n\n<div class=\"wp-block-columns are-vertically-aligned-center\">\n<div class=\"wp-block-column is-vertically-aligned-center\" style=\"flex-basis:20%\">\n<div class=\"wp-block-image\"><figure class=\"aligncenter size-large is-resized\"><img src=\"https:\/\/www.piveteaubois.com\/wp-content\/uploads\/2022\/09\/pefc-001.png\" alt=\"\" class=\"wp-image-5499\" width=\"61\"\/><\/figure><\/div>\n<\/div>\n\n\n\n<div class=\"wp-block-column is-vertically-aligned-center\" style=\"flex-basis:80%\">\n<p>Sensible \u00e0 la p\u00e9rennit\u00e9 de la ressource pour les g\u00e9n\u00e9rations futures, PIVETEAUBOIS s\u2019engage et s\u2019approvisionne aupr\u00e8s d\u2019acteurs homologu\u00e9s PEFC. Cette certification permet d\u2019assurer une gestion durable et responsable des for\u00eats fran\u00e7aises en favorisant l\u2019\u00e9quilibre entre ces dimensions environnementales, soci\u00e9tales et \u00e9conomiques.<\/p>\n<\/div>\n<\/div>\n\n\n\n<div class=\"wp-block-columns are-vertically-aligned-center\">\n<div class=\"wp-block-column is-vertically-aligned-center\" style=\"flex-basis:20%\">\n<div class=\"wp-block-image\"><figure class=\"aligncenter size-large is-resized\"><img src=\"https:\/\/www.piveteaubois.com\/wp-content\/uploads\/2022\/09\/bois-de-france-001.gif\" alt=\"\" class=\"wp-image-5498\" width=\"61\"\/><\/figure><\/div>\n<\/div>\n\n\n\n<div class=\"wp-block-column is-vertically-aligned-center\" style=\"flex-basis:66.66%\">\n<p>Avec Bois de France, la promesse d\u2019une consommation.<br>Responsable et citoyenne. La marque \u00ab Bois de France \u00bb est un label pour promouvoir les produits issus de for\u00eats fran\u00e7aises, transform\u00e9s et assembl\u00e9s en france. Piveteaubois s\u2019engage pour sa scierie Vend\u00e9enne \u00e0 s\u2019approvisionner \u00e0 80% en bois issus des for\u00eats fran\u00e7aises pour optimiser l\u2019impact carbone de vos chantiers. <\/p>\n<\/div>\n<\/div>\n\n\n\n<p><\/p>\n","protected":false},"excerpt":{"rendered":"<p>Afin de gagner en temps de pose et apporter du rythme \u00e0 vos fa\u00e7ades, PIVETEAUBOIS vous pr\u00e9sente le nouvel \u00e9tat de surface micro-stri\u00e9 du bardage en Douglas Legato, un profil de largeur XXL original et rythm\u00e9.<\/p>\n","protected":false},"author":2,"featured_media":5551,"parent":0,"menu_order":0,"comment_status":"closed","ping_status":"closed","template":"","meta":[],"acf":[],"yoast_head":"<!-- This site is optimized with the Yoast SEO plugin v18.4.1 - https:\/\/yoast.com\/wordpress\/plugins\/seo\/ -->\n<title>Bardage bois douglas Legato grande largeur XXL<\/title>\n<meta name=\"description\" content=\"D\u00e9couvrez notre nouveau bardage en Douglas Legato avec effet multi-largeur XXL gr\u00e2ce \u00e0 ses deux rainures pour un effet original !\" \/>\n<meta name=\"robots\" content=\"index, follow, max-snippet:-1, max-image-preview:large, max-video-preview:-1\" \/>\n<link rel=\"canonical\" href=\"https:\/\/www.piveteaubois.com\/fr\/bardage-bois-legato-douglas\" \/>\n<meta property=\"og:locale\" content=\"fr_FR\" \/>\n<meta property=\"og:type\" content=\"article\" \/>\n<meta property=\"og:title\" content=\"Bardage bois douglas Legato grande largeur XXL\" \/>\n<meta property=\"og:description\" content=\"D\u00e9couvrez notre nouveau bardage en Douglas Legato avec effet multi-largeur XXL gr\u00e2ce \u00e0 ses deux rainures pour un effet original !\" \/>\n<meta property=\"og:url\" content=\"https:\/\/www.piveteaubois.com\/fr\/bardage-bois-legato-douglas\" \/>\n<meta property=\"og:site_name\" content=\"PiveteauBois\" \/>\n<meta property=\"article:modified_time\" content=\"2026-01-16T15:29:28+00:00\" \/>\n<meta property=\"og:image\" content=\"https:\/\/www.piveteaubois.com\/wp-content\/uploads\/2022\/09\/bardage-largo-legato-douglas-lamwood-piveteaubois-004.jpg\" \/>\n\t<meta property=\"og:image:width\" content=\"229\" \/>\n\t<meta property=\"og:image:height\" content=\"155\" \/>\n\t<meta property=\"og:image:type\" content=\"image\/jpeg\" \/>\n<meta name=\"twitter:card\" content=\"summary\" \/>\n<meta name=\"twitter:label1\" content=\"Dur\u00e9e de lecture estim\u00e9e\" \/>\n\t<meta name=\"twitter:data1\" content=\"5 minutes\" \/>\n<script type=\"application\/ld+json\" class=\"yoast-schema-graph\">{\"@context\":\"https:\/\/schema.org\",\"@graph\":[{\"@type\":\"WebSite\",\"@id\":\"https:\/\/www.piveteaubois.com\/fr\/#website\",\"url\":\"https:\/\/www.piveteaubois.com\/fr\/\",\"name\":\"PiveteauBois\",\"description\":\"Piveteaubois sp\u00e9cialiste du bois depuis plus de 75 ans\",\"potentialAction\":[{\"@type\":\"SearchAction\",\"target\":{\"@type\":\"EntryPoint\",\"urlTemplate\":\"https:\/\/www.piveteaubois.com\/fr\/?s={search_term_string}\"},\"query-input\":\"required name=search_term_string\"}],\"inLanguage\":\"fr-FR\"},{\"@type\":\"ImageObject\",\"@id\":\"https:\/\/www.piveteaubois.com\/fr\/bardage-bois-legato-douglas#primaryimage\",\"inLanguage\":\"fr-FR\",\"url\":\"https:\/\/www.piveteaubois.com\/wp-content\/uploads\/2022\/09\/bardage-largo-legato-douglas-lamwood-piveteaubois-004.jpg\",\"contentUrl\":\"https:\/\/www.piveteaubois.com\/wp-content\/uploads\/2022\/09\/bardage-largo-legato-douglas-lamwood-piveteaubois-004.jpg\",\"width\":229,\"height\":155},{\"@type\":\"WebPage\",\"@id\":\"https:\/\/www.piveteaubois.com\/fr\/bardage-bois-legato-douglas#webpage\",\"url\":\"https:\/\/www.piveteaubois.com\/fr\/bardage-bois-legato-douglas\",\"name\":\"Bardage bois douglas Legato grande largeur XXL\",\"isPartOf\":{\"@id\":\"https:\/\/www.piveteaubois.com\/fr\/#website\"},\"primaryImageOfPage\":{\"@id\":\"https:\/\/www.piveteaubois.com\/fr\/bardage-bois-legato-douglas#primaryimage\"},\"datePublished\":\"2022-09-30T11:59:34+00:00\",\"dateModified\":\"2026-01-16T15:29:28+00:00\",\"description\":\"D\u00e9couvrez notre nouveau bardage en Douglas Legato avec effet multi-largeur XXL gr\u00e2ce \u00e0 ses deux rainures pour un effet original !\",\"breadcrumb\":{\"@id\":\"https:\/\/www.piveteaubois.com\/fr\/bardage-bois-legato-douglas#breadcrumb\"},\"inLanguage\":\"fr-FR\",\"potentialAction\":[{\"@type\":\"ReadAction\",\"target\":[\"https:\/\/www.piveteaubois.com\/fr\/bardage-bois-legato-douglas\"]}]},{\"@type\":\"BreadcrumbList\",\"@id\":\"https:\/\/www.piveteaubois.com\/fr\/bardage-bois-legato-douglas#breadcrumb\",\"itemListElement\":[{\"@type\":\"ListItem\",\"position\":1,\"name\":\"Accueil\",\"item\":\"https:\/\/www.piveteaubois.com\/fr\"},{\"@type\":\"ListItem\",\"position\":2,\"name\":\"Bardage bois Legato\"}]}]}<\/script>\n<!-- \/ Yoast SEO plugin. -->","yoast_head_json":{"title":"Bardage bois douglas Legato grande largeur XXL","description":"D\u00e9couvrez notre nouveau bardage en Douglas Legato avec effet multi-largeur XXL gr\u00e2ce \u00e0 ses deux rainures pour un effet original !","robots":{"index":"index","follow":"follow","max-snippet":"max-snippet:-1","max-image-preview":"max-image-preview:large","max-video-preview":"max-video-preview:-1"},"canonical":"https:\/\/www.piveteaubois.com\/fr\/bardage-bois-legato-douglas","og_locale":"fr_FR","og_type":"article","og_title":"Bardage bois douglas Legato grande largeur XXL","og_description":"D\u00e9couvrez notre nouveau bardage en Douglas Legato avec effet multi-largeur XXL gr\u00e2ce \u00e0 ses deux rainures pour un effet original !","og_url":"https:\/\/www.piveteaubois.com\/fr\/bardage-bois-legato-douglas","og_site_name":"PiveteauBois","article_modified_time":"2026-01-16T15:29:28+00:00","og_image":[{"width":229,"height":155,"url":"https:\/\/www.piveteaubois.com\/wp-content\/uploads\/2022\/09\/bardage-largo-legato-douglas-lamwood-piveteaubois-004.jpg","type":"image\/jpeg"}],"twitter_card":"summary","twitter_misc":{"Dur\u00e9e de lecture estim\u00e9e":"5 minutes"},"schema":{"@context":"https:\/\/schema.org","@graph":[{"@type":"WebSite","@id":"https:\/\/www.piveteaubois.com\/fr\/#website","url":"https:\/\/www.piveteaubois.com\/fr\/","name":"PiveteauBois","description":"Piveteaubois sp\u00e9cialiste du bois depuis plus de 75 ans","potentialAction":[{"@type":"SearchAction","target":{"@type":"EntryPoint","urlTemplate":"https:\/\/www.piveteaubois.com\/fr\/?s={search_term_string}"},"query-input":"required name=search_term_string"}],"inLanguage":"fr-FR"},{"@type":"ImageObject","@id":"https:\/\/www.piveteaubois.com\/fr\/bardage-bois-legato-douglas#primaryimage","inLanguage":"fr-FR","url":"https:\/\/www.piveteaubois.com\/wp-content\/uploads\/2022\/09\/bardage-largo-legato-douglas-lamwood-piveteaubois-004.jpg","contentUrl":"https:\/\/www.piveteaubois.com\/wp-content\/uploads\/2022\/09\/bardage-largo-legato-douglas-lamwood-piveteaubois-004.jpg","width":229,"height":155},{"@type":"WebPage","@id":"https:\/\/www.piveteaubois.com\/fr\/bardage-bois-legato-douglas#webpage","url":"https:\/\/www.piveteaubois.com\/fr\/bardage-bois-legato-douglas","name":"Bardage bois douglas Legato grande largeur XXL","isPartOf":{"@id":"https:\/\/www.piveteaubois.com\/fr\/#website"},"primaryImageOfPage":{"@id":"https:\/\/www.piveteaubois.com\/fr\/bardage-bois-legato-douglas#primaryimage"},"datePublished":"2022-09-30T11:59:34+00:00","dateModified":"2026-01-16T15:29:28+00:00","description":"D\u00e9couvrez notre nouveau bardage en Douglas Legato avec effet multi-largeur XXL gr\u00e2ce \u00e0 ses deux rainures pour un effet original !","breadcrumb":{"@id":"https:\/\/www.piveteaubois.com\/fr\/bardage-bois-legato-douglas#breadcrumb"},"inLanguage":"fr-FR","potentialAction":[{"@type":"ReadAction","target":["https:\/\/www.piveteaubois.com\/fr\/bardage-bois-legato-douglas"]}]},{"@type":"BreadcrumbList","@id":"https:\/\/www.piveteaubois.com\/fr\/bardage-bois-legato-douglas#breadcrumb","itemListElement":[{"@type":"ListItem","position":1,"name":"Accueil","item":"https:\/\/www.piveteaubois.com\/fr"},{"@type":"ListItem","position":2,"name":"Bardage bois Legato"}]}]}},"_links":{"self":[{"href":"https:\/\/www.piveteaubois.com\/fr\/wp-json\/wp\/v2\/pages\/5530"}],"collection":[{"href":"https:\/\/www.piveteaubois.com\/fr\/wp-json\/wp\/v2\/pages"}],"about":[{"href":"https:\/\/www.piveteaubois.com\/fr\/wp-json\/wp\/v2\/types\/page"}],"author":[{"embeddable":true,"href":"https:\/\/www.piveteaubois.com\/fr\/wp-json\/wp\/v2\/users\/2"}],"replies":[{"embeddable":true,"href":"https:\/\/www.piveteaubois.com\/fr\/wp-json\/wp\/v2\/comments?post=5530"}],"version-history":[{"count":33,"href":"https:\/\/www.piveteaubois.com\/fr\/wp-json\/wp\/v2\/pages\/5530\/revisions"}],"predecessor-version":[{"id":7682,"href":"https:\/\/www.piveteaubois.com\/fr\/wp-json\/wp\/v2\/pages\/5530\/revisions\/7682"}],"wp:featuredmedia":[{"embeddable":true,"href":"https:\/\/www.piveteaubois.com\/fr\/wp-json\/wp\/v2\/media\/5551"}],"wp:attachment":[{"href":"https:\/\/www.piveteaubois.com\/fr\/wp-json\/wp\/v2\/media?parent=5530"}],"curies":[{"name":"wp","href":"https:\/\/api.w.org\/{rel}","templated":true}]}}