{"id":5675,"date":"2023-03-15T14:32:41","date_gmt":"2023-03-15T13:32:41","guid":{"rendered":"https:\/\/www.piveteaubois.com\/?page_id=5675"},"modified":"2026-02-10T17:23:30","modified_gmt":"2026-02-10T16:23:30","slug":"bardage-bois-concerto-douglas","status":"publish","type":"page","link":"https:\/\/www.piveteaubois.com\/fr\/bardage-bois-concerto-douglas","title":{"rendered":"BARDAGE BOIS CONCERTO"},"content":{"rendered":"\n<p>Depuis 2023, ce bardage renouvelle le march\u00e9 du bardage bois gr\u00e2ce \u00e0 son profil atypique. Ses ondulations singuli\u00e8res habilleront et dynamiseront vos fa\u00e7ades gr\u00e2ce \u00e0 un jeu d\u2019ombres et de lumi\u00e8res \u00e9tabli selon l\u2019orientation du soleil dans la journ\u00e9e.<\/p>\n\n\n\n<p>D\u00e9couvrez notre bardage Concerto en impr\u00e9gnation marron ou grise. Cette derni\u00e8re teinte, tr\u00e8s tendance de nos jours, permet un grisaillement plus homog\u00e8ne au fil du temps.<\/p>\n\n\n\n<p><\/p>\n\n\n\n<div class=\"wp-block-image\" style=\"text-align:center\"><a href=\"https:\/\/youtu.be\/Mgk37-YCs00\" target=\"_blank\" rel=\"noopener\"><img src=\"\/wp-content\/uploads\/2023\/03\/video-teasing-bardage-bois-concerto-piveteaubois-06.jpg\" alt=\"Vue face bardage bois Concerto douglas marron 125x34 mm classe 3.2 Piveteaubois\" class=\"wp-image-7114\"><\/a><figcaption>D\u00e9couvrir le bardage Concerto en vid\u00e9o<\/figcaption><\/div>\n\n\n\n<p><\/p>\n\n\n\n<h2><strong><strong>UNE ESTH\u00c9TIQUE IN\u00c9DITE ET RYTHM\u00c9E PAR L\u2019ONDULATION DE CE BARDAGE EN DOUGLAS<\/strong><\/strong><\/h2>\n\n\n\n<p><\/p>\n\n\n\n<p>Ce bardage bois au profil ondul\u00e9 unique, apportera de la douceur \u00e0 l\u2019habillage de fa\u00e7ades de b\u00e2timent. Inspir\u00e9 de la houle de la mer, la singularit\u00e9 de son profil lui conf\u00e8re une apparence in\u00e9dite sur le march\u00e9 de la construction bois.<\/p>\n\n\n\n<p>Les ondulations multi-largeurs et multi-hauteurs du Concerto entra\u00eenent un jeux d\u2019ombres et de lumi\u00e8res selon l\u2019heure de la journ\u00e9e pour une architecture plus dynamique.<\/p>\n\n\n\n<p>Les lames de bardage se fondent les unes entre les autres donnant une impression de panneau infini. Le syst\u00e8me de fixation a \u00e9t\u00e9 r\u00e9fl\u00e9chi afin de masquer une des deux pointes annel\u00e9es inox par le recouvrement de la lame suivante. La deuxi\u00e8me pointe discr\u00e8te est positionn\u00e9e au centre de la lame selon pr\u00e9conisation du DTU 41.2.<\/p>\n\n\n\n<p><\/p>\n\n\n\n<figure class=\"wp-block-image size-full\"><img src=\"\/wp-content\/uploads\/2023\/03\/vue-face-bardage-bois-concerto-douglas-marron-125x34-mm-classe-3-2-piveteaubois.jpg\" alt=\"Vue face bardage bois Concerto douglas marron 125x34 mm classe 3.2 Piveteaubois\" class=\"wp-image-7114\"><figcaption>Bardage Concerto impr\u00e9gnation marron &#8211; Vue de face<\/figcaption><\/figure>\n\n\n\n<p><\/p>\n\n\n\n<figure class=\"wp-block-image size-full\"><img src=\"\/wp-content\/uploads\/2023\/03\/vue-contre-plongee-face-bardage-bois-concerto-douglas-marron-125x34-mm-classe-3-2-piveteaubois.jpg\" alt=\"Vue contre plong\u00e9e bardage bois Concerto douglas marron 125x34 mm classe 3.2 Piveteaubois\" class=\"wp-image-7114\"><figcaption>Bardage Concerto impr\u00e9gnation marron &#8211; Vue en contre-plong\u00e9e<\/figcaption><\/figure>\n\n\n\n<p><\/p>\n\n\n\n<h2><strong>ALTERNEZ LES PROFILS DE BARDAGES POUR DONNER VIE \u00c0&nbsp;VOS FA\u00c7ADES<\/strong><\/h2>\n\n\n\n<p><\/p>\n\n\n\n<p>Composez votre bardage bois ext\u00e9rieur au gr\u00e9 de vos envies&nbsp;! Pour cela, associez les lames en relief du Concerto avec le profil Mezzo \u00e0 l\u2019aspect de surface micro-stri\u00e9 par un syst\u00e8me d\u2019emboitement des lames. L\u2019alternance de ces profils apporte du rythme \u00e0 vos architectures gr\u00e2ce \u00e0 leur contraste de profil, d&rsquo;\u00e9paisseur et d&rsquo;\u00e9tat de surface.<\/p>\n\n\n\n<figure class=\"wp-block-image size-full\"><img loading=\"lazy\" width=\"587\" height=\"356\" src=\"\/wp-content\/uploads\/2026\/02\/vue-bardage-bois-mezzo-concerto-douglas-marron-piveteaubois-2026.jpg\" alt=\"Lames de bardage Concerto en impr\u00e9gnation grise compatibles avec les lames Mezzo\" class=\"wp-image-7771\" srcset=\"https:\/\/www.piveteaubois.com\/wp-content\/uploads\/2026\/02\/vue-bardage-bois-mezzo-concerto-douglas-marron-piveteaubois-2026.jpg 587w, https:\/\/www.piveteaubois.com\/wp-content\/uploads\/2026\/02\/vue-bardage-bois-mezzo-concerto-douglas-marron-piveteaubois-2026-300x182.jpg 300w\" sizes=\"(max-width: 587px) 100vw, 587px\" \/><figcaption>Mix des lames de bardage Concerto en impr\u00e9gnation grise compatibles avec les lames Mezzo<\/figcaption><\/figure>\n\n\n\n<p><\/p>\n\n\n\n<p> Le bardage bois Concerto est con\u00e7u pour \u00eatre pos\u00e9 verticalement uniquement afin d\u2019assurer l\u2019\u00e9coulement de l\u2019eau et la long\u00e9vit\u00e9 du rev\u00eatement ext\u00e9rieur. <\/p>\n\n\n\n<figure class=\"wp-block-image size-full\"><img src=\"\/wp-content\/uploads\/2023\/03\/realisation-bardage-bois-concerto-mezzo-gris-piveteaubois-03.png\" alt=\"R\u00e9alisation en bardage bois Concerto - Mezzo gris - Piveteaubois\" class=\"wp-image-7114\"><\/figure>\n\n\n\n<p><\/p>\n\n\n\n<figure class=\"wp-block-image size-full\"><img src=\"\/wp-content\/uploads\/2023\/03\/realisation-bardage-bois-concerto-mezzo-gris-piveteaubois-04.jpg\" alt=\"R\u00e9alisation en bardage bois Concerto - Mezzo gris - Piveteaubois\" class=\"wp-image-7114\"><\/figure>\n\n\n\n<p>Piveteaubois choisi avec soin ses essences de bois afin de vous proposer des produits de qualit\u00e9. Ainsi, les lames bardage bois Concerto et Mezzo en Douglas participent \u00e0 une construction d\u00e9carbon\u00e9e. Le Douglas est notamment une ressource disponible et issue de for\u00eats situ\u00e9es dans un rayon de moins de 250 km autour de notre site de production en Vend\u00e9e. Ses performances naturelles sont reconnues pour la structure et les parements en ext\u00e9rieur. <\/p>\n\n\n\n<p><\/p>\n\n\n\n<h2> <strong>Les + produit<\/strong> <\/h2>\n\n\n\n<p><\/p>\n\n\n\n<ul><li> Profil unique inspir\u00e9 des ondulations naturelles des d\u00e9serts &amp; oc\u00e9ans<\/li><li>Composez &amp; rythmez une fa\u00e7ade unique avec un jeu d\u2019ombres et de lumi\u00e8res<\/li><li>Compatible avec le profil MEZZO<\/li><li>Garantie jusqu\u2019\u00e0 10 ans contre les champignons, insectes xylophages et termites<\/li><li>Essence d\u2019origine fran\u00e7aise et bardage fabriqu\u00e9 en France<\/li><\/ul>\n\n\n\n<p><\/p>\n\n\n\n<h2><strong>LES Caract\u00e9ristiques techniques<\/strong><\/h2>\n\n\n\n<p><\/p>\n\n\n\n<div class=\"wp-block-image is-style-default\"><figure class=\"aligncenter size-full\"><img src=\"\/wp-content\/uploads\/2023\/03\/pictos-bardage-concerto-douglas-piveteaubois-001.gif\" alt=\"\" class=\"wp-image-7207\"\/><\/figure><\/div>\n\n\n\n<div class=\"wp-block-image is-style-default\"><figure class=\"aligncenter size-large\"><img loading=\"lazy\" width=\"587\" height=\"95\" src=\"https:\/\/www.piveteaubois.com\/wp-content\/uploads\/2022\/09\/impregnation-bardage-largo-douglas-lamwood-piveteaubois-001.jpg\" alt=\"\" class=\"wp-image-5492\" srcset=\"https:\/\/www.piveteaubois.com\/wp-content\/uploads\/2022\/09\/impregnation-bardage-largo-douglas-lamwood-piveteaubois-001.jpg 587w, https:\/\/www.piveteaubois.com\/wp-content\/uploads\/2022\/09\/impregnation-bardage-largo-douglas-lamwood-piveteaubois-001-300x49.jpg 300w\" sizes=\"(max-width: 587px) 100vw, 587px\" \/><\/figure><\/div>\n\n\n\n<p><\/p>\n\n\n\n<style type=\"text\/css\">\n\t\n\ttable.BardageTable {\n  border: 1px solid #DBD0CA;\n  background-color: #DBD0CA;\n  width: 100%;\n  text-align: left;\n  border-collapse: collapse;\n}\ntable.bardageTable td, table.bardageTable th {\n  border: 1px solid #aa9d97;\n  padding: 6px 9px;\n}\ntable.bardageTable tbody td {\n  font-size: 12px;\n}\ntable.bardageTable tr:nth-child(even) {\n  background: #f4f5f5;\n}\n\t  <\/style>\n\n<table class=\"bardageTable\">\n<tbody>\n<tr>\n<td width=\"50%\"><strong>TECHNIQUE<\/strong>&nbsp;: Massif \/ about\u00e9<\/td>\n<td><strong>MASSE SURFACIQUE<\/strong> : 13kg\/m2<\/td>\n<\/tr>\n<tr>\n<td><strong>\u00c9TAT DE SURFACE<\/strong> : Rabot\u00e9<\/td>\n<td><strong>ASSEMBLAGE EN BOUT<\/strong> : Coupe  droite<\/td>\n<\/tr>\n<tr>\n<td><strong>TYPE DE POSE<\/strong> : Verticale<\/td>\n<td><strong>ASSEMBLAGE<\/strong> : Imp\u00e9ratif au droit d\u2019un support avec un jeu de 5 mm<\/td><\/tr>\n<tr>\n<td><strong>LARGEUR UTILE<\/strong> : 125 mm<\/td><td><strong>FIXATION<\/strong> : 2 pointes annel\u00e9es en Inox sur la largeur selon pr\u00e9conisation du DTU 41.2<\/td><\/tr>\n<tr>\n<td><strong>\u00c9PAISSEUR<\/strong> : 34 mm<\/td><td><strong>STOCKAGE SUR CHANTIER<\/strong> : \u00c0 l\u2019abri de l\u2019eau et des UV. Ventilation naturelle maximum.<\/td><\/tr>\n<tr>\n<td><strong>LONGUEUR<\/strong> : 4 m<\/td><td><strong>HYGROM\u00c9TRIE<\/strong> : Sec s\u00e9choir avant impr\u00e9gnation, ressuy\u00e9 \u00e0 l\u2019air apr\u00e8s impr\u00e9gnation.<\/td><\/tr>\n<tr>\n<td><strong>CLASSE D\u2019EMPLOI<\/strong> : Jusqu\u2019en classe d\u2019emploi 3.2 en impr\u00e9gnation color\u00e9e<\/td><td><strong>HYGROM\u00c9TRIE \u00c0 LA POSE<\/strong> : 18 \u00e0  20% (\u00e0 contr\u00f4ler selon DTU 41.2)<\/td><\/tr>\n<tr>\n<td><strong>IMPR\u00c9GNATION COLOR\u00c9E<\/strong> : Marron, Gris<\/td><td><strong>CONCEPTION<\/strong> : Drainante au sens du FD P 20-651<\/td><\/tr>\n<tr>\n<td><strong>DURABILIT\u00c9<\/strong> : R\u00e9sistant aux termites, pourritures et insectes xylophages<\/td><td><strong>CLASSEMENT AU FEU<\/strong> : M3 (selon DTU 88) DS2D0 (Euroclasses)<\/td><\/tr>\n<\/tbody>\n<\/table>\n\n\n\n<p><\/p>\n\n\n\n<div class=\"wp-block-image\" style=\"text-align:center\"><figure class=\"aligncenter size-full\"><img loading=\"lazy\" src=\"\/wp-content\/uploads\/2023\/03\/picto-caracteristiques-bardage-bois-concerto-piveteaubois.png\" alt=\"\" class=\"wp-image-7207\" width=\"287\" height=\"51\"><\/figure><\/div>\n\n\n\n<p>\/!\\ Nous avons repens\u00e9 la conception des profils pour assurer une meilleure stabilit\u00e9 et performance \u00e0 la r\u00e9action au feu des bardages. Le nouveau profil 2026 n&rsquo;est pas compatible avec son ancien profil de 2025.<\/p>\n\n\n\n<p><\/p>\n\n\n\n<h2><strong>CERTIFICATIONs de l\u2019entreprise<\/strong><\/h2>\n\n\n\n<p><\/p>\n\n\n\n<div class=\"wp-block-columns are-vertically-aligned-center\">\n<div class=\"wp-block-column is-vertically-aligned-center\" style=\"flex-basis:20%\">\n<div class=\"wp-block-image\"><figure class=\"aligncenter size-large is-resized\"><img src=\"https:\/\/www.piveteaubois.com\/wp-content\/uploads\/2022\/09\/pefc-001.png\" alt=\"\" class=\"wp-image-5499\" width=\"61\"\/><\/figure><\/div>\n<\/div>\n\n\n\n<div class=\"wp-block-column is-vertically-aligned-center\" style=\"flex-basis:80%\">\n<p>Sensible \u00e0 la p\u00e9rennit\u00e9 de la ressource pour les g\u00e9n\u00e9rations futures, PIVETEAUBOIS s\u2019engage et s\u2019approvisionne aupr\u00e8s d\u2019acteurs homologu\u00e9s PEFC. Cette certification permet d\u2019assurer une gestion durable et responsable des for\u00eats fran\u00e7aises en favorisant l\u2019\u00e9quilibre entre ces dimensions environnementales, soci\u00e9tales et \u00e9conomiques.<\/p>\n<\/div>\n<\/div>\n\n\n\n<div class=\"wp-block-columns are-vertically-aligned-center\">\n<div class=\"wp-block-column is-vertically-aligned-center\" style=\"flex-basis:20%\">\n<div class=\"wp-block-image\"><figure class=\"aligncenter size-large is-resized\"><img src=\"https:\/\/www.piveteaubois.com\/wp-content\/uploads\/2022\/09\/bois-de-france-001.gif\" alt=\"\" class=\"wp-image-5498\" width=\"61\"\/><\/figure><\/div>\n<\/div>\n\n\n\n<div class=\"wp-block-column is-vertically-aligned-center\" style=\"flex-basis:66.66%\">\n<p>Avec Bois de France, la promesse d\u2019une consommation Responsable et citoyenne. La marque \u00ab Bois de France \u00bb est un label pour promouvoir les produits issus de for\u00eats fran\u00e7aises, transform\u00e9s et assembl\u00e9s en France. Piveteaubois s\u2019engage pour sa scierie Vend\u00e9enne \u00e0 s\u2019approvisionner \u00e0 minima 80% en bois issus des for\u00eats fran\u00e7aises pour optimiser l\u2019impact carbone de vos chantiers. <\/p>\n<\/div>\n<\/div>\n\n\n\n<p><\/p>\n","protected":false},"excerpt":{"rendered":"<p>D\u00e9couvrez notre nouveaut\u00e9 2023 : le bardage Concerto en douglas rabot\u00e9, un bardage bois atypique, avec un profil singulier et unique sur le march\u00e9 de la construction avec des ondulations multi-largeurs et multi-hauteurs offrent une dynamique \u00e0 vos fa\u00e7ades.<\/p>\n","protected":false},"author":2,"featured_media":5687,"parent":0,"menu_order":0,"comment_status":"closed","ping_status":"closed","template":"","meta":[],"acf":[],"yoast_head":"<!-- This site is optimized with the Yoast SEO plugin v18.4.1 - https:\/\/yoast.com\/wordpress\/plugins\/seo\/ -->\n<title>Bardage bois CONCERTO en Douglas au profil ondul\u00e9<\/title>\n<meta name=\"description\" content=\"D\u00e9couvrez notre nouveau bardage bois Concerto avec ses ondulations multi-largeurs et multi-hauteurs qui donnent vie \u00e0 vos fa\u00e7ades de b\u00e2timent !\" \/>\n<meta name=\"robots\" content=\"index, follow, max-snippet:-1, max-image-preview:large, max-video-preview:-1\" \/>\n<link rel=\"canonical\" href=\"https:\/\/www.piveteaubois.com\/fr\/bardage-bois-concerto-douglas\" \/>\n<meta property=\"og:locale\" content=\"fr_FR\" \/>\n<meta property=\"og:type\" content=\"article\" \/>\n<meta property=\"og:title\" content=\"Bardage bois CONCERTO en Douglas au profil ondul\u00e9\" \/>\n<meta property=\"og:description\" content=\"D\u00e9couvrez notre nouveau bardage bois Concerto avec ses ondulations multi-largeurs et multi-hauteurs qui donnent vie \u00e0 vos fa\u00e7ades de b\u00e2timent !\" \/>\n<meta property=\"og:url\" content=\"https:\/\/www.piveteaubois.com\/fr\/bardage-bois-concerto-douglas\" \/>\n<meta property=\"og:site_name\" content=\"PiveteauBois\" \/>\n<meta property=\"article:modified_time\" content=\"2026-02-10T16:23:30+00:00\" \/>\n<meta property=\"og:image\" content=\"https:\/\/www.piveteaubois.com\/wp-content\/uploads\/2023\/03\/vue-bardage-bois-mezzo-concerto-douglas-marron-piveteaubois-02.jpg\" \/>\n\t<meta property=\"og:image:width\" content=\"229\" \/>\n\t<meta property=\"og:image:height\" content=\"155\" \/>\n\t<meta property=\"og:image:type\" content=\"image\/jpeg\" \/>\n<meta name=\"twitter:card\" content=\"summary\" \/>\n<meta name=\"twitter:label1\" content=\"Dur\u00e9e de lecture estim\u00e9e\" \/>\n\t<meta name=\"twitter:data1\" content=\"7 minutes\" \/>\n<script type=\"application\/ld+json\" class=\"yoast-schema-graph\">{\"@context\":\"https:\/\/schema.org\",\"@graph\":[{\"@type\":\"WebSite\",\"@id\":\"https:\/\/www.piveteaubois.com\/fr\/#website\",\"url\":\"https:\/\/www.piveteaubois.com\/fr\/\",\"name\":\"PiveteauBois\",\"description\":\"Piveteaubois sp\u00e9cialiste du bois depuis plus de 75 ans\",\"potentialAction\":[{\"@type\":\"SearchAction\",\"target\":{\"@type\":\"EntryPoint\",\"urlTemplate\":\"https:\/\/www.piveteaubois.com\/fr\/?s={search_term_string}\"},\"query-input\":\"required name=search_term_string\"}],\"inLanguage\":\"fr-FR\"},{\"@type\":\"ImageObject\",\"@id\":\"https:\/\/www.piveteaubois.com\/fr\/bardage-bois-concerto-douglas#primaryimage\",\"inLanguage\":\"fr-FR\",\"url\":\"https:\/\/www.piveteaubois.com\/wp-content\/uploads\/2023\/03\/vue-bardage-bois-mezzo-concerto-douglas-marron-piveteaubois-02.jpg\",\"contentUrl\":\"https:\/\/www.piveteaubois.com\/wp-content\/uploads\/2023\/03\/vue-bardage-bois-mezzo-concerto-douglas-marron-piveteaubois-02.jpg\",\"width\":229,\"height\":155},{\"@type\":\"WebPage\",\"@id\":\"https:\/\/www.piveteaubois.com\/fr\/bardage-bois-concerto-douglas#webpage\",\"url\":\"https:\/\/www.piveteaubois.com\/fr\/bardage-bois-concerto-douglas\",\"name\":\"Bardage bois CONCERTO en Douglas au profil ondul\u00e9\",\"isPartOf\":{\"@id\":\"https:\/\/www.piveteaubois.com\/fr\/#website\"},\"primaryImageOfPage\":{\"@id\":\"https:\/\/www.piveteaubois.com\/fr\/bardage-bois-concerto-douglas#primaryimage\"},\"datePublished\":\"2023-03-15T13:32:41+00:00\",\"dateModified\":\"2026-02-10T16:23:30+00:00\",\"description\":\"D\u00e9couvrez notre nouveau bardage bois Concerto avec ses ondulations multi-largeurs et multi-hauteurs qui donnent vie \u00e0 vos fa\u00e7ades de b\u00e2timent !\",\"breadcrumb\":{\"@id\":\"https:\/\/www.piveteaubois.com\/fr\/bardage-bois-concerto-douglas#breadcrumb\"},\"inLanguage\":\"fr-FR\",\"potentialAction\":[{\"@type\":\"ReadAction\",\"target\":[\"https:\/\/www.piveteaubois.com\/fr\/bardage-bois-concerto-douglas\"]}]},{\"@type\":\"BreadcrumbList\",\"@id\":\"https:\/\/www.piveteaubois.com\/fr\/bardage-bois-concerto-douglas#breadcrumb\",\"itemListElement\":[{\"@type\":\"ListItem\",\"position\":1,\"name\":\"Accueil\",\"item\":\"https:\/\/www.piveteaubois.com\/fr\"},{\"@type\":\"ListItem\",\"position\":2,\"name\":\"BARDAGE BOIS CONCERTO\"}]}]}<\/script>\n<!-- \/ Yoast SEO plugin. -->","yoast_head_json":{"title":"Bardage bois CONCERTO en Douglas au profil ondul\u00e9","description":"D\u00e9couvrez notre nouveau bardage bois Concerto avec ses ondulations multi-largeurs et multi-hauteurs qui donnent vie \u00e0 vos fa\u00e7ades de b\u00e2timent !","robots":{"index":"index","follow":"follow","max-snippet":"max-snippet:-1","max-image-preview":"max-image-preview:large","max-video-preview":"max-video-preview:-1"},"canonical":"https:\/\/www.piveteaubois.com\/fr\/bardage-bois-concerto-douglas","og_locale":"fr_FR","og_type":"article","og_title":"Bardage bois CONCERTO en Douglas au profil ondul\u00e9","og_description":"D\u00e9couvrez notre nouveau bardage bois Concerto avec ses ondulations multi-largeurs et multi-hauteurs qui donnent vie \u00e0 vos fa\u00e7ades de b\u00e2timent !","og_url":"https:\/\/www.piveteaubois.com\/fr\/bardage-bois-concerto-douglas","og_site_name":"PiveteauBois","article_modified_time":"2026-02-10T16:23:30+00:00","og_image":[{"width":229,"height":155,"url":"https:\/\/www.piveteaubois.com\/wp-content\/uploads\/2023\/03\/vue-bardage-bois-mezzo-concerto-douglas-marron-piveteaubois-02.jpg","type":"image\/jpeg"}],"twitter_card":"summary","twitter_misc":{"Dur\u00e9e de lecture estim\u00e9e":"7 minutes"},"schema":{"@context":"https:\/\/schema.org","@graph":[{"@type":"WebSite","@id":"https:\/\/www.piveteaubois.com\/fr\/#website","url":"https:\/\/www.piveteaubois.com\/fr\/","name":"PiveteauBois","description":"Piveteaubois sp\u00e9cialiste du bois depuis plus de 75 ans","potentialAction":[{"@type":"SearchAction","target":{"@type":"EntryPoint","urlTemplate":"https:\/\/www.piveteaubois.com\/fr\/?s={search_term_string}"},"query-input":"required name=search_term_string"}],"inLanguage":"fr-FR"},{"@type":"ImageObject","@id":"https:\/\/www.piveteaubois.com\/fr\/bardage-bois-concerto-douglas#primaryimage","inLanguage":"fr-FR","url":"https:\/\/www.piveteaubois.com\/wp-content\/uploads\/2023\/03\/vue-bardage-bois-mezzo-concerto-douglas-marron-piveteaubois-02.jpg","contentUrl":"https:\/\/www.piveteaubois.com\/wp-content\/uploads\/2023\/03\/vue-bardage-bois-mezzo-concerto-douglas-marron-piveteaubois-02.jpg","width":229,"height":155},{"@type":"WebPage","@id":"https:\/\/www.piveteaubois.com\/fr\/bardage-bois-concerto-douglas#webpage","url":"https:\/\/www.piveteaubois.com\/fr\/bardage-bois-concerto-douglas","name":"Bardage bois CONCERTO en Douglas au profil ondul\u00e9","isPartOf":{"@id":"https:\/\/www.piveteaubois.com\/fr\/#website"},"primaryImageOfPage":{"@id":"https:\/\/www.piveteaubois.com\/fr\/bardage-bois-concerto-douglas#primaryimage"},"datePublished":"2023-03-15T13:32:41+00:00","dateModified":"2026-02-10T16:23:30+00:00","description":"D\u00e9couvrez notre nouveau bardage bois Concerto avec ses ondulations multi-largeurs et multi-hauteurs qui donnent vie \u00e0 vos fa\u00e7ades de b\u00e2timent !","breadcrumb":{"@id":"https:\/\/www.piveteaubois.com\/fr\/bardage-bois-concerto-douglas#breadcrumb"},"inLanguage":"fr-FR","potentialAction":[{"@type":"ReadAction","target":["https:\/\/www.piveteaubois.com\/fr\/bardage-bois-concerto-douglas"]}]},{"@type":"BreadcrumbList","@id":"https:\/\/www.piveteaubois.com\/fr\/bardage-bois-concerto-douglas#breadcrumb","itemListElement":[{"@type":"ListItem","position":1,"name":"Accueil","item":"https:\/\/www.piveteaubois.com\/fr"},{"@type":"ListItem","position":2,"name":"BARDAGE BOIS CONCERTO"}]}]}},"_links":{"self":[{"href":"https:\/\/www.piveteaubois.com\/fr\/wp-json\/wp\/v2\/pages\/5675"}],"collection":[{"href":"https:\/\/www.piveteaubois.com\/fr\/wp-json\/wp\/v2\/pages"}],"about":[{"href":"https:\/\/www.piveteaubois.com\/fr\/wp-json\/wp\/v2\/types\/page"}],"author":[{"embeddable":true,"href":"https:\/\/www.piveteaubois.com\/fr\/wp-json\/wp\/v2\/users\/2"}],"replies":[{"embeddable":true,"href":"https:\/\/www.piveteaubois.com\/fr\/wp-json\/wp\/v2\/comments?post=5675"}],"version-history":[{"count":21,"href":"https:\/\/www.piveteaubois.com\/fr\/wp-json\/wp\/v2\/pages\/5675\/revisions"}],"predecessor-version":[{"id":7774,"href":"https:\/\/www.piveteaubois.com\/fr\/wp-json\/wp\/v2\/pages\/5675\/revisions\/7774"}],"wp:featuredmedia":[{"embeddable":true,"href":"https:\/\/www.piveteaubois.com\/fr\/wp-json\/wp\/v2\/media\/5687"}],"wp:attachment":[{"href":"https:\/\/www.piveteaubois.com\/fr\/wp-json\/wp\/v2\/media?parent=5675"}],"curies":[{"name":"wp","href":"https:\/\/api.w.org\/{rel}","templated":true}]}}