{"id":58,"date":"2015-03-24T10:58:13","date_gmt":"2015-03-24T09:58:13","guid":{"rendered":"http:\/\/preprod.piveteaubois.com\/\/?page_id=58"},"modified":"2021-09-25T14:20:47","modified_gmt":"2021-09-25T13:20:47","slug":"plan-du-site","status":"publish","type":"page","link":"https:\/\/www.piveteaubois.com\/fr\/plan-du-site","title":{"rendered":"Plan du site"},"content":{"rendered":"<div class=\"menu-plan-du-site-container\"><ul id=\"menu-plan-du-site\" class=\"menu\"><li id=\"menu-item-967\" class=\"menu-item menu-item-type-post_type menu-item-object-page menu-item-has-children menu-item-967\"><a href=\"https:\/\/www.piveteaubois.com\/fr\/groupe\">L\u2019entreprise<\/a>\n<ul class=\"sub-menu\">\n\t<li id=\"menu-item-970\" class=\"menu-item menu-item-type-post_type menu-item-object-page menu-item-970\"><a href=\"https:\/\/www.piveteaubois.com\/fr\/groupe\/histoire\">Notre histoire<\/a><\/li>\n\t<li id=\"menu-item-7068\" class=\"menu-item menu-item-type-post_type menu-item-object-page menu-item-7068\"><a href=\"https:\/\/www.piveteaubois.com\/fr\/groupe\/nos-engagements\">Nos engagements<\/a><\/li>\n\t<li id=\"menu-item-969\" class=\"menu-item menu-item-type-post_type menu-item-object-page menu-item-969\"><a href=\"https:\/\/www.piveteaubois.com\/fr\/groupe\/sites-de-production\">Nos sites de production<\/a><\/li>\n\t<li id=\"menu-item-971\" class=\"menu-item menu-item-type-post_type menu-item-object-page menu-item-971\"><a href=\"https:\/\/www.piveteaubois.com\/fr\/groupe\/nos-valeurs\">Nos valeurs<\/a><\/li>\n\t<li id=\"menu-item-7069\" class=\"menu-item menu-item-type-post_type menu-item-object-page menu-item-7069\"><a href=\"https:\/\/www.piveteaubois.com\/fr\/groupe\/ressources-humaines\">Nos offres d\u2019emploi<\/a><\/li>\n\t<li id=\"menu-item-7070\" class=\"menu-item menu-item-type-post_type menu-item-object-page menu-item-7070\"><a href=\"https:\/\/www.piveteaubois.com\/fr\/actualites\">Actualit\u00e9s<\/a><\/li>\n\t<li id=\"menu-item-968\" class=\"menu-item menu-item-type-post_type menu-item-object-page menu-item-968\"><a href=\"https:\/\/www.piveteaubois.com\/fr\/essences\">Nos essences de bois<\/a><\/li>\n<\/ul>\n<\/li>\n<li id=\"menu-item-972\" class=\"menu-item menu-item-type-post_type menu-item-object-page menu-item-has-children menu-item-972\"><a href=\"https:\/\/www.piveteaubois.com\/fr\/piveteaubois\">Nos technologies<\/a>\n<ul class=\"sub-menu\">\n\t<li id=\"menu-item-977\" class=\"menu-item menu-item-type-post_type menu-item-object-page menu-item-977\"><a href=\"https:\/\/www.piveteaubois.com\/fr\/piveteaubois\/durapin\">Durapin<\/a><\/li>\n\t<li id=\"menu-item-974\" class=\"menu-item menu-item-type-post_type menu-item-object-page menu-item-974\"><a href=\"https:\/\/www.piveteaubois.com\/fr\/piveteaubois\/lamwood\">Lamwood<\/a><\/li>\n\t<li id=\"menu-item-973\" class=\"menu-item menu-item-type-post_type menu-item-object-page menu-item-973\"><a href=\"https:\/\/www.piveteaubois.com\/fr\/piveteaubois\/pellets\">I-Combust<\/a><\/li>\n<\/ul>\n<\/li>\n<li id=\"menu-item-964\" class=\"menu-item menu-item-type-post_type menu-item-object-page menu-item-has-children menu-item-964\"><a href=\"https:\/\/www.piveteaubois.com\/fr\/nos-produits\">Nos produits<\/a>\n<ul class=\"sub-menu\">\n\t<li id=\"menu-item-7071\" class=\"menu-item menu-item-type-post_type menu-item-object-page menu-item-7071\"><a href=\"https:\/\/www.piveteaubois.com\/fr\/nos-produits\/catalogues\">Consultez &#038; t\u00e9l\u00e9chargez notre plaquette<\/a><\/li>\n\t<li id=\"menu-item-7072\" class=\"menu-item menu-item-type-post_type menu-item-object-page menu-item-7072\"><a href=\"https:\/\/www.piveteaubois.com\/fr\/documents-techniques-a-telecharger\">Documents Techniques \u00e0 t\u00e9l\u00e9charger<\/a><\/li>\n\t<li id=\"menu-item-965\" class=\"menu-item menu-item-type-post_type menu-item-object-page menu-item-965\"><a href=\"https:\/\/www.piveteaubois.com\/fr\/nos-produits\/amenagement-exterieur-2\">Am\u00e9nagement Ext\u00e9rieur<\/a><\/li>\n\t<li id=\"menu-item-7073\" class=\"menu-item menu-item-type-post_type menu-item-object-page menu-item-7073\"><a href=\"https:\/\/www.piveteaubois.com\/fr\/nos-produits\/bardage-bois\">Bardage bois<\/a><\/li>\n\t<li id=\"menu-item-979\" class=\"menu-item menu-item-type-post_type menu-item-object-page menu-item-979\"><a href=\"https:\/\/www.piveteaubois.com\/fr\/nos-produits\/construction\">Construction<\/a><\/li>\n\t<li id=\"menu-item-980\" class=\"menu-item menu-item-type-post_type menu-item-object-page menu-item-980\"><a href=\"https:\/\/www.piveteaubois.com\/fr\/nos-produits\/energie\">\u00c9nergie<\/a><\/li>\n\t<li id=\"menu-item-7074\" class=\"menu-item menu-item-type-post_type menu-item-object-page menu-item-7074\"><a href=\"https:\/\/www.piveteaubois.com\/fr\/nos-produits\/clt-bois-cross-laminated-timber-sur-mesure-hexapli\">HEXAPLI, le CLT sur-mesure<\/a><\/li>\n\t<li id=\"menu-item-7075\" class=\"menu-item menu-item-type-post_type menu-item-object-page menu-item-7075\"><a href=\"https:\/\/www.piveteaubois.com\/fr\/nos-produits\/nos-produits-clt-hexakit\">HEXAKIT Le CLT standard<\/a><\/li>\n\t<li id=\"menu-item-7076\" class=\"menu-item menu-item-type-post_type menu-item-object-page menu-item-7076\"><a href=\"https:\/\/www.piveteaubois.com\/fr\/ombriere-photovoltaique-bois-pivolta\">PIVOLTA :  Ombri\u00e8re bois photovolta\u00efque<\/a><\/li>\n\t<li id=\"menu-item-966\" class=\"menu-item menu-item-type-post_type menu-item-object-page menu-item-966\"><a href=\"https:\/\/www.piveteaubois.com\/fr\/collectivites\">\u00c9quipements des collectivit\u00e9s<\/a><\/li>\n\t<li id=\"menu-item-7077\" class=\"menu-item menu-item-type-post_type menu-item-object-page menu-item-7077\"><a href=\"https:\/\/www.piveteaubois.com\/fr\/nos-produits\/fdes-et-donnees-environnementales\">D\u00e9fis RE2020 : Le bois, levier pour une construction d\u00e9carbon\u00e9e<\/a><\/li>\n\t<li id=\"menu-item-7078\" class=\"menu-item menu-item-type-post_type menu-item-object-page menu-item-7078\"><a href=\"https:\/\/www.piveteaubois.com\/fr\/nos-produits\/aspects-du-bois\">Impr\u00e9gnation color\u00e9e et essences locales<\/a><\/li>\n<\/ul>\n<\/li>\n<li id=\"menu-item-963\" class=\"menu-item menu-item-type-post_type menu-item-object-page menu-item-963\"><a href=\"https:\/\/www.piveteaubois.com\/fr\/distribution\">O\u00f9 trouver nos produits<\/a><\/li>\n<li id=\"menu-item-7079\" class=\"menu-item menu-item-type-post_type menu-item-object-page menu-item-has-children menu-item-7079\"><a href=\"https:\/\/www.piveteaubois.com\/fr\/nos-expertises\">NOS EXPERTISES<\/a>\n<ul class=\"sub-menu\">\n\t<li id=\"menu-item-7080\" class=\"menu-item menu-item-type-post_type menu-item-object-page menu-item-7080\"><a href=\"https:\/\/www.piveteaubois.com\/fr\/nos-expertises\/accompagnement-projet-construction-bois\">PROJETSBOIS : expertise et service d\u2019accompagnement des projets sur-mesure<\/a><\/li>\n\t<li id=\"menu-item-7081\" class=\"menu-item menu-item-type-post_type menu-item-object-page menu-item-7081\"><a href=\"https:\/\/www.piveteaubois.com\/fr\/nos-expertises\/au-service-des-prescripteurs\">PRESCRIPTION : l\u2019expertise de nos sp\u00e9cialistes r\u00e9gionaux<\/a><\/li>\n<\/ul>\n<\/li>\n<\/ul><\/div>\n","protected":false},"excerpt":{"rendered":"","protected":false},"author":2,"featured_media":0,"parent":0,"menu_order":0,"comment_status":"closed","ping_status":"open","template":"","meta":[],"acf":[],"yoast_head":"<!-- This site is optimized with the Yoast SEO plugin v18.4.1 - https:\/\/yoast.com\/wordpress\/plugins\/seo\/ -->\n<title>Plan du site - PiveteauBois<\/title>\n<meta name=\"robots\" content=\"index, follow, max-snippet:-1, max-image-preview:large, max-video-preview:-1\" \/>\n<link rel=\"canonical\" href=\"https:\/\/www.piveteaubois.com\/fr\/plan-du-site\" \/>\n<meta property=\"og:locale\" content=\"fr_FR\" \/>\n<meta property=\"og:type\" content=\"article\" \/>\n<meta property=\"og:title\" content=\"Plan du site - PiveteauBois\" \/>\n<meta property=\"og:url\" content=\"https:\/\/www.piveteaubois.com\/fr\/plan-du-site\" \/>\n<meta property=\"og:site_name\" content=\"PiveteauBois\" \/>\n<meta property=\"article:modified_time\" content=\"2021-09-25T13:20:47+00:00\" \/>\n<meta name=\"twitter:card\" content=\"summary\" \/>\n<script type=\"application\/ld+json\" class=\"yoast-schema-graph\">{\"@context\":\"https:\/\/schema.org\",\"@graph\":[{\"@type\":\"WebSite\",\"@id\":\"https:\/\/www.piveteaubois.com\/fr\/#website\",\"url\":\"https:\/\/www.piveteaubois.com\/fr\/\",\"name\":\"PiveteauBois\",\"description\":\"Piveteaubois sp\u00e9cialiste du bois depuis plus de 75 ans\",\"potentialAction\":[{\"@type\":\"SearchAction\",\"target\":{\"@type\":\"EntryPoint\",\"urlTemplate\":\"https:\/\/www.piveteaubois.com\/fr\/?s={search_term_string}\"},\"query-input\":\"required name=search_term_string\"}],\"inLanguage\":\"fr-FR\"},{\"@type\":\"WebPage\",\"@id\":\"https:\/\/www.piveteaubois.com\/fr\/plan-du-site#webpage\",\"url\":\"https:\/\/www.piveteaubois.com\/fr\/plan-du-site\",\"name\":\"Plan du site - PiveteauBois\",\"isPartOf\":{\"@id\":\"https:\/\/www.piveteaubois.com\/fr\/#website\"},\"datePublished\":\"2015-03-24T09:58:13+00:00\",\"dateModified\":\"2021-09-25T13:20:47+00:00\",\"breadcrumb\":{\"@id\":\"https:\/\/www.piveteaubois.com\/fr\/plan-du-site#breadcrumb\"},\"inLanguage\":\"fr-FR\",\"potentialAction\":[{\"@type\":\"ReadAction\",\"target\":[\"https:\/\/www.piveteaubois.com\/fr\/plan-du-site\"]}]},{\"@type\":\"BreadcrumbList\",\"@id\":\"https:\/\/www.piveteaubois.com\/fr\/plan-du-site#breadcrumb\",\"itemListElement\":[{\"@type\":\"ListItem\",\"position\":1,\"name\":\"Accueil\",\"item\":\"https:\/\/www.piveteaubois.com\/fr\"},{\"@type\":\"ListItem\",\"position\":2,\"name\":\"Plan du site\"}]}]}<\/script>\n<!-- \/ Yoast SEO plugin. -->","yoast_head_json":{"title":"Plan du site - PiveteauBois","robots":{"index":"index","follow":"follow","max-snippet":"max-snippet:-1","max-image-preview":"max-image-preview:large","max-video-preview":"max-video-preview:-1"},"canonical":"https:\/\/www.piveteaubois.com\/fr\/plan-du-site","og_locale":"fr_FR","og_type":"article","og_title":"Plan du site - PiveteauBois","og_url":"https:\/\/www.piveteaubois.com\/fr\/plan-du-site","og_site_name":"PiveteauBois","article_modified_time":"2021-09-25T13:20:47+00:00","twitter_card":"summary","schema":{"@context":"https:\/\/schema.org","@graph":[{"@type":"WebSite","@id":"https:\/\/www.piveteaubois.com\/fr\/#website","url":"https:\/\/www.piveteaubois.com\/fr\/","name":"PiveteauBois","description":"Piveteaubois sp\u00e9cialiste du bois depuis plus de 75 ans","potentialAction":[{"@type":"SearchAction","target":{"@type":"EntryPoint","urlTemplate":"https:\/\/www.piveteaubois.com\/fr\/?s={search_term_string}"},"query-input":"required name=search_term_string"}],"inLanguage":"fr-FR"},{"@type":"WebPage","@id":"https:\/\/www.piveteaubois.com\/fr\/plan-du-site#webpage","url":"https:\/\/www.piveteaubois.com\/fr\/plan-du-site","name":"Plan du site - PiveteauBois","isPartOf":{"@id":"https:\/\/www.piveteaubois.com\/fr\/#website"},"datePublished":"2015-03-24T09:58:13+00:00","dateModified":"2021-09-25T13:20:47+00:00","breadcrumb":{"@id":"https:\/\/www.piveteaubois.com\/fr\/plan-du-site#breadcrumb"},"inLanguage":"fr-FR","potentialAction":[{"@type":"ReadAction","target":["https:\/\/www.piveteaubois.com\/fr\/plan-du-site"]}]},{"@type":"BreadcrumbList","@id":"https:\/\/www.piveteaubois.com\/fr\/plan-du-site#breadcrumb","itemListElement":[{"@type":"ListItem","position":1,"name":"Accueil","item":"https:\/\/www.piveteaubois.com\/fr"},{"@type":"ListItem","position":2,"name":"Plan du site"}]}]}},"_links":{"self":[{"href":"https:\/\/www.piveteaubois.com\/fr\/wp-json\/wp\/v2\/pages\/58"}],"collection":[{"href":"https:\/\/www.piveteaubois.com\/fr\/wp-json\/wp\/v2\/pages"}],"about":[{"href":"https:\/\/www.piveteaubois.com\/fr\/wp-json\/wp\/v2\/types\/page"}],"author":[{"embeddable":true,"href":"https:\/\/www.piveteaubois.com\/fr\/wp-json\/wp\/v2\/users\/2"}],"replies":[{"embeddable":true,"href":"https:\/\/www.piveteaubois.com\/fr\/wp-json\/wp\/v2\/comments?post=58"}],"version-history":[{"count":2,"href":"https:\/\/www.piveteaubois.com\/fr\/wp-json\/wp\/v2\/pages\/58\/revisions"}],"predecessor-version":[{"id":978,"href":"https:\/\/www.piveteaubois.com\/fr\/wp-json\/wp\/v2\/pages\/58\/revisions\/978"}],"wp:attachment":[{"href":"https:\/\/www.piveteaubois.com\/fr\/wp-json\/wp\/v2\/media?parent=58"}],"curies":[{"name":"wp","href":"https:\/\/api.w.org\/{rel}","templated":true}]}}