{"id":6026,"date":"2023-11-17T10:56:19","date_gmt":"2023-11-17T09:56:19","guid":{"rendered":"https:\/\/www.piveteaubois.com\/?page_id=6026"},"modified":"2025-09-04T09:14:04","modified_gmt":"2025-09-04T08:14:04","slug":"equipements-des-collectivites","status":"publish","type":"page","link":"https:\/\/www.piveteaubois.com\/fr\/nos-produits\/equipements-des-collectivites","title":{"rendered":"Equipements des collectivit\u00e9s"},"content":{"rendered":"\n<p><\/p>\n\n\n\n<div style=\"font-size:13px;color: #442814;font-weight: 700\"><h2>PIVETEAUBOIS est un industriel reconnu et qualifi\u00e9 sur le march\u00e9 des \u00e9quipements des&nbsp;collectivit\u00e9s.<\/h2><\/div>\n\n\n\n<p><\/p>\n\n\n\n<p>Acteur engag\u00e9 dans une d\u00e9marche de d\u00e9veloppement durable, PIVETEAUBOIS valorise 100% l\u2019arbre. Les produits r\u00e9alis\u00e9s dans le respect de nos principes de d\u00e9veloppement durable s\u2019av\u00e8rent de qualit\u00e9, p\u00e9renne et saine pour les utilisateurs. Notre d\u00e9marche d\u2019innovation, de valorisation et d\u2019\u00e9coconception permet de cr\u00e9er des produits fonctionnels, qualitatifs, design et durables.<br>Nous proposons une offre sp\u00e9cifique de solutions bois imagin\u00e9es, fabriqu\u00e9es et cibl\u00e9es pour les collectivit\u00e9s publiques et priv\u00e9es, campings, CHR, parcs d\u2019attractions, associations, architectes paysagers, travaux publics\u2026etc.<br>Notre outil industriel nous permet de r\u00e9pondre \u00e0 des commandes sp\u00e9cifiques et de vous proposer des solutions en ad\u00e9quation avec vos sp\u00e9cificit\u00e9s.<br>Nous mettons \u00e0 votre disposition un accompagnement commercial personnalis\u00e9 sur toute la France et disposons de plus de 25 000 m3 de bois en stock.<\/p>\n\n\n\n<p>Retrouvez nos diff\u00e9rentes gammes de produits pour \u00e9quiper les collectivit\u00e9s :<br>voirie : glissi\u00e8re de s\u00e9curit\u00e9, cl\u00f4tures, bornes<br>protection du bruit : \u00e9crans acoustiques<br>am\u00e9nagement : panneaux, cl\u00f4tures, mobilier, platelages bois et bois composite, pontons, ronds, tunages, plantations, paravalanches,<br>b\u00e2timent : rev\u00eatements et structures<\/p>\n\n\n\n<p><\/p>\n\n\n\n<ul class=\"page-children-list\">\n<li class=\"hlist clear style-test-nos-engagement\">\n  <div class=\"thumbnail\"><img class=\"attachment-post-thumbnail size-post-thumbnail wp-post-image\" src=\/wp-content\/uploads\/2023\/11\/ombriere-photoltaique-bois-piveteaubois-02.jpg\" alt=\"Ombri\u00e8res photovolta\u00efque Pivolta\" width=\"229\" height=\"155\"><\/div>\n<div class=\"block-right hlist clear\">\n<div class=\"summary green\">\n<h2>OMBRI\u00c8RE PHOTOVOLTA\u00cfQUE BOIS PIVOLTA<\/h2>\n<p>Notre ombri\u00e8re bois photovolta\u00efque est une nouveaut\u00e9 2023. Elle a \u00e9t\u00e9 con\u00e7ue pour la mise en conformit\u00e9 relative \u00e0 l\u2019acc\u00e9l\u00e9ration de la production d\u2019\u00e9nergies renouvelables et des mesures tendant \u00e0 l\u2019intensification du d\u00e9veloppement de l\u2019\u00e9nergie solaire, thermique et photovolta\u00efque.<br><a href=\"\/fr\/ombriere-photovoltaique-bois-pivolta\"><img class=\"beveled-button\" src=\"\/wp-content\/uploads\/2021\/06\/bouton-decouvrir-piveteaubois.png\"><\/a><\/p>\n<\/div>\n<\/div>\n<\/li>\n<\/ul>\n<br>\n\n\n\n<p><\/p>\n\n\n\n<p><\/p>\n\n\n\n<h2><\/h2>\n\n\n\n<div style=\"font-size:13px;color: #442814;font-weight: 700\"><h2>BESOIN DE CONSEILS ? CONTACTEZ-NOUS !<\/h2><br><\/div>\n<div style=\"font-size:12px\"><p>Contactez-nous en compl\u00e9tant le formulaire ci-dessous et vous serez recontact\u00e9 par notre \u00e9quipe commerciale :<\/p><\/div>\n\n\n\n<p><\/p>\n\n\n\n<iframe loading=\"lazy\" src=\"https:\/\/web.piveteaubois.com\/piveteauboiscom-ak3uq\/pages\/2bs3a4okeesiqanomgmga.html\" allowtransparency=\"true\" width=\"100%\" height=\"1550px\" type=\"text\/html\" frameborder=\"0\" style=\"border:0\"><\/iframe>\n","protected":false},"excerpt":{"rendered":"<p>Nous proposons une offre sp\u00e9cifique de solutions bois imagin\u00e9es, fabriqu\u00e9es et cibl\u00e9es pour les collectivit\u00e9s publiques et priv\u00e9es, campings, CHR, parcs d\u2019attractions, associations, architectes paysagers, travaux publics\u2026etc.<\/p>\n","protected":false},"author":2,"featured_media":6041,"parent":315,"menu_order":7,"comment_status":"closed","ping_status":"closed","template":"templates\/product-range.php","meta":[],"acf":[],"yoast_head":"<!-- This site is optimized with the Yoast SEO plugin v18.4.1 - https:\/\/yoast.com\/wordpress\/plugins\/seo\/ -->\n<title>Equipements des collectivit\u00e9s - PiveteauBois<\/title>\n<meta name=\"robots\" content=\"index, follow, max-snippet:-1, max-image-preview:large, max-video-preview:-1\" \/>\n<link rel=\"canonical\" href=\"https:\/\/www.piveteaubois.com\/fr\/nos-produits\/equipements-des-collectivites\" \/>\n<meta property=\"og:locale\" content=\"fr_FR\" \/>\n<meta property=\"og:type\" content=\"article\" \/>\n<meta property=\"og:title\" content=\"Equipements des collectivit\u00e9s - PiveteauBois\" \/>\n<meta property=\"og:description\" content=\"Nous proposons une offre sp\u00e9cifique de solutions bois imagin\u00e9es, fabriqu\u00e9es et cibl\u00e9es pour les collectivit\u00e9s publiques et priv\u00e9es, campings, CHR, parcs d\u2019attractions, associations, architectes paysagers, travaux publics\u2026etc.\" \/>\n<meta property=\"og:url\" content=\"https:\/\/www.piveteaubois.com\/fr\/nos-produits\/equipements-des-collectivites\" \/>\n<meta property=\"og:site_name\" content=\"PiveteauBois\" \/>\n<meta property=\"article:modified_time\" content=\"2025-09-04T08:14:04+00:00\" \/>\n<meta property=\"og:image\" content=\"https:\/\/www.piveteaubois.com\/wp-content\/uploads\/2023\/11\/ombriere-photoltaique-bois-piveteaubois-03.jpg\" \/>\n\t<meta property=\"og:image:width\" content=\"2080\" \/>\n\t<meta property=\"og:image:height\" content=\"410\" \/>\n\t<meta property=\"og:image:type\" content=\"image\/jpeg\" \/>\n<meta name=\"twitter:card\" content=\"summary\" \/>\n<meta name=\"twitter:label1\" content=\"Dur\u00e9e de lecture estim\u00e9e\" \/>\n\t<meta name=\"twitter:data1\" content=\"2 minutes\" \/>\n<script type=\"application\/ld+json\" class=\"yoast-schema-graph\">{\"@context\":\"https:\/\/schema.org\",\"@graph\":[{\"@type\":\"WebSite\",\"@id\":\"https:\/\/www.piveteaubois.com\/fr\/#website\",\"url\":\"https:\/\/www.piveteaubois.com\/fr\/\",\"name\":\"PiveteauBois\",\"description\":\"Piveteaubois sp\u00e9cialiste du bois depuis plus de 75 ans\",\"potentialAction\":[{\"@type\":\"SearchAction\",\"target\":{\"@type\":\"EntryPoint\",\"urlTemplate\":\"https:\/\/www.piveteaubois.com\/fr\/?s={search_term_string}\"},\"query-input\":\"required name=search_term_string\"}],\"inLanguage\":\"fr-FR\"},{\"@type\":\"ImageObject\",\"@id\":\"https:\/\/www.piveteaubois.com\/fr\/nos-produits\/equipements-des-collectivites#primaryimage\",\"inLanguage\":\"fr-FR\",\"url\":\"https:\/\/www.piveteaubois.com\/wp-content\/uploads\/2023\/11\/ombriere-photoltaique-bois-piveteaubois-03.jpg\",\"contentUrl\":\"https:\/\/www.piveteaubois.com\/wp-content\/uploads\/2023\/11\/ombriere-photoltaique-bois-piveteaubois-03.jpg\",\"width\":2080,\"height\":410},{\"@type\":\"WebPage\",\"@id\":\"https:\/\/www.piveteaubois.com\/fr\/nos-produits\/equipements-des-collectivites#webpage\",\"url\":\"https:\/\/www.piveteaubois.com\/fr\/nos-produits\/equipements-des-collectivites\",\"name\":\"Equipements des collectivit\u00e9s - PiveteauBois\",\"isPartOf\":{\"@id\":\"https:\/\/www.piveteaubois.com\/fr\/#website\"},\"primaryImageOfPage\":{\"@id\":\"https:\/\/www.piveteaubois.com\/fr\/nos-produits\/equipements-des-collectivites#primaryimage\"},\"datePublished\":\"2023-11-17T09:56:19+00:00\",\"dateModified\":\"2025-09-04T08:14:04+00:00\",\"breadcrumb\":{\"@id\":\"https:\/\/www.piveteaubois.com\/fr\/nos-produits\/equipements-des-collectivites#breadcrumb\"},\"inLanguage\":\"fr-FR\",\"potentialAction\":[{\"@type\":\"ReadAction\",\"target\":[\"https:\/\/www.piveteaubois.com\/fr\/nos-produits\/equipements-des-collectivites\"]}]},{\"@type\":\"BreadcrumbList\",\"@id\":\"https:\/\/www.piveteaubois.com\/fr\/nos-produits\/equipements-des-collectivites#breadcrumb\",\"itemListElement\":[{\"@type\":\"ListItem\",\"position\":1,\"name\":\"Accueil\",\"item\":\"https:\/\/www.piveteaubois.com\/fr\"},{\"@type\":\"ListItem\",\"position\":2,\"name\":\"Nos produits\",\"item\":\"https:\/\/www.piveteaubois.com\/fr\/nos-produits\"},{\"@type\":\"ListItem\",\"position\":3,\"name\":\"Equipements des collectivit\u00e9s\"}]}]}<\/script>\n<!-- \/ Yoast SEO plugin. -->","yoast_head_json":{"title":"Equipements des collectivit\u00e9s - PiveteauBois","robots":{"index":"index","follow":"follow","max-snippet":"max-snippet:-1","max-image-preview":"max-image-preview:large","max-video-preview":"max-video-preview:-1"},"canonical":"https:\/\/www.piveteaubois.com\/fr\/nos-produits\/equipements-des-collectivites","og_locale":"fr_FR","og_type":"article","og_title":"Equipements des collectivit\u00e9s - PiveteauBois","og_description":"Nous proposons une offre sp\u00e9cifique de solutions bois imagin\u00e9es, fabriqu\u00e9es et cibl\u00e9es pour les collectivit\u00e9s publiques et priv\u00e9es, campings, CHR, parcs d\u2019attractions, associations, architectes paysagers, travaux publics\u2026etc.","og_url":"https:\/\/www.piveteaubois.com\/fr\/nos-produits\/equipements-des-collectivites","og_site_name":"PiveteauBois","article_modified_time":"2025-09-04T08:14:04+00:00","og_image":[{"width":2080,"height":410,"url":"https:\/\/www.piveteaubois.com\/wp-content\/uploads\/2023\/11\/ombriere-photoltaique-bois-piveteaubois-03.jpg","type":"image\/jpeg"}],"twitter_card":"summary","twitter_misc":{"Dur\u00e9e de lecture estim\u00e9e":"2 minutes"},"schema":{"@context":"https:\/\/schema.org","@graph":[{"@type":"WebSite","@id":"https:\/\/www.piveteaubois.com\/fr\/#website","url":"https:\/\/www.piveteaubois.com\/fr\/","name":"PiveteauBois","description":"Piveteaubois sp\u00e9cialiste du bois depuis plus de 75 ans","potentialAction":[{"@type":"SearchAction","target":{"@type":"EntryPoint","urlTemplate":"https:\/\/www.piveteaubois.com\/fr\/?s={search_term_string}"},"query-input":"required name=search_term_string"}],"inLanguage":"fr-FR"},{"@type":"ImageObject","@id":"https:\/\/www.piveteaubois.com\/fr\/nos-produits\/equipements-des-collectivites#primaryimage","inLanguage":"fr-FR","url":"https:\/\/www.piveteaubois.com\/wp-content\/uploads\/2023\/11\/ombriere-photoltaique-bois-piveteaubois-03.jpg","contentUrl":"https:\/\/www.piveteaubois.com\/wp-content\/uploads\/2023\/11\/ombriere-photoltaique-bois-piveteaubois-03.jpg","width":2080,"height":410},{"@type":"WebPage","@id":"https:\/\/www.piveteaubois.com\/fr\/nos-produits\/equipements-des-collectivites#webpage","url":"https:\/\/www.piveteaubois.com\/fr\/nos-produits\/equipements-des-collectivites","name":"Equipements des collectivit\u00e9s - PiveteauBois","isPartOf":{"@id":"https:\/\/www.piveteaubois.com\/fr\/#website"},"primaryImageOfPage":{"@id":"https:\/\/www.piveteaubois.com\/fr\/nos-produits\/equipements-des-collectivites#primaryimage"},"datePublished":"2023-11-17T09:56:19+00:00","dateModified":"2025-09-04T08:14:04+00:00","breadcrumb":{"@id":"https:\/\/www.piveteaubois.com\/fr\/nos-produits\/equipements-des-collectivites#breadcrumb"},"inLanguage":"fr-FR","potentialAction":[{"@type":"ReadAction","target":["https:\/\/www.piveteaubois.com\/fr\/nos-produits\/equipements-des-collectivites"]}]},{"@type":"BreadcrumbList","@id":"https:\/\/www.piveteaubois.com\/fr\/nos-produits\/equipements-des-collectivites#breadcrumb","itemListElement":[{"@type":"ListItem","position":1,"name":"Accueil","item":"https:\/\/www.piveteaubois.com\/fr"},{"@type":"ListItem","position":2,"name":"Nos produits","item":"https:\/\/www.piveteaubois.com\/fr\/nos-produits"},{"@type":"ListItem","position":3,"name":"Equipements des collectivit\u00e9s"}]}]}},"_links":{"self":[{"href":"https:\/\/www.piveteaubois.com\/fr\/wp-json\/wp\/v2\/pages\/6026"}],"collection":[{"href":"https:\/\/www.piveteaubois.com\/fr\/wp-json\/wp\/v2\/pages"}],"about":[{"href":"https:\/\/www.piveteaubois.com\/fr\/wp-json\/wp\/v2\/types\/page"}],"author":[{"embeddable":true,"href":"https:\/\/www.piveteaubois.com\/fr\/wp-json\/wp\/v2\/users\/2"}],"replies":[{"embeddable":true,"href":"https:\/\/www.piveteaubois.com\/fr\/wp-json\/wp\/v2\/comments?post=6026"}],"version-history":[{"count":18,"href":"https:\/\/www.piveteaubois.com\/fr\/wp-json\/wp\/v2\/pages\/6026\/revisions"}],"predecessor-version":[{"id":7174,"href":"https:\/\/www.piveteaubois.com\/fr\/wp-json\/wp\/v2\/pages\/6026\/revisions\/7174"}],"up":[{"embeddable":true,"href":"https:\/\/www.piveteaubois.com\/fr\/wp-json\/wp\/v2\/pages\/315"}],"wp:featuredmedia":[{"embeddable":true,"href":"https:\/\/www.piveteaubois.com\/fr\/wp-json\/wp\/v2\/media\/6041"}],"wp:attachment":[{"href":"https:\/\/www.piveteaubois.com\/fr\/wp-json\/wp\/v2\/media?parent=6026"}],"curies":[{"name":"wp","href":"https:\/\/api.w.org\/{rel}","templated":true}]}}