{"id":61,"date":"2015-03-24T10:58:39","date_gmt":"2015-03-24T09:58:39","guid":{"rendered":"http:\/\/preprod.piveteaubois.com\/\/?page_id=61"},"modified":"2025-09-16T09:56:51","modified_gmt":"2025-09-16T08:56:51","slug":"mentions-legales","status":"publish","type":"page","link":"https:\/\/www.piveteaubois.com\/fr\/mentions-legales","title":{"rendered":"Mentions l\u00e9gales"},"content":{"rendered":"<h2><strong>Propri\u00e9taire du site <\/strong> :<\/h2>\n<p><strong>PIVETEAU BOIS<br \/>\n<\/strong>Soci\u00e9t\u00e9 par actions simplifi\u00e9e<br \/>\nSi\u00e8ge social : la Vall\u00e9e, CS 30111, 85140 Sainte Florence<br \/>\nCapital social : 2 000 000 \u20ac<br \/>\nT\u00e9l\u00e9phone : 02 51 66 01 08<br \/>\nMail : commercial@piveteau.com<br \/>\nN\u00b0 SIREN : 547 250\u00a0100<br \/>\nN\u00b0 TVA intracommunautaire\u00a0: FR 92 547 250 100 B<br \/>\nCode APE : 1610A<\/p>\n<h2>H\u00e9bergement :<\/h2>\n<p>OVH<br \/>\nSAS au capital de 10\u00a0069\u00a0020\u00a0\u20ac<br \/>\nRCS Lille M\u00e9tropole 424 761 419 00045<br \/>\nCode APE 2620Z<br \/>\nN\u00b0 TVA : FR 22 424 761 419<br \/>\nSi\u00e8ge social : 2 rue Kellermann &#8211; 59100 Roubaix &#8211; France.<\/p>\n<h2>Conception, r\u00e9alisation<\/h2>\n<p>Conception, webdesign\u00a0et\u00a0d\u00e9veloppement du site : <a href=\"http:\/\/www.lmwr.fr\/\" target=\"_blank\" rel=\"noopener\">LMWR<\/a>\u00a0&#8211;\u00a04 Rue Dobree, 44100 Nantes,<\/p>\n<h2><strong>Propri\u00e9t\u00e9 intellectuelle <\/strong><\/h2>\n<p>Tous les \u00e9l\u00e9ments figurant sur le Site (texte, \u00e9l\u00e9ments graphiques ou multim\u00e9dia) sont la propri\u00e9t\u00e9 de la soci\u00e9t\u00e9\u00a0<strong>PIVETEAU BOIS<\/strong>\u00a0ainsi que de leurs auteurs respectifs. Le fait de pouvoir consulter et enregistrer les donn\u00e9es du Site sur un autre support ne donne en aucun cas le droit d&rsquo;effacer, de retirer ou de modifier les mentions de copyright figurant sur les ressources du Site, ou de modifier les ressources elles-m\u00eames du Site.<\/p>\n<p>Les donn\u00e9es du Site sont fournies \u00e0 titre indicatif sans aucune garantie implicite ou explicite. La soci\u00e9t\u00e9 <strong>PIVETEAU BOIS<\/strong>\u00a0ne sera pas responsable en cas d\u2019utilisation licite ou illicite des donn\u00e9es figurant sur le Site. Toutes les informations communiqu\u00e9es sur le Site ne sont pas exemptes d\u2019erreurs techniques et\/ou typographiques.<\/p>\n<p>PIVETEAU BOIS accorde aux utilisateurs du Site une licence non exclusive, r\u00e9vocable et ce uniquement aux fins d\u2019acc\u00e8s, de navigation, et d\u2019utilisation du Site. Il est express\u00e9ment sp\u00e9cifi\u00e9 que la pr\u00e9sente licence n\u2019accorde aucun droit de sous licencier ni aucun droit d\u2019exploitation commerciale des contenus accessibles sur le Site.<\/p>\n<h2><strong>Protection des donn\u00e9es et gestion des cookies<\/strong><\/h2>\n<p>Les donn\u00e9es personnelles sont collect\u00e9es par la Soci\u00e9t\u00e9\u00a0<strong>PIVETEAU BOIS<\/strong>\u00a0conform\u00e9ment \u00e0 la Politique de confidentialit\u00e9 et de gestion des donn\u00e9es <a href=\"https:\/\/www.piveteaubois.com\/fr\/politique-de-confidentialite-et-de-gestion-des-donnees\">accessible sous le lien suivant<\/a><\/p>\n<h2>Liens hypertextes :<\/h2>\n<p>La cr\u00e9ation de liens hypertextes vers le Site ne peut \u00eatre faite qu&rsquo;avec l&rsquo;autorisation \u00e9crite et pr\u00e9alable de la soci\u00e9t\u00e9\u00a0<strong>PIVETEAU BOIS<\/strong>\u00a0qui pourra \u00eatre r\u00e9voqu\u00e9e \u00e0 tout moment.<\/p>\n<h2><strong>Identifiants<\/strong> :<\/h2>\n<p>Ces num\u00e9ros, transmis par Ecomaison, atteste de la conformit\u00e9 r\u00e9glementaire de PIVETEAU BOIS au Code de l&rsquo;environnement (l&rsquo;art L. 541-10-1 4\u00b0) ecomaison.com<br \/>\n&#8211; <strong>pour PMCB<\/strong> : FR023301_04OBTD<br \/>\n&#8211; <strong>pour ABJ<\/strong> : FR023301_14OMBU<br \/>\n&#8211; <strong>pour EA<\/strong> : FR023301_10UZM9<\/p>\n<p>Ce num\u00e9ro, transmis par EcoDDS, atteste de la conformit\u00e9 r\u00e9glementaire de PIVETEAU BOIS au Code de l&rsquo;environnement (l&rsquo;art L. 541-10-1 4\u00b0) ecodds.com<br \/>\n&#8211; <strong>pour DDS<\/strong> : FR023301_07RFCP<\/p>\n","protected":false},"excerpt":{"rendered":"<p>Propri\u00e9taire du site : PIVETEAU BOIS Soci\u00e9t\u00e9 par actions simplifi\u00e9e Si\u00e8ge social : la Vall\u00e9e, CS 30111, 85140 Sainte Florence Capital social : 2 000 000 \u20ac T\u00e9l\u00e9phone : 02 51 66 01 08 Mail : commercial@piveteau.com N\u00b0 SIREN : 547 250\u00a0100 N\u00b0 TVA intracommunautaire\u00a0: FR 92 547 250 100 B Code APE : 1610A [&hellip;]<\/p>\n","protected":false},"author":2,"featured_media":0,"parent":0,"menu_order":0,"comment_status":"closed","ping_status":"open","template":"","meta":[],"acf":[],"yoast_head":"<!-- This site is optimized with the Yoast SEO plugin v18.4.1 - https:\/\/yoast.com\/wordpress\/plugins\/seo\/ -->\n<title>Mentions l\u00e9gales - PiveteauBois<\/title>\n<meta name=\"robots\" content=\"index, follow, max-snippet:-1, max-image-preview:large, max-video-preview:-1\" \/>\n<link rel=\"canonical\" href=\"https:\/\/www.piveteaubois.com\/fr\/mentions-legales\" \/>\n<meta property=\"og:locale\" content=\"fr_FR\" \/>\n<meta property=\"og:type\" content=\"article\" \/>\n<meta property=\"og:title\" content=\"Mentions l\u00e9gales - PiveteauBois\" \/>\n<meta property=\"og:description\" content=\"Propri\u00e9taire du site : PIVETEAU BOIS Soci\u00e9t\u00e9 par actions simplifi\u00e9e Si\u00e8ge social : la Vall\u00e9e, CS 30111, 85140 Sainte Florence Capital social : 2 000 000 \u20ac T\u00e9l\u00e9phone : 02 51 66 01 08 Mail : commercial@piveteau.com N\u00b0 SIREN : 547 250\u00a0100 N\u00b0 TVA intracommunautaire\u00a0: FR 92 547 250 100 B Code APE : 1610A [&hellip;]\" \/>\n<meta property=\"og:url\" content=\"https:\/\/www.piveteaubois.com\/fr\/mentions-legales\" \/>\n<meta property=\"og:site_name\" content=\"PiveteauBois\" \/>\n<meta property=\"article:modified_time\" content=\"2025-09-16T08:56:51+00:00\" \/>\n<meta name=\"twitter:card\" content=\"summary\" \/>\n<meta name=\"twitter:label1\" content=\"Dur\u00e9e de lecture estim\u00e9e\" \/>\n\t<meta name=\"twitter:data1\" content=\"3 minutes\" \/>\n<script type=\"application\/ld+json\" class=\"yoast-schema-graph\">{\"@context\":\"https:\/\/schema.org\",\"@graph\":[{\"@type\":\"WebSite\",\"@id\":\"https:\/\/www.piveteaubois.com\/fr\/#website\",\"url\":\"https:\/\/www.piveteaubois.com\/fr\/\",\"name\":\"PiveteauBois\",\"description\":\"Piveteaubois sp\u00e9cialiste du bois depuis plus de 75 ans\",\"potentialAction\":[{\"@type\":\"SearchAction\",\"target\":{\"@type\":\"EntryPoint\",\"urlTemplate\":\"https:\/\/www.piveteaubois.com\/fr\/?s={search_term_string}\"},\"query-input\":\"required name=search_term_string\"}],\"inLanguage\":\"fr-FR\"},{\"@type\":\"WebPage\",\"@id\":\"https:\/\/www.piveteaubois.com\/fr\/mentions-legales#webpage\",\"url\":\"https:\/\/www.piveteaubois.com\/fr\/mentions-legales\",\"name\":\"Mentions l\u00e9gales - PiveteauBois\",\"isPartOf\":{\"@id\":\"https:\/\/www.piveteaubois.com\/fr\/#website\"},\"datePublished\":\"2015-03-24T09:58:39+00:00\",\"dateModified\":\"2025-09-16T08:56:51+00:00\",\"breadcrumb\":{\"@id\":\"https:\/\/www.piveteaubois.com\/fr\/mentions-legales#breadcrumb\"},\"inLanguage\":\"fr-FR\",\"potentialAction\":[{\"@type\":\"ReadAction\",\"target\":[\"https:\/\/www.piveteaubois.com\/fr\/mentions-legales\"]}]},{\"@type\":\"BreadcrumbList\",\"@id\":\"https:\/\/www.piveteaubois.com\/fr\/mentions-legales#breadcrumb\",\"itemListElement\":[{\"@type\":\"ListItem\",\"position\":1,\"name\":\"Accueil\",\"item\":\"https:\/\/www.piveteaubois.com\/fr\"},{\"@type\":\"ListItem\",\"position\":2,\"name\":\"Mentions l\u00e9gales\"}]}]}<\/script>\n<!-- \/ Yoast SEO plugin. -->","yoast_head_json":{"title":"Mentions l\u00e9gales - PiveteauBois","robots":{"index":"index","follow":"follow","max-snippet":"max-snippet:-1","max-image-preview":"max-image-preview:large","max-video-preview":"max-video-preview:-1"},"canonical":"https:\/\/www.piveteaubois.com\/fr\/mentions-legales","og_locale":"fr_FR","og_type":"article","og_title":"Mentions l\u00e9gales - PiveteauBois","og_description":"Propri\u00e9taire du site : PIVETEAU BOIS Soci\u00e9t\u00e9 par actions simplifi\u00e9e Si\u00e8ge social : la Vall\u00e9e, CS 30111, 85140 Sainte Florence Capital social : 2 000 000 \u20ac T\u00e9l\u00e9phone : 02 51 66 01 08 Mail : commercial@piveteau.com N\u00b0 SIREN : 547 250\u00a0100 N\u00b0 TVA intracommunautaire\u00a0: FR 92 547 250 100 B Code APE : 1610A [&hellip;]","og_url":"https:\/\/www.piveteaubois.com\/fr\/mentions-legales","og_site_name":"PiveteauBois","article_modified_time":"2025-09-16T08:56:51+00:00","twitter_card":"summary","twitter_misc":{"Dur\u00e9e de lecture estim\u00e9e":"3 minutes"},"schema":{"@context":"https:\/\/schema.org","@graph":[{"@type":"WebSite","@id":"https:\/\/www.piveteaubois.com\/fr\/#website","url":"https:\/\/www.piveteaubois.com\/fr\/","name":"PiveteauBois","description":"Piveteaubois sp\u00e9cialiste du bois depuis plus de 75 ans","potentialAction":[{"@type":"SearchAction","target":{"@type":"EntryPoint","urlTemplate":"https:\/\/www.piveteaubois.com\/fr\/?s={search_term_string}"},"query-input":"required name=search_term_string"}],"inLanguage":"fr-FR"},{"@type":"WebPage","@id":"https:\/\/www.piveteaubois.com\/fr\/mentions-legales#webpage","url":"https:\/\/www.piveteaubois.com\/fr\/mentions-legales","name":"Mentions l\u00e9gales - PiveteauBois","isPartOf":{"@id":"https:\/\/www.piveteaubois.com\/fr\/#website"},"datePublished":"2015-03-24T09:58:39+00:00","dateModified":"2025-09-16T08:56:51+00:00","breadcrumb":{"@id":"https:\/\/www.piveteaubois.com\/fr\/mentions-legales#breadcrumb"},"inLanguage":"fr-FR","potentialAction":[{"@type":"ReadAction","target":["https:\/\/www.piveteaubois.com\/fr\/mentions-legales"]}]},{"@type":"BreadcrumbList","@id":"https:\/\/www.piveteaubois.com\/fr\/mentions-legales#breadcrumb","itemListElement":[{"@type":"ListItem","position":1,"name":"Accueil","item":"https:\/\/www.piveteaubois.com\/fr"},{"@type":"ListItem","position":2,"name":"Mentions l\u00e9gales"}]}]}},"_links":{"self":[{"href":"https:\/\/www.piveteaubois.com\/fr\/wp-json\/wp\/v2\/pages\/61"}],"collection":[{"href":"https:\/\/www.piveteaubois.com\/fr\/wp-json\/wp\/v2\/pages"}],"about":[{"href":"https:\/\/www.piveteaubois.com\/fr\/wp-json\/wp\/v2\/types\/page"}],"author":[{"embeddable":true,"href":"https:\/\/www.piveteaubois.com\/fr\/wp-json\/wp\/v2\/users\/2"}],"replies":[{"embeddable":true,"href":"https:\/\/www.piveteaubois.com\/fr\/wp-json\/wp\/v2\/comments?post=61"}],"version-history":[{"count":14,"href":"https:\/\/www.piveteaubois.com\/fr\/wp-json\/wp\/v2\/pages\/61\/revisions"}],"predecessor-version":[{"id":7235,"href":"https:\/\/www.piveteaubois.com\/fr\/wp-json\/wp\/v2\/pages\/61\/revisions\/7235"}],"wp:attachment":[{"href":"https:\/\/www.piveteaubois.com\/fr\/wp-json\/wp\/v2\/media?parent=61"}],"curies":[{"name":"wp","href":"https:\/\/api.w.org\/{rel}","templated":true}]}}