{"id":6581,"date":"2024-11-13T12:03:26","date_gmt":"2024-11-13T11:03:26","guid":{"rendered":"https:\/\/www.piveteaubois.com\/?page_id=6581"},"modified":"2025-11-10T17:05:04","modified_gmt":"2025-11-10T16:05:04","slug":"accompagnement-projet-construction-bois","status":"publish","type":"page","link":"https:\/\/www.piveteaubois.com\/fr\/nos-expertises\/accompagnement-projet-construction-bois","title":{"rendered":"PROJETSBOIS : EXPERTISE ET SERVICE D\u2019ACCOMPAGNEMENT DES PROJETS SUR-MESURE"},"content":{"rendered":"\n<h2><strong>ACCOMPAGNEMENT SUR-MESURE : DES EXPERTS \u00c0 VOS COT\u00c9S \u00c0 CHAQUE \u00c9TAPE DU PROJET, DE LA CONCEPTION \u00c0 LA LIVRAISON<\/strong><\/h2>\n\n\n\n<p><\/p>\n\n\n\n<p>Nos \u00e9quipes d\u2019experts charg\u00e9s de prescription et responsables d\u2019affaires vous accompagnent.<br>Tr\u00e8s en amont du projet, en phase de programmation et conception, <a href=\"http:\/\/preprod.piveteaubois.com\/fr\/conseils-pour-les-prescripteurs\">nos charg\u00e9s de prescription<\/a> accompagnent&nbsp;les d\u00e9cideurs&nbsp;sur la&nbsp;s\u00e9lection de solution bois&nbsp;r\u00e9pondant \u00e0 vos besoins architecturaux et vos ambitions environnementales dont vos objectifs de d\u00e9carbonation de la construction selon les produits bois d\u2019ing\u00e9nierie (CLT, lamell\u00e9 coll\u00e9, contrecoll\u00e9, etc)&nbsp;que nous concevons dans le respect des normes, r\u00e9glementations ou avis technique. D\u00e9couvrez comment le CLT sur-mesure HEXAPLI et les poutres lamell\u00e9-coll\u00e9 LAMWOOD de PIVETEAUBOIS participent \u00e0 la <a href=\"https:\/\/www.piveteaubois.com\/fr\/nos-produits\/fdes-et-donnees-environnementales\">d\u00e9carbonation de la construction en vous rendant sur notre page des FDES et donn\u00e9es environnementales<\/a>.<\/p>\n\n\n\n<p><\/p>\n\n\n\n<a href=\/wp-content\/uploads\/2024\/11\/etapes-d-accompagnement-des-services-prescription-et-service-projetsbois-de-piveteaubois-pour-des-projets-clt-bois-sur-mesure.png\"><img loading=\"lazy\" src=\"\/wp-content\/uploads\/2024\/11\/etapes-d-accompagnement-des-services-prescription-et-service-projetsbois-de-piveteaubois-pour-des-projets-clt-bois-sur-mesure.png\" alt=\"\" class=\"wp-image-6524\" width=\"540\" height=\"auto\"><\/a>\n\n\n\n<p><\/p>\n\n\n\n<p>Nos&nbsp;ing\u00e9nieurs responsables d\u2019affaires&nbsp;PROJETSBOIS suivent ensuite les projets pendant toutes les phases PRO, EXE et PAC. Ils&nbsp;assurent le lien entre les diff\u00e9rents partenaires du projet&nbsp;et&nbsp;nos \u00e9quipes internes.<\/p>\n\n\n\n<img loading=\"lazy\" src=\"\/wp-content\/uploads\/2024\/11\/maquette-numerique-en-3d-du-chu-de-rennes-piveteaubois.jpg\" alt=\"Maquette num\u00e9rique en 3D du CHU de Rennes Piveteaubois\" class=\"wp-image-5031\" width=\"540\" height=\"auto\" title=\"Maquette num\u00e9rique en 3D du CHU de Rennes Piveteaubois\">\u2002<br><br>\n\n\n\n<p>\u00c0 la r\u00e9ception des plans d\u2019ex\u00e9cution de votre maquette num\u00e9rique, ils vous accompagnent sur l\u2019optimisation du projet en fonction des capacit\u00e9s d\u2019usinage de nos centres de taille \u00e0 commande num\u00e9rique, de certains d\u00e9tails de mise en \u0153uvre \u00e9prouv\u00e9s propres \u00e0 l\u2019avis technique de notre CLT HEXAPLI, des contraintes logistiques, de stockage et d\u2019assemblages de votre projet.<\/p>\n\n\n\n<h2><strong>GUIDES TECHNIQUES D\u2019USINAGES DES PANNEAUX CLT ET SERVICES D\u2019USINAGE DES POUTRES LAMELL\u00c9-COLL\u00c9<\/strong><\/h2>\n\n\n\n<p><\/p>\n\n\n\n<p>D\u00e9couvrez nos guides techniques d\u2019usinages des panneaux CLT et Lamwood services d\u2019usinages des poutres lamell\u00e9 coll\u00e9&nbsp;:<\/p>\n\n\n\n<div class=\"wp-block-columns\">\n<div class=\"wp-block-column\">\n<div style=\"text-align:center\"><img loading=\"lazy\" src=\"\/wp-content\/uploads\/2024\/11\/guide-usinage-panneaux-clt-cross-laminated-timber-fabricant-clt-bois-piveteaubois.png\" alt=\"Guide usinage panneaux CLT cross laminated timber fabricant CLT bois Piveteaubois\" class=\"wp-image-5031\" width=\"200\" height=\"auto\" title=\"Guide usinage panneaux CLT cross laminated timber fabricant CLT bois Piveteaubois\" style=\"text-align:center\"><\/div>\n\n\n\n<p class=\"has-text-align-center\">GUIDE TECHNIQUE<br><strong>USINAGE CLT SUR-MESURE<\/strong><\/p>\n\n\n\n<div style=\"text-align:center\"><a href=\"https:\/\/www.calameo.com\/read\/005155795fb62e5e18ea9?authid=ec0KncavQVPX\" target=\"_blank\" rel=\"noopener\"><img src=\"\/wp-content\/uploads\/2017\/04\/bouton-voir-le-guide.png\" alt=\"\" class=\"wp-image-5031\" title=\"\"><\/a><\/div>\n\n\n\n<p><\/p>\n<\/div>\n\n\n\n<div class=\"wp-block-column\">\n<div style=\"text-align:center\"><img loading=\"lazy\" src=\"\/wp-content\/uploads\/2024\/11\/guide-technique-usinage-du-bois-lamelle-colle-lamwood-service-fabricant-bois-piveteaubois-01.png\" alt=\"Guide technique usinage du bois lamell\u00e9 coll\u00e9 Lamwood service fabricant bois Piveteaubois\" class=\"wp-image-5031\" width=\"200\" height=\"auto\" title=\"Guide technique usinage du bois lamell\u00e9 coll\u00e9 Lamwood service fabricant bois Piveteaubois\"><\/div>\n\n\n\n<p class=\"has-text-align-center\"> GUIDE TECHNIQUE<br><strong>USINAGE DES BOIS COLL\u00c9S<\/strong><\/p>\n\n\n\n<div style=\"text-align:center\"><a href=\"https:\/\/www.calameo.com\/read\/005155795b93bdda709bd?authid=VjTBRArGeLUU\" target=\"_blank\" rel=\"noopener\"><img src=\"\/wp-content\/uploads\/2017\/04\/bouton-voir-le-guide.png\" alt=\"\" class=\"wp-image-5031\" title=\"\"><\/a><\/div>\n<\/div>\n<\/div>\n\n\n\n<p>L\u2019int\u00e9gration du jumeau num\u00e9rique de votre projet dans la plateforme 3D Exp\u00e9rience d\u00e9velopp\u00e9e par Dassault Syst\u00e8me permet de raccourcir les d\u00e9lais de conception-fabrication et fiabiliser les calculs de prix et conformit\u00e9 de votre commande.<\/p>\n\n\n\n<img loading=\"lazy\" src=\"\/wp-content\/uploads\/2024\/11\/exemple-3dexperience-dassault-systemes-piveteaubois-01.png\" alt=\"Exemple 3d experience Dassault Systemes Piveteaubois\" class=\"wp-image-5031\" width=\"540\" height=\"auto\" title=\"Exemple 3d experience Dassault Systemes Piveteaubois\">\u2002<br><br>\n\n\n\n<h2><strong>TRANSPORT, LEVAGE ET MISE EN \u0152UVRE OPTIMIS\u00c9S POUR VOS CHANTIERS HORS-SITE<\/strong><\/h2>\n\n\n\n<p><\/p>\n\n\n\n<p>Un chantier Hors-site n\u00e9cessite un cadencement des livraisons dans un phasage pr\u00e9cis, de l\u2019organisation et de la concertation entre le site de production, l\u2019exp\u00e9dition et les \u00e9quipes de mise en \u0153uvre de nos clients. Nous vous accompagnons sur ces diff\u00e9rents aspects pour optimiser la livraison et la mise en \u0153uvre en assurant le maintien de la qualit\u00e9 de nos composants sur chantiers.<br>Selon la maquette num\u00e9rique et le plan de production, nous optimisons les plans de chargement des livraisons pour vous livrer les bonnes pi\u00e8ces num\u00e9rot\u00e9es individuellement au bon moment en tenant compte de vos contraintes et phasages de chantiers.<\/p>\n\n\n\n<img loading=\"lazy\" src=\"\/wp-content\/uploads\/2024\/11\/camion-livraison-sur-chantier-de-panneaux-clt-bois-piveteaubois-01.jpg\" alt=\"Camion livraison sur chantier de panneaux CLT bois Piveteaubois\" class=\"wp-image-5031\" width=\"540\" height=\"auto\" title=\"Camion livraison sur chantier de panneaux CLT bois Piveteaubois\">\u2002<br><img loading=\"lazy\" src=\"\/wp-content\/uploads\/2024\/11\/levage-et-mise-en-oeuvre-sur-chantier-des-panneaux-clt-en-bois-01.jpg\" alt=\"Levage et mise en \u0153uvre sur chantier des panneaux CLT en bois\" class=\"wp-image-5031\" width=\"540\" height=\"auto\" title=\"Levage et mise en \u0153uvre sur chantier des panneaux CLT en bois\"><br><br><br>\n\n\n\n<h2><strong>GUIDE TECHNIQUE POUR LE TRANSPORT ET LEVAGE DES PANNEAUX CLT<\/strong><\/h2>\n\n\n\n<p><\/p>\n\n\n\n<p>D\u00e9couvrez notre guide technique avec tous les conseils pour les \u00e9quipes de chantier pour le transport, levage et protection des panneaux CLT en phase chantier.<\/p>\n\n\n\n<div style=\"text-align:center\"><img loading=\"lazy\" src=\"\/wp-content\/uploads\/2024\/11\/guide-manutention-levage-et-pose-panneaux-clt-cross-laminated-timber-fabricant-clt-bois-piveteaubois.png\" alt=\"Guide manutention levage et pose panneaux CLT cross laminated timber fabricant CLT bois Piveteaubois \" class=\"wp-image-5031\" width=\"200\" height=\"auto\" title=\"Guide manutention levage et pose panneaux CLT cross laminated timber fabricant CLT bois Piveteaubois \" style=\"text-align:center\"><\/div>\n\n\n\n<p class=\"has-text-align-center\">GUIDE TECHNIQUE<br><strong>MANUTENTION, LEVAGE &amp; POSE CLT <\/strong><\/p>\n\n\n\n<div style=\"text-align:center\"><a href=\"https:\/\/www.calameo.com\/read\/005155795e8f9a358ba2d?authid=Xnh0JetSi3px\" target=\"_blank\" rel=\"noopener\"><img src=\"\/wp-content\/uploads\/2017\/04\/bouton-voir-le-guide.png\" alt=\"\" class=\"wp-image-5031\" title=\"\"><\/a><\/div>\n\n\n\n<p><\/p>\n\n\n\n<h2><strong>CONTACTEZ NOTRE \u00c9QUIPE D\u2019EXPERTS<\/strong><\/h2>\n\n\n\n<a href=\"https:\/\/www.piveteaubois.com\/wp-content\/uploads\/2025\/11\/carte-contact-projetsbois-piveteaubois-2025-01.png\"><img loading=\"lazy\" src=\"https:\/\/www.piveteaubois.com\/wp-content\/uploads\/2025\/11\/carte-contact-projetsbois-piveteaubois-2025-01.png\" alt=\"\" class=\"wp-image-6524\" width=\"540\" height=\"auto\"><\/a>\n\n\n\n<p><\/p>\n\n\n\n<a href=\"https:\/\/www.piveteaubois.com\/wp-content\/uploads\/2025\/11\/carte-contact-projetsbois-piveteaubois-2025-02.png\"><img loading=\"lazy\" src=\"https:\/\/www.piveteaubois.com\/wp-content\/uploads\/2025\/11\/carte-contact-projetsbois-piveteaubois-2025-02.png\" alt=\"\" class=\"wp-image-6524\" width=\"540\" height=\"auto\"><\/a>\n\n\n\n<p><\/p>\n","protected":false},"excerpt":{"rendered":"<p>Avec PROJETSBOIS, vous b\u00e9n\u00e9ficiez d\u2019un service d\u2019accompagnement sur-mesure, pens\u00e9 pour simplifier chaque \u00e9tape de vos projets en CLT HEXAPLI ou lamell\u00e9-coll\u00e9. De la conception \u00e0 la livraison, notre \u00e9quipe d\u2019experts est l\u00e0 pour vous guider vers des solutions innovantes, durables et adapt\u00e9es \u00e0 vos besoins.<\/p>\n","protected":false},"author":2,"featured_media":6639,"parent":6559,"menu_order":0,"comment_status":"closed","ping_status":"closed","template":"","meta":[],"acf":[],"yoast_head":"<!-- This site is optimized with the Yoast SEO plugin v18.4.1 - https:\/\/yoast.com\/wordpress\/plugins\/seo\/ -->\n<title>ProjetsBois : notre expertise pour vos constructions bois I Piveteaubois<\/title>\n<meta name=\"description\" content=\"D\u00e9couvrez notre nouveau service d\u2019accompagnement pour vos constructions bois : PROJETSBOIS.\" \/>\n<meta name=\"robots\" content=\"index, follow, max-snippet:-1, max-image-preview:large, max-video-preview:-1\" \/>\n<link rel=\"canonical\" href=\"https:\/\/www.piveteaubois.com\/fr\/nos-expertises\/accompagnement-projet-construction-bois\" \/>\n<meta property=\"og:locale\" content=\"fr_FR\" \/>\n<meta property=\"og:type\" content=\"article\" \/>\n<meta property=\"og:title\" content=\"ProjetsBois : notre expertise pour vos constructions bois I Piveteaubois\" \/>\n<meta property=\"og:description\" content=\"D\u00e9couvrez notre nouveau service d\u2019accompagnement pour vos constructions bois : PROJETSBOIS.\" \/>\n<meta property=\"og:url\" content=\"https:\/\/www.piveteaubois.com\/fr\/nos-expertises\/accompagnement-projet-construction-bois\" \/>\n<meta property=\"og:site_name\" content=\"PiveteauBois\" \/>\n<meta property=\"article:modified_time\" content=\"2025-11-10T16:05:04+00:00\" \/>\n<meta property=\"og:image\" content=\"https:\/\/www.piveteaubois.com\/wp-content\/uploads\/2024\/11\/projetsbois-service-accompagnement-sur-mesure-projets-clt-hexapli-ou-lamelle-colle-piveteaubois.jpg\" \/>\n\t<meta property=\"og:image:width\" content=\"229\" \/>\n\t<meta property=\"og:image:height\" content=\"222\" \/>\n\t<meta property=\"og:image:type\" content=\"image\/jpeg\" \/>\n<meta name=\"twitter:card\" content=\"summary\" \/>\n<meta name=\"twitter:label1\" content=\"Dur\u00e9e de lecture estim\u00e9e\" \/>\n\t<meta name=\"twitter:data1\" content=\"5 minutes\" \/>\n<script type=\"application\/ld+json\" class=\"yoast-schema-graph\">{\"@context\":\"https:\/\/schema.org\",\"@graph\":[{\"@type\":\"WebSite\",\"@id\":\"https:\/\/www.piveteaubois.com\/fr\/#website\",\"url\":\"https:\/\/www.piveteaubois.com\/fr\/\",\"name\":\"PiveteauBois\",\"description\":\"Piveteaubois sp\u00e9cialiste du bois depuis plus de 75 ans\",\"potentialAction\":[{\"@type\":\"SearchAction\",\"target\":{\"@type\":\"EntryPoint\",\"urlTemplate\":\"https:\/\/www.piveteaubois.com\/fr\/?s={search_term_string}\"},\"query-input\":\"required name=search_term_string\"}],\"inLanguage\":\"fr-FR\"},{\"@type\":\"ImageObject\",\"@id\":\"https:\/\/www.piveteaubois.com\/fr\/nos-expertises\/accompagnement-projet-construction-bois#primaryimage\",\"inLanguage\":\"fr-FR\",\"url\":\"https:\/\/www.piveteaubois.com\/wp-content\/uploads\/2024\/11\/projetsbois-service-accompagnement-sur-mesure-projets-clt-hexapli-ou-lamelle-colle-piveteaubois.jpg\",\"contentUrl\":\"https:\/\/www.piveteaubois.com\/wp-content\/uploads\/2024\/11\/projetsbois-service-accompagnement-sur-mesure-projets-clt-hexapli-ou-lamelle-colle-piveteaubois.jpg\",\"width\":229,\"height\":222},{\"@type\":\"WebPage\",\"@id\":\"https:\/\/www.piveteaubois.com\/fr\/nos-expertises\/accompagnement-projet-construction-bois#webpage\",\"url\":\"https:\/\/www.piveteaubois.com\/fr\/nos-expertises\/accompagnement-projet-construction-bois\",\"name\":\"ProjetsBois : notre expertise pour vos constructions bois I Piveteaubois\",\"isPartOf\":{\"@id\":\"https:\/\/www.piveteaubois.com\/fr\/#website\"},\"primaryImageOfPage\":{\"@id\":\"https:\/\/www.piveteaubois.com\/fr\/nos-expertises\/accompagnement-projet-construction-bois#primaryimage\"},\"datePublished\":\"2024-11-13T11:03:26+00:00\",\"dateModified\":\"2025-11-10T16:05:04+00:00\",\"description\":\"D\u00e9couvrez notre nouveau service d\u2019accompagnement pour vos constructions bois : PROJETSBOIS.\",\"breadcrumb\":{\"@id\":\"https:\/\/www.piveteaubois.com\/fr\/nos-expertises\/accompagnement-projet-construction-bois#breadcrumb\"},\"inLanguage\":\"fr-FR\",\"potentialAction\":[{\"@type\":\"ReadAction\",\"target\":[\"https:\/\/www.piveteaubois.com\/fr\/nos-expertises\/accompagnement-projet-construction-bois\"]}]},{\"@type\":\"BreadcrumbList\",\"@id\":\"https:\/\/www.piveteaubois.com\/fr\/nos-expertises\/accompagnement-projet-construction-bois#breadcrumb\",\"itemListElement\":[{\"@type\":\"ListItem\",\"position\":1,\"name\":\"Accueil\",\"item\":\"https:\/\/www.piveteaubois.com\/fr\"},{\"@type\":\"ListItem\",\"position\":2,\"name\":\"NOS EXPERTISES\",\"item\":\"https:\/\/www.piveteaubois.com\/fr\/nos-expertises\"},{\"@type\":\"ListItem\",\"position\":3,\"name\":\"PROJETSBOIS : EXPERTISE ET SERVICE D\u2019ACCOMPAGNEMENT DES PROJETS SUR-MESURE\"}]}]}<\/script>\n<!-- \/ Yoast SEO plugin. -->","yoast_head_json":{"title":"ProjetsBois : notre expertise pour vos constructions bois I Piveteaubois","description":"D\u00e9couvrez notre nouveau service d\u2019accompagnement pour vos constructions bois : PROJETSBOIS.","robots":{"index":"index","follow":"follow","max-snippet":"max-snippet:-1","max-image-preview":"max-image-preview:large","max-video-preview":"max-video-preview:-1"},"canonical":"https:\/\/www.piveteaubois.com\/fr\/nos-expertises\/accompagnement-projet-construction-bois","og_locale":"fr_FR","og_type":"article","og_title":"ProjetsBois : notre expertise pour vos constructions bois I Piveteaubois","og_description":"D\u00e9couvrez notre nouveau service d\u2019accompagnement pour vos constructions bois : PROJETSBOIS.","og_url":"https:\/\/www.piveteaubois.com\/fr\/nos-expertises\/accompagnement-projet-construction-bois","og_site_name":"PiveteauBois","article_modified_time":"2025-11-10T16:05:04+00:00","og_image":[{"width":229,"height":222,"url":"https:\/\/www.piveteaubois.com\/wp-content\/uploads\/2024\/11\/projetsbois-service-accompagnement-sur-mesure-projets-clt-hexapli-ou-lamelle-colle-piveteaubois.jpg","type":"image\/jpeg"}],"twitter_card":"summary","twitter_misc":{"Dur\u00e9e de lecture estim\u00e9e":"5 minutes"},"schema":{"@context":"https:\/\/schema.org","@graph":[{"@type":"WebSite","@id":"https:\/\/www.piveteaubois.com\/fr\/#website","url":"https:\/\/www.piveteaubois.com\/fr\/","name":"PiveteauBois","description":"Piveteaubois sp\u00e9cialiste du bois depuis plus de 75 ans","potentialAction":[{"@type":"SearchAction","target":{"@type":"EntryPoint","urlTemplate":"https:\/\/www.piveteaubois.com\/fr\/?s={search_term_string}"},"query-input":"required name=search_term_string"}],"inLanguage":"fr-FR"},{"@type":"ImageObject","@id":"https:\/\/www.piveteaubois.com\/fr\/nos-expertises\/accompagnement-projet-construction-bois#primaryimage","inLanguage":"fr-FR","url":"https:\/\/www.piveteaubois.com\/wp-content\/uploads\/2024\/11\/projetsbois-service-accompagnement-sur-mesure-projets-clt-hexapli-ou-lamelle-colle-piveteaubois.jpg","contentUrl":"https:\/\/www.piveteaubois.com\/wp-content\/uploads\/2024\/11\/projetsbois-service-accompagnement-sur-mesure-projets-clt-hexapli-ou-lamelle-colle-piveteaubois.jpg","width":229,"height":222},{"@type":"WebPage","@id":"https:\/\/www.piveteaubois.com\/fr\/nos-expertises\/accompagnement-projet-construction-bois#webpage","url":"https:\/\/www.piveteaubois.com\/fr\/nos-expertises\/accompagnement-projet-construction-bois","name":"ProjetsBois : notre expertise pour vos constructions bois I Piveteaubois","isPartOf":{"@id":"https:\/\/www.piveteaubois.com\/fr\/#website"},"primaryImageOfPage":{"@id":"https:\/\/www.piveteaubois.com\/fr\/nos-expertises\/accompagnement-projet-construction-bois#primaryimage"},"datePublished":"2024-11-13T11:03:26+00:00","dateModified":"2025-11-10T16:05:04+00:00","description":"D\u00e9couvrez notre nouveau service d\u2019accompagnement pour vos constructions bois : PROJETSBOIS.","breadcrumb":{"@id":"https:\/\/www.piveteaubois.com\/fr\/nos-expertises\/accompagnement-projet-construction-bois#breadcrumb"},"inLanguage":"fr-FR","potentialAction":[{"@type":"ReadAction","target":["https:\/\/www.piveteaubois.com\/fr\/nos-expertises\/accompagnement-projet-construction-bois"]}]},{"@type":"BreadcrumbList","@id":"https:\/\/www.piveteaubois.com\/fr\/nos-expertises\/accompagnement-projet-construction-bois#breadcrumb","itemListElement":[{"@type":"ListItem","position":1,"name":"Accueil","item":"https:\/\/www.piveteaubois.com\/fr"},{"@type":"ListItem","position":2,"name":"NOS EXPERTISES","item":"https:\/\/www.piveteaubois.com\/fr\/nos-expertises"},{"@type":"ListItem","position":3,"name":"PROJETSBOIS : EXPERTISE ET SERVICE D\u2019ACCOMPAGNEMENT DES PROJETS SUR-MESURE"}]}]}},"_links":{"self":[{"href":"https:\/\/www.piveteaubois.com\/fr\/wp-json\/wp\/v2\/pages\/6581"}],"collection":[{"href":"https:\/\/www.piveteaubois.com\/fr\/wp-json\/wp\/v2\/pages"}],"about":[{"href":"https:\/\/www.piveteaubois.com\/fr\/wp-json\/wp\/v2\/types\/page"}],"author":[{"embeddable":true,"href":"https:\/\/www.piveteaubois.com\/fr\/wp-json\/wp\/v2\/users\/2"}],"replies":[{"embeddable":true,"href":"https:\/\/www.piveteaubois.com\/fr\/wp-json\/wp\/v2\/comments?post=6581"}],"version-history":[{"count":44,"href":"https:\/\/www.piveteaubois.com\/fr\/wp-json\/wp\/v2\/pages\/6581\/revisions"}],"predecessor-version":[{"id":7556,"href":"https:\/\/www.piveteaubois.com\/fr\/wp-json\/wp\/v2\/pages\/6581\/revisions\/7556"}],"up":[{"embeddable":true,"href":"https:\/\/www.piveteaubois.com\/fr\/wp-json\/wp\/v2\/pages\/6559"}],"wp:featuredmedia":[{"embeddable":true,"href":"https:\/\/www.piveteaubois.com\/fr\/wp-json\/wp\/v2\/media\/6639"}],"wp:attachment":[{"href":"https:\/\/www.piveteaubois.com\/fr\/wp-json\/wp\/v2\/media?parent=6581"}],"curies":[{"name":"wp","href":"https:\/\/api.w.org\/{rel}","templated":true}]}}