{"id":6778,"date":"2025-02-25T16:45:13","date_gmt":"2025-02-25T15:45:13","guid":{"rendered":"https:\/\/www.piveteaubois.com\/?page_id=6778"},"modified":"2025-02-25T17:03:37","modified_gmt":"2025-02-25T16:03:37","slug":"aspects-du-bois","status":"publish","type":"page","link":"https:\/\/www.piveteaubois.com\/fr\/nos-produits\/aspects-du-bois","title":{"rendered":"Impr\u00e9gnation color\u00e9e et essences locales"},"content":{"rendered":"\n<p>Mat\u00e9riau vivant, le bois \u00e9volue naturellement sous l\u2019effet du temps et des \u00e9l\u00e9ments. Son grisonnement t\u00e9moigne de sa singularit\u00e9, tout comme le choix des essences locales qui refl\u00e8te un engagement \u00e9thique et durable.<\/p>\n\n\n\n<ul class=\"page-children-list\">\n<li class=\"hlist clear style-test-nos-engagement\">\n<div class=\"thumbnail\"><img loading=\"lazy\" class=\"attachment-post-thumbnail size-post-thumbnail wp-post-image\" src=\"\/wp-content\/uploads\/2025\/02\/vignette-impregnation-grisonnement-des-bardages-impregnes-01.jpg\" alt=\"\" width=\"229\" height=\"155\"><\/div>\n<div class=\"block-right hlist clear\">\n<div class=\"summary green\">\n<h2>IMPR\u00c9GNATION ET GRISONNEMENT DES BARDAGES IMPR\u00c9GN\u00c9S<\/h2>\n<p>Le grisonnement du bois : une transformation naturelle au fil du temps Laiss\u00e9 au naturel en ext\u00e9rieur, le bois prend, sous l\u2019effet combin\u00e9 du soleil et des intemp\u00e9ries, un nouvel aspect nuanc\u00e9 allant du gris clair au gris fonc\u00e9.<br><a href=\"\/fr\/impregnation-et-grisonnement-des-bardages-impregnes\"><img class=\"beveled-button\" src=\"\/wp-content\/uploads\/2021\/06\/bouton-decouvrir-piveteaubois.png\"><\/a><\/p>\n<\/div>\n<\/div>\n<\/li>\n<li class=\"hlist clear style-test-nos-engagement\">\n<div class=\"thumbnail\"><img loading=\"lazy\" class=\"attachment-post-thumbnail size-post-thumbnail wp-post-image\" src=\"\/wp-content\/uploads\/2025\/02\/vignette-les-essences-de-bois-01.jpg\" alt=\"\" width=\"229\" height=\"155\"><\/div>\n<div class=\"block-right hlist clear\">\n<div class=\"summary green\">\n<h2>Favoriser les essences locales<\/h2>\n<p>Par \u00e9thique comme par conviction, PIVETEAUBOIS donne depuis toujours sa pr\u00e9f\u00e9rence aux bois d\u2019origines locales.<br><a href=\"\/fr\/essences\"><img class=\"beveled-button\" src=\"\/wp-content\/uploads\/2021\/06\/bouton-decouvrir-piveteaubois.png\"><\/a><\/p>\n<\/div>\n<\/div>\n<\/li>\n<\/ul>\n","protected":false},"excerpt":{"rendered":"<p>Mat\u00e9riau vivant, le bois \u00e9volue naturellement sous l\u2019effet du temps et des \u00e9l\u00e9ments. Son grisonnement t\u00e9moigne de sa singularit\u00e9, tout comme le choix des essences locales qui refl\u00e8te un engagement \u00e9thique et durable. IMPR\u00c9GNATION ET GRISONNEMENT DES BARDAGES IMPR\u00c9GN\u00c9S Le grisonnement du bois : une transformation naturelle au fil du temps Laiss\u00e9 au naturel en [&hellip;]<\/p>\n","protected":false},"author":2,"featured_media":0,"parent":315,"menu_order":2,"comment_status":"closed","ping_status":"closed","template":"templates\/product-range.php","meta":[],"acf":[],"yoast_head":"<!-- This site is optimized with the Yoast SEO plugin v18.4.1 - https:\/\/yoast.com\/wordpress\/plugins\/seo\/ -->\n<title>Impr\u00e9gnation color\u00e9e et essences locales - PiveteauBois<\/title>\n<meta name=\"robots\" content=\"index, follow, max-snippet:-1, max-image-preview:large, max-video-preview:-1\" \/>\n<link rel=\"canonical\" href=\"https:\/\/www.piveteaubois.com\/fr\/nos-produits\/aspects-du-bois\" \/>\n<meta property=\"og:locale\" content=\"fr_FR\" \/>\n<meta property=\"og:type\" content=\"article\" \/>\n<meta property=\"og:title\" content=\"Impr\u00e9gnation color\u00e9e et essences locales - PiveteauBois\" \/>\n<meta property=\"og:description\" content=\"Mat\u00e9riau vivant, le bois \u00e9volue naturellement sous l\u2019effet du temps et des \u00e9l\u00e9ments. Son grisonnement t\u00e9moigne de sa singularit\u00e9, tout comme le choix des essences locales qui refl\u00e8te un engagement \u00e9thique et durable. IMPR\u00c9GNATION ET GRISONNEMENT DES BARDAGES IMPR\u00c9GN\u00c9S Le grisonnement du bois : une transformation naturelle au fil du temps Laiss\u00e9 au naturel en [&hellip;]\" \/>\n<meta property=\"og:url\" content=\"https:\/\/www.piveteaubois.com\/fr\/nos-produits\/aspects-du-bois\" \/>\n<meta property=\"og:site_name\" content=\"PiveteauBois\" \/>\n<meta property=\"article:modified_time\" content=\"2025-02-25T16:03:37+00:00\" \/>\n<meta property=\"og:image\" content=\"https:\/\/www.piveteaubois.com\/wp-content\/uploads\/2025\/02\/vignette-impregnation-grisonnement-des-bardages-impregnes-01.jpg\" \/>\n<meta name=\"twitter:card\" content=\"summary\" \/>\n<meta name=\"twitter:label1\" content=\"Dur\u00e9e de lecture estim\u00e9e\" \/>\n\t<meta name=\"twitter:data1\" content=\"2 minutes\" \/>\n<script type=\"application\/ld+json\" class=\"yoast-schema-graph\">{\"@context\":\"https:\/\/schema.org\",\"@graph\":[{\"@type\":\"WebSite\",\"@id\":\"https:\/\/www.piveteaubois.com\/fr\/#website\",\"url\":\"https:\/\/www.piveteaubois.com\/fr\/\",\"name\":\"PiveteauBois\",\"description\":\"Piveteaubois sp\u00e9cialiste du bois depuis plus de 75 ans\",\"potentialAction\":[{\"@type\":\"SearchAction\",\"target\":{\"@type\":\"EntryPoint\",\"urlTemplate\":\"https:\/\/www.piveteaubois.com\/fr\/?s={search_term_string}\"},\"query-input\":\"required name=search_term_string\"}],\"inLanguage\":\"fr-FR\"},{\"@type\":\"ImageObject\",\"@id\":\"https:\/\/www.piveteaubois.com\/fr\/nos-produits\/aspects-du-bois#primaryimage\",\"inLanguage\":\"fr-FR\",\"url\":\"\/wp-content\/uploads\/2025\/02\/vignette-impregnation-grisonnement-des-bardages-impregnes-01.jpg\",\"contentUrl\":\"\/wp-content\/uploads\/2025\/02\/vignette-impregnation-grisonnement-des-bardages-impregnes-01.jpg\"},{\"@type\":\"WebPage\",\"@id\":\"https:\/\/www.piveteaubois.com\/fr\/nos-produits\/aspects-du-bois#webpage\",\"url\":\"https:\/\/www.piveteaubois.com\/fr\/nos-produits\/aspects-du-bois\",\"name\":\"Impr\u00e9gnation color\u00e9e et essences locales - PiveteauBois\",\"isPartOf\":{\"@id\":\"https:\/\/www.piveteaubois.com\/fr\/#website\"},\"primaryImageOfPage\":{\"@id\":\"https:\/\/www.piveteaubois.com\/fr\/nos-produits\/aspects-du-bois#primaryimage\"},\"datePublished\":\"2025-02-25T15:45:13+00:00\",\"dateModified\":\"2025-02-25T16:03:37+00:00\",\"breadcrumb\":{\"@id\":\"https:\/\/www.piveteaubois.com\/fr\/nos-produits\/aspects-du-bois#breadcrumb\"},\"inLanguage\":\"fr-FR\",\"potentialAction\":[{\"@type\":\"ReadAction\",\"target\":[\"https:\/\/www.piveteaubois.com\/fr\/nos-produits\/aspects-du-bois\"]}]},{\"@type\":\"BreadcrumbList\",\"@id\":\"https:\/\/www.piveteaubois.com\/fr\/nos-produits\/aspects-du-bois#breadcrumb\",\"itemListElement\":[{\"@type\":\"ListItem\",\"position\":1,\"name\":\"Accueil\",\"item\":\"https:\/\/www.piveteaubois.com\/fr\"},{\"@type\":\"ListItem\",\"position\":2,\"name\":\"Nos produits\",\"item\":\"https:\/\/www.piveteaubois.com\/fr\/nos-produits\"},{\"@type\":\"ListItem\",\"position\":3,\"name\":\"Impr\u00e9gnation color\u00e9e et essences locales\"}]}]}<\/script>\n<!-- \/ Yoast SEO plugin. -->","yoast_head_json":{"title":"Impr\u00e9gnation color\u00e9e et essences locales - PiveteauBois","robots":{"index":"index","follow":"follow","max-snippet":"max-snippet:-1","max-image-preview":"max-image-preview:large","max-video-preview":"max-video-preview:-1"},"canonical":"https:\/\/www.piveteaubois.com\/fr\/nos-produits\/aspects-du-bois","og_locale":"fr_FR","og_type":"article","og_title":"Impr\u00e9gnation color\u00e9e et essences locales - PiveteauBois","og_description":"Mat\u00e9riau vivant, le bois \u00e9volue naturellement sous l\u2019effet du temps et des \u00e9l\u00e9ments. Son grisonnement t\u00e9moigne de sa singularit\u00e9, tout comme le choix des essences locales qui refl\u00e8te un engagement \u00e9thique et durable. IMPR\u00c9GNATION ET GRISONNEMENT DES BARDAGES IMPR\u00c9GN\u00c9S Le grisonnement du bois : une transformation naturelle au fil du temps Laiss\u00e9 au naturel en [&hellip;]","og_url":"https:\/\/www.piveteaubois.com\/fr\/nos-produits\/aspects-du-bois","og_site_name":"PiveteauBois","article_modified_time":"2025-02-25T16:03:37+00:00","og_image":[{"url":"https:\/\/www.piveteaubois.com\/wp-content\/uploads\/2025\/02\/vignette-impregnation-grisonnement-des-bardages-impregnes-01.jpg"}],"twitter_card":"summary","twitter_misc":{"Dur\u00e9e de lecture estim\u00e9e":"2 minutes"},"schema":{"@context":"https:\/\/schema.org","@graph":[{"@type":"WebSite","@id":"https:\/\/www.piveteaubois.com\/fr\/#website","url":"https:\/\/www.piveteaubois.com\/fr\/","name":"PiveteauBois","description":"Piveteaubois sp\u00e9cialiste du bois depuis plus de 75 ans","potentialAction":[{"@type":"SearchAction","target":{"@type":"EntryPoint","urlTemplate":"https:\/\/www.piveteaubois.com\/fr\/?s={search_term_string}"},"query-input":"required name=search_term_string"}],"inLanguage":"fr-FR"},{"@type":"ImageObject","@id":"https:\/\/www.piveteaubois.com\/fr\/nos-produits\/aspects-du-bois#primaryimage","inLanguage":"fr-FR","url":"\/wp-content\/uploads\/2025\/02\/vignette-impregnation-grisonnement-des-bardages-impregnes-01.jpg","contentUrl":"\/wp-content\/uploads\/2025\/02\/vignette-impregnation-grisonnement-des-bardages-impregnes-01.jpg"},{"@type":"WebPage","@id":"https:\/\/www.piveteaubois.com\/fr\/nos-produits\/aspects-du-bois#webpage","url":"https:\/\/www.piveteaubois.com\/fr\/nos-produits\/aspects-du-bois","name":"Impr\u00e9gnation color\u00e9e et essences locales - PiveteauBois","isPartOf":{"@id":"https:\/\/www.piveteaubois.com\/fr\/#website"},"primaryImageOfPage":{"@id":"https:\/\/www.piveteaubois.com\/fr\/nos-produits\/aspects-du-bois#primaryimage"},"datePublished":"2025-02-25T15:45:13+00:00","dateModified":"2025-02-25T16:03:37+00:00","breadcrumb":{"@id":"https:\/\/www.piveteaubois.com\/fr\/nos-produits\/aspects-du-bois#breadcrumb"},"inLanguage":"fr-FR","potentialAction":[{"@type":"ReadAction","target":["https:\/\/www.piveteaubois.com\/fr\/nos-produits\/aspects-du-bois"]}]},{"@type":"BreadcrumbList","@id":"https:\/\/www.piveteaubois.com\/fr\/nos-produits\/aspects-du-bois#breadcrumb","itemListElement":[{"@type":"ListItem","position":1,"name":"Accueil","item":"https:\/\/www.piveteaubois.com\/fr"},{"@type":"ListItem","position":2,"name":"Nos produits","item":"https:\/\/www.piveteaubois.com\/fr\/nos-produits"},{"@type":"ListItem","position":3,"name":"Impr\u00e9gnation color\u00e9e et essences locales"}]}]}},"_links":{"self":[{"href":"https:\/\/www.piveteaubois.com\/fr\/wp-json\/wp\/v2\/pages\/6778"}],"collection":[{"href":"https:\/\/www.piveteaubois.com\/fr\/wp-json\/wp\/v2\/pages"}],"about":[{"href":"https:\/\/www.piveteaubois.com\/fr\/wp-json\/wp\/v2\/types\/page"}],"author":[{"embeddable":true,"href":"https:\/\/www.piveteaubois.com\/fr\/wp-json\/wp\/v2\/users\/2"}],"replies":[{"embeddable":true,"href":"https:\/\/www.piveteaubois.com\/fr\/wp-json\/wp\/v2\/comments?post=6778"}],"version-history":[{"count":5,"href":"https:\/\/www.piveteaubois.com\/fr\/wp-json\/wp\/v2\/pages\/6778\/revisions"}],"predecessor-version":[{"id":6785,"href":"https:\/\/www.piveteaubois.com\/fr\/wp-json\/wp\/v2\/pages\/6778\/revisions\/6785"}],"up":[{"embeddable":true,"href":"https:\/\/www.piveteaubois.com\/fr\/wp-json\/wp\/v2\/pages\/315"}],"wp:attachment":[{"href":"https:\/\/www.piveteaubois.com\/fr\/wp-json\/wp\/v2\/media?parent=6778"}],"curies":[{"name":"wp","href":"https:\/\/api.w.org\/{rel}","templated":true}]}}